{"id":11875,"date":"2024-04-21T12:26:28","date_gmt":"2024-04-21T11:26:28","guid":{"rendered":"http:\/\/www.listephoenix.com\/?page_id=11875"},"modified":"2025-05-18T12:12:42","modified_gmt":"2025-05-18T11:12:42","slug":"gestion","status":"publish","type":"page","link":"http:\/\/www.listephoenix.com\/?page_id=11875","title":{"rendered":"2.Gestion"},"content":{"rendered":"\n<p><strong><strong><strong>CRP 2015-2024. Historique de la lutte int\u00e9gr\u00e9e (integrated pest management = IPM) contre les ravageurs des palmiers rhynchophorus ferrugineus &amp; paysandisia archon (french &amp; italian riviera).<\/strong><\/strong><\/strong>\u00a0R\u00e9dacteur: Robert CASTELLANA. Statut: compte-rendu de recherches<strong>. Retour au dossier menaces:\u00a0<\/strong><a href=\"http:\/\/www.listephoenix.com\/?page_id=7469\">Lien<\/a><\/p>\n\n\n\n<p><strong>PRINCIPES DE LA LUTTE INT\u00c9GR\u00c9E (INTEGRATED PEST MANAGEMENT \u2013 IPM).<\/strong> Les recherches men\u00e9es depuis pr\u00e9s de 30 ans ont conduit \u00e0 mettre au point diverses techniques de lutte. Aucune ne permet toutefois (\u00e0 elle seule et \u00e0 ce jour), de r\u00e9gler le probl\u00e8me de mani\u00e8re satisfaisante. Recommand\u00e9e (mais rarement mise en \u0153uvre) d\u00e8s les premi\u00e8res ann\u00e9es de l\u2019infestation, la strat\u00e9gie dite de \u00ab Lutte Int\u00e9gr\u00e9e \u00bb (Integrated Pest Management = IPM) vise \u00e0 les associer. La lutte int\u00e9gr\u00e9e ne consiste pas dans un catalogue de techniques disponibles. Ces techniques doivent en effet \u00eatre hi\u00e9rarchis\u00e9es. C\u2019est pour cela que l\u2019on parle de strat\u00e9gie. A la base de la pyramide on trouve la pr\u00e9vention, qui \u00e9vitera d\u2019avoir recours aux \u00e9tages suivants, les techniques de lutte. Les principes de base de la Lutte Int\u00e9gr\u00e9e viennent d\u2019\u00eatre adopt\u00e9s en tant que standard international par la FAO. Les diff\u00e9rents chapitres de ce dossier donnent un acc\u00e8s document\u00e9 aux principales avanc\u00e9es en la mati\u00e8re et aux retours d\u2019exp\u00e9riences collect\u00e9s aupr\u00e8s des membres de notre r\u00e9seau de jardins botaniques. Au niveau des palmeraies ornementales europ\u00e9ennes, la Lutte Int\u00e9gr\u00e9e n\u00e9cessite la prise en compte simultan\u00e9e de deux ravageurs, le charan\u00e7on des palmiers Rhynchophorus ferrugineus et le papillon palmivore Paysandisia archon. Nos partenaires s\u2019alarment toutefois de l\u2019absence de r\u00e9f\u00e9rence explicite \u00e0 la Lutte Int\u00e9gr\u00e9e au niveau r\u00e9glementaire, et de la pauvret\u00e9 des financements en direction du bio-contr\u00f4le.<\/p>\n\n\n\n<figure class=\"wp-block-image size-full\"><img loading=\"lazy\" decoding=\"async\" width=\"438\" height=\"280\" src=\"http:\/\/www.listephoenix.com\/wp-content\/uploads\/2024\/10\/00-IPM-5-piliers.jpg\" alt=\"\" class=\"wp-image-12475\" srcset=\"http:\/\/www.listephoenix.com\/wp-content\/uploads\/2024\/10\/00-IPM-5-piliers.jpg 438w, http:\/\/www.listephoenix.com\/wp-content\/uploads\/2024\/10\/00-IPM-5-piliers-300x192.jpg 300w, http:\/\/www.listephoenix.com\/wp-content\/uploads\/2024\/10\/00-IPM-5-piliers-150x96.jpg 150w\" sizes=\"auto, (max-width: 438px) 100vw, 438px\" \/><\/figure>\n\n\n\n<p><strong>GESTION DES PLANTATIONS: BONNES PRATIQUES<br>Sommaire<br>1 Taille des palmiers<br>2 Abattage et traitement des d\u00e9chets<br>3 Implication des propri\u00e9taires de palmiers et d\u00e9tection pr\u00e9coce des infestations<br>4 Contr\u00f4le du commerce des palmiers &amp; diversification des plantations<br>5 Cartographies int\u00e9gr\u00e9es et interactives<\/strong><\/p>\n\n\n\n<p>***<\/p>\n\n\n\n<p><strong>1.&nbsp;Taille des palmiers<\/strong>. La pr\u00e9vention concerne avant tout la gestion de la taille des arbres. L\u2019id\u00e9al serait de la limiter \u00e0 la seule taille des feuilles s\u00e8ches. La taille des feuilles vertes entra\u00eene en effet une \u00e9mission d\u2019odeurs susceptible d\u2019attirer cet insecte dot\u00e9 d\u2019un odorat tr\u00e8s sensible. L\u2019\u00e9lagage est toutefois utile, notamment pour d\u00e9tecter la pr\u00e9sence de larves au niveau de la base des p\u00e9tioles, mais il devrait n\u2019avoir lieu qu\u2019en saison froide (janvier) et s\u2019accompagner d\u2019un recouvrement des tailles par un mastic. Il faudrait par ailleurs abandonner les tailles de type en boule et limiter au maximum la pr\u00e9sence de bases p\u00e9tiolaires, porte d\u2019entr\u00e9e du ravageur au niveau de la couronne foliaire.&nbsp;Chez le palmier dattier l\u2019infestation peut aussi avoir lieu dans les rejets situ\u00e9s \u00e0 la base du stipe, du fait que le charan\u00e7on se d\u00e9place aussi au niveau du sol. Une ponte \u00e0 ce niveau peut entra\u00eener par la suite une diffusion dans le stipe. Le charan\u00e7on a par contre du mal \u00e0 grimper sur un stipe lisse. Une mesure de pr\u00e9vention consiste \u00e0 \u00e9liminer un maximum de rejets et \u00e0 \u201clisser\u201d les stipes afin de limiter les possibilit\u00e9s offertes au charan\u00e7on de trouver un abri \u00e0 ce niveau. Les rejets taill\u00e9s doivent par contre \u00eatre soigneusement d\u00e9truits pour \u00e9viter leur \u00e9ventuelle infestation.&nbsp;Dans tous les cas, il est utile de traiter les blessures de taille avec un mastic appropri\u00e9.<\/p>\n\n\n\n<p>***<\/p>\n\n\n\n<p><strong>2.&nbsp;Abattage et traitement des d\u00e9chets<\/strong>. L\u2019abattage des sp\u00e9cimens attaqu\u00e9s pr\u00e9sente un r\u00e9el int\u00e9r\u00eat, du fait que la majorit\u00e9 de la population de charan\u00e7ons adultes femelles reste dans les palmiers infest\u00e9s, tant que ceux-ci offrent les conditions alimentaires et \u00e9cologiques n\u00e9cessaires \u00e0 un nouveau cycle de reproduction. Lorsque les palmiers sont trop infest\u00e9s, on assiste alors \u00e0 une migration massive. L\u2019abattage est donc une m\u00e9thode de contr\u00f4le efficace des populations, si elle est pratiqu\u00e9e \u00e0 temps d\u2019o\u00f9 l\u2019importance d\u2019une d\u00e9tection la plus pr\u00e9coce possible. L\u2019efficacit\u00e9 de l\u2019abattage est toutefois limit\u00e9e du fait qu\u2019une petite partie des ravageurs avait d\u00e9j\u00e0 infest\u00e9 les palmiers environnant. L\u2019abattage pose par ailleurs le probl\u00e8me plus large de la gestion des d\u00e9chets de taille. Afin d\u2019\u00e9viter la diss\u00e9mination d\u2019insectes lors du transport des d\u00e9chets vers une d\u00e9charge, la solution d\u00e9sormais obligatoire en Europe est de broyer finement (et sur place) les d\u00e9chets infest\u00e9s. En ce qui concerne les palmeraies de dattiers, l\u2019application du broyage est souvent impossible, soit \u00e0 cause de l\u2019absence de viabilit\u00e9, ou encore de son co\u00fbt trop \u00e9lev\u00e9 pour les propri\u00e9taires. On proc\u00e9dera alors \u00e0 l\u2019incin\u00e9ration des d\u00e9chets. Une solution alternative consiste \u00e0 traiter les d\u00e9chets infest\u00e9s avec un insecticide, coupl\u00e9 \u00e0 un pi\u00e8ge \u00e0 ph\u00e9romone. Une autre solution pourrait aussi r\u00e9sider pour de nombreux pays m\u00e9diterran\u00e9ens, dans l\u2019immersion en mer des plus gros d\u00e9chets. La question de la gestion des stipes laiss\u00e9s en place reste controvers\u00e9e, suite \u00e0 des cas de r\u00e9 infestation ayant entra\u00een\u00e9 des chutes. Si ces cas semblent peu fr\u00e9quents, ils posent toutefois de s\u00e9rieux probl\u00e8mes de s\u00e9curit\u00e9 en milieu urbain.<\/p>\n\n\n\n<figure class=\"wp-block-image\"><img loading=\"lazy\" decoding=\"async\" width=\"300\" height=\"225\" src=\"http:\/\/www.listephoenix.com\/wp-content\/uploads\/2018\/02\/Chutes-dattier-typologie-300x225.jpg\" alt=\"\" class=\"wp-image-9975\" title=\"\" srcset=\"http:\/\/www.listephoenix.com\/wp-content\/uploads\/2018\/02\/Chutes-dattier-typologie-300x225.jpg 300w, http:\/\/www.listephoenix.com\/wp-content\/uploads\/2018\/02\/Chutes-dattier-typologie-150x112.jpg 150w, http:\/\/www.listephoenix.com\/wp-content\/uploads\/2018\/02\/Chutes-dattier-typologie.jpg 668w\" sizes=\"auto, (max-width: 300px) 100vw, 300px\" \/><\/figure>\n\n\n\n<p>***<\/p>\n\n\n\n<p><strong>3.&nbsp;Implication des propri\u00e9taires de palmiers&nbsp;et d\u00e9tection des infestations<\/strong>. L\u2019implication de l\u2019ensemble des acteurs est une n\u00e9cessit\u00e9 imp\u00e9rative, et un souci majeur au niveau des administrations locales pour savoir quel genre d\u2019action \u00e0 soutenir et \u00e0 quel prix. Il faut par ailleurs donner aux acteurs les outils n\u00e9cessaires \u00e0 la gestion de leurs palmiers en mati\u00e8re de d\u00e9tection des sympt\u00f4mes d\u2019infestation.Les principaux sympt\u00f4mes visuels caract\u00e9ristiques d\u2019une infestation sont&nbsp;l\u2019\u00e9mergence de feuilles rong\u00e9es en forme de biseau. A ce niveau, les larves de charan\u00e7ons sont d\u00e9j\u00e0 pr\u00e9sentes depuis plusieurs mois. Les feuilles \u00e9mergentes ont en effet \u00e9t\u00e9 rong\u00e9es au cours de leur d\u00e9veloppement \u00e0 l\u2019int\u00e9rieur du stipe. Lors de l\u2019affaissement de feuilles, les larves de charan\u00e7ons ont d\u00e9j\u00e0 atteint le p\u00e9tiole (la base de la feuille) pour finaliser leur cycle de d\u00e9veloppement, ce qui entra\u00eene son affaissement. Elles ont aussi creus\u00e9 une cavit\u00e9 importante qui peut compromettre la survie du palmier. Des fen\u00eatres d\u2019inspection peuvent \u00eatre pratiqu\u00e9es afin de d\u00e9tecter la pr\u00e9sence de cocons \u00e0 la base des feuilles. Pour le palmier dattier, l\u2019infestation est particuli\u00e8rement difficile \u00e0 d\u00e9tecter comme le montre nombre de cas de chutes de ces palmiers encore munis de toutes leurs feuilles. A ces sympt\u00f4mes, il faut ajouter ceux qui peuvent relever (parfois dans le m\u00eame temps) d\u2019une attaque de papillon palmivore,&nbsp;<em>P. archon.<\/em><\/p>\n\n\n\n<p><strong>En savoir plus : <\/strong>CASTELLANA Robert, CHIAVONE Debora 2016. Essai de typologie des modalit\u00e9s d\u2019infestation du palmier dattier. In: PRINCEPS Vol.2-3 2016-2017 (Bordighera : Jardin Experimental Phoenix). Communication pr\u00e9sent\u00e9e lors du Workshop Riviera Gardens (Monaco 9 d\u00e9cembre 2016). <strong>Lire l&rsquo;article:<\/strong>&nbsp;(<a href=\"http:\/\/www.listephoenix.com\/wp-content\/uploads\/2018\/11\/ART-RISQUE-CHUTE-BORDIGHERA-CASTELLANA-CHIAVONE.pdf\" target=\"_blank\" rel=\"noreferrer noopener\">Monaco 2016<\/a>)<\/p>\n\n\n\n<figure class=\"wp-block-image\"><img loading=\"lazy\" decoding=\"async\" width=\"300\" height=\"148\" src=\"http:\/\/www.listephoenix.com\/wp-content\/uploads\/2018\/10\/2018-Logo-SPF-300x148.jpg\" alt=\"\" class=\"wp-image-10134\" srcset=\"http:\/\/www.listephoenix.com\/wp-content\/uploads\/2018\/10\/2018-Logo-SPF-300x148.jpg 300w, http:\/\/www.listephoenix.com\/wp-content\/uploads\/2018\/10\/2018-Logo-SPF-150x74.jpg 150w, http:\/\/www.listephoenix.com\/wp-content\/uploads\/2018\/10\/2018-Logo-SPF-768x378.jpg 768w, http:\/\/www.listephoenix.com\/wp-content\/uploads\/2018\/10\/2018-Logo-SPF.jpg 879w\" sizes=\"auto, (max-width: 300px) 100vw, 300px\" \/><\/figure>\n\n\n\n<p>***<\/p>\n\n\n\n<p><strong>4.&nbsp;Contr\u00f4le du commerce des palmiers &amp; diversification des plantations<\/strong>. La question de la r\u00e9sistance des diverses esp\u00e8ces de palmiers en mati\u00e8re d\u2019infestation demeure un domaine en cours d\u2019investigation du plus grand int\u00e9r\u00eat. Ces recherches pourraient en effet permettre de r\u00e9g\u00e9n\u00e9rer les palmeraies ornementales urbaines. Elles pourraient aussi permettre de mieux contr\u00f4ler (voir m\u00eame d\u2019interdire) le commerce de certains palmiers \u00e0 risque d\u2019infestation.<\/p>\n\n\n\n<p><strong>Au niveau scientifique&nbsp;:&nbsp;&nbsp;<\/strong>L\u2019existence de ph\u00e9nom\u00e8nes de r\u00e9sistance est loin d\u2019\u00eatre \u00e9tablie. En ce qui concerne la plus ou moins grande app\u00e9tence des ravageurs, la pr\u00e9sence conjointe de n\u00e9matodes associ\u00e9s au charan\u00e7on rouge (<em>Monochoides macrospiculum),&nbsp;<\/em>de m\u00eame qu\u2019au charan\u00e7on du cocotier&nbsp;<em>R. palmarum<\/em>, celle de la bact\u00e9rie&nbsp;<em>Serratia marcescens,<\/em>&nbsp;ainsi que la pr\u00e9sence de communaut\u00e9s de champignons endophytes propres \u00e0 chaque esp\u00e8ce de palmiers, laisserait penser que le charan\u00e7on n\u2019est pas \u00e0 lui seul responsable des modalit\u00e9s de la diversification en cours l\u2019infestation des diverses esp\u00e8ces de palmiers.<\/p>\n\n\n\n<p><strong>Au niveau empirique&nbsp;:<\/strong>&nbsp;Nous avons \u00e9tabli une liste des esp\u00e8ces de palmiers attaqu\u00e9s \u00e0 ce jour par le ravageur&nbsp;<em>Paysandisia archon<\/em>&nbsp;(et donc susceptibles de l\u2019\u00eatre aussi par le charan\u00e7on rouge), ainsi qu\u2019une liste d\u2019esp\u00e8ces non-attaqu\u00e9es. Il s\u2019agit ci-dessous des observations men\u00e9es depuis dix ans (2007-2017) dans le jardin botanique de la Villa Caryota \u00e0 Fr\u00e8jus sur un \u00e9chantillon de 248 palmiers de 25 genres et 90 esp\u00e8ces.<\/p>\n\n\n\n<p><strong>Esp\u00e8ces attaqu\u00e9es:&nbsp;Acoelorraphe wrightii,&nbsp;Arenga engleri , Brahea&nbsp;<\/strong>(4 esp\u00e8ces: aculeata, armata, dulcis, edulis),&nbsp;<strong>Chamaerops humilis, Jubaea chilensis, Livistona&nbsp;<\/strong>(4 esp\u00e8ces&nbsp;:australis, chinensis, decora decipiens, saribus),&nbsp;<strong>Nannorrohops arabica, Phoenix&nbsp;<\/strong>(5 esp\u00e8ces&nbsp;: dactylifera au niveau des rejets, reclinata, robellini, theophrasti),&nbsp;<strong>Sabal&nbsp;<\/strong>(4 esp\u00e8ces&nbsp;: bermudana, mauritiiformis, minor, palmetto),&nbsp;<strong>Serenao repens<\/strong>,&nbsp;<strong>Syagrus romanzoffiana&nbsp;<\/strong>,&nbsp;<strong>Trachycarpus sp<\/strong>&nbsp;(10 esp\u00e8ces attaqu\u00e9es sur les 15 r\u00e9pertori\u00e9es),&nbsp;<strong>Trithrinax acanthocoma.<\/strong><\/p>\n\n\n\n<p><strong>Esp\u00e8ces non attaqu\u00e9es: Allagoptera arenaria<\/strong>,&nbsp;<strong>Brahea<\/strong>&nbsp;(2 esp\u00e8ces: calcarea, decumbens),&nbsp;<strong>Butia<\/strong>&nbsp;(3 esp\u00e8ces&nbsp;: catanirensis, odorata, yatay sujets adultes),&nbsp;<strong>Caryota maxima himalaya<\/strong>,&nbsp;<strong>Chamaedorea<\/strong>&nbsp;(4 esp\u00e8ces: Glaucifolia, metallica, radicalis, seifriizii),&nbsp;<strong>Livistona<\/strong>&nbsp;(2 esp\u00e8ces: drudei, nitida attaqu\u00e9 sans d\u00e9veloppement),&nbsp;<strong>Phoenix sylvestris<\/strong>,&nbsp;<strong>Rhapis<\/strong>&nbsp;(3 esp\u00e8ces&nbsp;: excelsa, humilis, multifida),&nbsp;<strong>Sabal<\/strong>&nbsp;(8 esp\u00e8ces&nbsp;: causiarum, domingensis, etonia, rosei, texana mexicana, uresana, yapa),&nbsp;<strong>Trithrinax campestris<\/strong>&nbsp;(sujet adulte),&nbsp;<strong>Washingtonia filifera<\/strong>&nbsp;(sujets adultes). <strong>Source<\/strong>&nbsp;Jean Christophe Jacon Carrier (Soci\u00e9t\u00e9 Palmophile Francophone).<\/p>\n\n\n\n<p>***<\/p>\n\n\n\n<p><strong>5. Cartographies int\u00e9gr\u00e9es et interactives<\/strong>. La d\u00e9tection pr\u00e9coce des infestations, et les plateformes de cartographie informatique qui leur sont associ\u00e9s, repr\u00e9sentent le principal pilier des Strat\u00e9gies de Lutte Int\u00e9gr\u00e9e (IPM). Le retard dans la d\u00e9tection d\u2019un palmier infest\u00e9 compromet en effet la possibilit\u00e9 d\u2019intervenir sur l\u2019\u00e9volution de l\u2019infestation, comme sur la survie du sp\u00e9cimen concern\u00e9. Il est donc indispensable de mettre en \u0153uvre un protocole de d\u00e9tection pr\u00e9coce int\u00e9gr\u00e9 \u00e0 des outils de suivi du d\u00e9veloppement des infestations. Les outils informatiques existants, largement diffus\u00e9s et accessibles, sont tout \u00e0 fait en mesure de remplir ces fonctions de mani\u00e8re coordonn\u00e9e et participative. Le pi\u00e9geage massif repr\u00e9sente une technique de lutte d\u2019une grande efficacit\u00e9 dans ce contexte. Les syst\u00e8mes de lutte informatique associent une application pour smart phone au niveau des plantations \u00e0 un logiciel de type GIS qui synth\u00e9tise les alertes et permet la cartographie des infestations. Ils permettent aussi de cartographier directement les plantations de palmiers \u00e0 partir d\u2019images satellitaires. Outre une d\u00e9tection pr\u00e9coce (et donc une intervention rapide c\u2019est-\u00e0-dire plus efficace), ces syst\u00e8mes permettent de plus l\u2019implication et la coordination de tous les acteurs, une optimisation dans la r\u00e9partition des pi\u00e8ges (qu\u2019il s\u2019agisse d\u2019un pi\u00e9geage de contr\u00f4le ou d\u2019un pi\u00e9geage de lutte) ainsi qu\u2019une \u00e9valuation permanente de l\u2019efficacit\u00e9 des strat\u00e9gies de lutte en cours. <strong>Voir le chapitre&nbsp;<\/strong>: <a href=\"http:\/\/www.listephoenix.com\/?page_id=11878\">piegeage<\/a><\/p>\n\n\n\n<p><strong>Retour au sommaire du dossier:<\/strong> <a href=\"http:\/\/www.listephoenix.com\/?page_id=7469\">menaces<\/a><\/p>\n\n\n\n<p>***<\/p>\n\n\n\n<p><strong>Quelques exemples de suivi cartographique des infestations (mis en oeuvre \u00e0 l\u2019\u00e9chelle du territoire par le Jardin Botanique de l\u2019Inrae, le Jardin Exp\u00e9rimental Phoenix, le Parc National de Port Cros, la Fredon Corse et la Communaut\u00e9 d\u2019Agglom\u00e9ration de Fr\u00e9jus) sont expos\u00e9s ci-dessous.<\/strong><\/p>\n\n\n\n<p><strong>*PAYSANDISIA ARCHON: PROJET AGIIR (INRAE &amp; Villa Thuret Antibes)<\/strong><\/p>\n\n\n\n<figure class=\"wp-block-image\"><img loading=\"lazy\" decoding=\"async\" width=\"147\" height=\"150\" src=\"http:\/\/www.listephoenix.com\/wp-content\/uploads\/2016\/03\/Logo-AGIIR-147x150.jpg\" alt=\"\" class=\"wp-image-10023\" srcset=\"http:\/\/www.listephoenix.com\/wp-content\/uploads\/2016\/03\/Logo-AGIIR-147x150.jpg 147w, http:\/\/www.listephoenix.com\/wp-content\/uploads\/2016\/03\/Logo-AGIIR-295x300.jpg 295w, http:\/\/www.listephoenix.com\/wp-content\/uploads\/2016\/03\/Logo-AGIIR.jpg 442w\" sizes=\"auto, (max-width: 147px) 100vw, 147px\" \/><\/figure>\n\n\n\n<p><strong>Cette application (gratuite) pour smartphone permet de signaler directement en ligne la pr\u00e9sence du papillon palmivore (<em>Paysandisia archon<\/em>). Les signalisations se retrouveront sur une Google map qui contribuera \u00e0 aider les chercheurs et les pouvoirs publics en mati\u00e8re de lutte:&nbsp;<\/strong><a href=\"http:\/\/ephytia.inra.fr\/fr\/P\/128\/Agiir\" target=\"_blank\" rel=\"noreferrer noopener\">http:\/\/ephytia.inra.fr\/fr\/P\/128\/Agiir<\/a><\/p>\n\n\n\n<p>***<\/p>\n\n\n\n<p><strong>*PHOENIX DACTYLIFERA: PROJET PHOENIX (JARDIN EXP\u00c9RIMENTAL DE BORDIGHERA)<\/strong><\/p>\n\n\n\n<p><a href=\"https:\/\/www.google.com\/maps\/d\/viewer?mid=1rGh8DIFnNeKWJ08uypO55-EO0Gw&amp;hl=en_US&amp;ll=43.79230437145126%2C7.674014549999999&amp;z=14\">https:\/\/www.google.com\/maps\/d\/viewer?mid=1rGh8DIFnNeKWJ08uypO55-EO0Gw&amp;hl=en_US&amp;ll=43.79230437145126%2C7.674014549999999&amp;z=14<\/a><\/p>\n\n\n\n<figure class=\"wp-block-image size-full\"><img loading=\"lazy\" decoding=\"async\" width=\"806\" height=\"513\" src=\"http:\/\/www.listephoenix.com\/wp-content\/uploads\/2015\/11\/Google-Map-Phoenix-dactylifera-Bordighera-2015.jpg\" alt=\"\" class=\"wp-image-8498\" srcset=\"http:\/\/www.listephoenix.com\/wp-content\/uploads\/2015\/11\/Google-Map-Phoenix-dactylifera-Bordighera-2015.jpg 806w, http:\/\/www.listephoenix.com\/wp-content\/uploads\/2015\/11\/Google-Map-Phoenix-dactylifera-Bordighera-2015-150x95.jpg 150w, http:\/\/www.listephoenix.com\/wp-content\/uploads\/2015\/11\/Google-Map-Phoenix-dactylifera-Bordighera-2015-300x191.jpg 300w, http:\/\/www.listephoenix.com\/wp-content\/uploads\/2015\/11\/Google-Map-Phoenix-dactylifera-Bordighera-2015-768x489.jpg 768w\" sizes=\"auto, (max-width: 806px) 100vw, 806px\" \/><figcaption class=\"wp-element-caption\">red palm weevil Bordighera (punteruolo rosso)<\/figcaption><\/figure>\n\n\n\n<p><strong>Cette Google Map rend compte des 3 premi\u00e8res ann\u00e9es d\u2019attaques du charan\u00e7on rouge en direction du palmier dattier sur le site italien de Bordighera. Son but \u00e9tait d\u2019adapter la strat\u00e9gie de lutte de nos collections, face \u00e0 la diversification en cours de l\u2019infestation et le non respect par les autorit\u00e9s phyto sanitaires des mesures de lutte obligatoire.<\/strong><\/p>\n\n\n\n<p>***<\/p>\n\n\n\n<p><strong>*PROJET PNPC (PARC NATIONAL DE PORT CROS)<\/strong><\/p>\n\n\n\n<figure class=\"wp-block-image\"><img loading=\"lazy\" decoding=\"async\" width=\"943\" height=\"729\" src=\"http:\/\/www.listephoenix.com\/wp-content\/uploads\/2018\/03\/GIS-PORT-CROS.jpg\" alt=\"\" class=\"wp-image-10031\" srcset=\"http:\/\/www.listephoenix.com\/wp-content\/uploads\/2018\/03\/GIS-PORT-CROS.jpg 943w, http:\/\/www.listephoenix.com\/wp-content\/uploads\/2018\/03\/GIS-PORT-CROS-150x116.jpg 150w, http:\/\/www.listephoenix.com\/wp-content\/uploads\/2018\/03\/GIS-PORT-CROS-300x232.jpg 300w, http:\/\/www.listephoenix.com\/wp-content\/uploads\/2018\/03\/GIS-PORT-CROS-768x594.jpg 768w\" sizes=\"auto, (max-width: 943px) 100vw, 943px\" \/><\/figure>\n\n\n\n<p>***<\/p>\n\n\n\n<p><strong>*PROJET AJACCIO &amp; FREDON CORSE<\/strong><\/p>\n\n\n\n<figure class=\"wp-block-image\"><img loading=\"lazy\" decoding=\"async\" width=\"1246\" height=\"881\" src=\"http:\/\/www.listephoenix.com\/wp-content\/uploads\/2018\/03\/GIS-AJACCIO.jpg\" alt=\"\" class=\"wp-image-10032\" srcset=\"http:\/\/www.listephoenix.com\/wp-content\/uploads\/2018\/03\/GIS-AJACCIO.jpg 1246w, http:\/\/www.listephoenix.com\/wp-content\/uploads\/2018\/03\/GIS-AJACCIO-150x106.jpg 150w, http:\/\/www.listephoenix.com\/wp-content\/uploads\/2018\/03\/GIS-AJACCIO-300x212.jpg 300w, http:\/\/www.listephoenix.com\/wp-content\/uploads\/2018\/03\/GIS-AJACCIO-768x543.jpg 768w, http:\/\/www.listephoenix.com\/wp-content\/uploads\/2018\/03\/GIS-AJACCIO-1024x724.jpg 1024w\" sizes=\"auto, (max-width: 1246px) 100vw, 1246px\" \/><\/figure>\n\n\n\n<p>***<\/p>\n\n\n\n<p><strong>*PROJET CAVEM PACA (ARECAP)<\/strong><\/p>\n\n\n\n<figure class=\"wp-block-image\"><img loading=\"lazy\" decoding=\"async\" width=\"1123\" height=\"793\" src=\"http:\/\/www.listephoenix.com\/wp-content\/uploads\/2018\/03\/GIS-CAVEM.jpg\" alt=\"\" class=\"wp-image-10033\" srcset=\"http:\/\/www.listephoenix.com\/wp-content\/uploads\/2018\/03\/GIS-CAVEM.jpg 1123w, http:\/\/www.listephoenix.com\/wp-content\/uploads\/2018\/03\/GIS-CAVEM-150x106.jpg 150w, http:\/\/www.listephoenix.com\/wp-content\/uploads\/2018\/03\/GIS-CAVEM-300x212.jpg 300w, http:\/\/www.listephoenix.com\/wp-content\/uploads\/2018\/03\/GIS-CAVEM-768x542.jpg 768w, http:\/\/www.listephoenix.com\/wp-content\/uploads\/2018\/03\/GIS-CAVEM-1024x723.jpg 1024w\" sizes=\"auto, (max-width: 1123px) 100vw, 1123px\" \/><\/figure>\n\n\n\n<p><strong>Retour au sommaire du dossier:<\/strong>&nbsp;<a href=\"http:\/\/www.listephoenix.com\/?page_id=7469\">menaces<\/a><\/p>\n\n\n\n<p><\/p>\n","protected":false},"excerpt":{"rendered":"<p>CRP 2015-2024. Historique de la lutte int\u00e9gr\u00e9e (integrated pest management = IPM) contre les ravageurs des palmiers rhynchophorus ferrugineus &amp; paysandisia archon (french &amp; italian&#8230;<\/p>\n<div class=\"more-link-wrapper\"><a class=\"more-link\" href=\"http:\/\/www.listephoenix.com\/?page_id=11875\">Continue reading<span class=\"screen-reader-text\">2.Gestion<\/span><\/a><\/div>\n","protected":false},"author":2,"featured_media":0,"parent":7469,"menu_order":4,"comment_status":"closed","ping_status":"closed","template":"","meta":{"footnotes":""},"class_list":["post-11875","page","type-page","status-publish","hentry","entry"],"_links":{"self":[{"href":"http:\/\/www.listephoenix.com\/index.php?rest_route=\/wp\/v2\/pages\/11875","targetHints":{"allow":["GET"]}}],"collection":[{"href":"http:\/\/www.listephoenix.com\/index.php?rest_route=\/wp\/v2\/pages"}],"about":[{"href":"http:\/\/www.listephoenix.com\/index.php?rest_route=\/wp\/v2\/types\/page"}],"author":[{"embeddable":true,"href":"http:\/\/www.listephoenix.com\/index.php?rest_route=\/wp\/v2\/users\/2"}],"replies":[{"embeddable":true,"href":"http:\/\/www.listephoenix.com\/index.php?rest_route=%2Fwp%2Fv2%2Fcomments&post=11875"}],"version-history":[{"count":22,"href":"http:\/\/www.listephoenix.com\/index.php?rest_route=\/wp\/v2\/pages\/11875\/revisions"}],"predecessor-version":[{"id":13250,"href":"http:\/\/www.listephoenix.com\/index.php?rest_route=\/wp\/v2\/pages\/11875\/revisions\/13250"}],"up":[{"embeddable":true,"href":"http:\/\/www.listephoenix.com\/index.php?rest_route=\/wp\/v2\/pages\/7469"}],"wp:attachment":[{"href":"http:\/\/www.listephoenix.com\/index.php?rest_route=%2Fwp%2Fv2%2Fmedia&parent=11875"}],"curies":[{"name":"wp","href":"https:\/\/api.w.org\/{rel}","templated":true}]}}