{"id":11878,"date":"2024-04-21T12:30:38","date_gmt":"2024-04-21T11:30:38","guid":{"rendered":"http:\/\/www.listephoenix.com\/?page_id=11878"},"modified":"2025-05-18T12:12:54","modified_gmt":"2025-05-18T11:12:54","slug":"piegeage","status":"publish","type":"page","link":"http:\/\/www.listephoenix.com\/?page_id=11878","title":{"rendered":"3.Piegeage"},"content":{"rendered":"\n<p><strong><strong><strong>CRP 2015-2024. Historique de la lutte int\u00e9gr\u00e9e (integrated pest management = IPM) contre les ravageurs des palmiers rhynchophorus ferrugineus &amp; paysandisia archon (french &amp; italian riviera).<\/strong><\/strong><\/strong>\u00a0R\u00e9dacteur: Robert CASTELLANA. Statut: compte-rendu de recherches<strong>. Retour au dossier menaces:\u00a0<\/strong><a href=\"http:\/\/www.listephoenix.com\/?page_id=7469\">Lien<\/a><\/p>\n\n\n\n<p><strong>Citer cet article: CASTELLANA R., GIGLEUX C., PIETRA H. 2019. Bonnes pratiques de pi\u00e9geage \u00e0 destination des collectivit\u00e9s territoriales. <\/strong>Compte-rendu du Groupe de travail Riviera Gardens, Fredon Corse &amp; SNP, 4\u00b0 Rencontre Principaut\u00e9 de Monaco, SNP ed., 26\/11\/2019, 20p. <strong><a href=\"https:\/\/www.sauvonsnospalmiers.fr\/IMG\/pdf\/0aavv._ipm_bonnes_pratiques_2016-2019.pdf?3453\/5021aa0d87b2b714d80f53439f94c25cd5935a4c\" target=\"_blank\" rel=\"noreferrer noopener\">Lien<\/a><\/strong><\/p>\n\n\n\n<p><strong>Les recherches men\u00e9es depuis pr\u00e8s de 30 ans ont conduit \u00e0 mettre au point diverses techniques de lutte. Aucune ne permet toutefois (\u00e0 elle seule et \u00e0 ce jour), de r\u00e9gler le probl\u00e8me de mani\u00e8re satisfaisante. Recommand\u00e9e (mais rarement mise en \u0153uvre) d\u00e8s les premi\u00e8res ann\u00e9es de l\u2019infestation, la strat\u00e9gie dite de \u00ab\u00a0Lutte Int\u00e9gr\u00e9e\u00a0\u00bb (Integrated Pest Management = IPM) vise \u00e0 les associer. La lutte int\u00e9gr\u00e9e ne consiste pas dans un catalogue de techniques disponibles. Ces techniques doivent en effet \u00eatre hi\u00e9rarchis\u00e9es. C\u2019est pour cela que l\u2019on parle de strat\u00e9gie. Au sommet de la pyramide on trouve la pr\u00e9vention, qui \u00e9vitera d\u2019avoir recours aux \u00e9tages suivants, les techniques de lutte.<\/strong> <strong>Les progr\u00e8s r\u00e9cents en mati\u00e8re de lutte biologique et chimique relancent son int\u00e9r\u00eat, dans un contexte o\u00f9 l\u2019infestation a conduit \u00e0 la diss\u00e9mination d\u2019importantes populations de ravageurs. Les principes de base de la Lutte Int\u00e9gr\u00e9e viennent d&rsquo;\u00eatre adopt\u00e9s en tant que standard international par la FAO. Ce chapitre donne un acc\u00e8s document\u00e9 aux principales avanc\u00e9es en la mati\u00e8re, au travers des retours d\u2019exp\u00e9riences collect\u00e9s aupr\u00e8s des membres de notre r\u00e9seau de jardins botaniques.<\/strong><\/p>\n\n\n\n<figure class=\"wp-block-image size-full\"><img loading=\"lazy\" decoding=\"async\" width=\"438\" height=\"280\" src=\"http:\/\/www.listephoenix.com\/wp-content\/uploads\/2024\/10\/00-IPM-5-piliers.jpg\" alt=\"\" class=\"wp-image-12475\" srcset=\"http:\/\/www.listephoenix.com\/wp-content\/uploads\/2024\/10\/00-IPM-5-piliers.jpg 438w, http:\/\/www.listephoenix.com\/wp-content\/uploads\/2024\/10\/00-IPM-5-piliers-300x192.jpg 300w, http:\/\/www.listephoenix.com\/wp-content\/uploads\/2024\/10\/00-IPM-5-piliers-150x96.jpg 150w\" sizes=\"auto, (max-width: 438px) 100vw, 438px\" \/><\/figure>\n\n\n\n<p><strong>LE PIEGEAGE DE MASSE (MASS TRAPPING)<br>Sommaire<br>1 Principes du pi\u00e9geage massif<br>2 Techniques &amp; produits<br>3 Bibliographie indicative<br>4 Annexe: comparatif des tarifs et des types de pi\u00e8ges<\/strong><\/p>\n\n\n\n<p><strong>Retour au sommaire du dossier:<\/strong> <a href=\"http:\/\/www.listephoenix.com\/?page_id=7469\">menaces<\/a><\/p>\n\n\n\n<p><strong>Abstract.<\/strong> Officialis\u00e9 par la FAO, le pi\u00e9geage du charan\u00e7on rouge des palmiers fait d\u00e9sormais partie des techniques de lutte pr\u00e9conis\u00e9es par l\u2019ANSES et recommand\u00e9es par le Minist\u00e8re depuis le 25 juin 2019. Nous avons de notre c\u00f4t\u00e9 publi\u00e9 un guide (accessible en ligne ci-dessous) qui rend compte des exp\u00e9riences pionni\u00e8res, mises en \u0153uvre depuis 2015 sur la Riviera franco-italienne et en Corse par un r\u00e9seau de jardins botaniques, associations &amp; collectivit\u00e9s territoriales. La m\u00e9thodologie adopt\u00e9e pour la r\u00e9daction de cet ouvrage a \u00e9t\u00e9 la suivante :<br>*bilan des remont\u00e9es du r\u00e9seau et de ses partenaires, sous la forme de fiches r\u00e9capitulatives<br>*synth\u00e8se th\u00e9matique des retours d\u2019exp\u00e9riences et des protocoles et \u00e9laboration d\u2019un guide de bonnes pratiques \u00e0 destination des collectivit\u00e9s territoriales sous la forme \u201cquestions-r\u00e9ponses\u201d. Cette synth\u00e8se a \u00e9t\u00e9 r\u00e9dig\u00e9e par un groupe de travail pilot\u00e9 par :<br>*la Fredon Corse en ce qui concerne le pi\u00e9geage au niveau d\u2019un territoire,<br>*le Jardin Exp\u00e9rimental Phoenix en ce qui concerne le pi\u00e9geage au niveau de la parcelle,<br>*l\u2019Association Sauvons Nos Palmiers pour la publication du rapport.<br>Les retours d\u2019exp\u00e9riences sollicit\u00e9s concernent des exp\u00e9rimentations conduites au niveau d\u2019un territoire, soit <br>*Ville d\u2019Ajaccio<br>*CASA (Antibes)<br>*CAVEM (Fr\u00e9jus)<br>*Porquerolles et Port-Cros (Hy\u00e8res-Parc National)<br>*Jardins historiques de Bordighera (Brin &amp; Phoenix \u2013 Italie)<br>*Val Rahmeh (Menton \u2013 Museum National Histoire Naturelle)<br>*Villa Thuret (Antibes \u2013 Institut National Recherche Agronomique)<\/p>\n\n\n\n<figure class=\"wp-block-image\"><a href=\"http:\/\/www.listephoenix.com\/wp-content\/uploads\/2018\/12\/3.-Piegeage-Israel-Victoria-Soroker.jpg\"><img loading=\"lazy\" decoding=\"async\" width=\"610\" height=\"629\" src=\"http:\/\/www.listephoenix.com\/wp-content\/uploads\/2018\/12\/3.-Piegeage-Israel-Victoria-Soroker.jpg\" alt=\"\" class=\"wp-image-10200\" srcset=\"http:\/\/www.listephoenix.com\/wp-content\/uploads\/2018\/12\/3.-Piegeage-Israel-Victoria-Soroker.jpg 610w, http:\/\/www.listephoenix.com\/wp-content\/uploads\/2018\/12\/3.-Piegeage-Israel-Victoria-Soroker-145x150.jpg 145w, http:\/\/www.listephoenix.com\/wp-content\/uploads\/2018\/12\/3.-Piegeage-Israel-Victoria-Soroker-291x300.jpg 291w\" sizes=\"auto, (max-width: 610px) 100vw, 610px\" \/><\/a><\/figure>\n\n\n\n<p><strong><strong>1. Principes du pi\u00e9geage massif<\/strong><\/strong>. Le pi\u00e9geage de masse (Mass Trapping) est une technique de lutte n\u00e9glig\u00e9e par les pouvoirs publics en Europe, lesquels ont plut\u00f4t privil\u00e9gi\u00e9 des solutions phytosanitaires (chimiques ou bio-chimiques), adoss\u00e9es aux multinationales du secteur.&nbsp;Il s\u2019agit pourtant d\u2019une&nbsp;technique de lutte&nbsp;largement r\u00e9pandue dans les pays du Moyen-Orient et particuli\u00e8rement adapt\u00e9e \u00e0 un contexte d\u2019infestation massive.&nbsp;Le pi\u00e9geage massif n\u2019est pas une solution miracle, mais un moyen simple, \u00e9cologique et peu co\u00fbteux de faire baisser la population des ravageurs. Le pi\u00e9geage est de ce point de vue un compl\u00e9ment des plus utiles dans la panoplie des techniques de lutte int\u00e9gr\u00e9e. Le pi\u00e9geage repose sur la ph\u00e9romone nomm\u00e9e <em>ferrugineol<\/em>, une substance olfactive dite d\u2019agr\u00e9gation produite par les m\u00e2les. Elle attire les individus des 2 sexes et sert \u00e0 la fois de signal sexuel et d\u2019indicateur de site de vie favorable \u00e0 la survie du ravageur. Il s\u2019agit d\u2019un produit bon march\u00e9, stable et actif plusieurs mois. Il est g\u00e9n\u00e9ralement coupl\u00e9 avec des odeurs provenant du palmier et de fruits ferment\u00e9s, ce qui augmente leur efficacit\u00e9. L\u2019odeur des tissus bless\u00e9s de palmiers, le kairomone (ac\u00e9tate d\u2019\u00e9thyle), serait en effet synergique de cette ph\u00e9romone, ainsi que celles \u00e9manant de liquides du type m\u00e9lasse ou de fruits sucr\u00e9s en fermentation (dattes, pommes\u2026). Des substituts plus stables \u00e0 ces derniers produits sont d\u00e9sormais commercialis\u00e9s.<\/p>\n\n\n\n<figure class=\"wp-block-image\"><img loading=\"lazy\" decoding=\"async\" width=\"300\" height=\"265\" src=\"http:\/\/www.listephoenix.com\/wp-content\/uploads\/2017\/09\/Piegeage-RPW-repartition-en-double-ceinture-300x265.jpg\" alt=\"\" class=\"wp-image-9834\" title=\"\" srcset=\"http:\/\/www.listephoenix.com\/wp-content\/uploads\/2017\/09\/Piegeage-RPW-repartition-en-double-ceinture-300x265.jpg 300w, http:\/\/www.listephoenix.com\/wp-content\/uploads\/2017\/09\/Piegeage-RPW-repartition-en-double-ceinture-150x132.jpg 150w, http:\/\/www.listephoenix.com\/wp-content\/uploads\/2017\/09\/Piegeage-RPW-repartition-en-double-ceinture.jpg 635w\" sizes=\"auto, (max-width: 300px) 100vw, 300px\" \/><\/figure>\n\n\n\n<p><a href=\"http:\/\/www.listephoenix.com\/wp-content\/uploads\/2017\/09\/Piegeage-RPW-repartition-en-double-ceinture.jpg\" target=\"_blank\" rel=\"noreferrer noopener\"><\/a><strong>Bonnes pratiques. <\/strong>L\u2019efficacit\u00e9 du pi\u00e9geage de lutte (<em>Mass trapping<\/em>) repose sur le respect de bonnes pratiques, dont le nombre de pi\u00e8ges et leur distance aux plantations sont les \u00e9l\u00e9ments essentiels. Ces deux crit\u00e8res varient fortement en fonction des retours d\u2019exp\u00e9riences.<\/p>\n\n\n\n<p><strong>*densit\u00e9 des pi\u00e8ges par hectare. <\/strong>Les sources sur ce sujet vont d\u2019un ratio minimal de 4 pi\u00e8ges\/ha (soit un pi\u00e8ge tous les 50 m\u00e8tres) jusqu\u2019\u00e0 15-20 pi\u00e8ges\/ha (environ un pi\u00e8ge tous les 20\/25 m\u00e8tres). L\u2019\u00e9cart important entre ces pr\u00e9conisations semblerait d\u00e9pendre de plusieurs facteurs dont le type d\u2019attractif utilis\u00e9 en fonction des moyens financiers disponibles (ph\u00e9romone ou bien odeur de palmier ou encore une combinaison des deux avec aussi l\u2019ac\u00e9tate d\u2019\u00e9thyle ainsi que la m\u00e9lasse et l\u2019eau), le type de pi\u00e8ge employ\u00e9 et le taux d\u2019infestation des palmeraies. Un r\u00e9cent article (NAVARRO-LLOPIS 2018 ci-dessous) affirme par ailleurs que mettre entre 3 et 5 pi\u00e8ges en batterie au lieu d\u2019un seul am\u00e9liorerait consid\u00e9rablement le taux de capture, ce qui change significativement la densit\u00e9 en nombre de pi\u00e8ges mais pas en surface couverte.<\/p>\n\n\n\n<p><strong>*p\u00e9rim\u00e8tre olfactif d\u2019attraction. <\/strong>Le p\u00e9rim\u00e8tre olfactif d\u2019attraction de la ph\u00e9romone (et de ses additifs) semblerait par ailleurs tr\u00e8s probl\u00e9matique \u00e0 \u00e9valuer. Il est en fait difficile de savoir si le ravageur est attir\u00e9 sur de longues distances ou bien s\u2019il rencontre ces odeurs de mani\u00e8re al\u00e9atoire lors de vols de patrouille. Le fait que les dattiers non prot\u00e9g\u00e9s par insecticide pr\u00e9sents dans un rayon de 20 \u00e0 25 m autour des pi\u00e8ges subissent des attaques sup\u00e9rieures aux palmiers plus \u00e9loign\u00e9s pourrait \u00eatre un indicateur (voir l\u2019\u00e9tude de HAMIDI 2013 ci-dessous). Cette distance correspond \u00e0 la densit\u00e9 minimale mentionn\u00e9e pr\u00e9c\u00e9demment de 4 pi\u00e8ges\/hectare.<\/p>\n\n\n\n<p><strong>*confusion olfactive &amp; palmeraies virtuelles. <\/strong>Il s\u2019agit d\u2019une approche consistant \u00e0 cr\u00e9er des leurres, cad \u00e0 faire croire au ravageur \u00e0 l\u2019existence d\u2019une palmeraie \u00e0 proximit\u00e9 de celles existantes. Elle est peu mentionn\u00e9e dans la bibliographie, probablement du fait que ce proc\u00e9d\u00e9 n\u2019est pas tr\u00e8s pertinent dans des zones de plantations denses de palmiers. Elle pourrait par contre \u00eatre tout \u00e0 fait adapt\u00e9e \u00e0 des palmeraies ornementales urbaines. Les donn\u00e9es empiriques mentionn\u00e9es ci-dessus laissent toutefois penser qu\u2019il faudrait installer ce type de leurre \u00e0 au moins 50 m\u00e8tres des plantations de palmiers existantes.<\/p>\n\n\n\n<p><strong>2.&nbsp;Techniques &amp; produits<\/strong>. Les principaux types de pi\u00e8ges commercialis\u00e9s semblent d\u00e9sormais correspondre \u00e0 des crit\u00e8res assez bien d\u00e9finis, forme pyramidale et couleur sombre. L\u2019efficacit\u00e9 de la forme pyramidale rel\u00e8ve vraisemblablement de son aptitude \u00e0 emp\u00eacher le charan\u00e7on de s\u2019\u00e9vader du pi\u00e8ge. Les donn\u00e9es relatives \u00e0 l\u2019effet de la couleur sur les captures sembleraient ressortir du fait que les pi\u00e8ges noirs\/sombres sont plus efficaces que les pi\u00e8ges color\u00e9s (le charan\u00e7on ne percevant pas les couleurs mais les contrastes). Le positionnement au voisinage du sol serait par ailleurs plus pertinent suite \u00e0 la propension du ravageur \u00e0 se d\u00e9placer \u00e0 ce niveau.<\/p>\n\n\n\n<p><strong>Le pi\u00e9geage massif rencontre des limites dues \u00e0 l\u2019importance de la maintenance<\/strong>, les pi\u00e8ges devant \u00eatre relev\u00e9s et vid\u00e9s r\u00e9guli\u00e8rement du fait qu\u2019ils sont g\u00e9n\u00e9ralement remplis d\u2019eau destin\u00e9e \u00e0 noyer les insectes captur\u00e9s. Ce probl\u00e8me a conduit \u00e0 mettre au point plusieurs solutions alternatives: * l\u2019utilisation d\u2019huile v\u00e9g\u00e9tale, de paraffine ou de liquide vaisselle, qui permettent aussi une plus longue autonomie par forte chaleur, * le pi\u00e9geage appel\u00e9 \u201cattract and kill\u201d qui consiste dans un app\u00e2t compos\u00e9 de ph\u00e9romone et insecticide, plac\u00e9 sous la forme d\u2019une p\u00e2te sur le tronc des palmiers, * le pi\u00e9geage dit \u201c\u00e0 sec\u201d qui repr\u00e9sente une solution tr\u00e8s int\u00e9ressante en mati\u00e8re de simplification de la maintenance.<\/p>\n\n\n\n<p><strong>D\u2019autres techniques de pi\u00e9geage alternatif sont souvent mentionn\u00e9es mais peu document\u00e9es:<\/strong> * sous la d\u00e9nomination \u201cpush &amp; pull\u201d, l\u2019utilisation parall\u00e8le de r\u00e9pulsifs pourrait grandement renforcer l\u2019int\u00e9r\u00eat du pi\u00e9geage massif. Il s\u2019agit l\u00e0 d\u2019un domaine peu document\u00e9, en termes d\u2019\u00e9valuations d\u2019ordre exp\u00e9rimental. * les pi\u00e8ges dits intelligents (\u201csmart traps\u201d), rel\u00e8vent de techniques de lutte int\u00e9gr\u00e9e informatis\u00e9e, en permettant notamment le comptage automatique des captures et la validation des strat\u00e9gies de lutte. * les pi\u00e8ges dits \u201cinfestants\u201d reposent sur la pr\u00e9sence de champignons entomopathog\u00e8nes, qui rel\u00e2chent des insectes destin\u00e9s \u00e0 contaminer leurs cong\u00e9n\u00e8res. Leur int\u00e9r\u00eat est renforc\u00e9 par la mise r\u00e9cente sur le march\u00e9 de plusieurs souches de ces champignons. * le pi\u00e8ge \u00e9lectrique du type pi\u00e8ge \u00e0 moustiques, qui provoque la mort instantan\u00e9e de l\u2019insecte captur\u00e9, ne semble pas faire pour le moment l\u2019objet de commercialisation.<\/p>\n\n\n\n<p><strong>3.&nbsp;Bibliographie indicative<\/strong>. <strong>Ci-dessous des extraits de quelques articles relatifs \u00e0 la densit\u00e9 optimale de pi\u00e8ges<\/strong>.<\/p>\n\n\n\n<p><strong>NAVARRO-LLOPIS et alii 2018. Improvements in Rhynchophorus ferrugineus (Coleoptera: Dryophthoridae) Trapping Systems.<\/strong>&nbsp;Aspects such as the use of co-attractants (molasses) and trap placement are still not well defined and standardized. Our results showed that captures increased when molasses were added at 15% to the water contained in the trap and that a thin layer of oil, created by adding 2\u20133% of paraffinic oil to water, was able to effectively reduce evaporation and prolong trap servicing periods. Moreover, 3.5-fold more weevils were captured when placing five traps instead of one at the same trapping point.<\/p>\n\n\n\n<p><strong>DHOUIBI, NCIB 2016 Effect of Color Trap, Density and Pheromone Capsule Types on the Trapping Efficacy for the Red Palm Weevil (Rhynchophorus ferrugineus).&nbsp;<\/strong>The aim of this study is to evaluate trap density.Various trap densities were carried out ranging from 1 to 8 traps\/ha. Therefore, from all dates, the mean captures were as follows: only 1.3532 when 2 traps are installed on a hectare and respectively 2.5536, 2.9101 and 2.8482 for the 4, 6 and 8 traps densities.<\/p>\n\n\n\n<p><strong>VIDYASAGAR et alii 2016 Efficiency of optimal pheromone trap density in management of red palm weevil, Rhynchophorus ferrugineus Olivier.&nbsp;<\/strong>As the viability of pheromone trapping system depends on the optimum trapping density, field experiments were conducted in two locations of Eastern Province of Saudi Arabia. The efficiency of four pheromone trap densities viz., 1, 2, 4 and 8 traps\/ha, were evaluated. The treatment with 1 trap\/ha captured an average 10.0 weevils as compared to 61.5 weevils in 8 traps\/ha, while at Al Qatif experiment an average of 5.0 and 49.8 weevils were captured in 1 trap and 8 traps\/ha respectively in 10 weeks. In other words 2 traps\/ha is necessary to optimize the capture rate and drastically reduce weevil population and new infestations.<\/p>\n\n\n\n<p><strong>HAMIDI et alii 2013.<\/strong>&nbsp;<strong>Piegeage olfactif du charan\u00e7on rouge du palmier. Bases, bonnes pratiques, limites et perspectives.<\/strong>&nbsp;Les captures sont le fruit de l\u2019int\u00e9gration d\u2019informations multi-sensorielles sans que la contribution de chacune puisse \u00eatre d\u00e9termin\u00e9e. Nous avons montr\u00e9 lors d\u2019un pi\u00e9geage \u2018selon les r\u00e8gles de l\u2019art\u2019 sur ~200 ha que les dattiers non prot\u00e9g\u00e9s par insecticide pr\u00e9sents dans un rayon de 20 \u00e0 25 m autour des pi\u00e8ges subissaient des attaques sup\u00e9rieures aux palmiers plus \u00e9loign\u00e9s.<\/p>\n\n\n\n<p><strong>FALEIRO et alii 2011. Pheromone trap density to mass trap Rhynchophorus ferrugineus (Coleoptera Curculionidae Rhynchophoridae Dryophthoridae) in date plantations.&nbsp;<\/strong>The present study aimed at as certaining the density at which pheromone traps should be set in the \ufb01eld to mass trap adult R. ferrugineus. Our \ufb01ndings indicate that in plantations with low weevil activity and 1% infested palms, a trap density of 1 trap\/ha is suf\ufb01cient. In plantations where infestation levels are 1%, 10 traps\/ha recorded the best weevil captures. However, in area-wide mass trapping programmes, the pest could be effectively mass trapped at 4-7 traps\/ha depending on the resources available.<\/p>\n\n\n\n<p><strong>REVUE DE PRESSE PACA<\/strong>. Les&nbsp;Communaut\u00e9s d\u2019Agglom\u00e9ration d\u2019Antibes (CASA) et de Frejus (CAVEM) viennent de d\u00e9marrer une op\u00e9ration de distribution de 500 pi\u00e8ges \u00e0 charan\u00e7on rouge sur le territoire de leurs Communaut\u00e9s. <strong>En savoir plus sur la campagne de pi\u00e9geage \u00e0 Antibes&nbsp;:<\/strong>&nbsp;<a href=\"http:\/\/www.nicematin.com\/vie-locale\/lagglo-de-sophia-antipolis-va-distribuer-500-pieges-gratuits-pour-se-debarrasser-des-charancons-rouges-221049\" target=\"_blank\" rel=\"noreferrer noopener\">lagglo-de-sophia-antipolis-va-distribuer-500-pieges-gratuits<\/a> <strong>En savoir plus sur la campagne de pi\u00e9geage \u00e0 Frejus:<\/strong>&nbsp;<a href=\"http:\/\/propalmes83.com\/index.php\/arecap\/143-operation-500-pieges\" target=\"_blank\" rel=\"noreferrer noopener\">propalmes83<\/a><\/p>\n\n\n\n<p><strong>Retour au sommaire du dossier:<\/strong> <a href=\"http:\/\/www.listephoenix.com\/?page_id=7469\">menaces<\/a><\/p>\n\n\n\n<p><\/p>\n","protected":false},"excerpt":{"rendered":"<p>CRP 2015-2024. Historique de la lutte int\u00e9gr\u00e9e (integrated pest management = IPM) contre les ravageurs des palmiers rhynchophorus ferrugineus &amp; paysandisia archon (french &amp; italian&#8230;<\/p>\n<div class=\"more-link-wrapper\"><a class=\"more-link\" href=\"http:\/\/www.listephoenix.com\/?page_id=11878\">Continue reading<span class=\"screen-reader-text\">3.Piegeage<\/span><\/a><\/div>\n","protected":false},"author":2,"featured_media":0,"parent":7469,"menu_order":5,"comment_status":"closed","ping_status":"closed","template":"","meta":{"footnotes":""},"class_list":["post-11878","page","type-page","status-publish","hentry","entry"],"_links":{"self":[{"href":"http:\/\/www.listephoenix.com\/index.php?rest_route=\/wp\/v2\/pages\/11878","targetHints":{"allow":["GET"]}}],"collection":[{"href":"http:\/\/www.listephoenix.com\/index.php?rest_route=\/wp\/v2\/pages"}],"about":[{"href":"http:\/\/www.listephoenix.com\/index.php?rest_route=\/wp\/v2\/types\/page"}],"author":[{"embeddable":true,"href":"http:\/\/www.listephoenix.com\/index.php?rest_route=\/wp\/v2\/users\/2"}],"replies":[{"embeddable":true,"href":"http:\/\/www.listephoenix.com\/index.php?rest_route=%2Fwp%2Fv2%2Fcomments&post=11878"}],"version-history":[{"count":19,"href":"http:\/\/www.listephoenix.com\/index.php?rest_route=\/wp\/v2\/pages\/11878\/revisions"}],"predecessor-version":[{"id":13251,"href":"http:\/\/www.listephoenix.com\/index.php?rest_route=\/wp\/v2\/pages\/11878\/revisions\/13251"}],"up":[{"embeddable":true,"href":"http:\/\/www.listephoenix.com\/index.php?rest_route=\/wp\/v2\/pages\/7469"}],"wp:attachment":[{"href":"http:\/\/www.listephoenix.com\/index.php?rest_route=%2Fwp%2Fv2%2Fmedia&parent=11878"}],"curies":[{"name":"wp","href":"https:\/\/api.w.org\/{rel}","templated":true}]}}