{"id":11886,"date":"2024-04-21T12:47:20","date_gmt":"2024-04-21T11:47:20","guid":{"rendered":"http:\/\/www.listephoenix.com\/?page_id=11886"},"modified":"2025-05-18T12:13:06","modified_gmt":"2025-05-18T11:13:06","slug":"biocontrole","status":"publish","type":"page","link":"http:\/\/www.listephoenix.com\/?page_id=11886","title":{"rendered":"4.Biocontrole"},"content":{"rendered":"\n<p><strong><strong><strong>CRP 2015-2024. Historique de la lutte int\u00e9gr\u00e9e (integrated pest management = IPM) contre les ravageurs des palmiers rhynchophorus ferrugineus &amp; paysandisia archon (french &amp; italian riviera).<\/strong><\/strong><\/strong>\u00a0R\u00e9dacteur: Robert CASTELLANA. Statut: compte-rendu de recherches<strong>. Retour au dossier menaces:\u00a0<\/strong><a href=\"http:\/\/www.listephoenix.com\/?page_id=7469\">Lien<\/a><\/p>\n\n\n\n<p><strong>Les recherches men\u00e9es depuis pr\u00e8s de 30 ans ont conduit \u00e0 mettre au point diverses techniques de lutte. Aucune ne permet toutefois (\u00e0 elle seule et \u00e0 ce jour), de r\u00e9gler le probl\u00e8me de mani\u00e8re satisfaisante. Recommand\u00e9e (mais rarement mise en \u0153uvre) d\u00e8s les premi\u00e8res ann\u00e9es de l\u2019infestation, la strat\u00e9gie dite de \u201cLutte Int\u00e9gr\u00e9e\u201d (Integrated Pest Management = IPM) vise \u00e0 les associer.&nbsp;La lutte int\u00e9gr\u00e9e ne consiste pas dans un catalogue de techniques disponibles. Ces techniques doivent en effet \u00eatre hi\u00e9rarchis\u00e9es. C\u2019est pour cela que l\u2019on parle de strat\u00e9gie. A la base de la pyramide on trouve la pr\u00e9vention, qui \u00e9vitera d\u2019avoir recours aux \u00e9tages suivants, les techniques de lutte.<\/strong>&nbsp;<strong>Les principes de base de la Lutte Int\u00e9gr\u00e9e viennent d\u2019\u00eatre adopt\u00e9s en tant que standard international par la FAO en ce qui concerne les palmiers. Ce chapitre donne un acc\u00e8s document\u00e9 aux principales avanc\u00e9es en la mati\u00e8re au travers des retours d\u2019exp\u00e9riences collect\u00e9s aupr\u00e8s des membres de notre r\u00e9seau de jardins botaniques.<\/strong><\/p>\n\n\n\n<figure class=\"wp-block-image size-full\"><img loading=\"lazy\" decoding=\"async\" width=\"438\" height=\"280\" src=\"http:\/\/www.listephoenix.com\/wp-content\/uploads\/2024\/10\/00-IPM-5-piliers.jpg\" alt=\"\" class=\"wp-image-12475\" srcset=\"http:\/\/www.listephoenix.com\/wp-content\/uploads\/2024\/10\/00-IPM-5-piliers.jpg 438w, http:\/\/www.listephoenix.com\/wp-content\/uploads\/2024\/10\/00-IPM-5-piliers-300x192.jpg 300w, http:\/\/www.listephoenix.com\/wp-content\/uploads\/2024\/10\/00-IPM-5-piliers-150x96.jpg 150w\" sizes=\"auto, (max-width: 438px) 100vw, 438px\" \/><\/figure>\n\n\n\n<p><strong>BIO CONTR\u00d4LE DU RAVAGEUR DES PALMIERS RHYNCHOPHORUS FERRUGINEUS<\/strong><\/p>\n\n\n\n<p><strong>Sommaire<br>1. Beauveria bassiana<br>2. N\u00e9matodes<br>3. Technique de l&rsquo;insecte st\u00e9rile<br>Annexe: Tableau simplifi\u00e9 des antagonistes de Rhynchophorus sp<\/strong><\/p>\n\n\n\n<p><strong>Abstract.<\/strong> En ce qui concerne le bio contr\u00f4le, les recherches en cours sont&nbsp; nombreuses et prometteuses. La riche panoplie offerte par la lutte biologique n\u2019a cependant pas fait l\u2019objet de financements \u00e0 la hauteur des enjeux. Les strat\u00e9gies retenues en Europe ont ainsi \u00e9t\u00e9 largement domin\u00e9es par l\u2019emploi de pesticides connus de longue date pour d\u2019autres usages. Seuls deux produits de lutte biologique sont actuellement commercialis\u00e9s, les n\u00e9matodes et les champignons entomopathog\u00e8nes. Dans leur environnement d\u2019origine, les ravageurs rencontrent des antagonistes qui limitent leur propagation. Ils se r\u00e9partissent en 8 familles: les virus, les bact\u00e9ries, les champignons, les levures, les n\u00e9matodes, les acariens, les insectes et les vert\u00e9br\u00e9s. D\u2019autres m\u00e9thodes de lutte pourraient aussi intervenir au niveau du&nbsp;m\u00e9tabolisme ou m\u00eame des caract\u00e8res g\u00e9n\u00e9tiques des esp\u00e8ces concern\u00e9es. Des&nbsp;travaux similaires, relatifs aux ravageurs sud-am\u00e9ricains&nbsp;<em>Paysandia archon<\/em>&nbsp;et&nbsp;<em>Rhynchophorus palmarum,<\/em>&nbsp;m\u00e9riteraient eux aussi de prendre place dans les recherches relatives \u00e0 la Lutte Int\u00e9gr\u00e9e.<\/p>\n\n\n\n<figure class=\"wp-block-embed is-type-rich is-provider-prise-en-charge-des-contenus-embarqu-s wp-block-embed-prise-en-charge-des-contenus-embarqu-s wp-embed-aspect-16-9 wp-has-aspect-ratio\"><div class=\"wp-block-embed__wrapper\">\n<iframe loading=\"lazy\" title=\"Tromper les insectes ravageurs des cultures gr\u00e2ce \u00e0 l\u2019\u00e9cologie chimique - ARVALIS-infos.fr\" width=\"500\" height=\"281\" src=\"https:\/\/www.youtube.com\/embed\/WDsEKCh6SL4?feature=oembed\" frameborder=\"0\" allow=\"accelerometer; autoplay; clipboard-write; encrypted-media; gyroscope; picture-in-picture; web-share\" referrerpolicy=\"strict-origin-when-cross-origin\" allowfullscreen><\/iframe>\n<\/div><\/figure>\n\n\n\n<p><strong>Video&nbsp;: les principes de l\u2019\u00e9cologie chimique (Brigitte Frerot \u2013 INRA)<\/strong><\/p>\n\n\n\n<p><strong>1&nbsp;Beauveria bassiana<\/strong><\/p>\n\n\n\n<p><strong>Beauveria bassiana (Bals.-Criv.) Vuill. (1912).&nbsp;<\/strong>Le genre <em>Cordyceps <\/em>comprend de nombreuses esp\u00e8ces parasites des insectes. <em>Beauveria bassiana<\/em> est un champignon cosmopolite, qui parasite les insectes volants (les insectes du sol \u00e9tant r\u00e9sistants), et provoque la maladie appel\u00e9e muscadine. Les spores du champignon se d\u00e9veloppent dans l\u2019insecte entra\u00eenant sa mort. Le myc\u00e9lium se d\u00e9veloppe ensuite \u00e0 l\u2019ext\u00e9rieur du cadavre. En Europe, ce sont surtout les larves de doryphores, charan\u00e7ons et hannetons qui sont affect\u00e9es par les <em>Beauveria<\/em>. La pyrale du ma\u00efs dans le Bassin Parisien ainsi que les tordeuses de la vigne et des arbres fruitiers sont aussi sensibles \u00e0 ce type de champignon. <em>Beauveria bassiana<\/em> poss\u00e8de donc un spectre tr\u00e8s large de cibles, dont le charan\u00e7on rouge des palmiers si la souche a \u00e9t\u00e9 isol\u00e9e de col\u00e9opt\u00e8res.&nbsp;<strong>Source<\/strong>:&nbsp;<a href=\"http:\/\/ephytia.inra.fr\/fr\/C\/11520\/hypp-Beauveria-bassiana\" target=\"_blank\" rel=\"noreferrer noopener\">ephytia.inra.fr<\/a><\/p>\n\n\n\n<p><strong>Phylog\u00e9n\u00e9tique<\/strong>. Ce champignon est plus particuli\u00e8rement utilis\u00e9 contre les charan\u00e7ons dans les bananeraies et plus r\u00e9cemment dans les palmeraies. Il existe de nombreuses souches de <em>Beauveria<\/em>, dont plusieurs dizaines ont \u00e9t\u00e9 r\u00e9colt\u00e9es du Pakistan \u00e0 l\u2019Espagne en passant par la Syrie. Une partie de ces souches proviennent de cadavres d\u2019insectes et d\u2019autres de palmier sains. Une grande confusion et de fortes divergences existent \u00e0 propos de leur efficacit\u00e9, qu\u2019il s\u2019agisse de leur caract\u00e8re plus ou moins s\u00e9lectif, de leur taux de succ\u00e8s ou de leur fragilit\u00e9 par rapport aux temp\u00e9ratures \u00e9lev\u00e9es et au degr\u00e9 d\u2019humidit\u00e9 faible. Il est regrettable qu\u2019un arbre phylog\u00e9n\u00e9tique ne soit pas synth\u00e9tis\u00e9 et mis en ligne par un organisme ind\u00e9pendant.<\/p>\n\n\n\n<p><strong>Commercialisation<\/strong>. Deux souches ont \u00e9t\u00e9 commercialis\u00e9es en Europe, celle d\u00e9velopp\u00e9e en Espagne par l\u2019Universit\u00e9 d\u2019Alicante (Bb 203 par la firme Glen Biotech) et celle d\u00e9velopp\u00e9e en France par la firme Arysta-Vegetech (Bb 111). Ces champignons peuvent \u00eatre dispers\u00e9s comme les autres produits de lutte par l\u2019emploi de cannes t\u00e9lescopiques, mais aussi par drones (techniquement parlant du moins l\u2019\u00e9pandage de produits phytosanitaires \u00e9tant g\u00e9n\u00e9ralement r\u00e9glement\u00e9). La firme espagnole pr\u00e9conise 3 applications par an, la firme fran\u00e7aise 7 applications, soit des doses allant de 3 \u00e0 5 kilos par an et par palmier. Les taux d\u2019efficacit\u00e9 \u00e9tant inf\u00e9rieurs \u00e0 100%, les deux firmes conseillent par ailleurs des traitements compl\u00e9mentaires, soit biologiques, soit chimiques.<\/p>\n\n\n\n<p><strong>Bibliographie<\/strong>. Seule la souche espagnole Bb 203 a fait l\u2019objet de publications dans des revues scientifiques \u00e0 ce jour (2018) par les chercheurs de l\u2019Universit\u00e9 d\u2019Alicante&nbsp;:<\/p>\n\n\n\n<p><strong>*<\/strong>LOPEZ-LLORCA L.V. 2017. Role of B. bassiana on Plant Defence, Biocontrol and Insect Behaviour modification. 29-31 March 2017, Italy, High-Level Meeting on Red Palm Weevil Management.&nbsp;<strong>Link<\/strong>:&nbsp;&nbsp;<a href=\"http:\/\/www.fao.org\/fileadmin\/templates\/fcc\/documents\/03_FaoRomeTalkLVLopez-Llorca3_RED2.pdf\" target=\"_blank\" rel=\"noreferrer noopener\">fao.org<\/a><\/p>\n\n\n\n<p><strong>*<\/strong>JALINAS et alii 2015. Acoustic Assessment of Beauveria bassiana (Hypocreales Clavicipitaceae) Effects on Rhynchophorus ferrugineus (Coleoptera Dryophthoridae) Larval Activity and Mortality.&nbsp;<strong>Link<\/strong>:&nbsp;<a href=\"https:\/\/www.researchgate.net\/profile\/Richard_Mankin2\/publication\/273697974_Acoustic_Assessment_of_Beauveria_bassiana_Hypocreales_Clavicipitaceae_Effects_on_Rhynchophorus_ferrugineus_Coleoptera_Dryophthoridae_Larval_Activity_and_Mortality\/links\/551963130cf273292e7174e8\/Acoustic-Assessment-of-Beauveria-bassiana-Hypocreales-Clavicipitaceae-Effects-on-Rhynchophorus-ferrugineus-Coleoptera-Dryophthoridae-Larval-Activity-and-Mortality.pdf\" target=\"_blank\" rel=\"noreferrer noopener\">researchgate<\/a><\/p>\n\n\n\n<p><strong>*<\/strong>RICA\u00d1O J., G\u00dcERRI-AGULL\u00d3 B., M.J. SERNA-SARRI\u00c1S, RUBIO-LLORCA G., ASENSIO L., BARRANCO P., LOPEZ-LLORCA L. V. 2013. Evaluation of the pathogenicity of multiple isolates of Beauveria Bassiana (hypocreales clavicipitaceae) on rhynchophorus ferrugineus (coleoptera dryophthoridae) for the assessment of a solid formulation under simulatedfield conditions. &nbsp;<strong>Link<\/strong>:&nbsp;<a href=\"https:\/\/imem.ua.es\/va\/documentos\/arxius-imem\/articles-investigadors\/luisvi-lopez-llorca\/ricano-et-al-2013-fla-entomol.pdf\" target=\"_blank\" rel=\"noreferrer noopener\">imem.ua.es<\/a><\/p>\n\n\n\n<p><strong>*<\/strong>GUERRI-AGULLO B., R. LOPEZ-FOLLANA, L. ASENSIO, P. BARRANCO, L. V. LOPEZ-LLORCA 2011. Use of a Solid Formulation of Beauveria bassiana for Biocontrol of the Red Palm Weevil under fiel conditions in Spain. &nbsp;<\/p>\n\n\n\n<p><strong>*<\/strong>GUERRI-AGULLO B., S. GOMEZ-VIDAL, L. ASENSIO, P. BARRANCO, L.V. LOPEZ-LLORCA 2010. Infection of the Red Palm Weevil (Rhynchophorus ferrugineus) by the Entomopathogenic Fungus Beauveria bassiana.&nbsp;<strong>Link<\/strong>:&nbsp;<a href=\"https:\/\/imem.ua.es\/va\/documentos\/arxius-imem\/articles-investigadors\/luisvi-lopez-llorca\/guerri-agullo-et-al-2010-micros-res-tech.pdf\" target=\"_blank\" rel=\"noreferrer noopener\">imem.ua.es<\/a><\/p>\n\n\n\n<p>Voir aussi la th\u00e8se de JALINAS 2016. Evaluating Beauveria bassiana on Red Palm Weevil Management and Behaviour with accoustic and GIS.Thesis. Un. of Alicante. Spain.&nbsp;<strong>Link<\/strong>:&nbsp;<a href=\"https:\/\/rua.ua.es\/dspace\/bitstream\/10045\/73611\/1\/tesis_johari_bin_jalinas.pdf\" target=\"_blank\" rel=\"noreferrer noopener\">tesis_johari_bin_jalinas.pdf<\/a><\/p>\n\n\n\n<figure class=\"wp-block-embed is-type-video is-provider-youtube wp-block-embed-youtube wp-embed-aspect-4-3 wp-has-aspect-ratio\"><div class=\"wp-block-embed__wrapper\">\n<iframe loading=\"lazy\" title=\"Prioriterre ravageurs et traitements biologiques des palmiers de la c\u00f4te d&#039;azur\" width=\"500\" height=\"375\" src=\"https:\/\/www.youtube.com\/embed\/87nRixYlO6w?feature=oembed\" frameborder=\"0\" allow=\"accelerometer; autoplay; clipboard-write; encrypted-media; gyroscope; picture-in-picture; web-share\" referrerpolicy=\"strict-origin-when-cross-origin\" allowfullscreen><\/iframe>\n<\/div><\/figure>\n\n\n\n<p><strong>2&nbsp;N\u00e9matodes<\/strong>. En vente libre en jardinerie ou sur Internet, ce produit (relativement) bon march\u00e9 s\u2019applique par un simple arrosage de la partie sommitale. En ce qui concerne le palmier dattier les n\u00e9matodes peuvent aussi \u00eatre appliqu\u00e9es au niveau des rejets. La p\u00e9riode d\u2019application va de mars \u00e0 novembre, du fait que la temp\u00e9rature doit \u00eatre comprise entre 12\u00b0C et 35\u00b0C. Il est par ailleurs conseill\u00e9, avant et apr\u00e8s l\u2019application d\u2019arroser le feuillage du palmier, notamment en \u00e9t\u00e9, afin de maintenir un taux d\u2019humidit\u00e9 constant. Les n\u00e9matodes doivent \u00eatre conserv\u00e9s au froid jusqu\u2019\u00e0 leur utilisation (entre 8 et 12\u00b0). Le produit est dilu\u00e9 dans de l\u2019eau et peut \u00eatre appliqu\u00e9 facilement gr\u00e2ce \u00e0 une simple lance d\u2019arrosage. Il faut agiter continuellement le m\u00e9lange afin d\u2019\u00e9viter que les n\u00e9matodes se d\u00e9posent au fond. L\u2019op\u00e9ration doit \u00eatre r\u00e9p\u00e9t\u00e9e au moins une fois par mois. A titre indicatif, il faut une dose moyenne allant de 10 \u00e0 25 M par palmier, dilu\u00e9e dans 10 \u00e0 20 litres d\u2019eau.<\/p>\n\n\n\n<figure class=\"wp-block-embed is-type-video is-provider-youtube wp-block-embed-youtube wp-embed-aspect-4-3 wp-has-aspect-ratio\"><div class=\"wp-block-embed__wrapper\">\n<iframe loading=\"lazy\" title=\"LANCIAPALM r 2 - lancia irrorante 9 metri altezza per la lotta al punteruolo rosso\" width=\"500\" height=\"375\" src=\"https:\/\/www.youtube.com\/embed\/uDQ3nc4Eekk?feature=oembed\" frameborder=\"0\" allow=\"accelerometer; autoplay; clipboard-write; encrypted-media; gyroscope; picture-in-picture; web-share\" referrerpolicy=\"strict-origin-when-cross-origin\" allowfullscreen><\/iframe>\n<\/div><\/figure>\n\n\n\n<p><strong>En savoir plus:<\/strong> video illustrant le mat\u00e9riel n\u00e9cessaire \u00e0 une application de n\u00e9matodes sur palmiers. Cette lance d&rsquo;arrosage t\u00e9lescopique, qui permet de traiter jusqu&rsquo;\u00e0 10 m\u00e8tres de hauteur, est vendue au prix de 177 euros par la firme EBC. Il est par ailleurs n\u00e9cessaire de faire l&rsquo;acquisition d&rsquo;une pompe motoris\u00e9e. Link vers le site commercial de EBC: http:\/\/www.ebcprofessional.com\/<\/p>\n\n\n\n<figure class=\"wp-block-image size-full\"><img loading=\"lazy\" decoding=\"async\" width=\"523\" height=\"373\" src=\"http:\/\/www.listephoenix.com\/wp-content\/uploads\/2024\/11\/SIT-Accouplement-coitus-interruptus.jpg\" alt=\"\" class=\"wp-image-12591\" srcset=\"http:\/\/www.listephoenix.com\/wp-content\/uploads\/2024\/11\/SIT-Accouplement-coitus-interruptus.jpg 523w, http:\/\/www.listephoenix.com\/wp-content\/uploads\/2024\/11\/SIT-Accouplement-coitus-interruptus-300x214.jpg 300w, http:\/\/www.listephoenix.com\/wp-content\/uploads\/2024\/11\/SIT-Accouplement-coitus-interruptus-150x107.jpg 150w\" sizes=\"auto, (max-width: 523px) 100vw, 523px\" \/><\/figure>\n\n\n\n<p>Illustration: intervention d&rsquo;un insecte st\u00e9rile lors d&rsquo;un accouplement (ENEA et BBCA onlus Rome Italie)<\/p>\n\n\n\n<p><strong>3&nbsp;Technique de l&rsquo;insecte st\u00e9rile<\/strong>. Dite aussi lutte par \u00abm\u00e2les st\u00e9riles\u00bb (Sterile Insect Technique=SIT ou encore Incompatibilty Insect Technique=IIT), la lutte autocide consiste \u00e0 introduire de mani\u00e8re massive des populations de m\u00e2les rendus st\u00e9riles par divers proc\u00e9d\u00e9s qui vont entrer en comp\u00e9tition avec les m\u00e2les naturellement fertiles. La population naturelle d\u2019une esp\u00e8ce peut en effet \u00eatre consid\u00e9rablement r\u00e9duite, parfois jusqu\u2019\u00e0 extinction totale, lorsqu\u2019un facteur de r\u00e9duction est appliqu\u00e9 uniform\u00e9ment et constamment m\u00eame \u00e0 un degr\u00e9 relativement bas. A condition de pr\u00e9voir un certain rapport entre population de m\u00e2les st\u00e9riles\/m\u00e2les fertiles, on arrive en quelques g\u00e9n\u00e9rations \u00e0 r\u00e9duire tr\u00e8s sensiblement ou m\u00eame \u00e0 \u00e9radiquer la population des pr\u00e9dateurs. La st\u00e9rilisation peut \u00eatre obtenue par irradiation ou par alimentation avec des substances sp\u00e9ciales chimiost\u00e9rilisantes dont le type est l\u2019apholate. Cette m\u00e9thode de r\u00e9duction de populations de ravageurs s\u2019est r\u00e9v\u00e9l\u00e9e efficace dans plusieurs pays pour lutter notamment contre la mouche m\u00e9diterran\u00e9enne des fruits <em>Ceratitis capitata<\/em>, (Wied.), ou bien contre la mouche de l\u2019oignon <em>Delia antiqua<\/em>. Une des limitations de cette m\u00e9thode rel\u00e8ve du fait qu&rsquo;elle doit \u00eatre employ\u00e9e \u00e0 l&rsquo;\u00e9chelle d&rsquo;un territoire. L\u2019article r\u00e9f\u00e9renc\u00e9 ci-dessous rend compte des avanc\u00e9es dans ce domaine men\u00e9es (avec notre participation) dans le cadre d\u2019un projet de recherche franco-italo-tunisien contre les ravageurs des palmiers d\u00e9nomm\u00e9 Salvadeglet. <\/p>\n\n\n\n<p>*** <\/p>\n\n\n\n<p><strong>Bibliographie<\/strong>. CRISTOFARO et alii 2023. Effects of \u03b3-irradiation on mating behavior of red palm weevil, Rhynchophorus ferrugineus (Olivier 1790) (Coleoptera: Dryo-phthoridae). Insects 2023, 14, 661. <strong>Link <\/strong><a href=\"https:\/\/doi.org\/10.3390\/insects14070661\" target=\"_blank\" rel=\"noreferrer noopener\">https:\/\/doi.org\/10.3390\/insects14070661<\/a><\/p>\n\n\n\n<p><strong>Retour au sommaire du dossier:<\/strong>&nbsp;<a href=\"http:\/\/www.listephoenix.com\/?page_id=7469\">menaces<\/a><\/p>\n\n\n\n<p><strong>*ANNEXE: Tableau simplifi\u00e9 des antagonistes de Rhynchophorus sp<\/strong><\/p>\n\n\n\n<p><strong>Tachinidae<\/strong>&nbsp;<strong>(tachinaires)<\/strong>. Cette grande famille de mouches regroupe plus de 10 000 esp\u00e8ces. Les larves sont des parasites d\u2019insectes, d\u2019arthropodes ou d\u2019autres animaux. La femelle d\u00e9pose ses \u0153ufs (un ou plusieurs) sur, \u00e0 l\u2019int\u00e9rieur ou encore dans l\u2019environnement de l\u2019h\u00f4te. La larve se d\u00e9veloppe g\u00e9n\u00e9ralement \u00e0 l\u2019int\u00e9rieur de celui-ci.<\/p>\n\n\n\n<p><strong>Biblio&nbsp;<em>Rhynchophorus<\/em>&nbsp;<em>palmarum<\/em><\/strong><\/p>\n\n\n\n<p>MOURA J I L., TOMA R, SGRILLO R B., DELABIE J.H.C. 2006. Natural Efficiency of Parasitism by Billaea rhynchophorae (Blanchard) (Diptera: Tachinidae) for the Control of Rhynchophorus palmarum (L.) (Coleoptera:&nbsp; Curculionidae). Link&nbsp;:&nbsp;<a href=\"http:\/\/www.scielo.br\/pdf\/ne\/v35n2\/30045.pdf\" target=\"_blank\" rel=\"noreferrer noopener\">www.scielo.br<\/a><\/p>\n\n\n\n<p>MOURA J I L., MARIAU D., DELABIE J.H.C. 1993. Efici\u00eancia de Paratheresia menezesi. Townsend (Diptera:&nbsp;<em>Tachinidae<\/em>) no controle biol\u00f4gico natural de.&nbsp;<em>Rhynchophorus<\/em>&nbsp;palmarum (L.) (Coleoptera: Curculionidae). <\/p>\n\n\n\n<p><strong>Biblio&nbsp;<em>Rhynchophorus<\/em><\/strong> <strong><em>ferrugineus<\/em><\/strong><\/p>\n\n\n\n<figure class=\"wp-block-table\"><table><tbody><tr><td><strong>Groupe<\/strong><\/td><td><strong>Genre<\/strong><\/td><td><strong>Esp\u00e8ce<\/strong><\/td><td><strong>Rhynch Sp<\/strong><\/td><\/tr><tr><td><strong>Virus<\/strong><\/td><td>Cypovirus<\/td><td>sp<strong>.<\/strong><\/td><td>ferrugineus<strong>&nbsp; &nbsp;&nbsp;&nbsp;&nbsp;&nbsp;&nbsp;<\/strong><\/td><\/tr><tr><td><strong>Bact\u00e9ries<\/strong><\/td><td>Bacillus<\/td><td>laterosporus<strong>&nbsp;&nbsp;&nbsp;&nbsp;&nbsp;&nbsp;&nbsp;&nbsp;&nbsp;<\/strong><\/td><td>ferrugineus<strong>&nbsp; &nbsp;&nbsp;&nbsp;&nbsp;&nbsp;&nbsp;<\/strong><\/td><\/tr><tr><td><\/td><td><\/td><td>megaterium<\/td><td>ferrugineus<strong>&nbsp; &nbsp;&nbsp;&nbsp;&nbsp;&nbsp;&nbsp;<\/strong><\/td><\/tr><tr><td><\/td><td><\/td><td>sphaericus<\/td><td>ferrugineus<strong>&nbsp; &nbsp;&nbsp;&nbsp;&nbsp;&nbsp;&nbsp;<\/strong><\/td><\/tr><tr><td><\/td><td><\/td><td>thuringiensis<\/td><td>ferrugineus<strong>&nbsp; &nbsp;&nbsp;&nbsp;&nbsp;&nbsp;&nbsp;<\/strong><\/td><\/tr><tr><td><\/td><td>Pseudomonas<\/td><td>aeruginosa<\/td><td>ferrugineus&nbsp; &nbsp;&nbsp;&nbsp;&nbsp;&nbsp;&nbsp;<\/td><\/tr><tr><td><\/td><td>Serratia<\/td><td>marcescens<\/td><td>ferrugineus&nbsp; &nbsp;&nbsp;&nbsp;&nbsp;&nbsp;&nbsp;<\/td><\/tr><tr><td><strong>Champignons<\/strong><\/td><td>Aspergillus<\/td><td>sp.<\/td><td>ferrugineus&nbsp; &nbsp;&nbsp;&nbsp;&nbsp;&nbsp;&nbsp;<\/td><\/tr><tr><td><\/td><td>Beauveria<\/td><td>bassiana<\/td><td>ferrugineus<strong>&nbsp; &nbsp;&nbsp;&nbsp;&nbsp;&nbsp;&nbsp;<\/strong><\/td><\/tr><tr><td><\/td><td>Fusarium<\/td><td>sp.<\/td><td>ferrugineus&nbsp; &nbsp;&nbsp;&nbsp;&nbsp;&nbsp;&nbsp;<\/td><\/tr><tr><td><\/td><td>Metarhizium<\/td><td>anisopliae<\/td><td>ferrugineus<strong>&nbsp; &nbsp;&nbsp;&nbsp;&nbsp;&nbsp;&nbsp;<\/strong><\/td><\/tr><tr><td><\/td><td><\/td><td>pingshaense<\/td><td>ferrugineus&nbsp; &nbsp;&nbsp;&nbsp;&nbsp;&nbsp;&nbsp;<\/td><\/tr><tr><td><\/td><td>Penicillium<\/td><td>sp.<\/td><td>ferrugineus&nbsp; &nbsp;&nbsp;&nbsp;&nbsp;&nbsp;&nbsp;<\/td><\/tr><tr><td><\/td><td>Trichothecium<\/td><td>sp.<\/td><td>ferrugineus&nbsp; &nbsp;&nbsp;&nbsp;&nbsp;&nbsp;&nbsp;<\/td><\/tr><tr><td><strong>Levures<\/strong><\/td><td><\/td><td><\/td><td>ferrugineus&nbsp; &nbsp;&nbsp;&nbsp;&nbsp;&nbsp;&nbsp;<\/td><\/tr><tr><td><strong>N\u00e9matodes<\/strong><\/td><td>Heterorhabditis<\/td><td>bacteriophora<\/td><td>ferrugineus<strong>&nbsp; &nbsp;&nbsp;&nbsp;&nbsp;&nbsp;&nbsp;<\/strong><\/td><\/tr><tr><td><\/td><td><\/td><td>indica<\/td><td>ferrugineus<strong>&nbsp; &nbsp;&nbsp;&nbsp;&nbsp;&nbsp;&nbsp;<\/strong><\/td><\/tr><tr><td><\/td><td>Praecocilenchus<\/td><td>rhaphidophorus<\/td><td>bilineatus<\/td><\/tr><tr><td><\/td><td><\/td><td>ferruginophorus<\/td><td>ferrugineus&nbsp; &nbsp;&nbsp;&nbsp;&nbsp;&nbsp;&nbsp;<\/td><\/tr><tr><td><\/td><td>Steinernema<\/td><td>abbasi<\/td><td>ferrugineus<strong>&nbsp; &nbsp;&nbsp;&nbsp;&nbsp;&nbsp;&nbsp;<\/strong><\/td><\/tr><tr><td><\/td><td><\/td><td>glaseri<\/td><td>ferrugineus&nbsp; &nbsp;&nbsp;&nbsp;&nbsp;&nbsp;&nbsp;<\/td><\/tr><tr><td><strong>Acariens<\/strong><\/td><td>Aegyptus<\/td><td>alhassa<\/td><td>ferrugineus&nbsp; &nbsp;&nbsp;&nbsp;&nbsp;&nbsp;&nbsp;<\/td><\/tr><tr><td><\/td><td><\/td><td>rynchophorus<\/td><td>ferrugineus&nbsp; &nbsp;&nbsp;&nbsp;&nbsp;&nbsp;&nbsp;<\/td><\/tr><tr><td><\/td><td><\/td><td>zaheri<\/td><td>ferrugineus&nbsp; &nbsp;&nbsp;&nbsp;&nbsp;&nbsp;&nbsp;<\/td><\/tr><tr><td><\/td><td>Fascuropoda<\/td><td>marginata<\/td><td>ferrugineus&nbsp; &nbsp;&nbsp;&nbsp;&nbsp;&nbsp;&nbsp;<\/td><\/tr><tr><td><\/td><td>Hypoaspis<\/td><td>sardoa<\/td><td>ferrugineus&nbsp; &nbsp;&nbsp;&nbsp;&nbsp;&nbsp;&nbsp;<\/td><\/tr><tr><td><\/td><td>Iphidosoma<\/td><td>sp.<\/td><td>ferrugineus&nbsp; &nbsp;&nbsp;&nbsp;&nbsp;&nbsp;&nbsp;<\/td><\/tr><tr><td><\/td><td>Parasitis<\/td><td>zaheri<\/td><td>ferrugineus&nbsp; &nbsp;&nbsp;&nbsp;&nbsp;&nbsp;&nbsp;<\/td><\/tr><tr><td><\/td><td>Rhynchopolipus<\/td><td>rhynchophori<\/td><td>ferrugineus&nbsp; &nbsp;&nbsp;&nbsp;&nbsp;&nbsp;&nbsp;<\/td><\/tr><tr><td><\/td><td><\/td><td>brachycephalus<\/td><td>phoenicis<\/td><\/tr><tr><td><\/td><td><\/td><td>swiftae<\/td><td>ferrugineus&nbsp; &nbsp;&nbsp;&nbsp;&nbsp;&nbsp;&nbsp;<\/td><\/tr><tr><td><strong>Insectes<\/strong><\/td><td>Anisolabis<\/td><td>maritima<\/td><td>ferrugineus&nbsp; &nbsp;&nbsp;&nbsp;&nbsp;&nbsp;&nbsp;<\/td><\/tr><tr><td><\/td><td>Chelisoches<\/td><td>morio<\/td><td>ferrugineus&nbsp; &nbsp;&nbsp;&nbsp;&nbsp;&nbsp;&nbsp;<\/td><\/tr><tr><td><\/td><td>Euborellia<\/td><td>annulipes<\/td><td>ferrugineus&nbsp; &nbsp;&nbsp;&nbsp;&nbsp;&nbsp;&nbsp;<\/td><\/tr><tr><td><\/td><td>Platymeris<\/td><td>laevicollis<\/td><td>ferrugineus&nbsp; &nbsp;&nbsp;&nbsp;&nbsp;&nbsp;&nbsp;<\/td><\/tr><tr><td><\/td><td>Xylocorus<\/td><td>galactinus<\/td><td>ferrugineus&nbsp; &nbsp;&nbsp;&nbsp;&nbsp;&nbsp;&nbsp;<\/td><\/tr><tr><td><\/td><td>Xanthopygus<\/td><td>cognatus<\/td><td>palmarum<\/td><\/tr><tr><td><\/td><td>Sarcophaga<\/td><td>fuscicauda<\/td><td>ferrugineus&nbsp; &nbsp;&nbsp;&nbsp;&nbsp;&nbsp;&nbsp;<\/td><\/tr><tr><td><\/td><td>Billea<\/td><td>rhynchoporae<\/td><td>palmarum<\/td><\/tr><tr><td><\/td><td><\/td><td>maritima<\/td><td>ferrugineus&nbsp; &nbsp;&nbsp;&nbsp;&nbsp;&nbsp;&nbsp;<\/td><\/tr><tr><td><\/td><td><\/td><td>menezesi<\/td><td>palmarum<\/td><\/tr><tr><td><\/td><td>Megaselia<\/td><td>scalaris<\/td><td>ferrugineus&nbsp; &nbsp;&nbsp;&nbsp;&nbsp;&nbsp;&nbsp;<\/td><\/tr><tr><td><\/td><td>Scolia<\/td><td>erratica<\/td><td>ferrugineus&nbsp; &nbsp;&nbsp;&nbsp;&nbsp;&nbsp;&nbsp;<\/td><\/tr><tr><td><strong>Vert\u00e9br\u00e9s<\/strong><\/td><td>Centropus<\/td><td>sinensis<\/td><td><\/td><\/tr><tr><td><\/td><td>Dendrocitta<\/td><td>vagabundaparvula<\/td><td><\/td><\/tr><tr><td><\/td><td>Pica<\/td><td>pica<\/td><td><\/td><\/tr><tr><td><\/td><td>Apodemus<\/td><td>sylvaticus<\/td><td><\/td><\/tr><tr><td><\/td><td>Rattus<\/td><td>rattus<\/td><td><\/td><\/tr><\/tbody><\/table><\/figure>\n\n\n\n<p><strong>Tableau extrait de&nbsp;: MAZZA et alii 2014.&nbsp;<\/strong>An overview on the natural enemies of Rhynchophorus palm weevils, with focus on R. ferrugineus. <strong>Link<\/strong>&nbsp;:&nbsp;&nbsp;<a href=\"http:\/\/www.researchgate.net\/profile\/Giuseppe_Mazza\/publication\/263736846_An_Overview_on_the_Natural_Enemies_of_Rhynchophorus_Palm_Weevils_with_Focus_on_R._Ferrugineus\/links\/53f472ca0cf22be01c3ebafe.pdf\" target=\"_blank\" rel=\"noreferrer noopener\">http:\/\/www.researchgate.net\/<\/a><\/p>\n\n\n\n<p><strong>Retour au sommaire du dossier:<\/strong> <a href=\"http:\/\/www.listephoenix.com\/?page_id=7469\">menaces<\/a><\/p>\n","protected":false},"excerpt":{"rendered":"<p>CRP 2015-2024. Historique de la lutte int\u00e9gr\u00e9e (integrated pest management = IPM) contre les ravageurs des palmiers rhynchophorus ferrugineus &amp; paysandisia archon (french &amp; italian&#8230;<\/p>\n<div class=\"more-link-wrapper\"><a class=\"more-link\" href=\"http:\/\/www.listephoenix.com\/?page_id=11886\">Continue reading<span class=\"screen-reader-text\">4.Biocontrole<\/span><\/a><\/div>\n","protected":false},"author":2,"featured_media":0,"parent":7469,"menu_order":6,"comment_status":"closed","ping_status":"closed","template":"","meta":{"footnotes":""},"class_list":["post-11886","page","type-page","status-publish","hentry","entry"],"_links":{"self":[{"href":"http:\/\/www.listephoenix.com\/index.php?rest_route=\/wp\/v2\/pages\/11886","targetHints":{"allow":["GET"]}}],"collection":[{"href":"http:\/\/www.listephoenix.com\/index.php?rest_route=\/wp\/v2\/pages"}],"about":[{"href":"http:\/\/www.listephoenix.com\/index.php?rest_route=\/wp\/v2\/types\/page"}],"author":[{"embeddable":true,"href":"http:\/\/www.listephoenix.com\/index.php?rest_route=\/wp\/v2\/users\/2"}],"replies":[{"embeddable":true,"href":"http:\/\/www.listephoenix.com\/index.php?rest_route=%2Fwp%2Fv2%2Fcomments&post=11886"}],"version-history":[{"count":23,"href":"http:\/\/www.listephoenix.com\/index.php?rest_route=\/wp\/v2\/pages\/11886\/revisions"}],"predecessor-version":[{"id":13252,"href":"http:\/\/www.listephoenix.com\/index.php?rest_route=\/wp\/v2\/pages\/11886\/revisions\/13252"}],"up":[{"embeddable":true,"href":"http:\/\/www.listephoenix.com\/index.php?rest_route=\/wp\/v2\/pages\/7469"}],"wp:attachment":[{"href":"http:\/\/www.listephoenix.com\/index.php?rest_route=%2Fwp%2Fv2%2Fmedia&parent=11886"}],"curies":[{"name":"wp","href":"https:\/\/api.w.org\/{rel}","templated":true}]}}