{"id":2272,"date":"2012-01-04T12:51:24","date_gmt":"2012-01-04T11:51:24","guid":{"rendered":"http:\/\/www.art.listephoenix.com\/?page_id=117"},"modified":"2025-04-06T11:51:40","modified_gmt":"2025-04-06T10:51:40","slug":"genetic","status":"publish","type":"page","link":"http:\/\/www.listephoenix.com\/?page_id=2272","title":{"rendered":"4. Genetique"},"content":{"rendered":"\n<p><strong>Citer cet article&nbsp;: CRP 2012. Description et caract\u00e9risation des palmiers du genre Phoenix: caract\u00e9risation g\u00e9n\u00e9tique du genre Phoenix. <\/strong>R\u00e9dacteur Robert CASTELLANA.&nbsp;Statut: compte-rendu de recherches. Edition en ligne.<strong> <a href=\"http:\/\/www.listephoenix.com\/?page_id=2272\">Lien<\/a><\/strong><\/p>\n\n\n\n<ul class=\"wp-block-list\">\n<li><strong>SOMMAIRE DES CHAPITRES<\/strong><\/li>\n\n\n\n<li>Introduction<\/li>\n\n\n\n<li>Caract\u00e9risation<\/li>\n\n\n\n<li>Propagation<\/li>\n\n\n\n<li>Hybridation<\/li>\n<\/ul>\n\n\n\n<p><strong>INTRODUCTION<\/strong><\/p>\n\n\n<div style=\"text-align: justify;\"><img loading=\"lazy\" decoding=\"async\" class=\"alignnone size-full wp-image-6896\" title=\"\" src=\"http:\/\/www.listephoenix.com\/wp-content\/uploads\/2012\/01\/Phoenix-DB.jpg\" alt=\"Phoenix DB\" width=\"572\" height=\"375\" srcset=\"http:\/\/www.listephoenix.com\/wp-content\/uploads\/2012\/01\/Phoenix-DB.jpg 572w, http:\/\/www.listephoenix.com\/wp-content\/uploads\/2012\/01\/Phoenix-DB-150x98.jpg 150w, http:\/\/www.listephoenix.com\/wp-content\/uploads\/2012\/01\/Phoenix-DB-300x196.jpg 300w\" sizes=\"auto, (max-width: 572px) 100vw, 572px\" \/><\/div>\n<div style=\"text-align: justify;\"><span style=\"color: #008000;\"><span style=\"font-size: 12px;\"><span style=\"font-family: tahoma,geneva,sans-serif;\"><strong>INTRODUCTION. De par son anciennet\u00e9, et son importance dans les grands \u00e9cosyst\u00e8mes primaires, le palmier pr\u00e9sente une forte valeur \u00e9cologique. Il en va de m\u00eame d&rsquo;un point de vue \u00e9conomique et social: le palmier est en effet le pilier de l\u2019agriculture dans de nombreux pays, dont certains font partie des plus pauvres de la plan\u00e8te. <\/strong><\/span><\/span><strong><span style=\"font-size: 12px;\"><span style=\"font-family: tahoma,geneva,sans-serif;\">Les recherches men\u00e9es par l&rsquo;IRD (Institut de Recherche pour le D\u00e9veloppement, Montpellier, France), ont conduit \u00e0 l&rsquo;\u00e9laboration d&rsquo;une base de donn\u00e9es intitul\u00e9 Phoenix DB pour Phoenix Database dont voici une pr\u00e9sentation provisoire <\/span><\/span><span style=\"font-size: 12px;\"><span style=\"font-family: tahoma,geneva,sans-serif;\">: <\/span><\/span><\/strong><\/span><\/div>\n<div style=\"text-align: justify;\">\n<div><span style=\"font-size: 12px;\"><span style=\"font-family: tahoma,geneva,sans-serif;\">PHOENIX DB propose une solution int\u00e9gr\u00e9e pour le g\u00e9notypage du palmier dattier qui inclut trois composants majeurs. <\/span><\/span><\/div>\n<div><span style=\"font-size: 12px;\"><span style=\"font-family: tahoma,geneva,sans-serif;\">*Le premier est la cr\u00e9ation \u00ab\u00a0d&rsquo;une cl\u00e9 d&rsquo;identification\u00a0\u00bb bas\u00e9e sur un nouvel ensemble de marqueurs microsatellite, valid\u00e9 sur un grand \u00e9chantillonnage repr\u00e9sentant la diversit\u00e9 g\u00e9n\u00e9tique de l&rsquo;esp\u00e8ce. <\/span><\/span><\/div>\n<div><span style=\"font-size: 12px;\"><span style=\"font-family: tahoma,geneva,sans-serif;\">*Le deuxi\u00e8me est \u00ab\u00a0une biblioth\u00e8que de r\u00e9f\u00e9rence\u00a0\u00bb, consistant en donn\u00e9es de g\u00e9notypage provenant d&rsquo;une collection des 150 principaux cultivars de Ph\u00e9nix dactylifera. <\/span><\/span><\/div>\n<div><span style=\"font-size: 12px;\"><span style=\"font-family: tahoma,geneva,sans-serif;\">*Le troisi\u00e8me composant est \u00ab\u00a0PhoenixDB\u00a0\u00bb, un outil bioinformatique reposant sur une base de donn\u00e9es qui stocke la biblioth\u00e8que de r\u00e9f\u00e9rence et les informations compl\u00e9mentaires relatives aux g\u00e9notypes et aux locii de la cl\u00e9 d&rsquo;identification. <\/span><\/span><\/div>\n<div><span style=\"font-size: 12px;\"><span style=\"font-family: tahoma,geneva,sans-serif;\">Un programme d&rsquo;identification permet la comparaison automatique entre les informations de l&rsquo;utilisateur et la biblioth\u00e8que de r\u00e9f\u00e9rence. PhoenixDB est la premi\u00e8re base de donn\u00e9es publique qui centralise les donn\u00e9es de g\u00e9notypage de l&rsquo;esp\u00e8ce Phoenix dactylifera et qui soit facilement accessible par la communaut\u00e9 scientifique gr\u00e2ce \u00e0 son interface Web. Cet outil pourra se d\u00e9velopper et des informations suppl\u00e9mentaires seront ajout\u00e9es la biblioth\u00e8que de r\u00e9f\u00e9rence pour am\u00e9liorer la caract\u00e9risation et la conservation des ressources g\u00e9n\u00e9tiques du palmier dattier.<\/span><\/span><\/div>\n<\/div>\n<div style=\"text-align: justify;\">\n<div><span style=\"color: #008000;\"><span style=\"font-size: 12px;\"><span style=\"font-family: tahoma,geneva,sans-serif;\"><strong>Source\u00a0 <\/strong><\/span><\/span><\/span><span style=\"font-size: 12px;\"><span style=\"font-family: tahoma,geneva,sans-serif;\"><strong>CASTILLO <\/strong>Perez Karina, <strong>PINTAUD <\/strong>Jean-Christophe, <strong>TRANCHANT <\/strong>Christine, <strong>MOUGENOT <\/strong>Isabelle, <strong>ABERLENC-BERTOSSI<\/strong> Fr\u00e9d\u00e9rique <strong>2010<\/strong>. PHOENIX DB. <strong>A database for date palm identification based on SSR markers.<\/strong> <strong>Link<\/strong>\u00a0: <a href=\"http:\/\/www.listephoenix.com\/wp-content\/uploads\/2012\/01\/PHOENIXDB-2010.-a_data_base_for_palm_identification.pdf\" target=\"_blank\" rel=\"noopener\">\/www.listephoenix.com\/<\/a><\/span><\/span><\/div>\n<div>\u00a0<\/div>\n<\/div>\n<div style=\"text-align: justify;\"><span style=\"font-size: 12px;\"><span style=\"font-family: tahoma,geneva,sans-serif;\"><span style=\"font-size: 14px;\"><span style=\"color: #008000;\"><strong>BIBLIOGRAPHIE<\/strong><\/span><\/span><\/span><\/span><\/div>\n<div style=\"text-align: justify;\"><span style=\"font-size: 12px;\"><span style=\"font-family: tahoma,geneva,sans-serif;\"><strong>IRD 2012. <\/strong><span style=\"color: #ff0000;\">Un plateau bioinformatique sur le centre IRD de Montpellier<\/span>. In: Lettre d\u2019information de l\u2019UMR DIADE, Octobre 2012, n\u00b06, 8p.\u00a0<\/span><\/span><span style=\"font-size: 12px;\"><span style=\"font-family: tahoma,geneva,sans-serif;\">French &amp; English : <\/span><\/span><span style=\"font-size: 12px;\"><span style=\"font-family: tahoma,geneva,sans-serif;\"><a href=\"http:\/\/www.diade-research.fr\/pages\/newsletter-diade\/newsletters-diade.html\" target=\"_blank\" rel=\"noopener\">http:\/\/www.diade.ird.fr\/<\/a><\/span><\/span><\/div>","protected":false},"excerpt":{"rendered":"<p>Citer cet article&nbsp;: CRP 2012. Description et caract\u00e9risation des palmiers du genre Phoenix: caract\u00e9risation g\u00e9n\u00e9tique du genre Phoenix. R\u00e9dacteur Robert CASTELLANA.&nbsp;Statut: compte-rendu de recherches. Edition&#8230;<\/p>\n<div class=\"more-link-wrapper\"><a class=\"more-link\" href=\"http:\/\/www.listephoenix.com\/?page_id=2272\">Continue reading<span class=\"screen-reader-text\">4. Genetique<\/span><\/a><\/div>\n","protected":false},"author":2,"featured_media":0,"parent":2271,"menu_order":1,"comment_status":"closed","ping_status":"closed","template":"","meta":{"footnotes":""},"class_list":["post-2272","page","type-page","status-publish","hentry","entry"],"_links":{"self":[{"href":"http:\/\/www.listephoenix.com\/index.php?rest_route=\/wp\/v2\/pages\/2272","targetHints":{"allow":["GET"]}}],"collection":[{"href":"http:\/\/www.listephoenix.com\/index.php?rest_route=\/wp\/v2\/pages"}],"about":[{"href":"http:\/\/www.listephoenix.com\/index.php?rest_route=\/wp\/v2\/types\/page"}],"author":[{"embeddable":true,"href":"http:\/\/www.listephoenix.com\/index.php?rest_route=\/wp\/v2\/users\/2"}],"replies":[{"embeddable":true,"href":"http:\/\/www.listephoenix.com\/index.php?rest_route=%2Fwp%2Fv2%2Fcomments&post=2272"}],"version-history":[{"count":51,"href":"http:\/\/www.listephoenix.com\/index.php?rest_route=\/wp\/v2\/pages\/2272\/revisions"}],"predecessor-version":[{"id":13140,"href":"http:\/\/www.listephoenix.com\/index.php?rest_route=\/wp\/v2\/pages\/2272\/revisions\/13140"}],"up":[{"embeddable":true,"href":"http:\/\/www.listephoenix.com\/index.php?rest_route=\/wp\/v2\/pages\/2271"}],"wp:attachment":[{"href":"http:\/\/www.listephoenix.com\/index.php?rest_route=%2Fwp%2Fv2%2Fmedia&parent=2272"}],"curies":[{"name":"wp","href":"https:\/\/api.w.org\/{rel}","templated":true}]}}