{"id":2283,"date":"2012-01-07T12:50:42","date_gmt":"2012-01-07T11:50:42","guid":{"rendered":"http:\/\/www.art.listephoenix.com\/?page_id=368"},"modified":"2023-12-25T19:39:38","modified_gmt":"2023-12-25T18:39:38","slug":"ressources","status":"publish","type":"page","link":"http:\/\/www.listephoenix.com\/?page_id=2283","title":{"rendered":"About us"},"content":{"rendered":"<div style=\"text-align: justify;\">\n<div>\n<div><span style=\"font-family: tahoma,geneva,sans-serif;\"><span style=\"font-size: 12px;\"><a title=\"\" href=\"http:\/\/www.listephoenix.com\/wp-content\/uploads\/2012\/01\/carte-diffusion-phoenix-M.-Gros-Balthazard.jpg\" target=\"_blank\" rel=\"noopener noreferrer\"><img loading=\"lazy\" decoding=\"async\" class=\"size-full wp-image-7782 alignnone\" title=\"\" src=\"http:\/\/www.listephoenix.com\/wp-content\/uploads\/2012\/01\/carte-diffusion-phoenix-M.-Gros-Balthazard.jpg\" sizes=\"auto, (max-width: 1360px) 100vw, 1360px\" srcset=\"http:\/\/www.listephoenix.com\/wp-content\/uploads\/2012\/01\/carte-diffusion-phoenix-M.-Gros-Balthazard.jpg 1360w, http:\/\/www.listephoenix.com\/wp-content\/uploads\/2012\/01\/carte-diffusion-phoenix-M.-Gros-Balthazard-150x93.jpg 150w, http:\/\/www.listephoenix.com\/wp-content\/uploads\/2012\/01\/carte-diffusion-phoenix-M.-Gros-Balthazard-300x185.jpg 300w, http:\/\/www.listephoenix.com\/wp-content\/uploads\/2012\/01\/carte-diffusion-phoenix-M.-Gros-Balthazard-1024x632.jpg 1024w\" alt=\"carte diffusion phoenix M. Gros-Balthazard\" width=\"952\" height=\"588\" \/><\/a><\/span><\/span><\/div>\n<div>\n<div style=\"text-align: right;\"><span style=\"font-family: tahoma,geneva,sans-serif;\"><span style=\"color: #000000;\"><span style=\"font-size: 11px;\">Aire de distribution du genre Phoenix<\/span><\/span><\/span><\/div>\n<div style=\"text-align: justify;\">\n<div><span style=\"font-family: tahoma,geneva,sans-serif;\"><span style=\"font-size: 12px;\"><strong>Les recherches men\u00e9es dans le cadre du Centre de Recherche pour le Patrimoine (CRP) rel\u00e8vent, avec le Projet Phoenix, d\u2019une \u00e9cologie pluridisciplinaire et int\u00e9grative en direction de partenariats nord\/sud pour le d\u00e9veloppement.<\/strong> Elles associent dans cette perspective diverses disciplines des sciences de la nature et de la soci\u00e9t\u00e9, autour des th\u00e8mes de la domestication des plantes et de l\u2019anthropisation de l\u2019environnement. Les palmiers, et plus particuli\u00e8rement le palmier-dattier occupent une place centrale dans cette approche, du fait de leur caract\u00e8re embl\u00e9matique dans l\u2019histoire des civilisations, du n\u00e9olithique \u00e0 nos jours. Faisant partie des premi\u00e8res plantes domestiqu\u00e9es par les populations de chasseurs-cueilleurs, le palmier dattier a en effet permis de cr\u00e9er un environnement totalement anthropis\u00e9, celui de l\u2019oasis. De leur fonction d\u2019\u00e9tapes sur les routes caravani\u00e8res, les oasis et leurs palmiers ont conserv\u00e9 ce r\u00f4le de lien interculturel au fil des si\u00e8cles. Les oasis repr\u00e9sentent aussi des agrosyst\u00e8mes fragiles, qui abritent des populations tr\u00e8s pauvres vivant de leurs seules ressources. Elles sont actuellement menac\u00e9es de dispara\u00eetre sous l\u2019impact de la mondialisation, alors qu\u2019elles pourraient repr\u00e9senter une alternative aux processus de d\u00e9sertification dus au r\u00e9chauffement climatique.<\/span><\/span><\/div>\n<div>***<\/div>\n<\/div>\n<div style=\"text-align: justify;\"><span style=\"font-family: tahoma,geneva,sans-serif;\"><strong><img loading=\"lazy\" decoding=\"async\" class=\"alignleft size-medium wp-image-8223\" title=\"\" src=\"http:\/\/www.listephoenix.com\/wp-content\/uploads\/2015\/09\/Logo-Phoenix-300x294.jpg\" sizes=\"auto, (max-width: 180px) 100vw, 180px\" srcset=\"http:\/\/www.listephoenix.com\/wp-content\/uploads\/2015\/09\/Logo-Phoenix-300x294.jpg 300w, http:\/\/www.listephoenix.com\/wp-content\/uploads\/2015\/09\/Logo-Phoenix-150x147.jpg 150w, http:\/\/www.listephoenix.com\/wp-content\/uploads\/2015\/09\/Logo-Phoenix.jpg 640w\" alt=\"Logo Phoenix\" width=\"144\" height=\"141\" \/><span style=\"font-size: 12px;\"><span style=\"color: #000000;\">Le Projet Phoenix<\/span><\/span><\/strong><\/span><\/div>\n<div style=\"text-align: justify;\"><span style=\"font-family: tahoma,geneva,sans-serif;\"><span style=\"font-size: 12px;\"><strong>Nos recherches sont aussi ancr\u00e9es dans la r\u00e9alit\u00e9 d&rsquo;un territoire. Il s&rsquo;agit des r\u00e9gions voisines de la palmeraie de Bordighera, la plus septentrionale des palmeraies de dattiers.<\/strong> Situ\u00e9 sur le littoral italien de la M\u00e9diterran\u00e9e, ce foyer historique d&rsquo;acclimatation a largement contribu\u00e9, par l\u2019exotisme de sa v\u00e9g\u00e9tation, \u00e0 la c\u00e9l\u00e9brit\u00e9 internationale de la C\u00f4te d&rsquo;Azur. Il a aussi \u00e9t\u00e9 un lieu important pour les communaut\u00e9s juives europ\u00e9ennes, auxquelles \u00e9taient destin\u00e9es une grande partie de ses productions. C\u2019est ici qu\u2019a vu le jour, en 2007, le Projet Phoenix \u00e0 l\u2019initiative de Jean-Christophe Pintaud (\u20202015) et du Centre de Recherche sur le Patrimoine (CRP). L\u2019id\u00e9e originelle \u00e9tait d\u2019attirer l\u2019attention des chercheurs europ\u00e9ens sur les potentialit\u00e9s des collections de palmiers de la r\u00e9gion, notamment en termes de proximit\u00e9 et de diversit\u00e9. Le programme \u00e9labor\u00e9 dans ce sens s\u2019est r\u00e9v\u00e9l\u00e9 particuli\u00e8rement productif, d\u00e9bouchant dans les ann\u00e9es suivantes sur de nombreux travaux universitaires. \u00a0Les techniques et les probl\u00e9matiques exp\u00e9riment\u00e9es ici ont \u00e9t\u00e9 par la suite d\u00e9velopp\u00e9es dans des contextes plus larges, notamment dans les pays du sud. Elles ont ouvert la voie \u00e0 de nouvelles approches des interactions entre les soci\u00e9t\u00e9s humaines et la biodiversit\u00e9, qui d\u00e9bordent du seul cadre des palmiers. Le Projet Phoenix s&rsquo;est ensuite poursuivi \u00e0 Bordighera dans le cadre d&rsquo;un Jardin Exp\u00e9rimental. Dernier jardin traditionnel de la palmeraie historique (il remonte \u00e0 la fin du moyen-\u00e2ge), ce jardin a fait l&rsquo;objet d&rsquo;une entreprise de conservation et de reconversion en direction de la biodiversit\u00e9 de l&rsquo;ensemble du vallon littoral qui l&rsquo;abrite.<\/span><\/span><span style=\"font-family: tahoma,geneva,sans-serif;\"><span style=\"font-size: 12px;\"> L\u2019expertise scientifique du site a \u00e9t\u00e9 assur\u00e9e par un chercheur de l\u2019IRD (Institut de Recherche pour le D\u00e9veloppement), Jean-Christophe Pintaud (\u20202015), en ce qui concerne la partie biologique et botanique. La r\u00e9daction du site et les recherches anthropologiques sont coordonn\u00e9es par Robert Castellana (Centre de Recherche sur le Patrimoine). <\/span><\/span><\/div>\n<div>***<\/div>\n<\/div>\n<\/div>\n<\/div>\n<div style=\"text-align: justify;\">\n<div style=\"text-align: justify;\">\n<div>\n<div>\n<div><span style=\"font-family: tahoma,geneva,sans-serif;\"><span style=\"font-size: 12px;\"><span style=\"color: #0000ff;\"><img decoding=\"async\" style=\"width: 59px; height: 59px;\" title=\"PINTAUD Jean Christophe\" src=\"http:\/\/www.listephoenix.com\/wp-content\/uploads\/2012\/01\/PINTAUD-Jean-Christophe-150x150.jpg\" alt=\"\" \/><\/span><strong> <a title=\"En savoir plus\" href=\"http:\/\/scholar.google.com\/citations?user=lzCZnWIAAAAJ&amp;hl=fr&amp;cstart=-80&amp;pagesize=100\" target=\"_blank\" rel=\"noopener noreferrer\"><span style=\"color: #0000ff;\">Jean-Christophe PINTAUD<\/span><\/a> <\/strong><\/span><\/span><\/div>\n<div><span style=\"font-family: tahoma,geneva,sans-serif;\"><span style=\"font-size: 12px;\"><strong><span style=\"color: #0000ff;\"><img decoding=\"async\" style=\"width: 59px; height: 59px;\" title=\"CASTELLANA robert\" src=\"http:\/\/www.listephoenix.com\/wp-content\/uploads\/2012\/01\/CASTELLANA-robert-150x150.jpeg\" alt=\"\" \/> <\/span><a title=\"En savoir plus\" href=\"http:\/\/bioarchive.listephoenix.com\/bio-archive\/\" target=\"_blank\" rel=\"noopener noreferrer\"><span style=\"color: #0000ff;\">Robert CASTELLANA<\/span><\/a><\/strong><\/span><\/span><\/div>\n<div><span style=\"font-family: tahoma,geneva,sans-serif;\"><a href=\"http:\/\/passions.vegetales@laposte.net\"><span style=\"color: #0000ff;\"><span style=\"font-size: 12px;\">robert.castellana@laposte.net<\/span><\/span><\/a><\/span><\/div>\n<div>***<\/div>\n<div>\n<div style=\"text-align: justify;\"><span style=\"color: #000000;\"><span style=\"font-family: tahoma,geneva,sans-serif;\"><span style=\"font-size: 12px;\"><strong>Notre politique \u00e9ditoriale<\/strong><\/span><\/span><\/span><\/div>\n<div style=\"text-align: justify;\"><span style=\"color: #000000;\"><span style=\"font-family: tahoma,geneva,sans-serif;\"><span style=\"font-size: 12px;\">Le Projet Phoenix repose sur une approche int\u00e9grative des patrimoines naturels et culturels associ\u00e9s au genre Phoenix L. (Arecaceae). Cette approche s&rsquo;organise autour de 3 axes: <\/span><\/span><\/span><\/div>\n<div style=\"text-align: justify;\"><span style=\"color: #000000;\"><span style=\"font-family: tahoma,geneva,sans-serif;\"><span style=\"font-size: 12px;\">*le d\u00e9veloppement et la diffusion de m\u00e9thodes et de techniques destin\u00e9es \u00e0 am\u00e9liorer la ph\u0153niciculture, <\/span><\/span><\/span><\/div>\n<div style=\"text-align: justify;\"><span style=\"color: #000000;\"><span style=\"font-family: tahoma,geneva,sans-serif;\"><span style=\"font-size: 12px;\">*la conservation des palmeraies naturelles ou spontan\u00e9es dans les zones m\u00e9diterran\u00e9ennes et subtropicales arides, <\/span><\/span><\/span><\/div>\n<div style=\"text-align: justify;\"><span style=\"color: #000000;\"><span style=\"font-family: tahoma,geneva,sans-serif;\"><span style=\"font-size: 12px;\">*l&rsquo;\u00e9change et la diffusion des savoirs et des initiatives avec un acc\u00e8s th\u00e9matique aux nombreuses ressources documentaires qu\u2019offre le web. <\/span><\/span><\/span><\/div>\n<div style=\"text-align: justify;\"><span style=\"color: #000000;\"><span style=\"font-family: tahoma,geneva,sans-serif;\"><span style=\"font-size: 12px;\"><strong>1. Mise en ligne de bibliographies<\/strong><\/span> <\/span><\/span><\/div>\n<div style=\"text-align: justify;\"><span style=\"color: #000000;\"><span style=\"font-family: tahoma,geneva,sans-serif;\"><span style=\"font-size: 12px;\">Les pages du site offrent g\u00e9n\u00e9ralement un onglet BIBLIOGRAPHIE, qui donne acc\u00e8s \u00e0 une s\u00e9lection d\u2019articles directement consultables en ligne, \u00e0 propos du sujet dont elles traitent.<\/span> <\/span><\/span><\/div>\n<div style=\"text-align: justify;\"><span style=\"color: #000000;\"><span style=\"font-family: tahoma,geneva,sans-serif;\"><span style=\"font-size: 12px;\"><strong>2. Mise en ligne de documents iconographiques<\/strong><\/span><\/span><\/span><\/div>\n<div style=\"text-align: justify;\"><span style=\"color: #000000;\"><span style=\"font-family: tahoma,geneva,sans-serif;\"><span style=\"font-size: 12px;\">Lorsque les sujets trait\u00e9s font l\u2019objet d\u2019une importante iconographie, des onglets TABLES ou GALERIE permettent de m\u00eame d\u2019acc\u00e9der directement et s\u00e9lectivement \u00e0 des ressources web.<\/span> <\/span><\/span><\/div>\n<div style=\"text-align: justify;\"><span style=\"color: #000000;\"><span style=\"font-family: tahoma,geneva,sans-serif;\"><span style=\"font-size: 12px;\"><strong>3. Recension de sites webs d\u2019int\u00e9r\u00eat<\/strong> <\/span><\/span><\/span><\/div>\n<div style=\"text-align: justify;\"><span style=\"font-family: tahoma,geneva,sans-serif;\"><span style=\"font-size: 12px;\"><span style=\"color: #000000;\">La traditionnelle rubrique LINKS se trouve sur la page &lsquo;<\/span><a href=\"http:\/\/www.listephoenix.com\/?page_id=6476\"><span style=\"color: #000000;\">About us: R\u00e9seaux<\/span><\/a><span style=\"color: #000000;\">&lsquo;. D&rsquo;autres liens vers des sites d\u2019int\u00e9r\u00eat sont aussi r\u00e9partis sur les diverses pages th\u00e9matiques.<\/span><\/span> <\/span><\/div>\n<div style=\"text-align: justify;\"><span style=\"color: #000000;\"><span style=\"font-family: tahoma,geneva,sans-serif;\"><span style=\"font-size: 12px;\"><strong>4. Edition en ligne d&rsquo;articles originaux<\/strong> <\/span><\/span><\/span><\/div>\n<div style=\"text-align: justify;\"><span style=\"color: #000000;\"><span style=\"font-family: tahoma,geneva,sans-serif;\"><span style=\"font-size: 12px;\">Le site s&rsquo;efforce aussi d\u00e9velopper une politique \u00e9ditoriale, avec la mise en ligne d\u2019articles originaux. La ligne \u00e9ditoriale en cours d\u2019\u00e9laboration concerne pour le moment des publications relatives aux palmiers, au monde oasien, \u00e0 l&rsquo;\u00e9cologie et aux paysages. Toute proposition de r\u00e9f\u00e9rencement et\/ou demande de publication sont bienvenues.\u00a0 <\/span><\/span><\/span><\/div>\n<div style=\"text-align: justify;\"><span style=\"color: #000000;\"><span style=\"font-family: tahoma,geneva,sans-serif;\"><span style=\"font-size: 12px;\"><strong>Les liens pr\u00e9sents sur le site peuvent avoir chang\u00e9. Merci de nous faire part de tout dysfonctionnement afin de nous aider \u00e0 actualiser notre documentation.<\/strong><\/span><\/span><\/span><\/div>\n<\/div>\n<\/div>\n<\/div>\n<\/div>\n<\/div>\n","protected":false},"excerpt":{"rendered":"<p>Aire de distribution du genre Phoenix Les recherches men\u00e9es dans le cadre du Centre de Recherche pour le Patrimoine (CRP) rel\u00e8vent, avec le Projet Phoenix,&#8230;<\/p>\n<div class=\"more-link-wrapper\"><a class=\"more-link\" href=\"http:\/\/www.listephoenix.com\/?page_id=2283\">Continue reading<span class=\"screen-reader-text\">About us<\/span><\/a><\/div>\n","protected":false},"author":2,"featured_media":0,"parent":5087,"menu_order":0,"comment_status":"closed","ping_status":"closed","template":"","meta":{"footnotes":""},"class_list":["post-2283","page","type-page","status-publish","hentry","entry"],"_links":{"self":[{"href":"http:\/\/www.listephoenix.com\/index.php?rest_route=\/wp\/v2\/pages\/2283","targetHints":{"allow":["GET"]}}],"collection":[{"href":"http:\/\/www.listephoenix.com\/index.php?rest_route=\/wp\/v2\/pages"}],"about":[{"href":"http:\/\/www.listephoenix.com\/index.php?rest_route=\/wp\/v2\/types\/page"}],"author":[{"embeddable":true,"href":"http:\/\/www.listephoenix.com\/index.php?rest_route=\/wp\/v2\/users\/2"}],"replies":[{"embeddable":true,"href":"http:\/\/www.listephoenix.com\/index.php?rest_route=%2Fwp%2Fv2%2Fcomments&post=2283"}],"version-history":[{"count":124,"href":"http:\/\/www.listephoenix.com\/index.php?rest_route=\/wp\/v2\/pages\/2283\/revisions"}],"predecessor-version":[{"id":11633,"href":"http:\/\/www.listephoenix.com\/index.php?rest_route=\/wp\/v2\/pages\/2283\/revisions\/11633"}],"up":[{"embeddable":true,"href":"http:\/\/www.listephoenix.com\/index.php?rest_route=\/wp\/v2\/pages\/5087"}],"wp:attachment":[{"href":"http:\/\/www.listephoenix.com\/index.php?rest_route=%2Fwp%2Fv2%2Fmedia&parent=2283"}],"curies":[{"name":"wp","href":"https:\/\/api.w.org\/{rel}","templated":true}]}}