{"id":2290,"date":"2012-01-09T18:53:32","date_gmt":"2012-01-09T17:53:32","guid":{"rendered":"http:\/\/www.art.listephoenix.com\/?page_id=524"},"modified":"2025-04-04T12:05:53","modified_gmt":"2025-04-04T11:05:53","slug":"sardegna","status":"publish","type":"page","link":"http:\/\/www.listephoenix.com\/?page_id=2290","title":{"rendered":"7.Sardaigne"},"content":{"rendered":"\n<p><strong>Citer cet article: <\/strong>CASTELLANA Robert 2014. Dies Palmarum. La tradition religieuse des palmes tress\u00e9es dans le monde m\u00e9diterran\u00e9en. Chapitre 7: Sardaigne. CRP ed. Publication en ligne.\u00a0<strong><a href=\"http:\/\/www.listephoenix.com\/?page_id=10256\">Lien<\/a>\u00a0<\/strong><\/p>\n\n\n\n<figure class=\"wp-block-image size-full\"><img decoding=\"async\" src=\"http:\/\/www.listephoenix.com\/wp-content\/uploads\/2011\/05\/WEB-palmsundaySARDEGNAiconofr.jpg\" alt=\"\" class=\"wp-image-1254\"\/><\/figure>\n\n\n\n<p>Illustration: interpr\u00e9tation d&rsquo;un grand palme tress\u00e9 par Maria Nevina DORE.<\/p>\n\n\n\n<p><strong>La Sardaigne conserve l\u2019une des plus riches traditions de palmes tress\u00e9es du monde m\u00e9diterran\u00e9en. Elle remonte au moins au XII\u00b0 si\u00e8cle, comme l&rsquo;atteste le maintien sur cette \u2019\u00eele italienne d&rsquo;un artisanat de tressage \u00e0 caract\u00e8re profane usant de la feuille du palmier autochtone, le palmier nain Chamaerops humilis. Les palmes tress\u00e9es de la Semaine Sainte sarde sont fortement impr\u00e9gn\u00e9es de cette dimension artisanale, dont attestent les oratoires, les crucifix, les rosaires, les ostensoirs ou encore les crosses d&rsquo;\u00e9v\u00eaques, entre autres multiples objets r\u00e9alis\u00e9s \u00e0 cette occasion. Cet artisanat du tressage rel\u00e8ve des monast\u00e8res qui en firent l\u2019objet d\u2019une forme de cat\u00e9chisme populaire \u00e0 une \u00e9poque o\u00f9 les livres \u00e9taient peu r\u00e9pandus sur l\u2019\u00eele. <\/strong><\/p>\n\n\n\n<p><strong>En savoir plus :<\/strong> DORE M.N. 2011. La tradition du tressage des palmes en Sardaigne. Issued by The Phoenix Project, CRP ed., 6p. <strong><a href=\"http:\/\/www.listephoenix.com\/wp-content\/uploads\/2011\/12\/DORE-2001-sardegna-fr.pdf\" target=\"_blank\" rel=\"noreferrer noopener\">Link<\/a><\/strong><\/p>\n\n\n\n<p><strong>LIGATURE ET TRESSAGE.<\/strong> Comme dans d\u2019autres r\u00e9gions m\u00e9diterran\u00e9ennes de production de palmes rituelles, le palmier faisait ici l\u2019objet d\u2019une ligature. Elle se d\u00e9roulait traditionnellement \u00e0 l\u2019occasion de la Saint-Jean, le 24 juin. Une fois li\u00e9, le bouquet central \u00e9tait entour\u00e9 d\u2019une protection en toile de jute. Lors de la r\u00e9colte, les palmes \u00e9taient enterr\u00e9es sous une couverture d\u2019herbe, nomm\u00e9e <em>pudina<\/em>, en attendant leur tressage. Les palmes \u00e9taient tress\u00e9es traditionnellement par les confr\u00e9ries. La taille de la palme d\u00e9pendait du statut de celui qui la recevait, les plus grandes \u00e9tant destin\u00e9es \u00e0 l\u2019\u00e9v\u00eaque et aux c\u00e9l\u00e9brants de l\u2019office. Elles \u00e9taient aussi les plus richement d\u00e9cor\u00e9es. La palme tress\u00e9e sarde est d\u00e9cor\u00e9e de diverses mani\u00e8res, par l\u2019incorporation de divers \u00e9l\u00e9ments (par exemple des fleurs ou des images) ou par l\u2019emploi de dorure ou d\u2019argenture. La principale originalit\u00e9 de la tradition sarde r\u00e9side dans le sens qui est donn\u00e9 aux motifs tress\u00e9s, aux couleurs et aux objets qui composent les grandes palmes. Ces significations s&rsquo;organisent autour de th\u00e8mes emprunt\u00e9s \u00e0 la Bible et aux \u00e9vangiles, mais aussi aux croyances et aux superstitions li\u00e9es au mauvais \u0153il ou \u00e0 la protection contre les intemp\u00e9ries.<\/p>\n\n\n\n<p><strong>TYPOLOGIE<\/strong>. Les symboles et les images les plus fr\u00e9quentes sont: * le poisson (symbole de J\u00e9sus, le Sauveur de l&rsquo;humanit\u00e9); * la Croix, symbole du sacrifice et de la force; * la pigne, symbole d&rsquo;abondance (la gr\u00e2ce). Il symbolise la tunique de J\u00e9sus que les soldats ont tir\u00e9 au sort au pied de la croix; * la noix, qui figure le Dieu unique. -3 noix symbolisent la Sainte Trinit\u00e9. -7 noix, les 7 p\u00e9ch\u00e9s capitaux. -8 noix, un symbole de la r\u00e9surrection; * les \u00e9toiles, symbole de la majest\u00e9 du Cr\u00e9ateur; * l&rsquo;anneau, un symbole de l&rsquo;unit\u00e9; * le c\u0153ur, symbole de l&rsquo;amour; * les cloches, un symbole de la P\u00e2que et de la r\u00e9surrection; * le serpent, symbole du p\u00e9ch\u00e9; * les filaments (ou crin), un symbole de la pluie bienfaisante; * les filaments associ\u00e9s \u00e0 la boule de cire, symbole de la pluie mal\u00e9fique (temp\u00eates, inondations); * le clou, un symbole de la crucifixion; * le lys, symbole de la virginit\u00e9; * la mitre, un symbole de l&rsquo;autorit\u00e9 de l\u2019Eglise; * le marteau, symbole du marteau utilis\u00e9 pour la crucifixion; * la croix et les bandelettes, des symboles de la souffrance du Christ; * l&rsquo;\u00e9chelle, qui repr\u00e9sente celle utilis\u00e9e pour la d\u00e9position du Christ, et aussi un symbole de son ascension c\u00e9leste; * la lance et l&rsquo;\u00e9ponge, qui sont des instruments de la Passion du Christ * le nuraghe (une pi\u00e8ce de monnaie), une amulette qui prot\u00e8ge du mal; * su passiu (la grand palme de l&rsquo;officiant), qui raconte la passion du Christ; * les fleurs qui symbolisent la joie de vivre; * l&rsquo;\u00e9pi, un symbole du pain, celui de l&rsquo;Eucharistie; * le raisin, symbole du vin (qui avec le pain rappelle la derni\u00e8re C\u00e8ne).<\/p>\n\n\n\n<figure class=\"wp-block-image size-full\"><img decoding=\"async\" src=\"http:\/\/www.listephoenix.com\/wp-content\/uploads\/2011\/05\/PalmsundaySARDEGNAtipologie.jpg\" alt=\"\" class=\"wp-image-1263\"\/><\/figure>\n\n\n\n<p><strong>TECHNOLOGIE<\/strong>. Les techniques employ\u00e9es sont nombreuses, des plus simples (tressage nou\u00e9, rayonnant ou enroul\u00e9, \u00e0 trame diagonale ou perpendiculaire, encastr\u00e9), aux plus complexes utilis\u00e9es pour les \u0153uvres artistiques (tubulaire, radial bi-frontal, en cornet, en demi-feuille, en tresse, en grappe, enroul\u00e9 en spirale ou en triangle, pli\u00e9).<\/p>\n\n\n\n<p><strong>BIBLIOGRAPHIE<\/strong><\/p>\n\n\n\n<p><strong>DORE Maria Nevina, ORRU Don Ignazio, 2000. La tradizione delle palme nella Provincia di Oristano,<\/strong> monografia sarda amministr, Provinciale Oristano. <strong>Link<\/strong>: <a href=\"https:\/\/www.museooristano.it\/view\/s\/42a4ebccbc1645589ecc1e312e2a7f69\" target=\"_blank\" rel=\"noreferrer noopener\">museooristano<\/a><\/p>\n\n\n\n<p><a href=\"http:\/\/www.listephoenix.com\/?page_id=531\"><strong>Lire la suite<\/strong><\/a>: la palmeraie espagnole d&rsquo;Elche<\/p>\n\n\n\n<p><strong>FILMOGRAPHIE<\/strong><\/p>\n\n\n\n<figure class=\"wp-block-embed is-type-video is-provider-youtube wp-block-embed-youtube wp-embed-aspect-16-9 wp-has-aspect-ratio\"><div class=\"wp-block-embed__wrapper\">\n<iframe loading=\"lazy\" title=\"Tecniche dell&#039;intreccio delle palme pasquali #sardegna #2023 #mandrolisai #sorgono\" width=\"500\" height=\"281\" src=\"https:\/\/www.youtube.com\/embed\/rvsFikoGK-Y?feature=oembed\" frameborder=\"0\" allow=\"accelerometer; autoplay; clipboard-write; encrypted-media; gyroscope; picture-in-picture; web-share\" referrerpolicy=\"strict-origin-when-cross-origin\" allowfullscreen><\/iframe>\n<\/div><\/figure>\n\n\n\n<figure class=\"wp-block-embed is-type-video is-provider-youtube wp-block-embed-youtube wp-embed-aspect-16-9 wp-has-aspect-ratio\"><div class=\"wp-block-embed__wrapper\">\n<iframe loading=\"lazy\" title=\"SA PRAMMA PINTADA 2016\" width=\"500\" height=\"281\" src=\"https:\/\/www.youtube.com\/embed\/ywnHfa8bnT4?feature=oembed\" frameborder=\"0\" allow=\"accelerometer; autoplay; clipboard-write; encrypted-media; gyroscope; picture-in-picture; web-share\" referrerpolicy=\"strict-origin-when-cross-origin\" allowfullscreen><\/iframe>\n<\/div><\/figure>\n\n\n\n<p><strong>GALERIE: la tradition des palmes \u00e0 Oristano<\/strong> <\/p>\n\n\n\n<figure class=\"wp-block-image size-large\"><img loading=\"lazy\" decoding=\"async\" width=\"726\" height=\"1024\" src=\"http:\/\/www.listephoenix.com\/wp-content\/uploads\/2020\/08\/Rameaux-Sardaigne-Oristano-8-726x1024.jpg\" alt=\"\" class=\"wp-image-10689\" srcset=\"http:\/\/www.listephoenix.com\/wp-content\/uploads\/2020\/08\/Rameaux-Sardaigne-Oristano-8-726x1024.jpg 726w, http:\/\/www.listephoenix.com\/wp-content\/uploads\/2020\/08\/Rameaux-Sardaigne-Oristano-8-106x150.jpg 106w, http:\/\/www.listephoenix.com\/wp-content\/uploads\/2020\/08\/Rameaux-Sardaigne-Oristano-8-213x300.jpg 213w, http:\/\/www.listephoenix.com\/wp-content\/uploads\/2020\/08\/Rameaux-Sardaigne-Oristano-8.jpg 766w\" sizes=\"auto, (max-width: 726px) 100vw, 726px\" \/><\/figure>\n\n\n\n<figure class=\"wp-block-image size-large\"><img loading=\"lazy\" decoding=\"async\" width=\"673\" height=\"1024\" src=\"http:\/\/www.listephoenix.com\/wp-content\/uploads\/2020\/08\/Rameaux-Sardaigne-Oristano-9-673x1024.jpg\" alt=\"\" class=\"wp-image-10690\" srcset=\"http:\/\/www.listephoenix.com\/wp-content\/uploads\/2020\/08\/Rameaux-Sardaigne-Oristano-9.jpg 673w, http:\/\/www.listephoenix.com\/wp-content\/uploads\/2020\/08\/Rameaux-Sardaigne-Oristano-9-99x150.jpg 99w, http:\/\/www.listephoenix.com\/wp-content\/uploads\/2020\/08\/Rameaux-Sardaigne-Oristano-9-197x300.jpg 197w\" sizes=\"auto, (max-width: 673px) 100vw, 673px\" \/><\/figure>\n\n\n\n<figure class=\"wp-block-image size-large\"><img loading=\"lazy\" decoding=\"async\" width=\"1024\" height=\"682\" src=\"http:\/\/www.listephoenix.com\/wp-content\/uploads\/2020\/08\/Rameaux-Sardaigne-Oristano-10-1024x682.jpg\" alt=\"\" class=\"wp-image-10691\" srcset=\"http:\/\/www.listephoenix.com\/wp-content\/uploads\/2020\/08\/Rameaux-Sardaigne-Oristano-10-1024x682.jpg 1024w, http:\/\/www.listephoenix.com\/wp-content\/uploads\/2020\/08\/Rameaux-Sardaigne-Oristano-10-150x100.jpg 150w, http:\/\/www.listephoenix.com\/wp-content\/uploads\/2020\/08\/Rameaux-Sardaigne-Oristano-10-300x200.jpg 300w, http:\/\/www.listephoenix.com\/wp-content\/uploads\/2020\/08\/Rameaux-Sardaigne-Oristano-10-768x512.jpg 768w, http:\/\/www.listephoenix.com\/wp-content\/uploads\/2020\/08\/Rameaux-Sardaigne-Oristano-10.jpg 1621w\" sizes=\"auto, (max-width: 1024px) 100vw, 1024px\" \/><\/figure>\n\n\n\n<figure class=\"wp-block-image size-large\"><img loading=\"lazy\" decoding=\"async\" width=\"1024\" height=\"769\" src=\"http:\/\/www.listephoenix.com\/wp-content\/uploads\/2020\/08\/Rameaux-Sardaigne-Oristano-11-1024x769.jpg\" alt=\"\" class=\"wp-image-10692\" srcset=\"http:\/\/www.listephoenix.com\/wp-content\/uploads\/2020\/08\/Rameaux-Sardaigne-Oristano-11-1024x769.jpg 1024w, http:\/\/www.listephoenix.com\/wp-content\/uploads\/2020\/08\/Rameaux-Sardaigne-Oristano-11-150x113.jpg 150w, http:\/\/www.listephoenix.com\/wp-content\/uploads\/2020\/08\/Rameaux-Sardaigne-Oristano-11-300x225.jpg 300w, http:\/\/www.listephoenix.com\/wp-content\/uploads\/2020\/08\/Rameaux-Sardaigne-Oristano-11-768x576.jpg 768w, http:\/\/www.listephoenix.com\/wp-content\/uploads\/2020\/08\/Rameaux-Sardaigne-Oristano-11.jpg 1439w\" sizes=\"auto, (max-width: 1024px) 100vw, 1024px\" \/><\/figure>\n\n\n\n<figure class=\"wp-block-image size-large\"><img loading=\"lazy\" decoding=\"async\" width=\"878\" height=\"1024\" src=\"http:\/\/www.listephoenix.com\/wp-content\/uploads\/2020\/08\/Rameaux-Sardaigne-Oristano-1-878x1024.jpg\" alt=\"\" class=\"wp-image-10693\" srcset=\"http:\/\/www.listephoenix.com\/wp-content\/uploads\/2020\/08\/Rameaux-Sardaigne-Oristano-1-878x1024.jpg 878w, http:\/\/www.listephoenix.com\/wp-content\/uploads\/2020\/08\/Rameaux-Sardaigne-Oristano-1-129x150.jpg 129w, http:\/\/www.listephoenix.com\/wp-content\/uploads\/2020\/08\/Rameaux-Sardaigne-Oristano-1-257x300.jpg 257w, http:\/\/www.listephoenix.com\/wp-content\/uploads\/2020\/08\/Rameaux-Sardaigne-Oristano-1-768x896.jpg 768w, http:\/\/www.listephoenix.com\/wp-content\/uploads\/2020\/08\/Rameaux-Sardaigne-Oristano-1.jpg 926w\" sizes=\"auto, (max-width: 878px) 100vw, 878px\" \/><\/figure>\n\n\n\n<figure class=\"wp-block-image size-large\"><img loading=\"lazy\" decoding=\"async\" width=\"1024\" height=\"759\" src=\"http:\/\/www.listephoenix.com\/wp-content\/uploads\/2020\/08\/Rameaux-Sardaigne-Oristano-2-1024x759.jpg\" alt=\"\" class=\"wp-image-10694\" srcset=\"http:\/\/www.listephoenix.com\/wp-content\/uploads\/2020\/08\/Rameaux-Sardaigne-Oristano-2-1024x759.jpg 1024w, http:\/\/www.listephoenix.com\/wp-content\/uploads\/2020\/08\/Rameaux-Sardaigne-Oristano-2-150x111.jpg 150w, http:\/\/www.listephoenix.com\/wp-content\/uploads\/2020\/08\/Rameaux-Sardaigne-Oristano-2-300x222.jpg 300w, http:\/\/www.listephoenix.com\/wp-content\/uploads\/2020\/08\/Rameaux-Sardaigne-Oristano-2-768x569.jpg 768w, http:\/\/www.listephoenix.com\/wp-content\/uploads\/2020\/08\/Rameaux-Sardaigne-Oristano-2.jpg 1457w\" sizes=\"auto, (max-width: 1024px) 100vw, 1024px\" \/><\/figure>\n\n\n\n<figure class=\"wp-block-image size-large\"><img loading=\"lazy\" decoding=\"async\" width=\"768\" height=\"1024\" src=\"http:\/\/www.listephoenix.com\/wp-content\/uploads\/2020\/08\/Rameaux-Sardaigne-Oristano-3-768x1024.jpg\" alt=\"\" class=\"wp-image-10695\" srcset=\"http:\/\/www.listephoenix.com\/wp-content\/uploads\/2020\/08\/Rameaux-Sardaigne-Oristano-3.jpg 768w, http:\/\/www.listephoenix.com\/wp-content\/uploads\/2020\/08\/Rameaux-Sardaigne-Oristano-3-113x150.jpg 113w, http:\/\/www.listephoenix.com\/wp-content\/uploads\/2020\/08\/Rameaux-Sardaigne-Oristano-3-225x300.jpg 225w\" sizes=\"auto, (max-width: 768px) 100vw, 768px\" \/><\/figure>\n\n\n\n<figure class=\"wp-block-image size-large\"><img loading=\"lazy\" decoding=\"async\" width=\"1024\" height=\"729\" src=\"http:\/\/www.listephoenix.com\/wp-content\/uploads\/2020\/08\/Rameaux-Sardaigne-Oristano-4-1024x729.jpg\" alt=\"\" class=\"wp-image-10696\" srcset=\"http:\/\/www.listephoenix.com\/wp-content\/uploads\/2020\/08\/Rameaux-Sardaigne-Oristano-4-1024x729.jpg 1024w, http:\/\/www.listephoenix.com\/wp-content\/uploads\/2020\/08\/Rameaux-Sardaigne-Oristano-4-150x107.jpg 150w, http:\/\/www.listephoenix.com\/wp-content\/uploads\/2020\/08\/Rameaux-Sardaigne-Oristano-4-300x214.jpg 300w, http:\/\/www.listephoenix.com\/wp-content\/uploads\/2020\/08\/Rameaux-Sardaigne-Oristano-4-768x547.jpg 768w, http:\/\/www.listephoenix.com\/wp-content\/uploads\/2020\/08\/Rameaux-Sardaigne-Oristano-4.jpg 1516w\" sizes=\"auto, (max-width: 1024px) 100vw, 1024px\" \/><\/figure>\n\n\n\n<figure class=\"wp-block-image size-large\"><img loading=\"lazy\" decoding=\"async\" width=\"963\" height=\"1024\" src=\"http:\/\/www.listephoenix.com\/wp-content\/uploads\/2020\/08\/Rameaux-Sardaigne-Oristano-5-963x1024.jpg\" alt=\"\" class=\"wp-image-10697\" srcset=\"http:\/\/www.listephoenix.com\/wp-content\/uploads\/2020\/08\/Rameaux-Sardaigne-Oristano-5-963x1024.jpg 963w, http:\/\/www.listephoenix.com\/wp-content\/uploads\/2020\/08\/Rameaux-Sardaigne-Oristano-5-141x150.jpg 141w, http:\/\/www.listephoenix.com\/wp-content\/uploads\/2020\/08\/Rameaux-Sardaigne-Oristano-5-282x300.jpg 282w, http:\/\/www.listephoenix.com\/wp-content\/uploads\/2020\/08\/Rameaux-Sardaigne-Oristano-5-768x816.jpg 768w, http:\/\/www.listephoenix.com\/wp-content\/uploads\/2020\/08\/Rameaux-Sardaigne-Oristano-5.jpg 1016w\" sizes=\"auto, (max-width: 963px) 100vw, 963px\" \/><\/figure>\n\n\n\n<figure class=\"wp-block-image size-large\"><img loading=\"lazy\" decoding=\"async\" width=\"696\" height=\"1024\" src=\"http:\/\/www.listephoenix.com\/wp-content\/uploads\/2020\/08\/Rameaux-Sardaigne-Oristano-6-696x1024.jpg\" alt=\"\" class=\"wp-image-10698\" srcset=\"http:\/\/www.listephoenix.com\/wp-content\/uploads\/2020\/08\/Rameaux-Sardaigne-Oristano-6-696x1024.jpg 696w, http:\/\/www.listephoenix.com\/wp-content\/uploads\/2020\/08\/Rameaux-Sardaigne-Oristano-6-102x150.jpg 102w, http:\/\/www.listephoenix.com\/wp-content\/uploads\/2020\/08\/Rameaux-Sardaigne-Oristano-6-204x300.jpg 204w, http:\/\/www.listephoenix.com\/wp-content\/uploads\/2020\/08\/Rameaux-Sardaigne-Oristano-6.jpg 734w\" sizes=\"auto, (max-width: 696px) 100vw, 696px\" \/><\/figure>\n\n\n\n<figure class=\"wp-block-image size-large\"><img loading=\"lazy\" decoding=\"async\" width=\"496\" height=\"1024\" src=\"http:\/\/www.listephoenix.com\/wp-content\/uploads\/2020\/08\/Rameaux-Sardaigne-Oristano-7-496x1024.jpg\" alt=\"\" class=\"wp-image-10699\" srcset=\"http:\/\/www.listephoenix.com\/wp-content\/uploads\/2020\/08\/Rameaux-Sardaigne-Oristano-7-496x1024.jpg 496w, http:\/\/www.listephoenix.com\/wp-content\/uploads\/2020\/08\/Rameaux-Sardaigne-Oristano-7-73x150.jpg 73w, http:\/\/www.listephoenix.com\/wp-content\/uploads\/2020\/08\/Rameaux-Sardaigne-Oristano-7-145x300.jpg 145w, http:\/\/www.listephoenix.com\/wp-content\/uploads\/2020\/08\/Rameaux-Sardaigne-Oristano-7.jpg 523w\" sizes=\"auto, (max-width: 496px) 100vw, 496px\" \/><\/figure>\n\n\n\n<p><a href=\"http:\/\/www.listephoenix.com\/?page_id=531\"><strong>Lire la suite<\/strong><\/a>: la palmeraie espagnole d&rsquo;Elche<\/p>\n\n\n\n<p><\/p>\n","protected":false},"excerpt":{"rendered":"<p>Citer cet article: CASTELLANA Robert 2014. Dies Palmarum. La tradition religieuse des palmes tress\u00e9es dans le monde m\u00e9diterran\u00e9en. Chapitre 7: Sardaigne. CRP ed. Publication en&#8230;<\/p>\n<div class=\"more-link-wrapper\"><a class=\"more-link\" href=\"http:\/\/www.listephoenix.com\/?page_id=2290\">Continue reading<span class=\"screen-reader-text\">7.Sardaigne<\/span><\/a><\/div>\n","protected":false},"author":2,"featured_media":0,"parent":10256,"menu_order":7,"comment_status":"closed","ping_status":"closed","template":"","meta":{"footnotes":""},"class_list":["post-2290","page","type-page","status-publish","hentry","entry"],"_links":{"self":[{"href":"http:\/\/www.listephoenix.com\/index.php?rest_route=\/wp\/v2\/pages\/2290","targetHints":{"allow":["GET"]}}],"collection":[{"href":"http:\/\/www.listephoenix.com\/index.php?rest_route=\/wp\/v2\/pages"}],"about":[{"href":"http:\/\/www.listephoenix.com\/index.php?rest_route=\/wp\/v2\/types\/page"}],"author":[{"embeddable":true,"href":"http:\/\/www.listephoenix.com\/index.php?rest_route=\/wp\/v2\/users\/2"}],"replies":[{"embeddable":true,"href":"http:\/\/www.listephoenix.com\/index.php?rest_route=%2Fwp%2Fv2%2Fcomments&post=2290"}],"version-history":[{"count":62,"href":"http:\/\/www.listephoenix.com\/index.php?rest_route=\/wp\/v2\/pages\/2290\/revisions"}],"predecessor-version":[{"id":13103,"href":"http:\/\/www.listephoenix.com\/index.php?rest_route=\/wp\/v2\/pages\/2290\/revisions\/13103"}],"up":[{"embeddable":true,"href":"http:\/\/www.listephoenix.com\/index.php?rest_route=\/wp\/v2\/pages\/10256"}],"wp:attachment":[{"href":"http:\/\/www.listephoenix.com\/index.php?rest_route=%2Fwp%2Fv2%2Fmedia&parent=2290"}],"curies":[{"name":"wp","href":"https:\/\/api.w.org\/{rel}","templated":true}]}}