{"id":2304,"date":"2012-01-14T13:00:59","date_gmt":"2012-01-14T11:00:59","guid":{"rendered":"http:\/\/www.art.listephoenix.com\/?page_id=716"},"modified":"2025-04-03T11:23:51","modified_gmt":"2025-04-03T10:23:51","slug":"djibouti","status":"publish","type":"page","link":"http:\/\/www.listephoenix.com\/?page_id=2304","title":{"rendered":"Djibouti"},"content":{"rendered":"\n<p><strong>Citer cet article&nbsp;: CRP 2012. Description et caract\u00e9risation des palmiers du genre Phoenix: description du cycle reproducteur des palmiers.&nbsp;<\/strong>R\u00e9dacteur Robert CASTELLANA.&nbsp;Statut: compte-rendu de recherches. Edition en ligne.&nbsp;&nbsp;<strong><a href=\"http:\/\/www.listephoenix.com\/?page_id=2273\">Lien<\/a><\/strong><\/p>\n\n\n<div>\n<div style=\"text-align: justify;\">\n<div style=\"text-align: justify;\"><span style=\"font-size: 11px;\"><span style=\"font-family: tahoma,geneva,sans-serif;\"><strong><a href=\"http:\/\/www.listephoenix.com\/?page_id=2273\">HOME <\/a>\/ <a href=\"http:\/\/www.listephoenix.com\/?page_id=2304\">DJIBOUTI<\/a> \/ <a href=\"http:\/\/www.listephoenix.com\/?page_id=2306\">GABES\u00a0<\/a> \/ <a href=\"http:\/\/www.listephoenix.com\/?page_id=2305\">TOZEUR\u00a0<\/a> \/ <a href=\"http:\/\/www.listephoenix.com\/?page_id=2303\">SANREMO-BORDIGHERA<\/a> \/ <a href=\"http:\/\/www.listephoenix.com\/?page_id=4923\">SOUTH-AMERICA<\/a> <\/strong><\/span><\/span><\/div>\n<div>\u00a0<\/div>\n<\/div>\n<div style=\"text-align: justify;\"><img loading=\"lazy\" decoding=\"async\" class=\"alignleft size-full wp-image-7851\" src=\"http:\/\/www.listephoenix.com\/wp-content\/uploads\/2012\/01\/Pheno-Djibouti.jpg\" alt=\"Pheno-Djibouti\" width=\"258\" height=\"768\" srcset=\"http:\/\/www.listephoenix.com\/wp-content\/uploads\/2012\/01\/Pheno-Djibouti.jpg 258w, http:\/\/www.listephoenix.com\/wp-content\/uploads\/2012\/01\/Pheno-Djibouti-50x150.jpg 50w, http:\/\/www.listephoenix.com\/wp-content\/uploads\/2012\/01\/Pheno-Djibouti-101x300.jpg 101w\" sizes=\"auto, (max-width: 258px) 100vw, 258px\" \/><span style=\"color: #008000;\"><span style=\"font-size: 12px;\"><span style=\"font-family: tahoma,geneva,sans-serif;\"><b>Le palmier-dattier, Phoenix dactylifera, pr\u00e9sente une diversit\u00e9 g\u00e9n\u00e9tique exceptionnelle qui se traduit par l\u2019existence d\u2019une grande variation dans le ph\u00e9notype au niveau ph\u00e9nologique (\u00e9talement de la floraison, fruits persistants ou non, etc.). Cette diversit\u00e9 nous a conduit \u00e0 mettre en place des recherches comparatives visant \u00e0 la description de son cycle reproducteur. L&rsquo;un des enjeux de ces recherches concerne le r\u00e9chauffement du climat et son impact \u00e9conomique pour les r\u00e9gions de production datti\u00e8re. Il s&rsquo;agit aussi de savoir si le palmier dattier pourrait \u00eatre un indicateur fiable de ces m\u00eames changements. <\/b><\/span><\/span><\/span><\/div>\n<div style=\"text-align: justify;\">\u00a0<\/div>\n<\/div>\n<div style=\"text-align: justify;\"><span style=\"font-size: 12px;\"><span style=\"font-family: tahoma,geneva,sans-serif;\">L\u2019\u00e9tude en cours dans la r\u00e9gion de la Mer Rouge est conduite par le <strong>Centre d&rsquo;Etudes et de Recherche de Djibouti (CERD). <\/strong>Le Laboratoire de Biotechnologies v\u00e9g\u00e9tales du CERD est consacr\u00e9 au palmier dattier. Il est anim\u00e9 par l&rsquo;\u00e9quipe <strong>DjibPalm<\/strong>. Inaugur\u00e9 en 2006, il vise \u00e0 la production de vari\u00e9t\u00e9s \u00ab\u00a0nobles\u00a0\u00bb de palmier dattier, s\u00e9lectionn\u00e9es pour leur adaptation aux conditions sah\u00e9liennes et pour la qualit\u00e9 de production afin de contribuer \u00e0 la S\u00e9curit\u00e9 Alimentaire du pays et de r\u00e9duire la pauvret\u00e9.<\/span><\/span><\/div>\n<div style=\"text-align: justify;\">\u00a0<\/div>\n<div style=\"text-align: justify;\"><span style=\"font-size: 12px;\"><span style=\"font-family: tahoma,geneva,sans-serif;\"><strong>Le climat de Djibouti est de type tropical aride. <\/strong>On distingue une saison fra\u00eeche (22-30\u00b0C) d\u2019octobre \u00e0 avril et une saison chaude (30-40\u00b0C) de mai \u00e0 septembre, pendant laquelle un vent de sable chaud et sec (khasim) souffle une cinquantaine de jours par an. L\u2019\u00e9vapotranspiration moyenne annuelle est estim\u00e9e \u00e0 2 000 mm. Les pr\u00e9cipitations moyennes annuelles sont de 220 mm, variant de 80 mm au nord-est \u00e0 340 mm au nord. Elles tombent de fa\u00e7on orageuse, sont erratiques, et provoquent des inondations: 5 pour cent seulement de leur volume s\u2019infiltrent et contribuent \u00e0 la recharge des nappes. En mai, juin et septembre, le taux d\u2019humidit\u00e9 peut atteindre 100 pour cent. [Source : FAO<\/span><\/span>]<\/div>","protected":false},"excerpt":{"rendered":"<p>Citer cet article&nbsp;: CRP 2012. Description et caract\u00e9risation des palmiers du genre Phoenix: description du cycle reproducteur des palmiers.&nbsp;R\u00e9dacteur Robert CASTELLANA.&nbsp;Statut: compte-rendu de recherches. Edition&#8230;<\/p>\n<div class=\"more-link-wrapper\"><a class=\"more-link\" href=\"http:\/\/www.listephoenix.com\/?page_id=2304\">Continue reading<span class=\"screen-reader-text\">Djibouti<\/span><\/a><\/div>\n","protected":false},"author":2,"featured_media":0,"parent":2273,"menu_order":0,"comment_status":"closed","ping_status":"closed","template":"","meta":{"footnotes":""},"class_list":["post-2304","page","type-page","status-publish","hentry","entry"],"_links":{"self":[{"href":"http:\/\/www.listephoenix.com\/index.php?rest_route=\/wp\/v2\/pages\/2304","targetHints":{"allow":["GET"]}}],"collection":[{"href":"http:\/\/www.listephoenix.com\/index.php?rest_route=\/wp\/v2\/pages"}],"about":[{"href":"http:\/\/www.listephoenix.com\/index.php?rest_route=\/wp\/v2\/types\/page"}],"author":[{"embeddable":true,"href":"http:\/\/www.listephoenix.com\/index.php?rest_route=\/wp\/v2\/users\/2"}],"replies":[{"embeddable":true,"href":"http:\/\/www.listephoenix.com\/index.php?rest_route=%2Fwp%2Fv2%2Fcomments&post=2304"}],"version-history":[{"count":15,"href":"http:\/\/www.listephoenix.com\/index.php?rest_route=\/wp\/v2\/pages\/2304\/revisions"}],"predecessor-version":[{"id":13061,"href":"http:\/\/www.listephoenix.com\/index.php?rest_route=\/wp\/v2\/pages\/2304\/revisions\/13061"}],"up":[{"embeddable":true,"href":"http:\/\/www.listephoenix.com\/index.php?rest_route=\/wp\/v2\/pages\/2273"}],"wp:attachment":[{"href":"http:\/\/www.listephoenix.com\/index.php?rest_route=%2Fwp%2Fv2%2Fmedia&parent=2304"}],"curies":[{"name":"wp","href":"https:\/\/api.w.org\/{rel}","templated":true}]}}