{"id":2305,"date":"2012-01-14T13:01:33","date_gmt":"2012-01-14T11:01:33","guid":{"rendered":"http:\/\/www.art.listephoenix.com\/?page_id=718"},"modified":"2025-04-03T11:33:31","modified_gmt":"2025-04-03T10:33:31","slug":"tozeur","status":"publish","type":"page","link":"http:\/\/www.listephoenix.com\/?page_id=2305","title":{"rendered":"Tozeur"},"content":{"rendered":"\n<p><strong>Citer cet article&nbsp;: CRP 2012. Description et caract\u00e9risation des palmiers du genre Phoenix: description du cycle reproducteur des palmiers.&nbsp;<\/strong>R\u00e9dacteur Robert CASTELLANA.&nbsp;Statut: compte-rendu de recherches. Edition en ligne.&nbsp;&nbsp;<strong><a href=\"http:\/\/www.listephoenix.com\/?page_id=2273\">Lien<\/a><\/strong><\/p>\n\n\n<div>\n<div style=\"text-align: justify;\"><span style=\"font-size: 11px;\"><span style=\"font-family: tahoma,geneva,sans-serif;\"><strong><a href=\"http:\/\/www.listephoenix.com\/?page_id=2273\">HOME <\/a>\/ <a href=\"http:\/\/www.listephoenix.com\/?page_id=2304\">DJIBOUTI<\/a> \/ <a href=\"http:\/\/www.listephoenix.com\/?page_id=2306\">GABES\u00a0<\/a> \/ <a href=\"http:\/\/www.listephoenix.com\/?page_id=2305\">TOZEUR\u00a0<\/a> \/ <a href=\"http:\/\/www.listephoenix.com\/?page_id=2303\">SANREMO-BORDIGHERA<\/a> \/ <a href=\"http:\/\/www.listephoenix.com\/?page_id=4923\">SOUTH-AMERICA<\/a><\/strong><\/span><\/span><\/div>\n<div>\u00a0<\/div>\n<div style=\"text-align: justify;\"><img loading=\"lazy\" decoding=\"async\" class=\"alignleft size-full wp-image-7872\" src=\"http:\/\/www.listephoenix.com\/wp-content\/uploads\/2012\/01\/Pheno-Tozeur.jpg\" alt=\"Pheno-Tozeur\" width=\"282\" height=\"768\" srcset=\"http:\/\/www.listephoenix.com\/wp-content\/uploads\/2012\/01\/Pheno-Tozeur.jpg 282w, http:\/\/www.listephoenix.com\/wp-content\/uploads\/2012\/01\/Pheno-Tozeur-55x150.jpg 55w, http:\/\/www.listephoenix.com\/wp-content\/uploads\/2012\/01\/Pheno-Tozeur-110x300.jpg 110w\" sizes=\"auto, (max-width: 282px) 100vw, 282px\" \/><\/div>\n<div style=\"text-align: justify;\"><span style=\"color: #008000;\"><span style=\"font-size: 12px;\"><span style=\"font-family: tahoma,geneva,sans-serif;\"><b>Le palmier-dattier, Phoenix dactylifera, pr\u00e9sente une diversit\u00e9 g\u00e9n\u00e9tique exceptionnelle qui se traduit par l\u2019existence d\u2019une grande variation dans le ph\u00e9notype au niveau ph\u00e9nologique (\u00e9talement de la floraison, fruits persistants ou non, etc.). Cette diversit\u00e9 nous a conduit \u00e0 mettre en place des recherches comparatives visant \u00e0 la description de son cycle reproducteur. L&rsquo;un des enjeux de ces recherches concerne le r\u00e9chauffement du climat et son impact \u00e9conomique pour les r\u00e9gions de production datti\u00e8re. Il s&rsquo;agit aussi de savoir si le palmier dattier pourrait \u00eatre un indicateur fiable de ces m\u00eames changements. <\/b><\/span><\/span><\/span><\/div>\n<\/div>\n<div style=\"text-align: justify;\">\u00a0<\/div>\n<div style=\"text-align: justify;\"><span style=\"font-size: 12px;\"><span style=\"font-family: tahoma,geneva,sans-serif;\">Des protocoles de suivi ph\u00e9nologique sont conduits par le <strong>Centre R\u00e9gional de Recherche en Agriculture Oasienne<\/strong> de Degueche (CRRAO-Tozeur-Tunisie) depuis 6 ans. Les observations men\u00e9es concernent \u00e0 ce jour (2011) : <\/span><\/span><\/div>\n<div style=\"text-align: justify;\"><strong><span style=\"font-size: 12px;\"><span style=\"font-family: tahoma,geneva,sans-serif;\">* la variabilit\u00e9 ph\u00e9nologique du palmier-dattier<\/span><\/span><\/strong><\/div>\n<div style=\"text-align: justify;\"><strong><span style=\"font-size: 12px;\"><span style=\"font-family: tahoma,geneva,sans-serif;\">* le palmier-dattier comme indice du r\u00e9chauffement climatique.<\/span><\/span><\/strong><\/div>\n<div style=\"text-align: justify;\">\u00a0<\/div>\n<div style=\"text-align: justify;\"><span style=\"font-size: 12px;\"><span style=\"font-family: tahoma,geneva,sans-serif;\">L&rsquo;\u00e9chantillon suivi se compose d&rsquo;une cinquantaine de cultivars femelles et de 200 <\/span><\/span><span style=\"font-size: 12px;\"><span style=\"font-family: tahoma,geneva,sans-serif;\">palmiers m\u00e2les, qui fournissent en pollen les cultivateurs<\/span><\/span><span style=\"font-size: 12px;\"><span style=\"font-family: tahoma,geneva,sans-serif;\">.<\/span><\/span><\/div>\n<div style=\"text-align: justify;\">\u00a0<\/div>\n<div style=\"text-align: justify;\"><span style=\"font-size: 12px;\"><span style=\"font-family: tahoma,geneva,sans-serif;\">La r\u00e9gion est caract\u00e9ris\u00e9e par un climat sec et doux, \u00e0 l&rsquo;exception de l\u2019\u00e9t\u00e9. Les pluies sont irr\u00e9guli\u00e8res et rares. Les vents de l&rsquo;est dominent la quasi-totalit\u00e9 de l&rsquo;ann\u00e9e, sauf au printemps o\u00f9 l&rsquo;on rel\u00e8ve les vents du sable, et pendant l&rsquo;\u00e9t\u00e9 avec les vents chauds<\/span><\/span><span style=\"font-size: 12px;\"><span style=\"font-family: tahoma,geneva,sans-serif;\"> du Sud et du Sud-Ouest<\/span><\/span><span style=\"font-size: 12px;\"><span style=\"font-family: tahoma,geneva,sans-serif;\"> (Siroco ou Chihili). <\/span><\/span><\/div>\n<div style=\"text-align: justify;\">\u00a0<\/div>","protected":false},"excerpt":{"rendered":"<p>Citer cet article&nbsp;: CRP 2012. Description et caract\u00e9risation des palmiers du genre Phoenix: description du cycle reproducteur des palmiers.&nbsp;R\u00e9dacteur Robert CASTELLANA.&nbsp;Statut: compte-rendu de recherches. Edition&#8230;<\/p>\n<div class=\"more-link-wrapper\"><a class=\"more-link\" href=\"http:\/\/www.listephoenix.com\/?page_id=2305\">Continue reading<span class=\"screen-reader-text\">Tozeur<\/span><\/a><\/div>\n","protected":false},"author":2,"featured_media":0,"parent":2273,"menu_order":0,"comment_status":"closed","ping_status":"closed","template":"","meta":{"footnotes":""},"class_list":["post-2305","page","type-page","status-publish","hentry","entry"],"_links":{"self":[{"href":"http:\/\/www.listephoenix.com\/index.php?rest_route=\/wp\/v2\/pages\/2305","targetHints":{"allow":["GET"]}}],"collection":[{"href":"http:\/\/www.listephoenix.com\/index.php?rest_route=\/wp\/v2\/pages"}],"about":[{"href":"http:\/\/www.listephoenix.com\/index.php?rest_route=\/wp\/v2\/types\/page"}],"author":[{"embeddable":true,"href":"http:\/\/www.listephoenix.com\/index.php?rest_route=\/wp\/v2\/users\/2"}],"replies":[{"embeddable":true,"href":"http:\/\/www.listephoenix.com\/index.php?rest_route=%2Fwp%2Fv2%2Fcomments&post=2305"}],"version-history":[{"count":11,"href":"http:\/\/www.listephoenix.com\/index.php?rest_route=\/wp\/v2\/pages\/2305\/revisions"}],"predecessor-version":[{"id":13068,"href":"http:\/\/www.listephoenix.com\/index.php?rest_route=\/wp\/v2\/pages\/2305\/revisions\/13068"}],"up":[{"embeddable":true,"href":"http:\/\/www.listephoenix.com\/index.php?rest_route=\/wp\/v2\/pages\/2273"}],"wp:attachment":[{"href":"http:\/\/www.listephoenix.com\/index.php?rest_route=%2Fwp%2Fv2%2Fmedia&parent=2305"}],"curies":[{"name":"wp","href":"https:\/\/api.w.org\/{rel}","templated":true}]}}