{"id":2313,"date":"2012-01-14T14:21:11","date_gmt":"2012-01-14T13:21:11","guid":{"rendered":"http:\/\/www.art.listephoenix.com\/?page_id=742"},"modified":"2025-04-13T10:47:05","modified_gmt":"2025-04-13T09:47:05","slug":"oasis","status":"publish","type":"page","link":"http:\/\/www.listephoenix.com\/?page_id=2313","title":{"rendered":"Oasis monographies"},"content":{"rendered":"\n<p>Citer cette publication: <strong>CRP 2015. Palmiculture et agrosyst\u00e8mes oasiens. Monographies. <\/strong>Ed. en Ligne. <strong><a href=\"http:\/\/www.listephoenix.com\/?page_id=2313\">Lien<\/a><\/strong><\/p>\n\n\n\n<p><strong>SOMMAIRE DES ARTICLES<br><\/strong>Phoenix theophrastii. Caracterisation genetique et culturale des antiques palmeraies de la mer Eg\u00e9e par Robert CASTELLANA<br>Le Palmeto italien de Bordighera: biodiversite &amp; patrimoine par Robert CASTELLANA<br>Le Palmeral espagnol d\u2019Elche par Carlos Ortiz MAYORDOMO &amp; Lina GR\u00c0CIA I VICENTE<br>La palmeraie de Gabes par Mohamed BENSALAH<br>Ghardaia et les oasis alg\u00e9riennes du Mzab par Robert CASTELLANA et Jean-Christophe PINTAUD<br>La palmeraie insulaire tunisienne de Kerkena par Robert CASTELLANA<br>Le palmier des \u00eeles Canaries (Phoenix canariensis) par Robert CASTELLANA<br>La culture du palmier-dattier dans la moyenne vall\u00e9e de l\u2019indus (Punjab et Pakistan) par Jean-Christophe PINTAUD<br>Les routes caravani\u00e8res du Sahel et les oasis de palmiers-dattiers (bibliographie comment\u00e9e)<\/p>\n\n\n<div style=\"text-align: justify;\"><a href=\"http:\/\/www.listephoenix.com\/?attachment_id=4859\" rel=\"attachment wp-att-4859\"><img loading=\"lazy\" decoding=\"async\" class=\"alignleft size-full wp-image-4859\" src=\"http:\/\/www.listephoenix.com\/wp-content\/uploads\/2012\/01\/Gabes-chenini.jpg\" alt=\"Gabes chenini\" width=\"947\" height=\"685\" srcset=\"http:\/\/www.listephoenix.com\/wp-content\/uploads\/2012\/01\/Gabes-chenini.jpg 947w, http:\/\/www.listephoenix.com\/wp-content\/uploads\/2012\/01\/Gabes-chenini-150x108.jpg 150w, http:\/\/www.listephoenix.com\/wp-content\/uploads\/2012\/01\/Gabes-chenini-300x217.jpg 300w\" sizes=\"auto, (max-width: 947px) 100vw, 947px\" \/><\/a><span style=\"font-size: 11px;\"><span style=\"font-family: tahoma,geneva,sans-serif;\">Illustration: carte postale repr\u00e9sentant l&rsquo;oasis tunisienne de Chennini (Gab\u00e8s). <\/span><\/span><\/div>\n<div style=\"text-align: justify;\"><span style=\"color: #008000;\"><span style=\"font-size: 12px;\"><strong><span style=\"font-family: tahoma,geneva,sans-serif;\">Avec ses palmiers, le monde oasien est l&rsquo;une des principales sources de l\u2019imagerie orientalisante qui a vu le jour \u00e0\u00a0 la fin du 19\u00e8me si\u00e8cle.\u00a0 Mais le monde oasien n\u2019est pas seulement un paysage. Il s\u2019agit aussi d\u2019un ecosyst\u00e8me fragile et menac\u00e9, qui pr\u00e9sente un grand int\u00e9r\u00eat \u00e0 la fois \u00e9cologique, \u00e9conomique et patrimonial. <\/span><\/strong><\/span><\/span><\/div>\n<p><strong>PRESENTATION<\/strong><\/p>\n<div style=\"text-align: justify;\"><a title=\"\" href=\"http:\/\/www.listephoenix.com\/wp-content\/uploads\/2012\/01\/OASIS-distribution.jpg\" target=\"\" rel=\"noopener\"><img loading=\"lazy\" decoding=\"async\" class=\"size-medium wp-image-8963 alignleft\" title=\"\" src=\"http:\/\/www.listephoenix.com\/wp-content\/uploads\/2012\/01\/OASIS-distribution-300x194.jpg\" alt=\"OASIS distribution\" width=\"300\" height=\"194\" srcset=\"http:\/\/www.listephoenix.com\/wp-content\/uploads\/2012\/01\/OASIS-distribution-300x194.jpg 300w, http:\/\/www.listephoenix.com\/wp-content\/uploads\/2012\/01\/OASIS-distribution-150x97.jpg 150w, http:\/\/www.listephoenix.com\/wp-content\/uploads\/2012\/01\/OASIS-distribution.jpg 758w\" sizes=\"auto, (max-width: 300px) 100vw, 300px\" \/><\/a><span style=\"font-size: 12px;\"><span style=\"font-family: tahoma,geneva,sans-serif;\">Ill. les oasis se trouvent pour l\u2019essentiel en Afrique du Nord et au Moyen Orient, et plus marginalement en Asie, en Australie et en Am\u00e9rique. Leur r\u00e9partition concerne les zones arides, lesquelles repr\u00e9sentent pr\u00e8s d&rsquo;un tiers de la plan\u00e8te. Il s&rsquo;agit toutefois de r\u00e9gions sous-peupl\u00e9es (1 \u00e0 2% de la population mondiale) mais avec une forte densit\u00e9 d&rsquo;habitat (300 \u00e0 1000 hab\/km2). <\/span><\/span><\/div>\n<div style=\"text-align: justify;\">\u00a0<\/div>\n<div style=\"text-align: justify;\"><span style=\"color: #008000;\"><span style=\"font-size: 14px;\"><span style=\"font-family: tahoma,geneva,sans-serif;\"><strong>TYPOLOGIE. <\/strong><\/span><\/span><\/span><strong><span style=\"font-size: 12px;\"><span style=\"font-family: tahoma,geneva,sans-serif;\">Il existe plusieurs typologies des oasis. La majorit\u00e9 d&rsquo;entre elles sont caract\u00e9ris\u00e9es par la pr\u00e9sence du palmier dattier et par la raret\u00e9 des ressources en eau. On distingue ainsi les oasis avec ou sans palmiers, et pour ces derni\u00e8res les oasis littorales, sahariennes ou de montagne. Les oasis sont tr\u00e8s souvent par ailleurs, des escales situ\u00e9es sur les grands itin\u00e9raires commerciaux qui ont mis en contact les civilisations depuis l&rsquo;Antiquit\u00e9, comme les routes caravani\u00e8res du Sahara reliant la M\u00e9diterran\u00e9e et l&rsquo;Afrique, ou la Route de la Soie entre l&rsquo;Europe et l&rsquo;Asie. <\/span><\/span><\/strong><\/div>\n<div style=\"text-align: justify;\">\u00a0<\/div>\n<div style=\"text-align: justify;\"><span style=\"color: #008000;\"><span style=\"font-size: 14px;\"><span style=\"font-family: tahoma,geneva,sans-serif;\"><strong>BIODIVERSITE. <\/strong><\/span><\/span><\/span><strong><span style=\"font-size: 12px;\"><span style=\"font-family: tahoma,geneva,sans-serif;\">Les oasis se caract\u00e9risent par une grande biodiversit\u00e9, due \u00e0 la pr\u00e9sence de nombreuses cultures associ\u00e9es, notamment dans les palmeraies o\u00f9 l&rsquo;on recense jusqu&rsquo;\u00e0 trois \u00e9tages de v\u00e9g\u00e9tation. Ces cultures ont souvent \u00e9t\u00e9 le foyer de l&rsquo;introduction et de la diffusion d&rsquo;un grand nombre de plantes aujourd&rsquo;hui communes, ainsi que du d\u00e9veloppement de l&rsquo;\u00e9levage. <\/span><\/span><\/strong><\/div>\n<div style=\"text-align: justify;\">\u00a0<\/div>\n<div style=\"text-align: justify;\"><span style=\"color: #008000;\"><span style=\"font-size: 14px;\"><span style=\"font-family: tahoma,geneva,sans-serif;\"><strong>CONSERVATION. <\/strong><\/span><\/span><\/span><strong><span style=\"font-size: 12px;\"><span style=\"font-family: tahoma,geneva,sans-serif;\">A l&rsquo;\u00e9poque moderne, le monde oasien a connu un irr\u00e9sistible d\u00e9clin qui menace de nos jours sa survie. De nombreux programmes de r\u00e9habilitation ont \u00e9t\u00e9 mis en place depuis, dont ce site souhaite rendre compte avec la publication d&rsquo;articles et la diffusion de ressources documentaires. Les exp\u00e9riences men\u00e9es dans ce cadre pr\u00e9sentent un grand int\u00e9r\u00eat en mati\u00e8re de d\u00e9veloppement durable, par leur dimension d&rsquo;intensification des cultures et de gestion de ressources rares comme l&rsquo;eau et les engrais. Elles concernent \u00e0 la fois la s\u00e9curit\u00e9 alimentaire, la conservation de de la biodiversit\u00e9 et le patrimoine culturel.<\/span><\/span><\/strong><\/div>\n<p><strong>BIBLIOGRAPHIE<\/strong><\/p>\n<div>\n<div><span style=\"font-size: 12px;\"><span style=\"font-family: tahoma,geneva,sans-serif;\"><span style=\"color: #000000;\"><strong>AAVV 2014. Agrobiodiversite en milieu aride et saharien. <\/strong>In: Revue des R\u00e9gions Arides Num\u00e9ro Sp\u00e9cial n\u00b0 35 (3\/2014). Link\u00a0<\/span>: <a title=\"Actes du 4\u00e8me Meeting International Aridoculture et Cultures  Oasiennes. Gestion des Ressources et Applications Biotechnologiques en Aridoculture et Cultures Sahariennes : perspectives pour un d\u00e9veloppement durable des zones arides (1-19\/12\/2013). Session 1: agro biodiversit\u00e9 en milieu aride et saharien.\" href=\"http:\/\/www.ira.agrinet.tn\/imgcommon\/files\/RRA35_session%201.pdf\" target=\"_blank\" rel=\"noopener\">\/www.ira.agrinet.tn\/<\/a><\/span><\/span><\/div>\n<div><span style=\"font-size: 12px;\"><span style=\"font-family: tahoma,geneva,sans-serif;\"><span style=\"color: #000000;\"><strong>CHOPLIN Armelle, DROZDZ Martine 2009. Des d\u00e9serts d\u00e9serts d&rsquo;hommes. Approche g\u00e9ographique d&rsquo;un milieu dit hostile.<\/strong> In\u00a0: Lacito journ\u00e9e d\u00e9sert 19\/10\/09, 9p. Link\u00a0:<\/span> <a href=\"http:\/\/lacito.vjf.cnrs.fr\/colloque\/deserts\/images\/02_Choplin_Drozdz_resume.pdf\">http:\/\/lacito.vjf.cnrs.fr\/<\/a><\/span><\/span><\/div>\n<div><span style=\"font-size: 12px;\"><span style=\"font-family: tahoma,geneva,sans-serif;\"><span style=\"color: #000000;\"><strong>BATTESTI Vincent 2005. Jardins au d\u00e9sert, \u00c9volutions des pratiques et savoirs oasiens, J\u00e9rid tunisien<\/strong>. Paris, \u00c9ditions IRD, coll. \u00c0 travers champs, 440\u00a0p. Link: <\/span><a href=\"http:\/\/halshs.archives-ouvertes.fr\/halshs-00004609\/en\/\">\/halshs.archives-ouvertes.fr\/<\/a><\/span><\/span><\/div>\n<div><strong><span style=\"color: #000000;\"><span style=\"font-size: 12px;\"><span style=\"font-family: tahoma,geneva,sans-serif;\">COURNOYER <\/span><\/span><span style=\"font-size: 12px;\"><span style=\"font-family: tahoma,geneva,sans-serif;\">2004. <\/span><\/span><\/span><\/strong><span style=\"font-size: 12px;\"><span style=\"font-family: tahoma,geneva,sans-serif;\"><span style=\"color: #000000;\"><strong> Le paysage de l&rsquo;oasis dans le sud du Maroc.<\/strong> Link: <\/span><a href=\"http:\/\/www.abhatoo.net.ma\/index.php\/fre\/content\/download\/20355\/370112\/file\/LE%20PAYSAGE%20DE%20L%E2%80%99OASIS%20DANS%20LE%20SUD%20DU%20MAROC.pdf\">\/www.abhatoo.net.ma\/<\/a><\/span><\/span><\/div>\n<div><span style=\"font-size: 12px;\"><span style=\"font-family: tahoma,geneva,sans-serif;\"><span style=\"color: #000000;\"><strong>BATTESTI Vincent\u00a0 2002. Les jardins d\u2019oasis : des natures en construction<\/strong>. MNHN. Link: <\/span><a href=\"http:\/\/hal.archives-ouvertes.fr\/docs\/00\/20\/41\/42\/PDF\/Les_jardins_oasis_Des_natures_en_construction-Battesti_2002_halshs-00204142.pdf\">\/hal.archives-ouvertes.fr\/<\/a><\/span><\/span><\/div>\n<div><span style=\"font-size: 12px;\"><span style=\"font-family: tahoma,geneva,sans-serif;\"><span style=\"color: #000000;\"><strong>TOUTAIN G., DOLLE V., FERRY M. 1998. Situation des syst\u00e8mes oasiens en zones chaudes.<\/strong> Link: <\/span><a href=\"http:\/\/ressources.ciheam.org\/om\/pdf\/a11\/CI901462.pdf\">\/ressources.ciheam.org\/<\/a><\/span><\/span><\/div>\n<div><strong><span style=\"color: #000000;\"><span style=\"font-size: 12px;\"><span style=\"font-family: tahoma,geneva,sans-serif;\">CLOUET Yves <\/span><\/span><span style=\"font-size: 12px;\"><span style=\"font-family: tahoma,geneva,sans-serif;\">1995. <\/span><\/span><\/span><\/strong><span style=\"font-size: 12px;\"><span style=\"font-family: tahoma,geneva,sans-serif;\"><span style=\"color: #000000;\"><strong>Les oasis.<\/strong> Link: <\/span><a href=\"http:\/\/www.mgm.fr\/PUB\/Mappemonde\/M495\/OASIS.pdf\">\/www.mgm.fr\/<\/a><\/span><\/span><\/div>\n<\/div>\n<div><span style=\"font-size: 12px;\"><span style=\"font-family: tahoma,geneva,sans-serif;\"><span style=\"color: #000000;\"><strong>Plus d\u2019informations sur le monde oasien:<\/strong> ENVIE D\u2019OASIS (exposition itin\u00e9rante). Link:<\/span> <a href=\"http:\/\/www.raddo.org\/\" target=\"_blank\" rel=\"noopener\">\/www.raddo.org\/<\/a><\/span><\/span><\/div>\n<div><span style=\"font-size: 12px;\"><span style=\"font-family: tahoma,geneva,sans-serif;\"><span style=\"color: #000000;\">Patrice <strong>Burger<\/strong>, Jean-Baptiste <strong>Cheneval<\/strong>. Les Oasis. Un mod\u00e8le de d\u00e9veloppement durable pour les zones arides. Link:<\/span> <a href=\"http:\/\/www.gtdesertification.org\/IMG\/pdf\/agroecologie_Oasis_CARI-2.pdf\" target=\"_blank\" rel=\"noopener\">\/www.gtdesertification.org\/<\/a><\/span><\/span><\/div>\n<p>&nbsp;<\/p>","protected":false},"excerpt":{"rendered":"<p>Citer cette publication: CRP 2015. Palmiculture et agrosyst\u00e8mes oasiens. Monographies. Ed. en Ligne. Lien SOMMAIRE DES ARTICLESPhoenix theophrastii. Caracterisation genetique et culturale des antiques palmeraies&#8230;<\/p>\n<div class=\"more-link-wrapper\"><a class=\"more-link\" href=\"http:\/\/www.listephoenix.com\/?page_id=2313\">Continue reading<span class=\"screen-reader-text\">Oasis monographies<\/span><\/a><\/div>\n","protected":false},"author":2,"featured_media":0,"parent":2281,"menu_order":5,"comment_status":"closed","ping_status":"closed","template":"","meta":{"footnotes":""},"class_list":["post-2313","page","type-page","status-publish","hentry","entry"],"_links":{"self":[{"href":"http:\/\/www.listephoenix.com\/index.php?rest_route=\/wp\/v2\/pages\/2313","targetHints":{"allow":["GET"]}}],"collection":[{"href":"http:\/\/www.listephoenix.com\/index.php?rest_route=\/wp\/v2\/pages"}],"about":[{"href":"http:\/\/www.listephoenix.com\/index.php?rest_route=\/wp\/v2\/types\/page"}],"author":[{"embeddable":true,"href":"http:\/\/www.listephoenix.com\/index.php?rest_route=\/wp\/v2\/users\/2"}],"replies":[{"embeddable":true,"href":"http:\/\/www.listephoenix.com\/index.php?rest_route=%2Fwp%2Fv2%2Fcomments&post=2313"}],"version-history":[{"count":44,"href":"http:\/\/www.listephoenix.com\/index.php?rest_route=\/wp\/v2\/pages\/2313\/revisions"}],"predecessor-version":[{"id":13235,"href":"http:\/\/www.listephoenix.com\/index.php?rest_route=\/wp\/v2\/pages\/2313\/revisions\/13235"}],"up":[{"embeddable":true,"href":"http:\/\/www.listephoenix.com\/index.php?rest_route=\/wp\/v2\/pages\/2281"}],"wp:attachment":[{"href":"http:\/\/www.listephoenix.com\/index.php?rest_route=%2Fwp%2Fv2%2Fmedia&parent=2313"}],"curies":[{"name":"wp","href":"https:\/\/api.w.org\/{rel}","templated":true}]}}