{"id":2925,"date":"2012-09-03T15:29:15","date_gmt":"2012-09-03T14:29:15","guid":{"rendered":"http:\/\/www.listephoenix.com\/?page_id=2925"},"modified":"2025-04-03T11:38:59","modified_gmt":"2025-04-03T10:38:59","slug":"riviera","status":"publish","type":"page","link":"http:\/\/www.listephoenix.com\/?page_id=2925","title":{"rendered":"I. RIVIERA GARDENS"},"content":{"rendered":"\n<p>Citer cet article: <strong>CASTELLANA Robert 2012-2015. LES COLLECTIONS DE PALMIERS DE LA COTE D&rsquo;AZUR (French &amp; Italian Riviera) &amp; L&rsquo;HISTOIRE DE L&rsquo;ACCLIMATATION. <\/strong>CRP Ed. Statut: compte-rendu de recherches. <a href=\"http:\/\/www.listephoenix.com\/?page_id=2925\"><strong>Lien<\/strong><\/a><\/p>\n\n\n\n<p>***<\/p>\n\n\n\n<figure class=\"wp-block-image\"><img loading=\"lazy\" decoding=\"async\" width=\"640\" height=\"506\" src=\"http:\/\/www.listephoenix.com\/wp-content\/uploads\/2012\/09\/Bordighera-Arziglia.jpg\" alt=\"\" class=\"wp-image-3883\" title=\"Bordighera Arziglia\" srcset=\"http:\/\/www.listephoenix.com\/wp-content\/uploads\/2012\/09\/Bordighera-Arziglia.jpg 640w, http:\/\/www.listephoenix.com\/wp-content\/uploads\/2012\/09\/Bordighera-Arziglia-300x237.jpg 300w\" sizes=\"auto, (max-width: 640px) 100vw, 640px\" \/><\/figure>\n\n\n\n<p>Illustration: la palmeraie historique de Bordighera vue de la plage de l\u2019Arziglia <a href=\"http:\/\/www.listephoenix.com\/wp-content\/uploads\/2012\/09\/Bordighera-Arziglia.jpg\"><\/a><\/p>\n\n\n<div style=\"text-align: justify;\">\n<div style=\"text-align: justify;\">\n<div><strong style=\"font-family: tahoma, geneva, sans-serif; color: #008000; font-size: 14px;\">***<\/strong><\/div>\n<div><strong style=\"font-family: tahoma, geneva, sans-serif; font-size: 12px; color: #008000;\">Consacr\u00e9 au genre Phoenix dans son ensemble, ce site web est aussi ancr\u00e9 dans la r\u00e9alit\u00e9 d&rsquo;un territoire. Il s&rsquo;agit des r\u00e9gions de la Riviera franco-italienne qui se trouvent au voisinage de la palmeraie historique de Bordighera. Situ\u00e9 \u00e0 43\u00b0 47&prime;, dans la partie italienne de la Riviera, la palmeraie de Bordighera est la plus septentrionale des palmeraies de dattiers (<em>Phoenix dactylifera<\/em>). Son paysage<\/strong><strong style=\"font-family: tahoma, geneva, sans-serif; font-size: 12px; color: #008000;\"> a largement contribu\u00e9 \u00e0 la c\u00e9l\u00e9brit\u00e9 internationale de la C\u00f4te d&rsquo;Azur, au tournant des 19\u00b0 et 20\u00b0 si\u00e8cles. Suite \u00e0 l\u2019abandon de la palmiculture dans l\u2019apr\u00e8s-guerre, le site historique se limite de nos jours \u00e0 l&#8217;embouchure du vallon qui lui a donn\u00e9 le jour. A notre initiative, le dernier jardin de palmiers du site (lequel remonte \u00e0 la fin du Moyen-\u00e2ge) est devenu depuis 2008 un Jardin Exp\u00e9rimental. Depuis cette date, nous avons par ailleurs contribu\u00e9 \u00e0 l&rsquo;\u00e9tude et \u00e0 l&rsquo;inventaire des collections de palmiers ornementaux de l&rsquo;ensemble la r\u00e9gion, ainsi qu&rsquo;\u00e0 l&rsquo;histoire des nombreux jardins d&rsquo;acclimatation qu&rsquo;elle abrite.<\/strong><br \/><span style=\"color: #008000;\"><span style=\"font-size: 12px;\"><span style=\"font-family: tahoma,geneva,sans-serif;\"><strong>*** <\/strong><\/span><\/span><\/span><\/div>\n<div><span style=\"color: #000000;\"><span style=\"font-size: 12px;\"><span style=\"font-family: tahoma,geneva,sans-serif;\"><strong style=\"color: #000000; font-family: tahoma, geneva, sans-serif; font-size: 12px;\">SOMMAIRE DES CHAPITRES. <\/strong><span style=\"color: #000000; font-family: tahoma, geneva, sans-serif;\"><span style=\"font-size: 12px;\">Le r\u00e9seau franco-italien Riviera Gardens de jardins botaniques a vu le jour en 2015, \u00e0 l\u2019initiative de Robert Castellana dans le cadre du projet Phoenix. Avec 130 esp\u00e8ces et une trentaine de genres de palmiers, les jardins botaniques de cette r\u00e9gion repr\u00e9sentent en effet un conservatoire patrimonial exceptionnel. Ils t\u00e9moignent de l\u2019histoire de 5 si\u00e8cles d\u2019acclimatation d\u2019une plante qui a donn\u00e9 naissance \u00e0 des paysages embl\u00e9matiques.<\/span><\/span><strong style=\"color: #000000; font-family: tahoma, geneva, sans-serif; font-size: 12px;\"><br \/>1. ACCLIMATATION. Les jardins de la Riviera. Une approche socio-botanique. <\/strong><span style=\"color: #000000; font-family: tahoma, geneva, sans-serif;\"><span style=\"font-size: 12px;\">L\u2019\u00e9poque de l\u2019introduction du palmier en Europe est inconnue. Quelques soient ses origines, le dattier a trouv\u00e9 sur le littoral europ\u00e9en une terre d\u2019accueil, o\u00f9 il germe spontan\u00e9ment et peut se reproduire naturellement. Il a donn\u00e9 naissance dans ces r\u00e9gions \u00e0 une riche tradition religieuse commune aux Juifs et aux Chr\u00e9tiens.\u00a0En-dehors de ses plages et de ses mondanit\u00e9s, la c\u00e9l\u00e9brit\u00e9 internationale de la \u00ab\u00a0Riviera\u00a0\u00bb provient aussi d\u2019une imagerie botanique et exotisante largement diffus\u00e9e, au tournant des 19\u00b0 et 20\u00b0 si\u00e8cles, par les descriptions romantiques d&rsquo;\u00e9crivains, po\u00e8tes et voyageurs, les \u0153uvres raffin\u00e9es de peintres et de graveurs, et le travail pr\u00e9cieux des photographes.\u00a0<\/span><\/span><strong style=\"color: #000000; font-family: tahoma, geneva, sans-serif; font-size: 12px;\"><br \/>2. BORDIGHERA. Description de la palmeraie m\u00e9di\u00e9vale et de ses traditions palmicoles. <\/strong><span style=\"color: #000000; font-family: tahoma, geneva, sans-serif;\"><span style=\"font-size: 12px;\">Selon la tradition l\u00e9gendaire italienne, les palmiers seraient arriv\u00e9s en Ligurie d\u00e8s les premiers si\u00e8cles du christianisme, avec les moines venus d\u2019Orient. Rien n\u2019exclue par ailleurs une pr\u00e9sence autochtone, remontant \u00e0 une \u00e9poque proto-historique bien plus ancienne. La palmeraie de Bordighera est l\u2019un des sites historiques attestant d\u2019une pr\u00e9sence pr\u00e9coce du palmier dattier en Europe. Ses palmiers ne produisent pas de dattes (en raison de la maturation incompl\u00e8te des fruits), mais des feuilles destin\u00e9es \u00e0 des rituels religieux communs aux chr\u00e9tiens et aux juifs. L\u2019\u00e9poque de l\u2019introduction du palmier en Europe est inconnue. Quelques soient ses origines, le dattier a trouv\u00e9 sur le littoral europ\u00e9en une terre d\u2019accueil, o\u00f9 il germe spontan\u00e9ment et peut se reproduire naturellement. Il a donn\u00e9 naissance dans ces r\u00e9gions \u00e0 une riche tradition religieuse commune aux Juifs et aux Chr\u00e9tiens.<\/span><\/span><br \/><b style=\"color: #000000; font-family: tahoma, geneva, sans-serif; font-size: 12px;\">3. JARDIN <\/b><span style=\"color: #000000; font-family: tahoma, geneva, sans-serif;\"><span style=\"font-size: 12px;\"><b>EXP\u00c9RIMENTAL<\/b><\/span><\/span><b style=\"color: #000000; font-family: tahoma, geneva, sans-serif; font-size: 12px;\">. Une exp\u00e9rience de reconversion \u00e9cosyst\u00e9mique d\u2019un jardin historique de palmiers dattiers. <\/b><span style=\"color: #000000; font-family: tahoma, geneva, sans-serif;\"><span style=\"font-size: 12px;\">Le projet de Jardin Exp\u00e9rimental Phoenix a vu le jour \u00e0 la fin de l\u2019ann\u00e9e 2008. Il concernait le dernier jardin de palmiers dattiers de la palmeraie historique de Bordighera. Situ\u00e9e en Italie cette palmeraie remonte \u00e0 la fin du moyen-\u00e2ge. Le Jardin Exp\u00e9rimental Phoenix est donc l\u2019un des rares jardins ayant perdur\u00e9 de cette \u00e9poque jusqu\u2019\u00e0 nos jours. Il atteste aussi du plus ancien t\u00e9moignage de l\u2019introduction du palmier dattier en Europe, apr\u00e8s la palmeraie espagnole d\u2019Elche. Ce jardin a \u00e9t\u00e9 pendant dix ans le si\u00e8ge de diverses recherches et exp\u00e9rimentations relatives \u00e0 la caract\u00e9risation du palmier dattier, aux savoir faire paysans et \u00e0 une gestion \u00e9cosyst\u00e9mique du site.<\/span><\/span><\/span><\/span><\/span><\/div>\n<div><span style=\"color: #000000;\"><span style=\"font-size: 12px;\"><span style=\"font-family: tahoma,geneva,sans-serif;\"><strong>***<\/strong><\/span><\/span><\/span><\/div>\n<div><span style=\"color: #000000;\"><span style=\"font-size: 12px;\"><span style=\"font-family: tahoma,geneva,sans-serif;\"><strong>Nos recherches ont par la suite \u00e9t\u00e9 d\u00e9velopp\u00e9es dans des contextes plus larges concernant l&rsquo;ensemble du genre Phoenix, auquel ce site est consacr\u00e9. Elles sont accessibles (pour l\u2019essentiel) sur les pages suivantes de ce site web : <\/strong><\/span><\/span><\/span><\/div>\n<div><span style=\"font-size: 12px;\"><span style=\"font-family: tahoma,geneva,sans-serif;\"><strong><span style=\"color: #000000;\">1. Les principales populations de palmiers pr\u00e9sentes \u00e0 Bordighera: <a href=\"http:\/\/www.listephoenix.com\/?page_id=7467\" target=\"_blank\" rel=\"noopener\">diversification<\/a>\u00a0<\/span><\/strong><\/span><\/span><\/div>\n<div><span style=\"font-size: 12px;\"><span style=\"font-family: tahoma,geneva,sans-serif;\"><span style=\"color: #000000;\"><strong>2. L\u2019histoire et la diffusion du palmier ornemental <em>Phoenix canariensis<\/em>: <a href=\"http:\/\/www.listephoenix.com\/?page_id=2301\" target=\"_blank\" rel=\"noopener\">canariensis<\/a>\u00a0<\/strong><\/span><\/span><\/span><\/div>\n<div><span style=\"font-size: 12px;\"><span style=\"font-family: tahoma,geneva,sans-serif;\"><strong><span style=\"color: #000000;\">3. Etude des morphotypes de palmiers dattiers:<\/span><\/strong> <a href=\"http:\/\/www.listephoenix.com\/?page_id=691\" target=\"_blank\" rel=\"noopener\"><strong>morphometrie<\/strong><\/a><\/span><\/span><\/div>\n<div><span style=\"font-size: 12px;\"><span style=\"font-family: tahoma,geneva,sans-serif;\"><strong><span style=\"color: #000000;\">4. L&rsquo;hybridation dans le genre Phoenix:<\/span><\/strong> <a href=\"http:\/\/www.listephoenix.com\/?page_id=2302\" target=\"_blank\" rel=\"noopener\"><strong>hybridation<\/strong><\/a><\/span><\/span><\/div>\n<div><span style=\"font-size: 12px;\"><span style=\"font-family: tahoma,geneva,sans-serif;\"><span style=\"color: #000000;\"><strong>5. La ph\u00e9nologie du palmier dattier (\u00e9tude comparative)<\/strong><strong>: <a href=\"http:\/\/www.listephoenix.com\/?page_id=2273\" target=\"_blank\" rel=\"noopener\">phoenologie<\/a><\/strong><\/span><\/span><\/span><\/div>\n<\/div>\n<\/div>\n\n\n<p><\/p>\n","protected":false},"excerpt":{"rendered":"<p>Citer cet article: CASTELLANA Robert 2012-2015. LES COLLECTIONS DE PALMIERS DE LA COTE D&rsquo;AZUR (French &amp; Italian Riviera) &amp; L&rsquo;HISTOIRE DE L&rsquo;ACCLIMATATION. CRP Ed. Statut:&#8230;<\/p>\n<div class=\"more-link-wrapper\"><a class=\"more-link\" href=\"http:\/\/www.listephoenix.com\/?page_id=2925\">Continue reading<span class=\"screen-reader-text\">I. RIVIERA GARDENS<\/span><\/a><\/div>\n","protected":false},"author":2,"featured_media":0,"parent":0,"menu_order":0,"comment_status":"closed","ping_status":"closed","template":"","meta":{"footnotes":""},"class_list":["post-2925","page","type-page","status-publish","hentry","entry"],"_links":{"self":[{"href":"http:\/\/www.listephoenix.com\/index.php?rest_route=\/wp\/v2\/pages\/2925","targetHints":{"allow":["GET"]}}],"collection":[{"href":"http:\/\/www.listephoenix.com\/index.php?rest_route=\/wp\/v2\/pages"}],"about":[{"href":"http:\/\/www.listephoenix.com\/index.php?rest_route=\/wp\/v2\/types\/page"}],"author":[{"embeddable":true,"href":"http:\/\/www.listephoenix.com\/index.php?rest_route=\/wp\/v2\/users\/2"}],"replies":[{"embeddable":true,"href":"http:\/\/www.listephoenix.com\/index.php?rest_route=%2Fwp%2Fv2%2Fcomments&post=2925"}],"version-history":[{"count":124,"href":"http:\/\/www.listephoenix.com\/index.php?rest_route=\/wp\/v2\/pages\/2925\/revisions"}],"predecessor-version":[{"id":13078,"href":"http:\/\/www.listephoenix.com\/index.php?rest_route=\/wp\/v2\/pages\/2925\/revisions\/13078"}],"wp:attachment":[{"href":"http:\/\/www.listephoenix.com\/index.php?rest_route=%2Fwp%2Fv2%2Fmedia&parent=2925"}],"curies":[{"name":"wp","href":"https:\/\/api.w.org\/{rel}","templated":true}]}}