{"id":386,"date":"2012-01-07T13:23:01","date_gmt":"2012-01-07T12:23:01","guid":{"rendered":"http:\/\/www.art.listephoenix.com\/?page_id=386"},"modified":"2025-04-04T12:03:20","modified_gmt":"2025-04-04T11:03:20","slug":"palm-sunday","status":"publish","type":"page","link":"http:\/\/www.listephoenix.com\/?page_id=386","title":{"rendered":"4.Ethiopie"},"content":{"rendered":"\n<p><strong>Citer cet article: <\/strong>CASTELLANA Robert 2014. <em>Dies Palmarum<\/em>. La tradition religieuse des palmes tress\u00e9es dans le monde m\u00e9diterran\u00e9en. Chapitre 4: Ethiopie. CRP ed. Publication en ligne. <strong><a href=\"http:\/\/www.listephoenix.com\/?page_id=10256\">Lien<\/a><\/strong><\/p>\n\n\n\n<figure class=\"wp-block-image size-full\"><img loading=\"lazy\" decoding=\"async\" width=\"643\" height=\"768\" src=\"http:\/\/www.listephoenix.com\/wp-content\/uploads\/2012\/01\/Rameaux-Ethiopia-Palm-Sunday.jpg\" alt=\"\" class=\"wp-image-4850\" srcset=\"http:\/\/www.listephoenix.com\/wp-content\/uploads\/2012\/01\/Rameaux-Ethiopia-Palm-Sunday.jpg 643w, http:\/\/www.listephoenix.com\/wp-content\/uploads\/2012\/01\/Rameaux-Ethiopia-Palm-Sunday-125x150.jpg 125w, http:\/\/www.listephoenix.com\/wp-content\/uploads\/2012\/01\/Rameaux-Ethiopia-Palm-Sunday-251x300.jpg 251w\" sizes=\"auto, (max-width: 643px) 100vw, 643px\" \/><\/figure>\n\n\n\n<p><a href=\"http:\/\/www.listephoenix.com\/?attachment_id=4850\" target=\"_blank\" rel=\"noreferrer noopener\"><\/a>Illustration \u00e9thiopienne du Palm Sunday datant du XVII\u00b0 si\u00e8cle, extraite de <em>The Miracles of the Blessed Virgin Mary<\/em>.&nbsp;<\/p>\n\n\n\n<p><strong>Les c\u00e9l\u00e9brations liturgiques et populaires de la Semaine Sainte se retrouvent dans l\u2019ensemble des \u00e9glises d\u2019Orient et <\/strong><strong>notamment dans l&rsquo;une des plus anciennes d&rsquo;entre elles, l&rsquo;Eglise africaine d&rsquo;Ethiopie. D\u00e9nomm\u00e9 <\/strong><em>Hossana<\/em><strong>, le <\/strong><em>Dies Palmarum<\/em><strong> \u00e9thiopien s&rsquo;apparente par bien des aspects aux c\u00e9r\u00e9monies des Coptes \u00e9gyptiens. L&rsquo;Eglise d&rsquo;Ethiopie \u00e9tait en effet d\u00e9pendante jusqu&rsquo;au XX\u00b0 si\u00e8cle de celle d&rsquo;Egypte. Elle a toutefois d\u00e9velopp\u00e9 des particularit\u00e9s rituelles sp\u00e9cifiques<\/strong><strong>.<\/strong><\/p>\n\n\n\n<figure class=\"wp-block-image\"><a href=\"http:\/\/www.listephoenix.com\/wp-content\/uploads\/2020\/08\/PalmSunday-office-Abysinnia-Church-Festival-Africa-Print-1868-The-illustrated-London-news-2.jpg\"><img loading=\"lazy\" decoding=\"async\" width=\"1024\" height=\"699\" src=\"http:\/\/www.listephoenix.com\/wp-content\/uploads\/2020\/08\/PalmSunday-office-Abysinnia-Church-Festival-Africa-Print-1868-The-illustrated-London-news-2-1024x699.jpg\" alt=\"\" class=\"wp-image-10657\" srcset=\"http:\/\/www.listephoenix.com\/wp-content\/uploads\/2020\/08\/PalmSunday-office-Abysinnia-Church-Festival-Africa-Print-1868-The-illustrated-London-news-2-1024x699.jpg 1024w, http:\/\/www.listephoenix.com\/wp-content\/uploads\/2020\/08\/PalmSunday-office-Abysinnia-Church-Festival-Africa-Print-1868-The-illustrated-London-news-2-150x102.jpg 150w, http:\/\/www.listephoenix.com\/wp-content\/uploads\/2020\/08\/PalmSunday-office-Abysinnia-Church-Festival-Africa-Print-1868-The-illustrated-London-news-2-300x205.jpg 300w, http:\/\/www.listephoenix.com\/wp-content\/uploads\/2020\/08\/PalmSunday-office-Abysinnia-Church-Festival-Africa-Print-1868-The-illustrated-London-news-2-768x524.jpg 768w, http:\/\/www.listephoenix.com\/wp-content\/uploads\/2020\/08\/PalmSunday-office-Abysinnia-Church-Festival-Africa-Print-1868-The-illustrated-London-news-2.jpg 1583w\" sizes=\"auto, (max-width: 1024px) 100vw, 1024px\" \/><\/a><\/figure>\n\n\n\n<p>Palm Sunday office Abysinnia Church Festival Africa Print 1868 The illustrated London news<\/p>\n\n\n\n<p><strong>Bibliographie<\/strong><\/p>\n\n\n\n<p><strong>LEPAGE<\/strong><strong>C.<\/strong><strong>1997<\/strong>. <strong>Premi\u00e8re iconographie chr\u00e9tienne de Palestine. Controverses anciennes et perspectives \u00e0 la lumi\u00e8re des liturgies et monuments \u00e9thiopiens.<\/strong> In Comptes-rendus des s\u00e9ances de l&rsquo;Acad\u00e9mie des Inscriptions et Belles-Lettres, 141e ann\u00e9e, N. 3, 1997. pp. 739-782. <strong>Link<\/strong>: <a href=\"http:\/\/www.persee.fr\/web\/revues\/home\/prescript\/article\/crai_0065-0536_1997_num_141_3_15777\" target=\"_blank\" rel=\"noreferrer noopener\">http:\/\/www.persee.fr\/<\/a><\/p>\n\n\n\n<p><strong>Filmographie<\/strong><\/p>\n\n\n\n<figure class=\"wp-block-embed is-type-rich is-provider-prise-en-charge-des-contenus-embarqu-s wp-block-embed-prise-en-charge-des-contenus-embarqu-s wp-embed-aspect-4-3 wp-has-aspect-ratio\"><div class=\"wp-block-embed__wrapper\">\n<iframe loading=\"lazy\" title=\"EOTC Hosaena mezmur\" width=\"500\" height=\"375\" src=\"https:\/\/www.youtube.com\/embed\/S-VU9QO68ng?feature=oembed\" frameborder=\"0\" allow=\"accelerometer; autoplay; clipboard-write; encrypted-media; gyroscope; picture-in-picture; web-share\" referrerpolicy=\"strict-origin-when-cross-origin\" allowfullscreen><\/iframe>\n<\/div><\/figure>\n\n\n\n<p><a href=\"http:\/\/www.listephoenix.com\/?page_id=5261\"><strong>Lire la suite<\/strong><\/a>: la tradition grecque<\/p>\n\n\n\n<p><strong>Iconographie<\/strong><\/p>\n\n\n\n<figure class=\"wp-block-image\"><a href=\"http:\/\/www.listephoenix.com\/wp-content\/uploads\/2020\/08\/Hosanna_Palm_Leaf_Ring-@tsehayskitchen.jpg\" target=\"_blank\" rel=\"noreferrer noopener\"><img loading=\"lazy\" decoding=\"async\" width=\"250\" height=\"300\" src=\"http:\/\/www.listephoenix.com\/wp-content\/uploads\/2020\/08\/Hosanna_Palm_Leaf_Ring-@tsehayskitchen-250x300.jpg\" alt=\"\" class=\"wp-image-10576\" srcset=\"http:\/\/www.listephoenix.com\/wp-content\/uploads\/2020\/08\/Hosanna_Palm_Leaf_Ring-@tsehayskitchen-250x300.jpg 250w, http:\/\/www.listephoenix.com\/wp-content\/uploads\/2020\/08\/Hosanna_Palm_Leaf_Ring-@tsehayskitchen-125x150.jpg 125w, http:\/\/www.listephoenix.com\/wp-content\/uploads\/2020\/08\/Hosanna_Palm_Leaf_Ring-@tsehayskitchen-768x922.jpg 768w, http:\/\/www.listephoenix.com\/wp-content\/uploads\/2020\/08\/Hosanna_Palm_Leaf_Ring-@tsehayskitchen-853x1024.jpg 853w, http:\/\/www.listephoenix.com\/wp-content\/uploads\/2020\/08\/Hosanna_Palm_Leaf_Ring-@tsehayskitchen.jpg 1440w\" sizes=\"auto, (max-width: 250px) 100vw, 250px\" \/><\/a><\/figure>\n\n\n\n<p>@tsehayskitchen<\/p>\n\n\n\n<p><strong>Reportage<\/strong><\/p>\n\n\n\n<p>(Copyright Apr 04, 2018 HiwotVideo) <\/p>\n\n\n\n<figure class=\"wp-block-gallery has-nested-images columns-3 is-cropped wp-block-gallery-1 is-layout-flex wp-block-gallery-is-layout-flex\">\n<figure class=\"wp-block-image size-large\"><img loading=\"lazy\" decoding=\"async\" width=\"1024\" height=\"568\" data-id=\"10578\" src=\"http:\/\/www.listephoenix.com\/wp-content\/uploads\/2020\/08\/Palm-Sunday-Ethiopia-0-1024x568.jpg\" alt=\"\" class=\"wp-image-10578\" srcset=\"http:\/\/www.listephoenix.com\/wp-content\/uploads\/2020\/08\/Palm-Sunday-Ethiopia-0-1024x568.jpg 1024w, http:\/\/www.listephoenix.com\/wp-content\/uploads\/2020\/08\/Palm-Sunday-Ethiopia-0-150x83.jpg 150w, http:\/\/www.listephoenix.com\/wp-content\/uploads\/2020\/08\/Palm-Sunday-Ethiopia-0-300x166.jpg 300w, http:\/\/www.listephoenix.com\/wp-content\/uploads\/2020\/08\/Palm-Sunday-Ethiopia-0-768x426.jpg 768w, http:\/\/www.listephoenix.com\/wp-content\/uploads\/2020\/08\/Palm-Sunday-Ethiopia-0.jpg 1058w\" sizes=\"auto, (max-width: 1024px) 100vw, 1024px\" \/><\/figure>\n\n\n\n<figure class=\"wp-block-image size-large\"><img loading=\"lazy\" decoding=\"async\" width=\"656\" height=\"477\" data-id=\"10579\" src=\"http:\/\/www.listephoenix.com\/wp-content\/uploads\/2020\/08\/Palm-Sunday-Ethiopia-1.jpg\" alt=\"\" class=\"wp-image-10579\" srcset=\"http:\/\/www.listephoenix.com\/wp-content\/uploads\/2020\/08\/Palm-Sunday-Ethiopia-1.jpg 656w, http:\/\/www.listephoenix.com\/wp-content\/uploads\/2020\/08\/Palm-Sunday-Ethiopia-1-150x109.jpg 150w, http:\/\/www.listephoenix.com\/wp-content\/uploads\/2020\/08\/Palm-Sunday-Ethiopia-1-300x218.jpg 300w\" sizes=\"auto, (max-width: 656px) 100vw, 656px\" \/><\/figure>\n\n\n\n<figure class=\"wp-block-image size-large\"><img loading=\"lazy\" decoding=\"async\" width=\"835\" height=\"590\" data-id=\"10580\" src=\"http:\/\/www.listephoenix.com\/wp-content\/uploads\/2020\/08\/Palm-Sunday-Ethiopia-2.jpg\" alt=\"\" class=\"wp-image-10580\" srcset=\"http:\/\/www.listephoenix.com\/wp-content\/uploads\/2020\/08\/Palm-Sunday-Ethiopia-2.jpg 835w, http:\/\/www.listephoenix.com\/wp-content\/uploads\/2020\/08\/Palm-Sunday-Ethiopia-2-150x106.jpg 150w, http:\/\/www.listephoenix.com\/wp-content\/uploads\/2020\/08\/Palm-Sunday-Ethiopia-2-300x212.jpg 300w, http:\/\/www.listephoenix.com\/wp-content\/uploads\/2020\/08\/Palm-Sunday-Ethiopia-2-768x543.jpg 768w\" sizes=\"auto, (max-width: 835px) 100vw, 835px\" \/><\/figure>\n\n\n\n<figure class=\"wp-block-image size-large\"><img loading=\"lazy\" decoding=\"async\" width=\"651\" height=\"703\" data-id=\"10581\" src=\"http:\/\/www.listephoenix.com\/wp-content\/uploads\/2020\/08\/Palm-Sunday-Ethiopia-3.jpg\" alt=\"\" class=\"wp-image-10581\" srcset=\"http:\/\/www.listephoenix.com\/wp-content\/uploads\/2020\/08\/Palm-Sunday-Ethiopia-3.jpg 651w, http:\/\/www.listephoenix.com\/wp-content\/uploads\/2020\/08\/Palm-Sunday-Ethiopia-3-139x150.jpg 139w, http:\/\/www.listephoenix.com\/wp-content\/uploads\/2020\/08\/Palm-Sunday-Ethiopia-3-278x300.jpg 278w\" sizes=\"auto, (max-width: 651px) 100vw, 651px\" \/><\/figure>\n\n\n\n<figure class=\"wp-block-image size-large\"><img loading=\"lazy\" decoding=\"async\" width=\"945\" height=\"697\" data-id=\"10582\" src=\"http:\/\/www.listephoenix.com\/wp-content\/uploads\/2020\/08\/Palm-Sunday-Ethiopia-4.jpg\" alt=\"\" class=\"wp-image-10582\" srcset=\"http:\/\/www.listephoenix.com\/wp-content\/uploads\/2020\/08\/Palm-Sunday-Ethiopia-4.jpg 945w, http:\/\/www.listephoenix.com\/wp-content\/uploads\/2020\/08\/Palm-Sunday-Ethiopia-4-150x111.jpg 150w, http:\/\/www.listephoenix.com\/wp-content\/uploads\/2020\/08\/Palm-Sunday-Ethiopia-4-300x221.jpg 300w, http:\/\/www.listephoenix.com\/wp-content\/uploads\/2020\/08\/Palm-Sunday-Ethiopia-4-768x566.jpg 768w\" sizes=\"auto, (max-width: 945px) 100vw, 945px\" \/><\/figure>\n<\/figure>\n\n\n\n<p><strong>Ethiopia Hosanna (vid\u00e9os) <\/strong> <strong><a href=\"https:\/\/borkena.com\/2014\/04\/13\/ethiopia-hosanna-palm-sunday-orthodox-tradition\/\" target=\"_blank\" rel=\"noreferrer noopener\">Link<\/a><\/strong><\/p>\n\n\n\n<p><a href=\"http:\/\/www.listephoenix.com\/?page_id=5261\"><strong>Lire la suite<\/strong><\/a>: la tradition grecque<\/p>\n","protected":false},"excerpt":{"rendered":"<p>Citer cet article: CASTELLANA Robert 2014. Dies Palmarum. La tradition religieuse des palmes tress\u00e9es dans le monde m\u00e9diterran\u00e9en. Chapitre 4: Ethiopie. CRP ed. Publication en&#8230;<\/p>\n<div class=\"more-link-wrapper\"><a class=\"more-link\" href=\"http:\/\/www.listephoenix.com\/?page_id=386\">Continue reading<span class=\"screen-reader-text\">4.Ethiopie<\/span><\/a><\/div>\n","protected":false},"author":2,"featured_media":0,"parent":10256,"menu_order":4,"comment_status":"closed","ping_status":"closed","template":"","meta":{"footnotes":""},"class_list":["post-386","page","type-page","status-publish","hentry","entry"],"_links":{"self":[{"href":"http:\/\/www.listephoenix.com\/index.php?rest_route=\/wp\/v2\/pages\/386","targetHints":{"allow":["GET"]}}],"collection":[{"href":"http:\/\/www.listephoenix.com\/index.php?rest_route=\/wp\/v2\/pages"}],"about":[{"href":"http:\/\/www.listephoenix.com\/index.php?rest_route=\/wp\/v2\/types\/page"}],"author":[{"embeddable":true,"href":"http:\/\/www.listephoenix.com\/index.php?rest_route=\/wp\/v2\/users\/2"}],"replies":[{"embeddable":true,"href":"http:\/\/www.listephoenix.com\/index.php?rest_route=%2Fwp%2Fv2%2Fcomments&post=386"}],"version-history":[{"count":69,"href":"http:\/\/www.listephoenix.com\/index.php?rest_route=\/wp\/v2\/pages\/386\/revisions"}],"predecessor-version":[{"id":13100,"href":"http:\/\/www.listephoenix.com\/index.php?rest_route=\/wp\/v2\/pages\/386\/revisions\/13100"}],"up":[{"embeddable":true,"href":"http:\/\/www.listephoenix.com\/index.php?rest_route=\/wp\/v2\/pages\/10256"}],"wp:attachment":[{"href":"http:\/\/www.listephoenix.com\/index.php?rest_route=%2Fwp%2Fv2%2Fmedia&parent=386"}],"curies":[{"name":"wp","href":"https:\/\/api.w.org\/{rel}","templated":true}]}}