{"id":5087,"date":"2013-02-24T21:03:28","date_gmt":"2013-02-24T20:03:28","guid":{"rendered":"http:\/\/www.listephoenix.com\/?page_id=5087"},"modified":"2024-10-28T11:40:46","modified_gmt":"2024-10-28T10:40:46","slug":"plan-du-site","status":"publish","type":"page","link":"http:\/\/www.listephoenix.com\/?page_id=5087","title":{"rendered":"Plan du site"},"content":{"rendered":"<p><strong>Consacr\u00e9 \u00e0 l&rsquo;\u00e9cologie des palmiers du genre Phoenix (Ar\u00e9cac\u00e9es), ce site web a vu le jour \u00e0 l\u2018occasion des d\u00e9veloppements du Projet Phoenix. Initi\u00e9 en 2008, ce projet s\u2019inscrivait dans le cadre d\u2019une approche \u00e9cologique pluridisciplinaire et int\u00e9grative, associant les sciences de la nature et les sciences sociales. Il a notamment permis d\u2019exp\u00e9rimenter divers protocoles de recherches, qui ont ensuite \u00e9t\u00e9 appliqu\u00e9s \u00e0 l\u2019\u00e9tude de la biodiversit\u00e9 tropicale et \u00e0 celle des soci\u00e9t\u00e9s m\u00e9diterran\u00e9ennes et moyen-orientales. Les rubriques du site traitent des th\u00e8mes suivants\u00a0:<\/strong><\/p>\n<p>* <strong>RIVIERA<\/strong>. Ces dossiers concernent les palmeraies ornementales de la C\u00f4te d\u2019Azur fran\u00e7aise et italienne (French &amp; Italian Riviera) et les recherches pilotes conduites dans ces r\u00e9gions, notamment autour du site de notre Jardin Exp\u00e9rimental Phoenix de Bordighera.<\/p>\n<p>* <strong>PALMICULTURE &amp; OASIS<\/strong>. Cette th\u00e9matique traite du monde oasien, et plus particuli\u00e8rement de l\u2019agro-biodiversit\u00e9 des oasis de palmiers-dattiers, un \u00e9cosyst\u00e8me fragile et menac\u00e9, qui pr\u00e9sente un grand int\u00e9r\u00eat \u00e0 la fois \u00e9cologique, \u00e9conomique et patrimonial.<\/p>\n<p>* <strong>BIOLOGIE<\/strong>. Nous tenons \u00e0 jour une riche documentation consacr\u00e9e \u00e0 la description botanique du genre Phoenix et aux \u00e9tudes men\u00e9es \u00e0 ce propos par diverses institutions partenaires du Projet Phoenix.<\/p>\n<p>* <strong>ANTHROPOLOGIE<\/strong>. Nous publions de m\u00eame des articles relatifs \u00e0 l\u2019importance occup\u00e9e par les palmiers dans l\u2019histoire des contacts entre les civilisations de l\u2019aire culturelle m\u00e9diterran\u00e9enne, de l\u2019antiquit\u00e9 \u00e0 nos jours.<\/p>\n<p><strong>* DIES PALMARUM. <\/strong>La tradition du Dies Palmarum inaugure la principale des f\u00eates chr\u00e9tiennes, la semaine pascale. Dans le monde m\u00e9diterran\u00e9en, elle s\u2019accompagne d\u2019un riche artisanat populaire constitu\u00e9 de motifs religieux de folioles de palmes tress\u00e9es.<\/p>\n<p>* <strong>MENACES<\/strong>. Nous rendons compte par ailleurs des menaces qui p\u00e8sent sur les palmiers ornementaux et sur les cultures vivri\u00e8res, avec la propagation de divers ravageurs li\u00e9e \u00e0 des importations massives, dont le charan\u00e7on rouge.<\/p>\n<p>* <strong>WEB SURWEY<\/strong>. Cette veille documentaire donne acc\u00e8s aux publications accessibles en ligne sur l\u2019ensemble des sujets qui nous pr\u00e9occupent. Elle est mise \u00e0 jour deux fois par an, depuis 2012.<\/p>\n\n\n<div class=\"wsp-container\"><h2 class=\"wsp-pages-title\">Pages<\/h2>\n<ul class=\"wsp-pages-list\">\n<li class=\"page_item page-item-12760\"><a href=\"http:\/\/www.listephoenix.com\/\">ACTUALIT\u00c9S<\/a><\/li>\n<li class=\"page_item page-item-2925 page_item_has_children\"><a href=\"http:\/\/www.listephoenix.com\/?page_id=2925\">I. RIVIERA GARDENS<\/a>\n<ul class='children'>\n\t<li class=\"page_item page-item-7603\"><a href=\"http:\/\/www.listephoenix.com\/?page_id=7603\">1.Acclimatation<\/a><\/li>\n\t<li class=\"page_item page-item-2288\"><a href=\"http:\/\/www.listephoenix.com\/?page_id=2288\">2.Bordighera<\/a><\/li>\n\t<li class=\"page_item page-item-7585\"><a href=\"http:\/\/www.listephoenix.com\/?page_id=7585\">3.Jardin Exp\u00e9rimental<\/a><\/li>\n<\/ul>\n<\/li>\n<li class=\"page_item page-item-8217\"><a href=\"http:\/\/www.listephoenix.com\/?page_id=8217\">PRESENTATION<\/a><\/li>\n<li class=\"page_item page-item-2281 page_item_has_children\"><a href=\"http:\/\/www.listephoenix.com\/?page_id=2281\">II. AGRONOMIE<\/a>\n<ul class='children'>\n\t<li class=\"page_item page-item-8192\"><a href=\"http:\/\/www.listephoenix.com\/?page_id=8192\">1.Agroforesterie<\/a><\/li>\n\t<li class=\"page_item page-item-8196\"><a href=\"http:\/\/www.listephoenix.com\/?page_id=8196\">2.Irrigation<\/a><\/li>\n\t<li class=\"page_item page-item-8198\"><a href=\"http:\/\/www.listephoenix.com\/?page_id=8198\">3.P\u00e9dologie<\/a><\/li>\n\t<li class=\"page_item page-item-8201\"><a href=\"http:\/\/www.listephoenix.com\/?page_id=8201\">4.Dattes<\/a><\/li>\n\t<li class=\"page_item page-item-8204\"><a href=\"http:\/\/www.listephoenix.com\/?page_id=8204\">5.Elevage<\/a><\/li>\n\t<li class=\"page_item page-item-8206\"><a href=\"http:\/\/www.listephoenix.com\/?page_id=8206\">6.Artisanat<\/a><\/li>\n\t<li class=\"page_item page-item-2313 page_item_has_children\"><a href=\"http:\/\/www.listephoenix.com\/?page_id=2313\">Oasis monographies<\/a>\n\t<ul class='children'>\n\t\t<li class=\"page_item page-item-9695\"><a href=\"http:\/\/www.listephoenix.com\/?page_id=9695\">Aegean Sea<\/a><\/li>\n\t\t<li class=\"page_item page-item-8248\"><a href=\"http:\/\/www.listephoenix.com\/?page_id=8248\">Bordighera (IT)<\/a><\/li>\n\t\t<li class=\"page_item page-item-893\"><a href=\"http:\/\/www.listephoenix.com\/?page_id=893\">Elche (SP)<\/a><\/li>\n\t\t<li class=\"page_item page-item-2285\"><a href=\"http:\/\/www.listephoenix.com\/?page_id=2285\">Gabes (TN)<\/a><\/li>\n\t\t<li class=\"page_item page-item-2286\"><a href=\"http:\/\/www.listephoenix.com\/?page_id=2286\">Ghardaia (DZ)<\/a><\/li>\n\t\t<li class=\"page_item page-item-7261\"><a href=\"http:\/\/www.listephoenix.com\/?page_id=7261\">Kerkennah (TN)<\/a><\/li>\n\t\t<li class=\"page_item page-item-2301\"><a href=\"http:\/\/www.listephoenix.com\/?page_id=2301\">P. canariensis (SP)<\/a><\/li>\n\t\t<li class=\"page_item page-item-2287\"><a href=\"http:\/\/www.listephoenix.com\/?page_id=2287\">Punjab (PK)<\/a><\/li>\n\t\t<li class=\"page_item page-item-6687\"><a href=\"http:\/\/www.listephoenix.com\/?page_id=6687\">Sahel<\/a><\/li>\n\t<\/ul>\n<\/li>\n<\/ul>\n<\/li>\n<li class=\"page_item page-item-2271 page_item_has_children\"><a href=\"http:\/\/www.listephoenix.com\/?page_id=2271\">III. BOTANIQUE<\/a>\n<ul class='children'>\n\t<li class=\"page_item page-item-2272 page_item_has_children\"><a href=\"http:\/\/www.listephoenix.com\/?page_id=2272\">4. Genetique<\/a>\n\t<ul class='children'>\n\t\t<li class=\"page_item page-item-6886\"><a href=\"http:\/\/www.listephoenix.com\/?page_id=6886\">Caracterisation<\/a><\/li>\n\t\t<li class=\"page_item page-item-2300\"><a href=\"http:\/\/www.listephoenix.com\/?page_id=2300\">Propagation<\/a><\/li>\n\t\t<li class=\"page_item page-item-2302\"><a href=\"http:\/\/www.listephoenix.com\/?page_id=2302\">Hybridation<\/a><\/li>\n\t<\/ul>\n<\/li>\n\t<li class=\"page_item page-item-2274 page_item_has_children\"><a href=\"http:\/\/www.listephoenix.com\/?page_id=2274\">2. Morphometrie<\/a>\n\t<ul class='children'>\n\t\t<li class=\"page_item page-item-2299\"><a href=\"http:\/\/www.listephoenix.com\/?page_id=2299\">Architecture<\/a><\/li>\n\t\t<li class=\"page_item page-item-691\"><a href=\"http:\/\/www.listephoenix.com\/?page_id=691\">Feuilles<\/a><\/li>\n\t\t<li class=\"page_item page-item-2298\"><a href=\"http:\/\/www.listephoenix.com\/?page_id=2298\">Graines<\/a><\/li>\n\t\t<li class=\"page_item page-item-9043\"><a href=\"http:\/\/www.listephoenix.com\/?page_id=9043\">Modelisation<\/a><\/li>\n\t<\/ul>\n<\/li>\n\t<li class=\"page_item page-item-2273 page_item_has_children\"><a href=\"http:\/\/www.listephoenix.com\/?page_id=2273\">3. Ph\u00e9nologie<\/a>\n\t<ul class='children'>\n\t\t<li class=\"page_item page-item-2304\"><a href=\"http:\/\/www.listephoenix.com\/?page_id=2304\">Djibouti<\/a><\/li>\n\t\t<li class=\"page_item page-item-2306\"><a href=\"http:\/\/www.listephoenix.com\/?page_id=2306\">Gabes<\/a><\/li>\n\t\t<li class=\"page_item page-item-2303\"><a href=\"http:\/\/www.listephoenix.com\/?page_id=2303\">Sanremo-Bordighera<\/a><\/li>\n\t\t<li class=\"page_item page-item-4923\"><a href=\"http:\/\/www.listephoenix.com\/?page_id=4923\">Sud Amerique<\/a><\/li>\n\t\t<li class=\"page_item page-item-2305\"><a href=\"http:\/\/www.listephoenix.com\/?page_id=2305\">Tozeur<\/a><\/li>\n\t<\/ul>\n<\/li>\n\t<li class=\"page_item page-item-2276 page_item_has_children\"><a href=\"http:\/\/www.listephoenix.com\/?page_id=2276\">1. Distribution<\/a>\n\t<ul class='children'>\n\t\t<li class=\"page_item page-item-2297\"><a href=\"http:\/\/www.listephoenix.com\/?page_id=2297\">Afrique occidentale<\/a><\/li>\n\t\t<li class=\"page_item page-item-2295\"><a href=\"http:\/\/www.listephoenix.com\/?page_id=2295\">Afrique orientale<\/a><\/li>\n\t\t<li class=\"page_item page-item-2294\"><a href=\"http:\/\/www.listephoenix.com\/?page_id=2294\">Mediterranee<\/a><\/li>\n\t\t<li class=\"page_item page-item-2296\"><a href=\"http:\/\/www.listephoenix.com\/?page_id=2296\">Moyen Orient<\/a><\/li>\n\t<\/ul>\n<\/li>\n<\/ul>\n<\/li>\n<li class=\"page_item page-item-2277 page_item_has_children\"><a href=\"http:\/\/www.listephoenix.com\/?page_id=2277\">IV. ANTHROPOLOGIE<\/a>\n<ul class='children'>\n\t<li class=\"page_item page-item-2293\"><a href=\"http:\/\/www.listephoenix.com\/?page_id=2293\">3. Islam<\/a><\/li>\n\t<li class=\"page_item page-item-533\"><a href=\"http:\/\/www.listephoenix.com\/?page_id=533\">1. Egypte<\/a><\/li>\n\t<li class=\"page_item page-item-538\"><a href=\"http:\/\/www.listephoenix.com\/?page_id=538\">2. Grece<\/a><\/li>\n\t<li class=\"page_item page-item-2310\"><a href=\"http:\/\/www.listephoenix.com\/?page_id=2310\">4. Orientalisme<\/a><\/li>\n\t<li class=\"page_item page-item-5777\"><a href=\"http:\/\/www.listephoenix.com\/?page_id=5777\">5. Exotisme<\/a><\/li>\n<\/ul>\n<\/li>\n<li class=\"page_item page-item-10256 page_item_has_children\"><a href=\"http:\/\/www.listephoenix.com\/?page_id=10256\">Dies palmarum<\/a>\n<ul class='children'>\n\t<li class=\"page_item page-item-540\"><a href=\"http:\/\/www.listephoenix.com\/?page_id=540\">1.Origines<\/a><\/li>\n\t<li class=\"page_item page-item-5258\"><a href=\"http:\/\/www.listephoenix.com\/?page_id=5258\">2.Orient<\/a><\/li>\n\t<li class=\"page_item page-item-5386\"><a href=\"http:\/\/www.listephoenix.com\/?page_id=5386\">3.Egypte<\/a><\/li>\n\t<li class=\"page_item page-item-386\"><a href=\"http:\/\/www.listephoenix.com\/?page_id=386\">4.Ethiopie<\/a><\/li>\n\t<li class=\"page_item page-item-5261\"><a href=\"http:\/\/www.listephoenix.com\/?page_id=5261\">5.Grece<\/a><\/li>\n\t<li class=\"page_item page-item-2289\"><a href=\"http:\/\/www.listephoenix.com\/?page_id=2289\">6.Rome<\/a><\/li>\n\t<li class=\"page_item page-item-2290\"><a href=\"http:\/\/www.listephoenix.com\/?page_id=2290\">7.Sardaigne<\/a><\/li>\n\t<li class=\"page_item page-item-531\"><a href=\"http:\/\/www.listephoenix.com\/?page_id=531\">8.Espagne<\/a><\/li>\n\t<li class=\"page_item page-item-2291\"><a href=\"http:\/\/www.listephoenix.com\/?page_id=2291\">9.Corse<\/a><\/li>\n\t<li class=\"page_item page-item-10768\"><a href=\"http:\/\/www.listephoenix.com\/?page_id=10768\">10.Riviera<\/a><\/li>\n\t<li class=\"page_item page-item-2292\"><a href=\"http:\/\/www.listephoenix.com\/?page_id=2292\">11.France<\/a><\/li>\n<\/ul>\n<\/li>\n<li class=\"page_item page-item-536 page_item_has_children\"><a href=\"http:\/\/www.listephoenix.com\/?page_id=536\">Soukkot<\/a>\n<ul class='children'>\n\t<li class=\"page_item page-item-13187\"><a href=\"http:\/\/www.listephoenix.com\/?page_id=13187\">1. La liturgie<\/a><\/li>\n\t<li class=\"page_item page-item-13214\"><a href=\"http:\/\/www.listephoenix.com\/?page_id=13214\">2. Le c\u00e9drat<\/a><\/li>\n\t<li class=\"page_item page-item-13225\"><a href=\"http:\/\/www.listephoenix.com\/?page_id=13225\">3. Le palmier<\/a><\/li>\n<\/ul>\n<\/li>\n<li class=\"page_item page-item-7469 page_item_has_children\"><a href=\"http:\/\/www.listephoenix.com\/?page_id=7469\">V. MENACES<\/a>\n<ul class='children'>\n\t<li class=\"page_item page-item-9990\"><a href=\"http:\/\/www.listephoenix.com\/?page_id=9990\">7.Riviera Gardens<\/a><\/li>\n\t<li class=\"page_item page-item-12545\"><a href=\"http:\/\/www.listephoenix.com\/?page_id=12545\">9.Bordighera<\/a><\/li>\n\t<li class=\"page_item page-item-7461\"><a href=\"http:\/\/www.listephoenix.com\/?page_id=7461\">1.Lutte int\u00e9gr\u00e9e<\/a><\/li>\n\t<li class=\"page_item page-item-11875\"><a href=\"http:\/\/www.listephoenix.com\/?page_id=11875\">2.Gestion<\/a><\/li>\n\t<li class=\"page_item page-item-11878\"><a href=\"http:\/\/www.listephoenix.com\/?page_id=11878\">3.Piegeage<\/a><\/li>\n\t<li class=\"page_item page-item-11886\"><a href=\"http:\/\/www.listephoenix.com\/?page_id=11886\">4.Biocontrole<\/a><\/li>\n\t<li class=\"page_item page-item-11894\"><a href=\"http:\/\/www.listephoenix.com\/?page_id=11894\">5.Lutte chimique<\/a><\/li>\n\t<li class=\"page_item page-item-7467\"><a href=\"http:\/\/www.listephoenix.com\/?page_id=7467\">8.Diversification<\/a><\/li>\n\t<li class=\"page_item page-item-9680\"><a href=\"http:\/\/www.listephoenix.com\/?page_id=9680\">10.Paysandisia<\/a><\/li>\n\t<li class=\"page_item page-item-9959\"><a href=\"http:\/\/www.listephoenix.com\/?page_id=9959\">6.Evaluation<\/a><\/li>\n\t<li class=\"page_item page-item-8659\"><a href=\"http:\/\/www.listephoenix.com\/?page_id=8659\">11.Bibliographie<\/a><\/li>\n\t<li class=\"page_item page-item-13287\"><a href=\"http:\/\/www.listephoenix.com\/?page_id=13287\">12.Chutes de palmiers<\/a><\/li>\n<\/ul>\n<\/li>\n<li class=\"page_item page-item-8633\"><a href=\"http:\/\/www.listephoenix.com\/?page_id=8633\">WEBSURWEY<\/a><\/li>\n<li class=\"page_item page-item-5087 page_item_has_children\"><a href=\"http:\/\/www.listephoenix.com\/?page_id=5087\">Plan du site<\/a>\n<ul class='children'>\n\t<li class=\"page_item page-item-2283\"><a href=\"http:\/\/www.listephoenix.com\/?page_id=2283\">About us<\/a><\/li>\n\t<li class=\"page_item page-item-6476\"><a href=\"http:\/\/www.listephoenix.com\/?page_id=6476\">Partenariat<\/a><\/li>\n<\/ul>\n<\/li>\n<\/ul>\n<h2 class=\"wsp-posts-title\">Articles par cat\u00e9gorie<\/h2>\n<ul class=\"wsp-posts-list\">\n\t<li><strong class=\"wsp-category-title\">Cat\u00e9gorie\u00a0: <a href=\"http:\/\/www.listephoenix.com\/?cat=56\">news letter<\/a><\/strong>\n<ul class=\"wsp-posts-list\">\t\t<li class=\"wsp-post\"><a href=\"http:\/\/www.listephoenix.com\/?p=10117\">ACTUALITES 2018<\/a><\/li>\n\t\t<li class=\"wsp-post\"><a href=\"http:\/\/www.listephoenix.com\/?p=9120\">COLLOQUE MONACO 2016<\/a><\/li>\n\t\t<li class=\"wsp-post\"><a href=\"http:\/\/www.listephoenix.com\/?p=9060\">PALMES &#038; CULTURES<\/a><\/li>\n\t\t<li class=\"wsp-post\"><a href=\"http:\/\/www.listephoenix.com\/?p=8852\">OASIS &#038; BIODIVERSITE<\/a><\/li>\n\t\t<li class=\"wsp-post\"><a href=\"http:\/\/www.listephoenix.com\/?p=8355\">PARIS 2015 (COP 21)<\/a><\/li>\n\t\t<li class=\"wsp-post\"><a href=\"http:\/\/www.listephoenix.com\/?p=8145\">PALM PROPAGATION<\/a><\/li>\n\t\t<li class=\"wsp-post\"><a href=\"http:\/\/www.listephoenix.com\/?p=7722\">FRENCH &#038; ITALIAN RIVIERA<\/a><\/li>\n\t\t<li class=\"wsp-post\"><a href=\"http:\/\/www.listephoenix.com\/?p=6512\">DIES PALMARUM 2013<\/a><\/li>\n\t\t<li class=\"wsp-post\"><a href=\"http:\/\/www.listephoenix.com\/?p=6323\">NEWSLETTER SEPTEMBRE 2013<\/a><\/li>\n\t\t<li class=\"wsp-post\"><a href=\"http:\/\/www.listephoenix.com\/?p=6005\">NEWS LETTER JUIN 2013<\/a><\/li>\n\t\t<li class=\"wsp-post\"><a href=\"http:\/\/www.listephoenix.com\/?p=5684\">NEWS LETTER MAI 2013<\/a><\/li>\n\t\t<li class=\"wsp-post\"><a href=\"http:\/\/www.listephoenix.com\/?p=5306\">NEWS LETTER MARS 2013<\/a><\/li>\n\t\t<li class=\"wsp-post\"><a href=\"http:\/\/www.listephoenix.com\/?p=5060\">NEWS LETTER FEVRIER 2013<\/a><\/li>\n\t\t<li class=\"wsp-post\"><a href=\"http:\/\/www.listephoenix.com\/?p=4816\">NEWS LETTER JANVIER 2013<\/a><\/li>\n\t\t<li class=\"wsp-post\"><a href=\"http:\/\/www.listephoenix.com\/?p=4689\">NEWS LETTER DEC 2012<\/a><\/li>\n\t\t<li class=\"wsp-post\"><a href=\"http:\/\/www.listephoenix.com\/?p=4532\">NEWS LETTER OCT NOV 2012<\/a><\/li>\n\t\t<li class=\"wsp-post\"><a href=\"http:\/\/www.listephoenix.com\/?p=4195\">NEWS LETTER AOUT SEPTEMBRE 2012<\/a><\/li>\n\t\t<li class=\"wsp-post\"><a href=\"http:\/\/www.listephoenix.com\/?p=2829\">NEWSLETTER JUILLET 2012<\/a><\/li>\n\t\t<li class=\"wsp-post\"><a href=\"http:\/\/www.listephoenix.com\/?p=2532\">NEWSLETTER JUIN 2012<\/a><\/li>\n\t\t<li class=\"wsp-post\"><a href=\"http:\/\/www.listephoenix.com\/?p=2318\">NEWS LETTER MAI 2012<\/a><\/li>\n\t\t<li class=\"wsp-post\"><a href=\"http:\/\/www.listephoenix.com\/?p=2258\">NEWS LETTER AVRIL 2012<\/a><\/li>\n\t\t<li class=\"wsp-post\"><a href=\"http:\/\/www.listephoenix.com\/?p=2210\">NEWS LETTER MARS 2012<\/a><\/li>\n\t\t<li class=\"wsp-post\"><a href=\"http:\/\/www.listephoenix.com\/?p=1791\">NEWS LETTER FEVRIER 2012<\/a><\/li>\n\t\t<li class=\"wsp-post\"><a href=\"http:\/\/www.listephoenix.com\/?p=11\">NEWS LETTER JANVIER 2012<\/a><\/li>\n\t\t<li class=\"wsp-post\"><a href=\"http:\/\/www.listephoenix.com\/?p=1757\">NEWS LETTER NOV DEC 2011<\/a><\/li>\n\t\t<li class=\"wsp-post\"><a href=\"http:\/\/www.listephoenix.com\/?p=1499\">NEWS LETTER SEPTEMBRE OCTOBRE 2011<\/a><\/li>\n\t\t<li class=\"wsp-post\"><a href=\"http:\/\/www.listephoenix.com\/?p=1416\">NEWS LETTER JUILLET AOUT 2011<\/a><\/li>\n\t\t<li class=\"wsp-post\"><a href=\"http:\/\/www.listephoenix.com\/?p=1370\">NEWS LETTER MAI JUIN 2011<\/a><\/li>\n\t\t<li class=\"wsp-post\"><a href=\"http:\/\/www.listephoenix.com\/?p=1329\">NEWS LETTER AVRIL 2011<\/a><\/li>\n\t\t<li class=\"wsp-post\"><a href=\"http:\/\/www.listephoenix.com\/?p=1238\">NEWSLETTER MARS 2011<\/a><\/li>\n\t\t<li class=\"wsp-post\"><a href=\"http:\/\/www.listephoenix.com\/?p=1069\">NEWS LETTER FEVRIER 2011<\/a><\/li>\n\t\t<li class=\"wsp-post\"><a href=\"http:\/\/www.listephoenix.com\/?p=774\">NEWS LETTER DECEMBRE 2010<\/a><\/li>\n\t\t<li class=\"wsp-post\"><a href=\"http:\/\/www.listephoenix.com\/?p=718\">NEWS LETTER NOVEMBRE 2010<\/a><\/li>\n\t\t<li class=\"wsp-post\"><a href=\"http:\/\/www.listephoenix.com\/?p=601\">NEWS LETTER OCTOBRE 2010<\/a><\/li>\n\t\t<li class=\"wsp-post\"><a href=\"http:\/\/www.listephoenix.com\/?p=471\">LISTE PHOENIX SEPTEMBRE 2010<\/a><\/li>\n\t\t<li class=\"wsp-post\"><a href=\"http:\/\/www.listephoenix.com\/?p=6470\">LISTE PHOENIX AOUT 2010<\/a><\/li>\n\t\t<li class=\"wsp-post\"><a href=\"http:\/\/www.listephoenix.com\/?p=434\">LISTE PHOENIX JUILLET 2010<\/a><\/li>\n\t\t<li class=\"wsp-post\"><a href=\"http:\/\/www.listephoenix.com\/?p=301\">LISTE PHOENIX JUIN 2010<\/a><\/li>\n\t\t<li class=\"wsp-post\"><a href=\"http:\/\/www.listephoenix.com\/?p=107\">LISTE PHOENIX MAI 2010<\/a><\/li>\n\t\t<li class=\"wsp-post\"><a href=\"http:\/\/www.listephoenix.com\/?p=79\">LISTE PHOENIX AVRIL MAI 2010<\/a><\/li>\n<\/ul><\/li>\n\t<li><strong class=\"wsp-category-title\">Cat\u00e9gorie\u00a0: <a href=\"http:\/\/www.listephoenix.com\/?cat=1\">Non class\u00e9<\/a><\/strong>\n<ul class=\"wsp-posts-list\">\t\t<li class=\"wsp-post\"><a href=\"http:\/\/www.listephoenix.com\/?p=13376\">RISQUE DE CHUTES DE PALMIERS<\/a><\/li>\n\t\t<li class=\"wsp-post\"><a href=\"http:\/\/www.listephoenix.com\/?p=11962\">AMERIQUE DU SUD 2024<\/a><\/li>\n\t\t<li class=\"wsp-post\"><a href=\"http:\/\/www.listephoenix.com\/?p=12116\">Risques phytosanitaires et logiques d&rsquo;acteurs<\/a><\/li>\n\t\t<li class=\"wsp-post\"><a href=\"http:\/\/www.listephoenix.com\/?p=11640\">RENDEZ VOUS AUX JARDINS 2024<\/a><\/li>\n\t\t<li class=\"wsp-post\"><a href=\"http:\/\/www.listephoenix.com\/?p=11616\">ESPECES INVASIVES (MNHN 2023)<\/a><\/li>\n\t\t<li class=\"wsp-post\"><a href=\"http:\/\/www.listephoenix.com\/?p=11578\">LUTTE PAR INJECTION (ARECAP 2023)<\/a><\/li>\n\t\t<li class=\"wsp-post\"><a href=\"http:\/\/www.listephoenix.com\/?p=11564\">STERILE INSECT TECHNIQUE (SALVADEGLET 2023)<\/a><\/li>\n\t\t<li class=\"wsp-post\"><a href=\"http:\/\/www.listephoenix.com\/?p=11557\">BIOCONTROLE (SAUVONS NOS PALMIERS 2023)<\/a><\/li>\n\t\t<li class=\"wsp-post\"><a href=\"http:\/\/www.listephoenix.com\/?p=11549\">CHAMPIGNONS ENTOMOPATHOGENES<\/a><\/li>\n\t\t<li class=\"wsp-post\"><a href=\"http:\/\/www.listephoenix.com\/?p=11408\">ETAT DE LA LUTTE 2022<\/a><\/li>\n\t\t<li class=\"wsp-post\"><a href=\"http:\/\/www.listephoenix.com\/?p=11288\">COLLOQUE CANNES 2022<\/a><\/li>\n\t\t<li class=\"wsp-post\"><a href=\"http:\/\/www.listephoenix.com\/?p=11276\">COLLOQUE MONACO 2021<\/a><\/li>\n\t\t<li class=\"wsp-post\"><a href=\"http:\/\/www.listephoenix.com\/?p=11259\">COLLOQUE MONACO 2020<\/a><\/li>\n\t\t<li class=\"wsp-post\"><a href=\"http:\/\/www.listephoenix.com\/?p=11253\">COLLOQUE MONACO 2019<\/a><\/li>\n\t\t<li class=\"wsp-post\"><a href=\"http:\/\/www.listephoenix.com\/?p=9871\">COLLOQUE MONACO 2017<\/a><\/li>\n\t\t<li class=\"wsp-post\"><a href=\"http:\/\/www.listephoenix.com\/?p=9822\">ACTUALITES CHAMAEROPS<\/a><\/li>\n\t\t<li class=\"wsp-post\"><a href=\"http:\/\/www.listephoenix.com\/?p=8600\">PALMIER DATTIER<\/a><\/li>\n\t\t<li class=\"wsp-post\"><a href=\"http:\/\/www.listephoenix.com\/?p=7065\">KERKENNAH (TUNISIE)<\/a><\/li>\n\t\t<li class=\"wsp-post\"><a href=\"http:\/\/www.listephoenix.com\/?p=6953\">PHOENIX CANARIENSIS<\/a><\/li>\n\t\t<li class=\"wsp-post\"><a href=\"http:\/\/www.listephoenix.com\/?p=6845\">OASIS DU SAHEL<\/a><\/li>\n\t\t<li class=\"wsp-post\"><a href=\"http:\/\/www.listephoenix.com\/?p=6726\">RHYNCHOPHORUS FERRUGINEUS<\/a><\/li>\n<\/ul><\/li>\n<\/ul>\n<\/div>\n","protected":false},"excerpt":{"rendered":"<p>Consacr\u00e9 \u00e0 l&rsquo;\u00e9cologie des palmiers du genre Phoenix (Ar\u00e9cac\u00e9es), ce site web a vu le jour \u00e0 l\u2018occasion des d\u00e9veloppements du Projet Phoenix. Initi\u00e9 en&#8230;<\/p>\n<div class=\"more-link-wrapper\"><a class=\"more-link\" href=\"http:\/\/www.listephoenix.com\/?page_id=5087\">Continue reading<span class=\"screen-reader-text\">Plan du site<\/span><\/a><\/div>\n","protected":false},"author":2,"featured_media":0,"parent":0,"menu_order":8,"comment_status":"closed","ping_status":"closed","template":"","meta":{"footnotes":""},"class_list":["post-5087","page","type-page","status-publish","hentry","entry"],"_links":{"self":[{"href":"http:\/\/www.listephoenix.com\/index.php?rest_route=\/wp\/v2\/pages\/5087","targetHints":{"allow":["GET"]}}],"collection":[{"href":"http:\/\/www.listephoenix.com\/index.php?rest_route=\/wp\/v2\/pages"}],"about":[{"href":"http:\/\/www.listephoenix.com\/index.php?rest_route=\/wp\/v2\/types\/page"}],"author":[{"embeddable":true,"href":"http:\/\/www.listephoenix.com\/index.php?rest_route=\/wp\/v2\/users\/2"}],"replies":[{"embeddable":true,"href":"http:\/\/www.listephoenix.com\/index.php?rest_route=%2Fwp%2Fv2%2Fcomments&post=5087"}],"version-history":[{"count":23,"href":"http:\/\/www.listephoenix.com\/index.php?rest_route=\/wp\/v2\/pages\/5087\/revisions"}],"predecessor-version":[{"id":12514,"href":"http:\/\/www.listephoenix.com\/index.php?rest_route=\/wp\/v2\/pages\/5087\/revisions\/12514"}],"wp:attachment":[{"href":"http:\/\/www.listephoenix.com\/index.php?rest_route=%2Fwp%2Fv2%2Fmedia&parent=5087"}],"curies":[{"name":"wp","href":"https:\/\/api.w.org\/{rel}","templated":true}]}}