{"id":536,"date":"2012-01-09T18:57:49","date_gmt":"2012-01-09T17:57:49","guid":{"rendered":"http:\/\/www.art.listephoenix.com\/?page_id=536"},"modified":"2025-05-29T12:24:52","modified_gmt":"2025-05-29T11:24:52","slug":"ebrew","status":"publish","type":"page","link":"http:\/\/www.listephoenix.com\/?page_id=536","title":{"rendered":"Soukkot"},"content":{"rendered":"\n<p>Citer cet article: <strong>CASTELLANA Robert 2024. La f\u00eate juive de Soukkot et les traditions religieuses des palmes dans le monde m\u00e9diterran\u00e9en.<\/strong> CRP ed. Publication en ligne. <a href=\"http:\/\/www.listephoenix.com\/?page_id=536\">Lien<\/a><\/p>\n\n\n\n<ul class=\"wp-block-list\">\n<li><strong>Sommaire des chapitres<\/strong><\/li>\n\n\n\n<li>Introduction&nbsp;: Bordighera &nbsp;judaica<\/li>\n\n\n\n<li>1. La liturgie de Soukkot<\/li>\n\n\n\n<li>2.  Le c\u00e9drat (ethrog)<\/li>\n\n\n\n<li>3. Le palmier (loulav)<\/li>\n<\/ul>\n\n\n\n<figure class=\"wp-block-image size-full\"><img loading=\"lazy\" decoding=\"async\" width=\"640\" height=\"520\" src=\"http:\/\/www.listephoenix.com\/wp-content\/uploads\/2012\/03\/Agroforesterie-Monet-1884-palm-tree-at-bordighera.jpg\" alt=\"\" class=\"wp-image-3698\" srcset=\"http:\/\/www.listephoenix.com\/wp-content\/uploads\/2012\/03\/Agroforesterie-Monet-1884-palm-tree-at-bordighera.jpg 640w, http:\/\/www.listephoenix.com\/wp-content\/uploads\/2012\/03\/Agroforesterie-Monet-1884-palm-tree-at-bordighera-300x243.jpg 300w\" sizes=\"auto, (max-width: 640px) 100vw, 640px\" \/><\/figure>\n\n\n\n<p>Monet 1884. Palm tree at Bordighera (collection priv\u00e9e)<\/p>\n\n\n\n<p><strong>INTRODUCTION&nbsp;: BORDIGHERA JUDAICA<\/strong><\/p>\n\n\n\n<p>C\u2019est dans les ann\u00e9es 1990 que nous avons recueilli (dans la palmeraie m\u00e9di\u00e9vale de Bordighera et \u00e0 Nice) les t\u00e9moignages de cultivateurs et de courtiers (ces derniers \u00e9tant des rabbins). Ces t\u00e9moignages concernaient le commerce et les techniques de production de plantes destin\u00e9es \u00e0 des usages rituels lors de la f\u00eate juive des Cabanes. Autrefois vendues dans l\u2019ensemble de l\u2019Europe, ces productions \u00e9taient alors abandonn\u00e9es mais toujours vivantes dans la m\u00e9moire collective de cette r\u00e9gion. Nous avions organis\u00e9 \u00e0 cette \u00e9poque une exposition sur ce sujet au Mus\u00e9e du Palais Lascaris \u00e0 Nice. Dix ans plus tard, nous avons \u00e9t\u00e9 contact\u00e9s par des botanistes et des biologistes, lesquels nous ont propos\u00e9 de codifier le savoir paysan en employant des m\u00e9thodes scientifiques alliant morphologie et g\u00e9notypage. Ces recherches ont donn\u00e9 lieu \u00e0 de nombreuses publications dans le cadre du Projet Phoenix. A la m\u00eame \u00e9poque, nous avons initi\u00e9 une collaboration avec des historiens italiens qui travaillaient sur l\u2019histoire des Lois Raciales en Italie. Elle nous a conduits \u00e0 nous interroger sur l\u2019amn\u00e9sie collective qui a fait disparaitre les Juifs de l\u2019histoire locale. Nous avons d\u00e9couvert ainsi l\u2019existence d\u2019une m\u00e9moire des lieux, que nous avons intitul\u00e9 Bordighera Judaica, au travers du r\u00f4le des juifs dans les jardins historiques encore pr\u00e9sents sur le site. Nous avons alors initi\u00e9 depuis cette date diverses manifestations consacr\u00e9es au patrimoine europ\u00e9en, les Journ\u00e9es du Patrimoine et les Rendez-vous-aux Jardins, et leur inscription dans notre r\u00e9seau de Jardins Botaniques Riviera Gardens.<\/p>\n\n\n\n<figure class=\"wp-block-image size-full\"><img loading=\"lazy\" decoding=\"async\" width=\"576\" height=\"768\" src=\"http:\/\/www.listephoenix.com\/wp-content\/uploads\/2018\/10\/Soukkhot-Bordighera-2015-recolte-de-loulavim.jpg\" alt=\"\" class=\"wp-image-10100\" srcset=\"http:\/\/www.listephoenix.com\/wp-content\/uploads\/2018\/10\/Soukkhot-Bordighera-2015-recolte-de-loulavim.jpg 576w, http:\/\/www.listephoenix.com\/wp-content\/uploads\/2018\/10\/Soukkhot-Bordighera-2015-recolte-de-loulavim-113x150.jpg 113w, http:\/\/www.listephoenix.com\/wp-content\/uploads\/2018\/10\/Soukkhot-Bordighera-2015-recolte-de-loulavim-225x300.jpg 225w\" sizes=\"auto, (max-width: 576px) 100vw, 576px\" \/><\/figure>\n\n\n\n<p>R\u00e9colte de loulavim \u00e0 l&rsquo;occasion de la visite de la communaut\u00e9 juive de Menton dans la palmeraie de Bordighera en 2015<\/p>\n\n\n\n<p><strong>Aux origines de la palmeraie historique de Bordighera&nbsp;: la production des <em>loulavim<\/em> pour la f\u00eate de <em>Soukkhot<\/em> (t\u00e9moignages contemporains). <\/strong>Nous sommes \u00e0 la fin septembre, mais le soleil est encore brulant. Un homme \u00e2g\u00e9, portant un lourd manteau noir, monte p\u00e9niblement les escaliers qui conduisent au village. Sa barbe blanche et son grand chapeau ne sont pas sans attirer l\u2019attention lorsqu\u2019il parvient \u00e0 la porte du rempart. Assis de part et d\u2019autre de l\u2019\u00e9troite ruelle, des hommes taciturnes le saluent respectueusement. Une vieille femme, elle aussi tout de noir v\u00eatue, le b\u00e9nit du signe de la croix. Arriv\u00e9 devant l\u2019\u00e9glise de Marie Madeleine, il reste un instant songeur devant le portrait de cette autre juive, venue ici il y a deux mille ans, fuyant la Terre Sainte \u00e0 bord d\u2019une fr\u00eale embarcation. Il lui revient alors en m\u00e9moire ces ann\u00e9es de guerre, o\u00f9 encore jeune homme il se trouvait sur la plage de la palmeraie, par un matin gris et pluvieux, \u00e0 l\u2019abri des serres Allavena. Un groupe de juifs attend la barque qui doit les amener de l\u2019autre c\u00f4t\u00e9 de la fronti\u00e8re, afin d\u2019\u00e9chapper \u00e0 ce pays o\u00f9 le fascisme venait de promulguer les lois raciales. La fraicheur et le bruit de l\u2019eau interrompirent brutalement sa r\u00eaverie. Il \u00e9tait arriv\u00e9 au canal o\u00f9 les lavandi\u00e8res s\u2019affairaient bruyamment. Il entra alors dans le magazzino. A l\u2019int\u00e9rieur un vieux paysan l\u2019attendait, en compagnie d\u2019un enfant timide et curieux. Le paysan avait sorti de la cave des boites remplies de loulavim et l\u2019examen minutieux de la r\u00e9colte allait commencer. A la fin de la matin\u00e9e, plut\u00f4t satisfait de la production et des conditions financi\u00e8res qu\u2019il avait obtenues, le rabbin se rendit \u00e0 la gare. Il lui fallait \u00e0 nouveau franchir cette fronti\u00e8re car on ne trouvait pas de nourriture cach\u00e8re en Italie. Arriv\u00e9 \u00e0 Vintimille, les clandestins qui erraient autour du poste fronti\u00e8re le ramen\u00e8rent au souvenir des ann\u00e9es d\u2019exil. Ils envisageaient probablement d\u2019emprunter le sentier dit du Pas de la Mort, comme tant de juifs l\u2019avaient fait avant eux. Des ouvri\u00e8res qui sentaient le poisson rentraient en riant et en s\u2019interpellant des conserveries de la Principaut\u00e9 de Monaco. La nostalgie le reprit car il savait que ce voyage serait le dernier d\u2019une longue histoire familiale. Il \u00e9tait temps de songer \u00e0 partir \u00e0 pr\u00e9sent, en direction de la Suisse, puis de l\u2019Allemagne et de l\u2019Angleterre, pour n\u00e9gocier la vente de la production de cette ann\u00e9e, car les f\u00eates de Soukkot approchaient \u00e0 grands pas. A peine romanc\u00e9, ce r\u00e9cit est le portrait du dernier n\u00e9gociant de palmes tel que nous l\u2019ont rapport\u00e9 les rares t\u00e9moins contemporains de la tradition juive des palmiers \u00e0 Bordighera, Franco Palmero et Luciano Traverso.<\/p>\n\n\n\n<figure class=\"wp-block-image size-large\"><img loading=\"lazy\" decoding=\"async\" width=\"783\" height=\"1024\" src=\"http:\/\/www.listephoenix.com\/wp-content\/uploads\/2015\/09\/Oasis-Bordighera-Italie-puits-a-noria-783x1024.jpg\" alt=\"\" class=\"wp-image-8960\" srcset=\"http:\/\/www.listephoenix.com\/wp-content\/uploads\/2015\/09\/Oasis-Bordighera-Italie-puits-a-noria-783x1024.jpg 783w, http:\/\/www.listephoenix.com\/wp-content\/uploads\/2015\/09\/Oasis-Bordighera-Italie-puits-a-noria-115x150.jpg 115w, http:\/\/www.listephoenix.com\/wp-content\/uploads\/2015\/09\/Oasis-Bordighera-Italie-puits-a-noria-229x300.jpg 229w, http:\/\/www.listephoenix.com\/wp-content\/uploads\/2015\/09\/Oasis-Bordighera-Italie-puits-a-noria-768x1004.jpg 768w, http:\/\/www.listephoenix.com\/wp-content\/uploads\/2015\/09\/Oasis-Bordighera-Italie-puits-a-noria.jpg 826w\" sizes=\"auto, (max-width: 783px) 100vw, 783px\" \/><\/figure>\n\n\n\n<p>Exemple de puits dit \u00e0 Noria alimentant la palmeraie m\u00e9di\u00e9vale de Bordighera<\/p>\n\n\n\n<p><strong>Cinq si\u00e8cles d&rsquo;histoire<\/strong> <strong>et d\u2019\u00e9changes entre Juifs et Chr\u00e9tiens. <\/strong>Les principales dimensions patrimoniales du site de la palmeraie \u00e9mergent au travers de ces t\u00e9moignages, et plus particuli\u00e8rement l\u2019importance du canal d\u2019irrigation (aujourd\u2019hui promenade) du Beodo. Franco Palmero a ainsi connu la centaine de jardins de palmiers de Bordighera du fait qu\u2019il accompagnait son p\u00e8re pour y r\u00e9colter les palmes, mais aussi parce que son p\u00e8re \u00e9tait le gestionnaire des eaux. Il distribuait alors l\u2019eau du canal aux diverses propri\u00e9t\u00e9s \u00e0 tour de r\u00f4le, en ouvrant les trappes de d\u00e9rivation qui alimentaient les bassins de chaque parcelle. Ces bassins sont encore bien visibles dans l\u2019ensemble de la palmeraie. Il en va de m\u00eame des agrumes et des palmiers, qui ont donn\u00e9 naissance \u00e0 des paysages \u00e0 l\u2019origine du succ\u00e8s touristique de l\u2019ensemble de la r\u00e9gion. Les lois raciales de 1938 et la trag\u00e9die de la Shoah ont toutefois effac\u00e9 les traces m\u00e9morielles, humaines et mat\u00e9rielles, de la pr\u00e9sence des Juifs, ici comme dans une grande partie de l\u2019Europe. La m\u00e9moire juive survit pourtant dans l&rsquo;ancienne palmeraie de Bordighera, immortalis\u00e9e par une riche iconographie (notamment les tableaux que Claude Monet a r\u00e9alis\u00e9s en 1884), et gr\u00e2ce \u00e0 la pr\u00e9sence de plusieurs jardins historiques patrimoniaux t\u00e9moins de cette histoire qui a mis en contact Juifs et Chr\u00e9tiens pendant plus de cinq si\u00e8cles. Ces jardins sont li\u00e9s \u00e0 l\u2019histoire de la diaspora juive \u00e0 des titres divers et des p\u00e9riodes diff\u00e9rentes. Il s\u2019agit tout d\u2019abord, du Jardin Exp\u00e9rimental Phoenix, le dernier des jardins traditionnels de productions de loulavim. En 1875, la Villa Etelinda voit le jour avec son parc de palmiers, cr\u00e9ation du paysagiste Ludwig Winter pour le banquier et philanthrope juif Raphael Bischoffsheim. En 1909, c\u2019est le peintre impressionniste juif Pompeo Mariani qui installe son atelier au milieu des oliviers centenaires et des palmiers nains de l\u2019un des plus anciens jardins d\u2019acclimatation de la r\u00e9gion, le Jardin Moreno. Plus r\u00e9cemment, apr\u00e8s la seconde guerre, la journaliste et modiste juive Irene Brin cr\u00e9e dans le quartier de Sasso un jardin de sculptures dont l\u2019imposante palmeraie vient d\u2019\u00eatre r\u00e9habilit\u00e9e par la paysagiste Maria Dompe. Il s\u2019agit toutefois d\u2019un patrimoine en d\u00e9sh\u00e9rence, dont le maintien repose uniquement sur des initiatives priv\u00e9es.<\/p>\n\n\n\n<figure class=\"wp-block-image size-large\"><img loading=\"lazy\" decoding=\"async\" width=\"675\" height=\"1024\" src=\"http:\/\/www.listephoenix.com\/wp-content\/uploads\/2020\/08\/Ligature-2-Bordighera-1-675x1024.jpg\" alt=\"\" class=\"wp-image-10874\" srcset=\"http:\/\/www.listephoenix.com\/wp-content\/uploads\/2020\/08\/Ligature-2-Bordighera-1-675x1024.jpg 675w, http:\/\/www.listephoenix.com\/wp-content\/uploads\/2020\/08\/Ligature-2-Bordighera-1-99x150.jpg 99w, http:\/\/www.listephoenix.com\/wp-content\/uploads\/2020\/08\/Ligature-2-Bordighera-1-198x300.jpg 198w, http:\/\/www.listephoenix.com\/wp-content\/uploads\/2020\/08\/Ligature-2-Bordighera-1.jpg 712w\" sizes=\"auto, (max-width: 675px) 100vw, 675px\" \/><\/figure>\n\n\n\n<p>Pr\u00e9paration des palmiers pour la r\u00e9colte des feuilles (Luciano Traverso) <\/p>\n\n\n\n<p><strong>Un patrimoine en d\u00e9sh\u00e9rence. <\/strong>La pr\u00e9sence de marchands juifs d&rsquo;Europe centrale, venant \u00e0 Bordighera et Sanremo pour acheter des palmiers et des c\u00e9drats pour la f\u00eate de <em>Soukkhot<\/em>, est document\u00e9e d\u00e8s 1435. A cette \u00e9poque, des r\u00e8glements rigoureux encadraient ce commerce. Pendant des si\u00e8cles, les terrasses ombrag\u00e9es de la palmeraie ont ainsi \u00e9t\u00e9 les t\u00e9moins de la rencontre entre deux traditions: celle des agriculteurs avec l&rsquo;expertise d&rsquo;un travail difficile et dangereux traditionnellement h\u00e9rit\u00e9e de leurs anc\u00eatres; et celle des marchands juifs et de leur parfaite connaissance des normes rituelles. C\u2019est au XIX\u00b0 si\u00e8cle, que ce commerce de plantes rituelles a connu sa p\u00e9riode d&rsquo;expansion maximale. L\u2019arriv\u00e9e du chemin de fer a contribu\u00e9 de mani\u00e8re importante \u00e0 cette \u00e9volution, en r\u00e9solvant les probl\u00e8mes li\u00e9s de longue date au transport des productions. Dans la seconde moiti\u00e9 du XX\u00b0 si\u00e8cle, la baisse de rentabilit\u00e9 de ce commerce et la reconversion \u00e0 une floriculture plus rentable ont conduit \u00e0 un abandon inexorable de la palmeraie. Les derni\u00e8res familles de cultivateurs, dont Luciano Traverso, ont maintenu les activit\u00e9s de culture et de taille (dites \u00ab\u00a0\u00e0 la juive\u00a0\u00bb) des palmiers jusqu\u2019\u00e0 la fin des ann\u00e9es 1980. Apr\u00e8s cinq cent ans de pr\u00e9sence et de n\u00e9goce national et international, la riche page d&rsquo;histoire des palmiers juifs prenait fin. Des 15000 palmiers dattiers du site de la palmeraie historique, il n\u2019en reste de nos jours qu\u2019un millier. Si la grande majorit\u00e9 de ces jardins traditionnels ne poss\u00e8dent plus de palmiers, le parcellaire est toutefois prot\u00e9g\u00e9 et l\u2019architecture du site demeure bien visible. Il s\u2019agit en effet d\u2019une architecture de terrasses particuli\u00e8rement spectaculaire qui domine la mer dans un environnement encore relativement pr\u00e9serv\u00e9 de la sp\u00e9culation immobili\u00e8re. Deux jardins remarquables de palmiers peuvent par ailleurs \u00eatre visit\u00e9s, de part et d\u2019autre de l\u2019embouchure du vallon, le Parc Winter et la Villa Garnier.<\/p>\n\n\n\n<figure class=\"wp-block-image size-large\"><img loading=\"lazy\" decoding=\"async\" width=\"1024\" height=\"768\" src=\"http:\/\/www.listephoenix.com\/wp-content\/uploads\/2012\/09\/Bordighera-jardin-experimental-1024x768.jpg\" alt=\"\" class=\"wp-image-5292\" srcset=\"http:\/\/www.listephoenix.com\/wp-content\/uploads\/2012\/09\/Bordighera-jardin-experimental-1024x768.jpg 1024w, http:\/\/www.listephoenix.com\/wp-content\/uploads\/2012\/09\/Bordighera-jardin-experimental-150x112.jpg 150w, http:\/\/www.listephoenix.com\/wp-content\/uploads\/2012\/09\/Bordighera-jardin-experimental-300x225.jpg 300w, http:\/\/www.listephoenix.com\/wp-content\/uploads\/2012\/09\/Bordighera-jardin-experimental.jpg 1200w\" sizes=\"auto, (max-width: 1024px) 100vw, 1024px\" \/><\/figure>\n\n\n\n<p><strong>Le jardin exp\u00e9rimental Phoenix.<\/strong> En 2008, le dernier jardin traditionnel de la palmeraie historique est devenu un Jardin Exp\u00e9rimental, \u00e0 notre initiative et gr\u00e2ce au soutien de ses propri\u00e9taires.Situ\u00e9 sur le sentier du <em>Beodo<\/em>, dans la partie haute de la vielle ville, le Jardin Exp\u00e9rimental Phoenix compte plusieurs centaines de palmiers. Il s\u2019agit du dernier jardin traditionnel de ce type existant dans la r\u00e9gion (il en existait une centaine). Remontant \u00e0 la fin du moyen-\u00e2ge, ce jardin est aussi l&rsquo;un des plus anciens jardins historiques en Europe. Un groupe de passionn\u00e9s, chercheurs et b\u00e9n\u00e9voles, s\u2019efforce de sauver ce lieu de m\u00e9moire de l&rsquo;abandon et de la d\u00e9gradation. Il se bat plus particuli\u00e8rement contre la menace mortelle due au charan\u00e7on rouge, et plus largement pour faire conna\u00eetre et mettre en valeur l\u2019ensemble de la palmeraie historique. Il ne reste en effet qu\u2019un millier de palmiers dattiers (pour la plupart des sp\u00e9cimens en fin de vie) dans la palmeraie historique de Bordighera. Nous avons ainsi initi\u00e9 depuis cette date diverses manifestations consacr\u00e9es \u00e0 ce patrimoine, les Journ\u00e9es du Patrimoine et les Rendez-vous-aux Jardins, et leur inscription dans le r\u00e9seau de Jardins Botaniques Riviera Gardens.<\/p>\n\n\n\n<figure class=\"wp-block-image size-full\"><img loading=\"lazy\" decoding=\"async\" width=\"424\" height=\"629\" src=\"http:\/\/www.listephoenix.com\/wp-content\/uploads\/2025\/04\/0-les-aventures-de-yaacov-ben-israel-tome-1-1.jpg\" alt=\"\" class=\"wp-image-13181\" srcset=\"http:\/\/www.listephoenix.com\/wp-content\/uploads\/2025\/04\/0-les-aventures-de-yaacov-ben-israel-tome-1-1.jpg 424w, http:\/\/www.listephoenix.com\/wp-content\/uploads\/2025\/04\/0-les-aventures-de-yaacov-ben-israel-tome-1-1-202x300.jpg 202w, http:\/\/www.listephoenix.com\/wp-content\/uploads\/2025\/04\/0-les-aventures-de-yaacov-ben-israel-tome-1-1-101x150.jpg 101w\" sizes=\"auto, (max-width: 424px) 100vw, 424px\" \/><\/figure>\n\n\n\n<p><strong>En savoir plus: Les Aventures de Yaacov ben Isra\u00ebl \u00bb un livre-jeu interactif de Torah dont le lecteur est le h\u00e9ros.<\/strong> Tu t&rsquo;appelles Yaacov. Tu es charg\u00e9 d&rsquo;approvisionner la communaut\u00e9 juive en Loulav (palmes) et Etrog (agrume) pour la f\u00eate de Souccot de l&rsquo;ann\u00e9e 1171. Parti de Troyes, tu vas traverser toute la France du Moyen-\u00e2ge jusqu&rsquo;\u00e0 Narbonne, avant de prendre le bateau pour Bordighera, un petit port au nord de l&rsquo;Italie. <strong><a href=\"http:\/\/www.judaicstore.com\/librairie-juive\/809-les-aventures-de-yaacov-ben-israel-tome-1.html?fbclid=IwAR1RAji6_qGl7WSr3RMg6PSIgQ7Z0s0sUtrsWfpBYAo71oKlmGEPc_fcchs\" target=\"_blank\" rel=\"noreferrer noopener\">Lien<\/a><\/strong><\/p>\n\n\n\n<p><strong>Bibliographie: CASTELLANA R., VEZIANO P. 2016. Bordighera Judaica: une m\u00e9moire juive en d\u00e9sh\u00e9rence. <\/strong>In : Bioarchive (Revue en ligne), CRP Ed. <strong><a href=\"https:\/\/bioarchive.listephoenix.com\/2-geographie-mythique-et-toponymie\/bordighera-judaica\/\">Lien<\/a><\/strong><\/p>\n\n\n\n<p><\/p>\n","protected":false},"excerpt":{"rendered":"<p>Citer cet article: CASTELLANA Robert 2024. La f\u00eate juive de Soukkot et les traditions religieuses des palmes dans le monde m\u00e9diterran\u00e9en. CRP ed. Publication en&#8230;<\/p>\n<div class=\"more-link-wrapper\"><a class=\"more-link\" href=\"http:\/\/www.listephoenix.com\/?page_id=536\">Continue reading<span class=\"screen-reader-text\">Soukkot<\/span><\/a><\/div>\n","protected":false},"author":2,"featured_media":0,"parent":0,"menu_order":5,"comment_status":"closed","ping_status":"closed","template":"","meta":{"footnotes":""},"class_list":["post-536","page","type-page","status-publish","hentry","entry"],"_links":{"self":[{"href":"http:\/\/www.listephoenix.com\/index.php?rest_route=\/wp\/v2\/pages\/536","targetHints":{"allow":["GET"]}}],"collection":[{"href":"http:\/\/www.listephoenix.com\/index.php?rest_route=\/wp\/v2\/pages"}],"about":[{"href":"http:\/\/www.listephoenix.com\/index.php?rest_route=\/wp\/v2\/types\/page"}],"author":[{"embeddable":true,"href":"http:\/\/www.listephoenix.com\/index.php?rest_route=\/wp\/v2\/users\/2"}],"replies":[{"embeddable":true,"href":"http:\/\/www.listephoenix.com\/index.php?rest_route=%2Fwp%2Fv2%2Fcomments&post=536"}],"version-history":[{"count":82,"href":"http:\/\/www.listephoenix.com\/index.php?rest_route=\/wp\/v2\/pages\/536\/revisions"}],"predecessor-version":[{"id":13353,"href":"http:\/\/www.listephoenix.com\/index.php?rest_route=\/wp\/v2\/pages\/536\/revisions\/13353"}],"wp:attachment":[{"href":"http:\/\/www.listephoenix.com\/index.php?rest_route=%2Fwp%2Fv2%2Fmedia&parent=536"}],"curies":[{"name":"wp","href":"https:\/\/api.w.org\/{rel}","templated":true}]}}