{"id":5777,"date":"2013-05-20T13:52:02","date_gmt":"2013-05-20T12:52:02","guid":{"rendered":"http:\/\/www.listephoenix.com\/?page_id=5777"},"modified":"2025-04-06T13:36:30","modified_gmt":"2025-04-06T12:36:30","slug":"anthropologie-2","status":"publish","type":"page","link":"http:\/\/www.listephoenix.com\/?page_id=5777","title":{"rendered":"5. Exotisme"},"content":{"rendered":"\n<p>Citer cet article: CASTELLANA Robert 2014. Les traditions religieuses des palmes dans le monde m\u00e9diterran\u00e9en. Chapitre 5\/5\u00a0: Exotisme. CRP ed. Publication en ligne. <a href=\"http:\/\/www.listephoenix.com\/?page_id=2277\">Lien<\/a><\/p>\n\n\n<div>\n<div>\n<div style=\"text-align: justify;\"><span style=\"font-family: tahoma,geneva,sans-serif;\"><span style=\"font-size: 11px;\"><a href=\"http:\/\/www.listephoenix.com\/wp-content\/uploads\/2013\/05\/Bordighera-Hotel-Bristol.jpg\"><img loading=\"lazy\" decoding=\"async\" class=\"alignleft size-full wp-image-5846\" src=\"http:\/\/www.listephoenix.com\/wp-content\/uploads\/2013\/05\/Bordighera-Hotel-Bristol.jpg\" alt=\"Bordighera Hotel Bristol\" width=\"235\" height=\"315\" srcset=\"http:\/\/www.listephoenix.com\/wp-content\/uploads\/2013\/05\/Bordighera-Hotel-Bristol.jpg 235w, http:\/\/www.listephoenix.com\/wp-content\/uploads\/2013\/05\/Bordighera-Hotel-Bristol-111x150.jpg 111w, http:\/\/www.listephoenix.com\/wp-content\/uploads\/2013\/05\/Bordighera-Hotel-Bristol-223x300.jpg 223w\" sizes=\"auto, (max-width: 235px) 100vw, 235px\" \/><\/a>Ill. Promotion touristique de la station de vill\u00e9giature de Bordighera (Iralian Riviera)<\/span><\/span><\/div>\n<div style=\"text-align: justify;\">\u00a0<\/div>\n<div style=\"text-align: justify;\"><span style=\"color: #008000;\"><span style=\"font-size: 12px;\"><span style=\"font-family: tahoma,geneva,sans-serif;\"><strong>Les repr\u00e9sentations paysag\u00e8res connaissent un profond renouveau avec l\u2019apparition des premi\u00e8res destinations touristiques modernes m\u00e9diterran\u00e9ennes. L&rsquo;imagerie qui prend forme alors signe en effet la naissance d&rsquo;un v\u00e9ritable exotisme v\u00e9g\u00e9tal. Elle est diffus\u00e9e par les descriptions romantiques des \u00e9crivains, des po\u00e8tes et des voyageurs, relay\u00e9es par les peintres et graveurs qui illustrent ces ouvrages. D\u00e8s la fin du du XIX\u00e8me si\u00e8cle, l&rsquo;invention de la photographie permet une diffusion massive des images, plus particuli\u00e8rement avec l\u2019apparition de la carte postale. Les palmiers continuent d&rsquo;occuper une place \u00e9minente dans cette imagerie, ainsi que l\u2019ensemble des v\u00e9g\u00e9taux autochtones ou acclimat\u00e9s dans ces r\u00e9gions. Depuis cette \u00e9poque, l\u2019image dialogue en permanence avec le paysage.<\/strong><strong> L\u2019exotisme v\u00e9g\u00e9tal peut s\u2019appr\u00e9hender de deux mani\u00e8res diff\u00e9rentes, \u00e0 partir des th\u00e8mes qu\u2019il aborde ou de celui des m\u00e9dias qu\u2019il utilise. Les th\u00e9matiques exotisantes se d\u00e9clinent ainsi en termes de vari\u00e9t\u00e9s botaniques. Les principaux supports m\u00e9diatiques sont les affiches et les guides touristiques, ainsi que les cartes postales. Les peintres, et notamment les artistes phares de la modernit\u00e9, ont eux aussi contribu\u00e9 de mani\u00e8re durable \u00e0 l&rsquo;int\u00e9r\u00eat port\u00e9 \u00e0 ce renouveau des repr\u00e9sentations. La place du palmier dans l&rsquo;art contemporain en est une illustration exemplaire. Le palmier est d\u00e9sormais d\u00e9tach\u00e9 de ses connotations religieuses originelles.\u00a0<\/strong><\/span><\/span><\/span><\/div>\n<\/div>\n<\/div>\n<div>\n<div style=\"text-align: justify;\">\n<p>&nbsp;<\/p>\n<\/div>\n<\/div>","protected":false},"excerpt":{"rendered":"<p>Citer cet article: CASTELLANA Robert 2014. Les traditions religieuses des palmes dans le monde m\u00e9diterran\u00e9en. Chapitre 5\/5\u00a0: Exotisme. CRP ed. Publication en ligne. Lien Ill.&#8230;<\/p>\n<div class=\"more-link-wrapper\"><a class=\"more-link\" href=\"http:\/\/www.listephoenix.com\/?page_id=5777\">Continue reading<span class=\"screen-reader-text\">5. Exotisme<\/span><\/a><\/div>\n","protected":false},"author":2,"featured_media":0,"parent":2277,"menu_order":7,"comment_status":"closed","ping_status":"closed","template":"","meta":{"footnotes":""},"class_list":["post-5777","page","type-page","status-publish","hentry","entry"],"_links":{"self":[{"href":"http:\/\/www.listephoenix.com\/index.php?rest_route=\/wp\/v2\/pages\/5777","targetHints":{"allow":["GET"]}}],"collection":[{"href":"http:\/\/www.listephoenix.com\/index.php?rest_route=\/wp\/v2\/pages"}],"about":[{"href":"http:\/\/www.listephoenix.com\/index.php?rest_route=\/wp\/v2\/types\/page"}],"author":[{"embeddable":true,"href":"http:\/\/www.listephoenix.com\/index.php?rest_route=\/wp\/v2\/users\/2"}],"replies":[{"embeddable":true,"href":"http:\/\/www.listephoenix.com\/index.php?rest_route=%2Fwp%2Fv2%2Fcomments&post=5777"}],"version-history":[{"count":24,"href":"http:\/\/www.listephoenix.com\/index.php?rest_route=\/wp\/v2\/pages\/5777\/revisions"}],"predecessor-version":[{"id":13163,"href":"http:\/\/www.listephoenix.com\/index.php?rest_route=\/wp\/v2\/pages\/5777\/revisions\/13163"}],"up":[{"embeddable":true,"href":"http:\/\/www.listephoenix.com\/index.php?rest_route=\/wp\/v2\/pages\/2277"}],"wp:attachment":[{"href":"http:\/\/www.listephoenix.com\/index.php?rest_route=%2Fwp%2Fv2%2Fmedia&parent=5777"}],"curies":[{"name":"wp","href":"https:\/\/api.w.org\/{rel}","templated":true}]}}