{"id":7461,"date":"2015-03-01T21:17:11","date_gmt":"2015-03-01T20:17:11","guid":{"rendered":"http:\/\/www.listephoenix.com\/?page_id=7461"},"modified":"2025-05-18T12:12:31","modified_gmt":"2025-05-18T11:12:31","slug":"integrated-pest-managment","status":"publish","type":"page","link":"http:\/\/www.listephoenix.com\/?page_id=7461","title":{"rendered":"1.Lutte int\u00e9gr\u00e9e"},"content":{"rendered":"\n<p><strong><strong><strong>CRP 2015-2024. Historique de la lutte int\u00e9gr\u00e9e (integrated pest management = IPM) contre les ravageurs des palmiers rhynchophorus ferrugineus &amp; paysandisia archon (french &amp; italian riviera).<\/strong><\/strong><\/strong>\u00a0R\u00e9dacteur: Robert CASTELLANA. Statut: compte-rendu de recherches<strong>. Retour au dossier menaces:\u00a0<\/strong><a href=\"http:\/\/www.listephoenix.com\/?page_id=7469\">Lien<\/a><\/p>\n\n\n\n<p><strong>Avec le Projet Phoenix, nous avons mis en \u0153uvre un r\u00e9seau d\u2019\u00e9changes d\u2019exp\u00e9riences qui rassemble les principales collections de palmiers des jardins botaniques de la C\u00f4te d\u2019Azur fran\u00e7aise et italienne. Nomm\u00e9 Riviera Gardens, ce r\u00e9seau a pour objectif d&rsquo;\u00e9changer \u00e0 propos de nos protocoles de lutte contre les ravageurs \u00e9mergents et de promouvoir une strat\u00e9gie de Lutte Int\u00e9gr\u00e9e (Integrated Pest Management). Outre les tutelles scientifiques des jardins botaniques, le r\u00e9seau Riviera Gardens rassemble plusieurs instituts de recherche, en Italie, Espagne et Tunisie, ainsi que divers acteurs publics et priv\u00e9s. Les Jardins Botaniques de la C\u00f4te d\u2019Azur fran\u00e7aise et italienne conservent plus d\u2019une centaine d\u2019esp\u00e8ces de palmiers, introduits dans ces r\u00e9gions depuis la fin du moyen-\u00e2ge. Une partie importante de ces palmiers a d\u00e9sormais colonis\u00e9 les espaces verts et les jardins de la r\u00e9gion. Ils sont \u00e0 l\u2019origine d\u2019un paysage embl\u00e9matique \u00e0 forte valeur touristique. Plusieurs de ces esp\u00e8ces ont aussi une valeur patrimoniale, en termes de biodiversit\u00e9 : il s\u2019agit des palmiers m\u00e9diterran\u00e9ens autochtones.<\/strong><\/p>\n\n\n\n<figure class=\"wp-block-image size-full\"><img loading=\"lazy\" decoding=\"async\" width=\"438\" height=\"280\" src=\"http:\/\/www.listephoenix.com\/wp-content\/uploads\/2024\/10\/00-IPM-5-piliers.jpg\" alt=\"\" class=\"wp-image-12475\" srcset=\"http:\/\/www.listephoenix.com\/wp-content\/uploads\/2024\/10\/00-IPM-5-piliers.jpg 438w, http:\/\/www.listephoenix.com\/wp-content\/uploads\/2024\/10\/00-IPM-5-piliers-300x192.jpg 300w, http:\/\/www.listephoenix.com\/wp-content\/uploads\/2024\/10\/00-IPM-5-piliers-150x96.jpg 150w\" sizes=\"auto, (max-width: 438px) 100vw, 438px\" \/><\/figure>\n\n\n\n<p><strong>SOMMAIRE DE L&rsquo;ARTICLE<br>GESTION<\/strong><br>1 Pr\u00e9vention : bonnes pratiques de gestion des plantations<br>2 Coordination &amp; \u00e9valuation<br>3 Cartographie des plantations<br>4 Protocoles de d\u00e9tection pr\u00e9coce<br><strong>PIEGEAGE<\/strong><br>5 Pi\u00e9geage massif<br><strong>BIOCONTROLE<\/strong><br>6 Lutte biologique<br><strong>LUTTE CHIMIQUE<br><\/strong>7 Lutte chimique<\/p>\n\n\n\n<p><strong>PRINCIPES DE LA LUTTE INT\u00c9GR\u00c9E (INTEGRATED PEST MANAGEMENT &#8211; IPM)<\/strong>. Les recherches men\u00e9es depuis pr\u00e9s de 30 ans ont conduit \u00e0 mettre au point diverses techniques de lutte. Aucune ne permet toutefois (\u00e0 elle seule et \u00e0 ce jour), de r\u00e9gler le probl\u00e8me de mani\u00e8re satisfaisante. Recommand\u00e9e (mais rarement mise en \u0153uvre) d\u00e8s les premi\u00e8res ann\u00e9es de l\u2019infestation, la strat\u00e9gie dite de \u00ab\u00a0Lutte Int\u00e9gr\u00e9e\u00a0\u00bb (Integrated Pest Management = IPM) vise \u00e0 les associer. La lutte int\u00e9gr\u00e9e ne consiste pas dans un catalogue de techniques disponibles. Ces techniques doivent en effet \u00eatre hi\u00e9rarchis\u00e9es. C\u2019est pour cela que l\u2019on parle de strat\u00e9gie. A la base de la pyramide on trouve la pr\u00e9vention, qui \u00e9vitera d\u2019avoir recours aux \u00e9tages suivants, les techniques de lutte. Les principes de base de la Lutte Int\u00e9gr\u00e9e viennent d&rsquo;\u00eatre adopt\u00e9s en tant que standard international par la FAO. Les diff\u00e9rents chapitres de ce dossier donnent un acc\u00e8s document\u00e9 aux principales avanc\u00e9es en la mati\u00e8re et aux retours d\u2019exp\u00e9riences collect\u00e9s aupr\u00e8s des membres de notre r\u00e9seau de jardins botaniques. Au niveau des palmeraies ornementales europ\u00e9ennes, la Lutte Int\u00e9gr\u00e9e n\u00e9cessite la prise en compte simultan\u00e9e de deux ravageurs, le charan\u00e7on des palmiers Rhynchophorus ferrugineus et le papillon palmivore Paysandisia archon. Nos partenaires s\u2019alarment toutefois de l\u2019absence de r\u00e9f\u00e9rence explicite \u00e0 la Lutte Int\u00e9gr\u00e9e au niveau r\u00e9glementaire, et de la pauvret\u00e9 des financements en direction du bio-contr\u00f4le.<\/p>\n\n\n\n<p>***<\/p>\n\n\n\n<figure class=\"wp-block-image size-full\"><img loading=\"lazy\" decoding=\"async\" width=\"817\" height=\"361\" src=\"http:\/\/www.listephoenix.com\/wp-content\/uploads\/2024\/04\/PA-RPW.jpg\" alt=\"Les ravageurs des palmiers Rhynchophorus ferrugineus et Paysandisia archon\" class=\"wp-image-11921\" srcset=\"http:\/\/www.listephoenix.com\/wp-content\/uploads\/2024\/04\/PA-RPW.jpg 817w, http:\/\/www.listephoenix.com\/wp-content\/uploads\/2024\/04\/PA-RPW-300x133.jpg 300w, http:\/\/www.listephoenix.com\/wp-content\/uploads\/2024\/04\/PA-RPW-150x66.jpg 150w, http:\/\/www.listephoenix.com\/wp-content\/uploads\/2024\/04\/PA-RPW-768x339.jpg 768w\" sizes=\"auto, (max-width: 817px) 100vw, 817px\" \/><\/figure>\n\n\n\n<p>Les ravageurs des palmiers <em>Rhynchophorus ferrugineus<\/em> et <em>Paysandisia archon<\/em><\/p>\n\n\n\n<p><strong>1 PR\u00c9VENTION : BONNES PRATIQUES DE GESTION DES PLANTATIONS<\/strong><\/p>\n\n\n\n<p><strong>Diversification des esp\u00e8ces plant\u00e9es et recherche d\u2019esp\u00e8ces moins sensibles aux attaques des ravageurs. <\/strong>Le niveau premier de la pr\u00e9vention, au niveau urbain, est d\u2019\u00e9viter des situations de monoculture. Il s\u2019agit notamment de la pr\u00e9sence massive du palmier des Canaries qui a \u00e9t\u00e9 la cible privil\u00e9gi\u00e9e du charan\u00e7on rouge en Europe.<br><strong>Contr\u00f4le phytosanitaire rigoureux des esp\u00e8ces introduites.<\/strong> L\u2019introduction de palmiers repr\u00e9sente en effet la principale source de diffusion des ravageurs.<br><strong>Taille des palmiers. <\/strong>Quelques soient les esp\u00e8ces de palmiers pr\u00e9sentes dans les plantations urbaines, il faut \u00e9viter la taille de feuilles vertes, ou la limiter \u00e0 la saison froide. Les ravageurs sont en effet attir\u00e9s par l\u2019odeur \u00e9mise par les blessures (dite kairomone).<br><strong>Abattage des sp\u00e9cimens infest\u00e9s :<\/strong> il n\u2019est efficace que s\u2019il est pratiqu\u00e9 d\u00e8s l\u2019apparition de sympt\u00f4mes pr\u00e9coces afin d\u2019\u00e9viter la migration des populations.<br><strong>Traitement des d\u00e9chets de taille :<\/strong> la gestion de ces d\u00e9chets, infest\u00e9s ou non, est essentielle. Elle n\u00e9cessite la mise en place d\u2019un protocole au niveau des op\u00e9rateurs et des d\u00e9chetteries.<\/p>\n\n\n\n<p><strong>2 COORDINATION &amp; \u00c9VALUATION.<\/strong> D\u00e8s lors qu\u2019un ravageur est signal\u00e9, la mise en place d\u2019une strat\u00e9gie de lutte int\u00e9gr\u00e9e n\u00e9cessite une collaboration au niveau d\u2019un territoire. Cette collaboration repose sur plusieurs principes :<br><strong>Mise en place d\u2019un comit\u00e9 de pilotage et d\u2019un coordinateur ind\u00e9pendant.<br>Mise en place d\u2019une veille documentaire.<br>\u00c9valuation permanente des r\u00e9sultats.<br>Adaptation de la strat\u00e9gie \u00e0 l\u2019\u00e9valuation de la situation.<\/strong><\/p>\n\n\n\n<p><strong>3 CARTOGRAPHIE DES PLANTATIONS<\/strong>. La mise en place de cartographies informatiques int\u00e9gr\u00e9es (SIG) des plantations est un \u00e9l\u00e9ment central et f\u00e9d\u00e9rateur des strat\u00e9gies de lutte et de l\u2019\u00e9valuation de leur efficacit\u00e9.&nbsp;Ci-dessous un exemple de cartographie GIS (Ville d\u2019Ajaccio et Fredon Corse)<\/p>\n\n\n\n<figure class=\"wp-block-image size-large\"><img loading=\"lazy\" decoding=\"async\" width=\"1024\" height=\"724\" src=\"http:\/\/www.listephoenix.com\/wp-content\/uploads\/2018\/03\/GIS-AJACCIO-1024x724.jpg\" alt=\"\" class=\"wp-image-10032\" srcset=\"http:\/\/www.listephoenix.com\/wp-content\/uploads\/2018\/03\/GIS-AJACCIO-1024x724.jpg 1024w, http:\/\/www.listephoenix.com\/wp-content\/uploads\/2018\/03\/GIS-AJACCIO-150x106.jpg 150w, http:\/\/www.listephoenix.com\/wp-content\/uploads\/2018\/03\/GIS-AJACCIO-300x212.jpg 300w, http:\/\/www.listephoenix.com\/wp-content\/uploads\/2018\/03\/GIS-AJACCIO-768x543.jpg 768w, http:\/\/www.listephoenix.com\/wp-content\/uploads\/2018\/03\/GIS-AJACCIO.jpg 1246w\" sizes=\"auto, (max-width: 1024px) 100vw, 1024px\" \/><\/figure>\n\n\n\n<p><strong>4 PROTOCOLES DE D\u00c9TECTION PR\u00c9COCE. <\/strong>L\u2019efficacit\u00e9 de la lutte repose la d\u00e9tection pr\u00e9coce des infestations. Lorsqu\u2019un palmier infest\u00e9 est mort, il a en effet d\u00e9j\u00e0 diss\u00e9min\u00e9 d\u2019importantes populations de ravageurs.<br><strong>Protocole de contr\u00f4le visuel :<\/strong> \u00e9l\u00e9ment majeur en mati\u00e8re de lutte, un protocole de d\u00e9tection visuelle des infestations doit \u00eatre mis en place 3 fois par an et renseign\u00e9 sur un syst\u00e8me de cartographie int\u00e9gr\u00e9e de type SIG.<br><strong>D\u00e9tection sismique ou acoustique pr\u00e9coce :<\/strong> ce type de d\u00e9tection consiste dans un syst\u00e8me de sondes transmettant automatiquement, en cas d\u2019infestation, une alerte en direction du syst\u00e8me de cartographie int\u00e9gr\u00e9e. Nos retours d\u2019exp\u00e9riences en ce qui concerne ces techniques sont globalement n\u00e9gatifs.<\/p>\n\n\n\n<p><strong>5 PI\u00c9GEAGE MASSIF.<\/strong> Le pi\u00e9geage de masse (Mass Trapping) est une technique de lutte n\u00e9glig\u00e9e par les pouvoirs publics en Europe, lesquels ont plut\u00f4t privil\u00e9gi\u00e9 des solutions phytosanitaires (chimiques ou bio-chimiques), adoss\u00e9es aux multinationales du secteur. Il s\u2019agit pourtant d\u2019une technique de lutte largement r\u00e9pandue dans les pays du Moyen-Orient et particuli\u00e8rement adapt\u00e9e \u00e0 un contexte d\u2019infestation massive. Le pi\u00e9geage massif n\u2019est pas une solution miracle, mais un moyen simple, \u00e9cologique et peu co\u00fbteux de faire baisser la population des ravageurs. Le pi\u00e9geage est de ce point de vue un compl\u00e9ment des plus utiles dans la panoplie des techniques de lutte int\u00e9gr\u00e9e.<\/p>\n\n\n\n<p><strong>6 LUTTE BIOLOGIQUE.<\/strong> En ce qui concerne le bio contr\u00f4le, les recherches en cours sont nombreuses et prometteuses. La riche panoplie offerte par la lutte biologique n\u2019a cependant pas fait l\u2019objet de financements \u00e0 la hauteur des enjeux. Les strat\u00e9gies retenues en Europe ont ainsi \u00e9t\u00e9 largement domin\u00e9es par l\u2019emploi de pesticides connus de longue date pour d\u2019autres usages. Seuls deux produits de lutte biologique sont actuellement commercialis\u00e9s, les n\u00e9matodes et les champignons entomopathog\u00e8nes.<\/p>\n\n\n\n<p><strong>7 LUTTE CHIMIQUE.<\/strong> La lutte chimique, qui devrait constituer l\u2019ultime recours en mati\u00e8re de lutte int\u00e9gr\u00e9e, a \u00e9t\u00e9 syst\u00e9matiquement promue dans les strat\u00e9gies europ\u00e9ennes sous deux modalit\u00e9s : l\u2019aspersion de pesticides au niveau de la partie sommitale des palmiers et l\u2019injection de ces m\u00eames pesticides \u00e0 l\u2019int\u00e9rieur du stipe. Ces techniques rencontrent plusieurs obstacles. Le principal r\u00e9side dans la faible persistance des produits, ce qui peut conduire \u00e0 renouveler les traitements tous les mois pour des palmiers tr\u00e8s sensibles comme Phoenix canariensis. Ces produits peuvent par ailleurs impacter de nombreuses esp\u00e8ces animales, sans parler des op\u00e9rateurs qui les appliquent et de la population notamment en milieu urbain.<\/p>\n\n\n\n<p><strong>REFERENCES <\/strong><\/p>\n\n\n\n<figure class=\"wp-block-image size-full is-resized\"><img loading=\"lazy\" decoding=\"async\" width=\"192\" height=\"153\" src=\"http:\/\/www.listephoenix.com\/wp-content\/uploads\/2024\/04\/image-1.png\" alt=\"\" class=\"wp-image-11922\" style=\"width:109px;height:auto\" srcset=\"http:\/\/www.listephoenix.com\/wp-content\/uploads\/2024\/04\/image-1.png 192w, http:\/\/www.listephoenix.com\/wp-content\/uploads\/2024\/04\/image-1-150x120.png 150w\" sizes=\"auto, (max-width: 192px) 100vw, 192px\" \/><\/figure>\n\n\n\n<p>En 2017, la FAO a adopt\u00e9, au plus haut niveau institutionnel, un accord cadre relatif \u00e0 l\u2019adoption de la strat\u00e9gie de Lutte Int\u00e9gr\u00e9e contre le ravageur des palmiers Rhynchophorus ferrugineus. Cet accord cadre ne concerne que la seule r\u00e9gion dite NEPPO, soit les principales r\u00e9gions de productions datti\u00e8res de la Mauritanie \u00e0 l\u2019Inde et \u00e0 la Malaisie. Il s\u2019agit donc d\u2019une grande partie de la M\u00e9diterran\u00e9e. Si cet accord a uniquement valeur de recommandation, ces recommandations ont \u00e9t\u00e9 relay\u00e9es et pr\u00e9cis\u00e9es en France par l\u2019Anses.<\/p>\n\n\n\n<p><strong>FAO\/CIHEAM\/CIPV Rome (Italie), 29-31 mars 2017 Actes de la consultation scientifique et r\u00e9union de haut niveau sur le charan\u00e7on rouge du palmier<br><\/strong><\/p>\n\n\n\n<p><strong>ANSES 2017-SA-0137 Saisine relative aux strat\u00e9gies de lutte contre le charan\u00e7on rouge du palmier<\/strong>.<\/p>\n\n\n\n<p><strong>Retour au sommaire du dossier:<\/strong> <a href=\"http:\/\/www.listephoenix.com\/?page_id=7469\">menaces<\/a><\/p>\n\n\n\n<p><\/p>\n","protected":false},"excerpt":{"rendered":"<p>CRP 2015-2024. Historique de la lutte int\u00e9gr\u00e9e (integrated pest management = IPM) contre les ravageurs des palmiers rhynchophorus ferrugineus &amp; paysandisia archon (french &amp; italian&#8230;<\/p>\n<div class=\"more-link-wrapper\"><a class=\"more-link\" href=\"http:\/\/www.listephoenix.com\/?page_id=7461\">Continue reading<span class=\"screen-reader-text\">1.Lutte int\u00e9gr\u00e9e<\/span><\/a><\/div>\n","protected":false},"author":2,"featured_media":0,"parent":7469,"menu_order":3,"comment_status":"closed","ping_status":"closed","template":"","meta":{"footnotes":""},"class_list":["post-7461","page","type-page","status-publish","hentry","entry"],"_links":{"self":[{"href":"http:\/\/www.listephoenix.com\/index.php?rest_route=\/wp\/v2\/pages\/7461","targetHints":{"allow":["GET"]}}],"collection":[{"href":"http:\/\/www.listephoenix.com\/index.php?rest_route=\/wp\/v2\/pages"}],"about":[{"href":"http:\/\/www.listephoenix.com\/index.php?rest_route=\/wp\/v2\/types\/page"}],"author":[{"embeddable":true,"href":"http:\/\/www.listephoenix.com\/index.php?rest_route=\/wp\/v2\/users\/2"}],"replies":[{"embeddable":true,"href":"http:\/\/www.listephoenix.com\/index.php?rest_route=%2Fwp%2Fv2%2Fcomments&post=7461"}],"version-history":[{"count":195,"href":"http:\/\/www.listephoenix.com\/index.php?rest_route=\/wp\/v2\/pages\/7461\/revisions"}],"predecessor-version":[{"id":13249,"href":"http:\/\/www.listephoenix.com\/index.php?rest_route=\/wp\/v2\/pages\/7461\/revisions\/13249"}],"up":[{"embeddable":true,"href":"http:\/\/www.listephoenix.com\/index.php?rest_route=\/wp\/v2\/pages\/7469"}],"wp:attachment":[{"href":"http:\/\/www.listephoenix.com\/index.php?rest_route=%2Fwp%2Fv2%2Fmedia&parent=7461"}],"curies":[{"name":"wp","href":"https:\/\/api.w.org\/{rel}","templated":true}]}}