{"id":7467,"date":"2015-03-01T21:25:51","date_gmt":"2015-03-01T20:25:51","guid":{"rendered":"http:\/\/www.listephoenix.com\/?page_id=7467"},"modified":"2025-04-04T12:46:41","modified_gmt":"2025-04-04T11:46:41","slug":"bordighera","status":"publish","type":"page","link":"http:\/\/www.listephoenix.com\/?page_id=7467","title":{"rendered":"8.Diversification"},"content":{"rendered":"\n<p><strong><strong><strong>CRP 2015-2024. Historique de la lutte int\u00e9gr\u00e9e (integrated pest management = IPM) contre les ravageurs des palmiers rhynchophorus ferrugineus &amp; paysandisia archon (french &amp; italian riviera).<\/strong><\/strong><\/strong>\u00a0R\u00e9dacteur: Robert CASTELLANA. Statut: compte-rendu de recherches<strong>. Retour au dossier menaces:\u00a0<\/strong><a href=\"http:\/\/www.listephoenix.com\/?page_id=7469\">Lien<\/a><\/p>\n\n\n\n<p><strong>Le r\u00e9seau franco-italien&nbsp;<em>Riviera Gardens<\/em>&nbsp;de jardins botaniques a vu le jour en 2015, \u00e0&nbsp;l\u2019initiative&nbsp;de Robert Castellana, dans le cadre du projet Phoenix. Il rassemble un important partenariat scientifique, institutionnel et associatif. Ses membres se r\u00e9unissent r\u00e9guli\u00e8rement depuis 2015 \u00e0 l\u2019invitation de la Direction de l\u2019Am\u00e9nagement Urbain (DAU) de la Principaut\u00e9 de Monaco et plus r\u00e9cemment de la Ville de Cannes. Avec 130 esp\u00e8ces et une trentaine de genres de palmiers, les jardins botaniques de cette r\u00e9gion repr\u00e9sentent en effet un conservatoire patrimonial exceptionnel. Ils t\u00e9moignent de l\u2019histoire de cinq si\u00e8cles d\u2019acclimatation d\u2019une plante qui a donn\u00e9 naissance \u00e0 des paysages embl\u00e9matiques. Ces paysages sont d\u00e9sormais&nbsp;menac\u00e9s, ainsi que leurs collections botaniques. Le r\u00e9seau&nbsp;<em>Riviera Gardens<\/em>&nbsp;vise \u00e0 soutenir des strat\u00e9gies dites de Lutte Int\u00e9gr\u00e9e (Integrated Pest Management = IPM), au travers de la mise en commun des expertises et des moyens de ses membres, notamment en mati\u00e8re de Recherche et de D\u00e9veloppement. La lutte int\u00e9gr\u00e9e ne consiste pas dans un catalogue de techniques disponibles. Ces techniques doivent en effet \u00eatre hi\u00e9rarchis\u00e9es. C\u2019est pour cela que l\u2019on parle de strat\u00e9gie. A la base de la pyramide on trouve la pr\u00e9vention, qui \u00e9vitera d\u2019avoir recours aux \u00e9tages suivants, les techniques de lutte. Les principes de base de la Lutte Int\u00e9gr\u00e9e viennent d\u2019\u00eatre adopt\u00e9s en tant que standard international par la FAO en ce qui concerne les palmiers.&nbsp;<\/strong><\/p>\n\n\n\n<figure class=\"wp-block-image size-full\"><img loading=\"lazy\" decoding=\"async\" width=\"438\" height=\"280\" src=\"http:\/\/www.listephoenix.com\/wp-content\/uploads\/2024\/10\/00-IPM-5-piliers.jpg\" alt=\"\" class=\"wp-image-12475\" srcset=\"http:\/\/www.listephoenix.com\/wp-content\/uploads\/2024\/10\/00-IPM-5-piliers.jpg 438w, http:\/\/www.listephoenix.com\/wp-content\/uploads\/2024\/10\/00-IPM-5-piliers-300x192.jpg 300w, http:\/\/www.listephoenix.com\/wp-content\/uploads\/2024\/10\/00-IPM-5-piliers-150x96.jpg 150w\" sizes=\"auto, (max-width: 438px) 100vw, 438px\" \/><\/figure>\n\n\n\n<p><a href=\"http:\/\/www.listephoenix.com\/?page_id=7469\">Retour au sommaire du chapitre<\/a><\/p>\n\n\n\n<p><strong>RAVAGEURS DES PALMIERS : NOUVELLES MENACES ?<br>SOMMAIRE<br>1. HISTORIQUE<br>2. \u00c9CHANTILLONS OBSERVES<br>3. D\u00c9TAIL DES COLLECTIONS<br>4. BIBLIOGRAPHIE<\/strong><\/p>\n\n\n\n<p><strong>Abstract. Les principaux jardins et associations de Bordighera (Italian Riviera) ont cr\u00e9\u00e9 en 2014 le Collectif \u2018Non c\u2019e pi\u00f9 tempo\u2019, dans le but de f\u00e9d\u00e9rer les initiatives et de mutualiser les moyens. Ce Collectif s\u2019est \u00e9largi par la suite en direction des jardins botaniques de la r\u00e9gion fran\u00e7aise frontali\u00e8re. Cette mise en r\u00e9seau s\u2019est d\u00e9roul\u00e9e dans le contexte tr\u00e8s pr\u00e9occupant de la diversification en cours des cibles du ravageur vers les plantations ornementales de palmiers dattiers de la palmeraie m\u00e9di\u00e9vale de Bordighera, un probl\u00e8me qui concerne aussi l\u2019ensemble des pays du Sud m\u00e9diterran\u00e9en. La compr\u00e9hension de la dynamique de ce transfert est par ailleurs essentielle du fait des menaces qu\u2019elle pourrait repr\u00e9senter pour un grand nombre d\u2019esp\u00e8ces de palmiers, voire m\u00eame pour d\u2019autres plantes d\u2019int\u00e9r\u00eat. Elle pourrait aussi \u00eatre d\u2019une grande utilit\u00e9 en mati\u00e8re de diversification des plantations en milieu urbain, en ce qui concerne le choix d\u2019esp\u00e8ces de remplacement.<\/strong><\/p>\n\n\n\n<p><img loading=\"lazy\" decoding=\"async\" src=\"http:\/\/www.listephoenix.com\/wp-content\/uploads\/2015\/03\/Red-Palm-Weevil-western-diffusion-2006.jpg\" alt=\"Red Palm Weevil western diffusion 2006\" width=\"609\" height=\"469\"><\/p>\n\n\n\n<p><strong>1. HISTORIQUE<\/strong><\/p>\n\n\n\n<p><strong>Chronologie de l\u2019infestation en Europe<br><\/strong>*Phase 1: dispersion et exploration de nouveaux habitats (1\u00e8re ann\u00e9e)<br>*Phase 2: installation et croissance exponentielle sur Phoenix canariensis (2-7 ans).<br>*Phase 3: transfert vers la ressource r\u00e9siduelle (8 ans et +).<\/p>\n\n\n\n<p><strong>Transfert du ravageur vers la ressource r\u00e9siduelle en Sicile en 2009 et 2011<\/strong><\/p>\n\n\n<div class=\"wp-block-image\">\n<figure class=\"alignleft\"><img loading=\"lazy\" decoding=\"async\" width=\"608\" height=\"286\" src=\"http:\/\/www.listephoenix.com\/wp-content\/uploads\/2015\/03\/RPW-hosts-Sicily-2009.jpg\" alt=\"RPW hosts Sicily 2009\" class=\"wp-image-7504\" srcset=\"http:\/\/www.listephoenix.com\/wp-content\/uploads\/2015\/03\/RPW-hosts-Sicily-2009.jpg 608w, http:\/\/www.listephoenix.com\/wp-content\/uploads\/2015\/03\/RPW-hosts-Sicily-2009-150x71.jpg 150w, http:\/\/www.listephoenix.com\/wp-content\/uploads\/2015\/03\/RPW-hosts-Sicily-2009-300x141.jpg 300w\" sizes=\"auto, (max-width: 608px) 100vw, 608px\" \/><\/figure>\n<\/div>\n\n\n<p><\/p>\n\n\n\n<p>Ill. Esp\u00e8ces de palmiers infest\u00e9s en Sicile au d\u00e9but du transfert du ravageur (Longo et alii 2009)<\/p>\n\n\n\n<figure class=\"wp-block-image\"><img loading=\"lazy\" decoding=\"async\" width=\"538\" height=\"494\" src=\"http:\/\/www.listephoenix.com\/wp-content\/uploads\/2015\/03\/RPW-hosts-Sicily-2011.jpg\" alt=\"RPW hosts Sicily 2011\" class=\"wp-image-7483\" title=\"\" srcset=\"http:\/\/www.listephoenix.com\/wp-content\/uploads\/2015\/03\/RPW-hosts-Sicily-2011.jpg 538w, http:\/\/www.listephoenix.com\/wp-content\/uploads\/2015\/03\/RPW-hosts-Sicily-2011-150x138.jpg 150w, http:\/\/www.listephoenix.com\/wp-content\/uploads\/2015\/03\/RPW-hosts-Sicily-2011-300x275.jpg 300w\" sizes=\"auto, (max-width: 538px) 100vw, 538px\" \/><\/figure>\n\n\n\n<p>Ill. Recensement des populations de&nbsp;<em>Rynchophorus ferrugineus<\/em>&nbsp;sur les diverses esp\u00e8ces de palmiers infest\u00e9s en Sicile (Longo et alii 2011)<\/p>\n\n\n\n<p><strong>2. ECHANTILLONS OBSERVES. <\/strong>Six \u00e9chantillons sont actuellement pris en compte dans l\u2019\u00e9tude de diversification des cibles des ravageurs conduite aupr\u00e8s des correspondants de notre r\u00e9seau depuis 2015.&nbsp; Les donn\u00e9es recueillies dans les collections de nos jardins ont permis d\u2019\u00e9tablir que sur un total de 103 esp\u00e8ces 47 ont \u00e9t\u00e9 attaqu\u00e9es (soit 45%). Ces donn\u00e9es portent toutefois sur un tr\u00e8s petit nombre d\u2019exemplaires pour chacune des esp\u00e8ces concern\u00e9es et ne sont donc pas repr\u00e9sentatives des populations ornementales urbaines.<\/p>\n\n\n\n<p><strong>Esp\u00e8ces ornementales urbaines<br><\/strong>ECHANTILLON 1: Italie du Sud. Source : Longo. 12 esp\u00e8ces repr\u00e9sentatives de la palmeraie urbaine<br>ECHANTILLON 2: Sud de la France. Source : Fous de Palmiers. 19 esp\u00e8ces repr\u00e9sentatives de la palmeraie urbaine<\/p>\n\n\n\n<p><strong>Collections botaniques<br><\/strong>ECHANTILLON 3: C\u00f4te d\u2019Azur. Source : Villa Thuret INRAE. Collection botanique de 32 esp\u00e8ces<br>ECHANTILLON 4 : C\u00f4te d\u2019Azur. Source : Villa Caryota SPF. Collection botanique de 69 esp\u00e8ces<br>ECHANTILLON 5 : C\u00f4te d\u2019Azur. Source : Val Rahmeh MNHN. Collection botanique de 74 esp\u00e8ces<\/p>\n\n\n\n<p><strong>Pr\u00e9liminaires m\u00e9thodologiques :<\/strong> <strong>r\u00e9sistance et app\u00e9tence<\/strong>. La question de la sensibilit\u00e9 des palmiers ornementaux aux attaques des ravageurs semble relever dans la litt\u00e9rature scientifique de deux approches antinomiques ou compl\u00e9mentaires :<br>*il s\u2019agit si l\u2019on se place du c\u00f4t\u00e9 du palmier, de l\u2019emploi des termes de R\u00e9sistance \/ Tol\u00e9rance \/ Sensibilit\u00e9 &amp; R\u00e9silience<br>*si l\u2019on se place du c\u00f4t\u00e9 du ravageur, on rel\u00e8ve les termes de App\u00e9tence \/ Opportunisme \/ Mutations &amp; Virulence<br>En ce qui concerne notre recension bibliographique, la connaissance de ces m\u00e9canismes de type r\u00e9sistance ou app\u00e9tence, qui est une approche qualitative, semble peu document\u00e9e pour le moment. Cette situation nous a conduit \u00e0 privil\u00e9gier une approche quantitative se limitant \u00e0 une \u00e9tude statistique des attaques recens\u00e9es dans les \u00e9chantillons mentionn\u00e9s.<\/p>\n\n\n\n<p><strong>R\u00e9sultats &amp; interpr\u00e9tation<\/strong>. Les \u00e9chantillons 1 (Italie du Sud) &amp; 2 (Sud de la France) attestent d\u2019un fort impact des ravageurs sur les principales esp\u00e8ces qui composent les palmeraies ornementales urbaines (allant jusqu\u2019\u00e0 73%). En mati\u00e8re de collections botaniques, l\u2019\u00e9chantillon 4 (C\u00f4te d\u2019Azur) est le plus repr\u00e9sentatif de la moyenne des observations (avec 45%). Globalement, ces chiffres pourraient donc laisser penser \u00e0 l\u2019existence d\u2019une cinquantaine d\u2019esp\u00e8ces de substitution. Ces r\u00e9sultats ne prennent pas en compte toutefois les nombreux param\u00e8tres, notamment environnementaux, relatifs aux possibilit\u00e9s de mise en culture de ces palmiers, \u00e0 l\u2019\u00e2ge des sp\u00e9cimens, \u00e0 sa survie aux attaques ou encore \u00e0 l\u2019importance des populations de ravageurs pr\u00e9sentes.&nbsp;<\/p>\n\n\n\n<figure class=\"wp-block-image size-full\"><img loading=\"lazy\" decoding=\"async\" width=\"850\" height=\"597\" src=\"http:\/\/www.listephoenix.com\/wp-content\/uploads\/2024\/11\/5.Cibles-complements-Matrice-EVRP.jpg\" alt=\"\" class=\"wp-image-12663\" srcset=\"http:\/\/www.listephoenix.com\/wp-content\/uploads\/2024\/11\/5.Cibles-complements-Matrice-EVRP.jpg 850w, http:\/\/www.listephoenix.com\/wp-content\/uploads\/2024\/11\/5.Cibles-complements-Matrice-EVRP-300x211.jpg 300w, http:\/\/www.listephoenix.com\/wp-content\/uploads\/2024\/11\/5.Cibles-complements-Matrice-EVRP-150x105.jpg 150w, http:\/\/www.listephoenix.com\/wp-content\/uploads\/2024\/11\/5.Cibles-complements-Matrice-EVRP-768x539.jpg 768w\" sizes=\"auto, (max-width: 850px) 100vw, 850px\" \/><\/figure>\n\n\n\n<p><strong>Recherches en cours.<\/strong> Nous continuons de notre c\u00f4t\u00e9 d\u2019affiner nos donn\u00e9es d\u2019observation avec la prise en compte de la d\u00e9finition du risque donn\u00e9e par la norme ISO 14121, soit la combinaison de la probabilit\u00e9 d\u2019apparition d\u2019un dommage et de la gravit\u00e9 (ou incidence) de ses cons\u00e9quences. La combinaison de ces deux facteurs permet de donner lieu \u00e0 une matrice de synth\u00e8se reposant sur 4 niveaux de risques, soit&nbsp;: rouge (inacceptable), orange (acceptable si pr\u00e9vention), jaune et vert (acceptables voire nuls). Au regard des donn\u00e9es disponibles, nous avons retenu les deux crit\u00e8res suivants&nbsp;: 1) fr\u00e9quence = nombre d\u2019ann\u00e9es d\u2019observation-exposition&nbsp;; 2) occurrence = nombre d\u2019attaques recens\u00e9es\/nombre de sp\u00e9cimens observ\u00e9s. La combinaison de ces deux crit\u00e8res donne un indice pond\u00e9r\u00e9 de probabilit\u00e9 (ou fr\u00e9quence) du type \u00ab\u00a0x% de sp\u00e9cimens attaqu\u00e9s par an\u00a0\u00bb, ce qui nous a permis de d\u00e9finir trois niveaux soit peu fr\u00e9quent, assez fr\u00e9quent, tr\u00e8s fr\u00e9quent. Nous nous int\u00e9ressons aussi aux m\u00e9thodologies \u00e9pid\u00e9miologiques, et notamment au Taux de reproduction de base Ro (angl. basic reproductive rate), qui mesure la contagiosit\u00e9 d\u2019une maladie soit le nombre moyen de personnes qu\u2019une personne contagieuse pourrait infecter. Ce mod\u00e8le est en effet tr\u00e8s proche de la matrice de criticit\u00e9 du type gravit\u00e9 x fr\u00e9quence pr\u00e9sent\u00e9e pr\u00e9c\u00e9demment. Nous nous int\u00e9ressons enfin aux concepts de virulence et de mutualisme. La virulence d\u00e9signe l&rsquo;intensit\u00e9 pathog\u00e8ne d&rsquo;un micro-organisme. Elle est mesur\u00e9e par la diminution de la valeur s\u00e9lective (survie et\/ou reproduction) de l&rsquo;h\u00f4te due \u00e0 l&rsquo;infection. La th\u00e9orie \u00abtraditionnelle\u00bb en \u00e9pid\u00e9miologie stipule que l\u2019\u00e9volution tendrait \u00e0 modifier les relations entre l\u2019h\u00f4te et le parasite vers le mutualisme, une relation \u00e0 b\u00e9n\u00e9fice r\u00e9ciproque dans laquelle le parasite m\u00e9nagerait son h\u00f4te afin d&rsquo;assurer sa multiplication et sa transmission (avirulence hypothesis).<\/p>\n\n\n\n<p><strong>Retour au sommaire du dossier:<\/strong> <a href=\"http:\/\/www.listephoenix.com\/?page_id=7469\">menaces<\/a><\/p>\n\n\n\n<p><strong>3. DETAIL DES COLLECTIONS<\/strong><\/p>\n\n\n\n<p><strong>RIVIERA GARDENS. <\/strong>Les jardins botaniques de la riviera franco-italienne rassemblent plus de 100 esp\u00e8ces r\u00e9partis dans une trentaine de genres de palmiers, soit ACOELORRHAPHE (wrightii), AIPHANES sp, ALLAGOPTERA (arenaria), ARCHONTOPHOENIX sp, ARECA (catechu), ARENGA (engleri), BRAHEA sp, BUTIA sp, CARYOTA sp, CEROXYLON sp, CHAMAEDOREA sp, CHAMAEROPS humilis sp, CHAMBERONYA (macrocarpa), GUIHAIA (argyrata), HOWEA (forsteriana), JUBAEA (chilensis), LICUALA sp, LIVISTONA sp, NANNORROHOPS sp, PARAJUBAEA sp, PHOENIX sp, RHAPIDOPHYLUM (hystrix), RHAPIS sp, RHOPALOSTYLIS (sapida), ROYSTONEA (hispaniolana), SABAL sp, SERENAO (repens), SYAGRUS (romanzoffiana), THRINAX (radiata), TRACHYCARPUS sp, TRITHRINAX sp, VEITCHIA (merrillii), WASHINGTONIA sp, WODYETIA (bifurcata).<\/p>\n\n\n\n<p><strong>PALM RESIST. <\/strong>L\u2019Inrae m\u00e8ne (depuis 2019) une \u00e9tude dont les r\u00e9sultats sont en train d\u2019\u00eatre publi\u00e9s dans le cadre du projet Palm Resist. Ce projet consiste dans l&rsquo;\u00e9valuation de la survie et de la caract\u00e9risation de diff\u00e9rentes esp\u00e8ces de palmiers tol\u00e9rantes aux nouveaux ravageurs, visant \u00e0 diversifier la palette utilisable dans les villes et jardins de la Riviera. A l&rsquo;issue de l&rsquo;\u00e9tude, l&rsquo;objectif est de proposer des esp\u00e8ces de substitution aux palmiers actuellement menac\u00e9s. Des fiches relatives aux principales esp\u00e8ces de palmiers pr\u00e9sentes dans les collections azur\u00e9ennes sont mises en ligne \u00e0 ce propos sur le site du Jardin Thuret. <strong><a href=\"https:\/\/jardin-thuret.hub.inrae.fr\/decouvrir-l-unite\/projets\/palmresist\" target=\"_blank\" rel=\"noreferrer noopener\">Lien<\/a><\/strong><\/p>\n\n\n\n<p><strong>PALMIERS AMERICAINS. <\/strong>Les informations r\u00e9centes en provenance de la r\u00e9gion des Cara\u00efbes viennent confirmer l\u2019installation du charan\u00e7on rouge du palmier (Red Palm Weevil) dans la r\u00e9gion. Il s\u2019agit de l\u2019\u00eele franco-n\u00e9erlandaise de Saint Martin mais aussi du Mexique o\u00f9 les d\u00e9g\u00e2ts sont spectaculaires. Le ravageur est par ailleurs pr\u00e9sent de mani\u00e8re massive en Uruguay. <a href=\"http:\/\/www.listephoenix.com\/?p=11962\"><strong>Lien<\/strong><\/a><\/p>\n\n\n\n<p><strong>4. BIBLIOGRAPHIE<\/strong><\/p>\n\n\n\n<p><strong>Inventaire (en cours) des publications consacr\u00e9es au transfert du ravageur vers de nouveaux h\u00f4tes (publications en acc\u00e8s libre normalement)<\/strong><\/p>\n\n\n\n<p><strong>AZAM K.M., RAZVI S.A., AL-MAHMULI I. 2001. Survey of Red Palm Weevil, (Rhynchophorus Ferrugineus Oliver) infestation in Date Palm in Oman<\/strong>. In&nbsp;: 2nd International Conf. on Date Palms. (al-Ain, UAE). pp. 25-27. <strong>Link<\/strong> <a href=\"http:\/\/www.pubhort.org\/datepalm\/datepalm2\/datepalm2_33.pdf\" target=\"_blank\" rel=\"noreferrer noopener\">http:\/\/www.pubhort.org\/<\/a><\/p>\n\n\n\n<p><strong>BARRANCO P., J. A. DE LA PE\u00d1A, M.&nbsp; M.&nbsp; MART\u00cdN Y T.&nbsp; CABELLO 2000. Rango de hospedantes de Rhynchophorus ferrugineus (Olivier, 1790) y di\u00e1metro de la palmera hospedante. (Coleoptera, Curculionidae).<\/strong> In: Bol.&nbsp; San. Veg. Plagas, 26: 73-78, 2000. <\/p>\n\n\n\n<p><strong>BOURGUET S. 2013. Dynamique de l\u2019hybridation dans le genre Phoenix sur la Riviera italienne. Caract\u00e9risation g\u00e9n\u00e9tique et ph\u00e9notypique.<\/strong> Master Biologie des Plantes et des Micro-organismes, IRD CBAE, Montpellier (France). <strong>Link<\/strong> <a href=\"http:\/\/www.listephoenix.com\/wp-content\/uploads\/2012\/01\/BOURGUET-S.-2013-Dynamique-de-l%E2%80%99hybridation-dans-le-genre-Phoenix-sur-la-Riviera-italienne.pdf\" target=\"_blank\" rel=\"noreferrer noopener\">http:\/\/www.listephoenix.com\/<\/a><\/p>\n\n\n\n<p><strong>CASTELLANA R., 2014. \u00ab\u00a0Le jardin Winter de Bordighera menac\u00e9 de disparition\u00a0\u00bb.<\/strong> In&nbsp;: Revue Le Sauvage. Culture et \u00e9cologie. (Revue en ligne, juillet 2014). <strong>Link<\/strong> <a href=\"http:\/\/www.lesauvage.org\/2014\/07\/le-jardin-winter-de-bordighera-menace-de-disparition\/\" target=\"_blank\" rel=\"noreferrer noopener\">http:\/\/www.lesauvage.org\/<\/a><\/p>\n\n\n\n<p><strong>CANGELOSI B, CLEMATIS F, MONROY F, ROVERSI PF, TROIANO R, CURIR P, LANZOTTI V. 2015. <\/strong><strong>Filiferol, a chalconoid analogue from Washingtonia filifera possibly involved in the defence against the Red Palm Weevil Rhynchophorus ferrugineus Olivier. <\/strong>In: Phytochemistry Volume 115, July 2015, Pages 216-221.<strong> <\/strong><\/p>\n\n\n\n<p><strong>DEMBILIO O, J. A. JACAS, E. LLACER 2009. Are the palms Washingtonia filifera and Chamaerops humilis suitable hosts for the red palm weevil Rhynchophorus ferrugineus (Col. Curculionidae)?<\/strong> In: J. Appl. Entomol. 133 (2009) 565\u2013567. <\/p>\n\n\n\n<p><strong>DEMBILIO O., JACAS J.A. 2012. Bio-ecology and integrated management of the red palm weevil, Rhynchophorus ferrugineus (Coleoptera: Curculionidae), in the region of Valencia (Spain).<\/strong> In: Hellenic Plant Protection Journal 5: 1-12, 2012. <strong>Link<\/strong> <a href=\"http:\/\/www.researchgate.net\/profile\/Oscar_Dembilio\/publication\/230649206_Bio-ecology_and_integrated_management_of_the_red_palm_weevil_Rhynchophorus_ferrugineus_%28Coleoptera_Curculionidae%29_in_the_region_of_Valencia_%28Spain%29\/links\/0fcfd5028b54d1eb66000000.pdf\" target=\"_blank\" rel=\"noreferrer noopener\">http:\/\/www.researchgate.net\/<\/a><\/p>\n\n\n\n<p><strong>FERRY M., GOMEZ S. 2012. Charan\u00e7on rouge des palmiers, mises au point sur la lutte.<\/strong> In: Phytoma (658: 38-41), novembre 2012. <strong>Link<\/strong> <a href=\"http:\/\/www.fousdepalmiers.com\/medias\/files\/palmiers-phytomat.pdf\" target=\"_blank\" rel=\"noreferrer noopener\">http:\/\/www.fousdepalmiers.com\/<\/a><\/p>\n\n\n\n<p><strong>GIGLEUX C. 2019.&nbsp; <\/strong><strong>Le <em>Strelitzia reginae<\/em>, nouvel h\u00f4te du Charan\u00e7on Rouge du Palmier. <\/strong>In: BSV JEVI -5- CORSE.<strong> <\/strong><\/p>\n\n\n\n<p><strong>GIOVINO A., SCIBETTA S., GUGLIUZZA G., LONGO S., SUMA P., LA MANTIA T. 2012. Atacks of Rhynchophorus ferrugineus olivier (Coleoptera Curculionidae) on natural specimens of dwarf fan palm chamaerops humilis l. (Arecaceae) in Sicily.<\/strong> In : Naturalista sicil., S. IV, XXXVI (3), 2012, pp. 427-433. <strong>Link<\/strong> <a href=\"http:\/\/www.sssn.it\/PDF\/PDF%20NS%2036\/427-434.pdf\" target=\"_blank\" rel=\"noreferrer noopener\">http:\/\/www.sssn.it\/<\/a><\/p>\n\n\n\n<p><strong>JU R.T., WANG F., WANG F.H., LI B. 2010. Effect of host plants on development and reproduction of Rhynchophorus ferrugineus (Olivier) (Coleoptera: Curculionidae).<\/strong> In: J Pest Sci. <strong>Link<\/strong> <a href=\"http:\/\/www.researchgate.net\/publication\/226767445_Effect_of_host_plants_on_development_and_reproduction_of_Rhynchophorus_ferrugineus_%28Olivier%29_%28Coleoptera_Curculionidae%29\" target=\"_blank\" rel=\"noreferrer noopener\">http:\/\/www.researchgate.net<\/a><\/p>\n\n\n\n<p><strong>LONGO S., ZIZZO G.V., GIOVINO A., COLAZZA S. 2009. &nbsp;Piante ospiti del Punteruolo rosso e del Castnide delle palme in Sicilia.<\/strong> In: aavv_2009. La ricerca scientifica sul punteruolo rosso e gli altri fitofagi delle palme in Sicilia (85-86). <\/p>\n\n\n\n<p><strong>LONGO S., ANDERSON P.J., SMITH T.R., STANLEY J.D &amp; INSERRA R.N. 2011. New Palm Hosts for the Red Palm Weevil, Rhynchophorus ferrugineus, in Sicily. <\/strong>In&nbsp;: Palms Vol. 55 (1). <\/p>\n\n\n\n<p><strong>MOGAHED MI 2010. <\/strong><strong>Studies on host preference and its biological effects on the red palm weevil, Rhynchophorus ferrugineus Olivier in Egypt<\/strong>.<\/p>\n\n\n\n<p><strong>MONROY F., Roggero A., Di Silvestro A. and Curir P. &#8211; CREA, Italy. <\/strong><strong>Fungal endophytic communities and palm susceptibility to the red palm weevil in its invaded range. <\/strong><\/p>\n\n\n\n<p><strong>MONROY F., Graniglia C., Batiz E. and Vigh D. &#8211; CREA, Italy.Direct and indirect manipulation of the fungal endophytic communities of <em>Phoenix dactylifera<\/em> and its associated effect on leaf chemistry. <\/strong><\/p>\n\n\n\n<p><strong>PORCELLI F.,Russo V., Salerno M.,Tarasco E., De Luca F., Fanelli E. , Troccoli A., Dalbon A. V., Acevedo J. P. &#8211; University of Bari, Italy.<\/strong><strong>The RPW and SAPW as vectors of nematodes. <\/strong><\/p>\n\n\n\n<p><strong>ROCHAT D., CHAPIN E., FERRY M., AVAND-FAGHIH A., BRUN L. 2006. Le charan\u00e7on rouge du palmier dans le bassin m\u00e9diterran\u00e9en.<\/strong> In: PHYTOMA, La D\u00e9fense des V\u00e9g\u00e9taux, N\u00b0595 (20-24), Juillet-Ao\u00fbt 2006. <strong>Link<\/strong> <a href=\"http:\/\/palmiers.bretagne.free.fr\/Soigner_fichiers\/Rhynchophorus%20ferrugineus.pdf\" target=\"_blank\" rel=\"noreferrer noopener\">http:\/\/palmiers.bretagne.free.fr\/<\/a><\/p>\n\n\n\n<p><strong>SANZ-AGUILAR A. ET AL. 2020<\/strong>. <strong>Modelling pest dynamics under uncertainty in pest detection. The case of the red palm weevil.<\/strong> In: Biol Invasions. <\/p>\n\n\n\n<p><strong>SCRASCIA M., D\u2019Addabbo P., Roberto R., Porcelli F., Oliva M., Calia C. and Pazzani C.- University of Bari, Italy.<\/strong><strong>Characterization of CRISPR-Cas systems in <em>Serratia marcescens<\/em> isolated from <em>Rhynchophorus ferrugineus <\/em>(Olivier, 1790) (Coleoptera: Curculionidae). <\/strong><\/p>\n\n\n\n<p><strong>SILBERBAUER-GOTTSBERGER I. 1990. Pollination and Evolution in Palms<\/strong>. In: Phyton (Horn, Austria)&nbsp; 30 (2): 213-233, 6 figures.<\/p>\n\n\n\n<p><strong>Retour au sommaire du dossier:<\/strong>&nbsp;<a href=\"http:\/\/www.listephoenix.com\/?page_id=7469\">menaces<\/a><\/p>\n\n\n\n<p><\/p>\n","protected":false},"excerpt":{"rendered":"<p>CRP 2015-2024. Historique de la lutte int\u00e9gr\u00e9e (integrated pest management = IPM) contre les ravageurs des palmiers rhynchophorus ferrugineus &amp; paysandisia archon (french &amp; italian&#8230;<\/p>\n<div class=\"more-link-wrapper\"><a class=\"more-link\" href=\"http:\/\/www.listephoenix.com\/?page_id=7467\">Continue reading<span class=\"screen-reader-text\">8.Diversification<\/span><\/a><\/div>\n","protected":false},"author":2,"featured_media":0,"parent":7469,"menu_order":8,"comment_status":"closed","ping_status":"closed","template":"","meta":{"footnotes":""},"class_list":["post-7467","page","type-page","status-publish","hentry","entry"],"_links":{"self":[{"href":"http:\/\/www.listephoenix.com\/index.php?rest_route=\/wp\/v2\/pages\/7467","targetHints":{"allow":["GET"]}}],"collection":[{"href":"http:\/\/www.listephoenix.com\/index.php?rest_route=\/wp\/v2\/pages"}],"about":[{"href":"http:\/\/www.listephoenix.com\/index.php?rest_route=\/wp\/v2\/types\/page"}],"author":[{"embeddable":true,"href":"http:\/\/www.listephoenix.com\/index.php?rest_route=\/wp\/v2\/users\/2"}],"replies":[{"embeddable":true,"href":"http:\/\/www.listephoenix.com\/index.php?rest_route=%2Fwp%2Fv2%2Fcomments&post=7467"}],"version-history":[{"count":90,"href":"http:\/\/www.listephoenix.com\/index.php?rest_route=\/wp\/v2\/pages\/7467\/revisions"}],"predecessor-version":[{"id":13121,"href":"http:\/\/www.listephoenix.com\/index.php?rest_route=\/wp\/v2\/pages\/7467\/revisions\/13121"}],"up":[{"embeddable":true,"href":"http:\/\/www.listephoenix.com\/index.php?rest_route=\/wp\/v2\/pages\/7469"}],"wp:attachment":[{"href":"http:\/\/www.listephoenix.com\/index.php?rest_route=%2Fwp%2Fv2%2Fmedia&parent=7467"}],"curies":[{"name":"wp","href":"https:\/\/api.w.org\/{rel}","templated":true}]}}