{"id":7469,"date":"2015-03-01T21:30:23","date_gmt":"2015-03-01T20:30:23","guid":{"rendered":"http:\/\/www.listephoenix.com\/?page_id=7469"},"modified":"2025-05-18T12:39:35","modified_gmt":"2025-05-18T11:39:35","slug":"rhynchophorus-ferrugineus-red-palm-weevil","status":"publish","type":"page","link":"http:\/\/www.listephoenix.com\/?page_id=7469","title":{"rendered":"V. MENACES"},"content":{"rendered":"\n<figure class=\"wp-block-image size-full is-resized\"><img loading=\"lazy\" decoding=\"async\" width=\"749\" height=\"631\" src=\"http:\/\/www.listephoenix.com\/wp-content\/uploads\/2018\/10\/Logo-RIVIERA-GARDENS-bleu.jpg\" alt=\"\" class=\"wp-image-10133\" style=\"width:187px;height:auto\" srcset=\"http:\/\/www.listephoenix.com\/wp-content\/uploads\/2018\/10\/Logo-RIVIERA-GARDENS-bleu.jpg 749w, http:\/\/www.listephoenix.com\/wp-content\/uploads\/2018\/10\/Logo-RIVIERA-GARDENS-bleu-150x126.jpg 150w, http:\/\/www.listephoenix.com\/wp-content\/uploads\/2018\/10\/Logo-RIVIERA-GARDENS-bleu-300x253.jpg 300w\" sizes=\"auto, (max-width: 749px) 100vw, 749px\" \/><\/figure>\n\n\n\n<p><strong><strong>Citer cette publication : CRP 2015-2024. Historique de la lutte int\u00e9gr\u00e9e (integrated pest management = IPM) contre les ravageurs des palmiers rhynchophorus ferrugineus &amp; paysandisia archon (french &amp; italian riviera). <\/strong><\/strong>R\u00e9dacteur: Robert CASTELLANA. Statut: compte-rendu de recherches.<strong> <\/strong><a href=\"http:\/\/www.listephoenix.com\/?page_id=7469\">Lien<\/a><span><b><br><br><\/b><\/span><strong>En 2015, le Projet Phoenix a mis en \u0153uvre un r\u00e9seau d\u2019\u00e9changes d\u2019exp\u00e9riences qui rassemble les principales collections de palmiers des jardins botaniques de la C\u00f4te d\u2019Azur fran\u00e7aise et italienne. Nomm\u00e9 Riviera Gardens, ce r\u00e9seau a pour objectif d\u2019harmoniser les protocoles de lutte contre les ravageurs \u00e9mergents et de promouvoir une Strat\u00e9gie de Lutte Int\u00e9gr\u00e9e (Integrated Pest Management). Outre les tutelles scientifiques des jardins botaniques, le r\u00e9seau Riviera Gardens rassemble plusieurs instituts de recherche, en Italie, Espagne et Tunisie, ainsi que divers acteurs publics et priv\u00e9s. Les r\u00e9f\u00e9rences bibliographiques mentionn\u00e9es font l\u2019objet d\u2019un classement th\u00e9matique en fin du dossier. La majorit\u00e9 d\u2019entre elles est (normalement) en acc\u00e8s libre. Les liens peuvent parfois \u00eatre caducs et nous nous en excusons par avance.<br><\/strong><br><strong>SOMMAIRE DES ARTICLES<\/strong><\/p>\n\n\n\n<p><strong>1.&nbsp;Lutte int\u00e9gr\u00e9e&nbsp;: expos\u00e9 des principes de la lutte dite int\u00e9gr\u00e9e (Integrated Pest management). <\/strong>Sommaire&nbsp;: Bonnes pratiques de gestion \/ coordination &amp; \u00e9valuation \/ cartographie des plantations \/ protocoles de d\u00e9tection pr\u00e9coce \/ mise en \u0153uvre de techniques de contr\u00f4le. <strong>Lien<\/strong> : <a href=\"http:\/\/www.listephoenix.com\/?page_id=7461\">lutte integree<\/a><\/p>\n\n\n\n<p><strong>2. Gestion des plantations. <\/strong>Sommaire&nbsp;: Taille des palmiers \/ Abattage et traitement des d\u00e9chets \/ Implication des propri\u00e9taires de palmiers&nbsp;et d\u00e9tection&nbsp;pr\u00e9coce des infestations \/ Contr\u00f4le du commerce des palmiers &amp; diversification des plantations \/ Cartographies int\u00e9gr\u00e9es et interactives. <strong>Lien<\/strong>&nbsp;: <a href=\"http:\/\/www.listephoenix.com\/?page_id=11875\">gestion<\/a><\/p>\n\n\n\n<p><strong>3. Pi\u00e9geage. <\/strong>Sommaire&nbsp;: Principes du pi\u00e9geage massif \/ Techniques &amp; produits \/ Bibliographie indicative \/ Annexe: comparatif des tarifs et des types de pi\u00e8ges. <strong>Lien&nbsp;<\/strong>: <a href=\"http:\/\/www.listephoenix.com\/?page_id=11878\">piegeage<\/a><\/p>\n\n\n\n<p><strong>4. Biocontr\u00f4le. <\/strong>Sommaire&nbsp;: Beauveria bassiana \/ N\u00e9matodes \/ Autres m\u00e9thodes de lutte biologique \/ Annexe: Tableau simplifi\u00e9 des antagonistes de Rhynchophorus sp. <strong>Lien<\/strong>&nbsp;: <a href=\"http:\/\/www.listephoenix.com\/?page_id=11886\">biocontrole<\/a><\/p>\n\n\n\n<p><strong>5. Lutte chimique. <\/strong>Sommaire&nbsp;: Analyse des risques (Hazard analysis) \/ L\u2019assainissement m\u00e9canique \/ L\u2019assainissement chimique. <strong>Lien&nbsp;: <\/strong><a href=\"http:\/\/www.listephoenix.com\/?page_id=11894\">luttechimique<\/a><\/p>\n\n\n\n<p><strong>6. Evaluation globale de la Lutte Int\u00e9gr\u00e9e&nbsp;: \u00e9l\u00e9ments d\u2019analyse de l\u2019\u00e9chec des politiques de lutte. <\/strong>Sommaire<strong>: <\/strong>Etat des lieux \/ Sociologie des organisations et typologie des acteurs \/ Essai d\u2019analyse \/ Chutes de palmiers infest\u00e9s. <strong>Lien <\/strong>: <a href=\"http:\/\/www.listephoenix.com\/?page_id=9959\">evaluation<\/a><\/p>\n\n\n\n<p><strong>7.&nbsp; Riviera Gardens (r\u00e9seau de veille phytosanitaire de jardins botaniques franco-italiens). <\/strong>Sommaire&nbsp;: les jardins et le partenariat du r\u00e9seau \/ \u00e9tat de l&rsquo;infestation \/ compte-rendu des r\u00e9unions \u00e0 Monaco et \u00e0 Cannes (2015-2024). <strong>Lien<\/strong>&nbsp;: <a href=\"http:\/\/www.listephoenix.com\/?page_id=9990\">RivieraGardens<\/a><\/p>\n\n\n\n<p><strong>8. Diversification des cibles. <em>Rhynchophorus Ferrugineus<\/em>&nbsp;: Nouvelles Menaces&nbsp;? (Observations du r\u00e9seau de jardins botaniques franco-italiens sur la diversification en cours des cibles du ravageur). <\/strong>Sommaire&nbsp;: Historique \/ Echantillon \/ &nbsp;Protocoles \/ R\u00e9sultats \/ Inspection visuelle du site \/ Perspectives. <strong>Lien<\/strong> : <a href=\"http:\/\/www.listephoenix.com\/?page_id=7467\">diversification<\/a><\/p>\n\n\n\n<p><strong>9. Bordighera&nbsp;: recueil de donn\u00e9es relatives au transfert en cours du ravageur des palmiers,&nbsp;<em>Rhynchophorus ferrugineus<\/em>, en direction de nouveaux h\u00f4tes \u00e0 Bordighera (Italie). <\/strong>Sommaire: \u00e9chantillon \/ protocoles \/ r\u00e9sultats \/ perspectives. <strong>Lien <\/strong>: Bordighera<\/p>\n\n\n\n<p><strong>10. <em>Paysandisia archon<\/em>. Documentation relative au papillon palmivore.<\/strong> Sommaire&nbsp;: Cibles \/ Prevention&nbsp; \/ Lutte Biologique \/ Lutte Chimique \/ Bibliographie. <strong>Lien <\/strong>: <a href=\"http:\/\/www.listephoenix.com\/?page_id=9680\">paysandisia<\/a><\/p>\n\n\n\n<p><strong>11.<\/strong> <strong>Bibliographie class\u00e9e et comment\u00e9e des publications scientifiques disponibles gratuitement en ligne).<\/strong> <strong>Lien <\/strong>: <a href=\"http:\/\/www.listephoenix.com\/?page_id=8659\">bibliographie<\/a><\/p>\n\n\n\n<p><strong>EN SAVOIR PLUS SUR <em>RHYNCHOPHORUS FERRUGINEUS<\/em><\/strong><\/p>\n\n\n<div class=\"wp-block-image\">\n<figure class=\"alignleft\"><a href=\"http:\/\/www.listephoenix.com\/wp-content\/uploads\/2013\/01\/RPW-Athenes-acropole.jpg\"><img loading=\"lazy\" decoding=\"async\" width=\"300\" height=\"225\" src=\"http:\/\/www.listephoenix.com\/wp-content\/uploads\/2013\/01\/RPW-Athenes-acropole-300x225.jpg\" alt=\"RPW Athenes acropole\" class=\"wp-image-6719\" title=\"\" srcset=\"http:\/\/www.listephoenix.com\/wp-content\/uploads\/2013\/01\/RPW-Athenes-acropole-300x225.jpg 300w, http:\/\/www.listephoenix.com\/wp-content\/uploads\/2013\/01\/RPW-Athenes-acropole-150x112.jpg 150w, http:\/\/www.listephoenix.com\/wp-content\/uploads\/2013\/01\/RPW-Athenes-acropole.jpg 1024w\" sizes=\"auto, (max-width: 300px) 100vw, 300px\" \/><\/a><\/figure>\n<\/div>\n\n\n<p>Ill. Ath\u00e8nes (Parc Arch\u00e9ologique de l&rsquo;Acropole)<\/p>\n\n\n\n<p>Le charan\u00e7on rouge (<em>Rhynchophorus ferrugineus<\/em> &#8211; Red Palm Weevil), est originaire d&rsquo;Indon\u00e9sie, o\u00f9 il infeste de fa\u00e7on marginale diverses esp\u00e8ces de palmiers \u00e9quatoriaux. Il a dans un premier temps largement colonis\u00e9 les grandes cultures de dattiers du Moyen Orient, avant d\u2019arriver en Europe. Ce ravageur menace d\u00e9sormais la survie des palmiers m\u00e9diterran\u00e9ens, les palmiers ornementaux en Europe et les palmiers dattiers au Maghreb. Les deux palmiers autochtones (<em>Phoenix theophrasti<\/em> et <em>Chamaerops humilis<\/em>) sont eux aussi concern\u00e9s, ainsi que les palmeraies m\u00e9di\u00e9vales d&rsquo;Elche en Espagne et de Bordighera en Italie. Avec une centaine d&rsquo;esp\u00e8ces recens\u00e9es, la biodiversit\u00e9 des palmeraies ornementales risque par ailleurs de conduire \u00e0 une nouvelle diversification des cibles de ce col\u00e9opt\u00e8re palmivore opportuniste. Cette diversification, en cours, est favoris\u00e9e par l\u2019apparition d\u2019une autre ravageur au spectre d\u2019action tr\u00e8s large, le papilllon palmivore venu d\u2019Argentine (<em>Paysandisia archon<\/em>). <\/p>\n\n\n<div class=\"wp-block-image\">\n<figure class=\"alignleft\"><img loading=\"lazy\" decoding=\"async\" width=\"300\" height=\"238\" src=\"http:\/\/www.listephoenix.com\/wp-content\/uploads\/2017\/05\/ICONO-Paysandisia-archon-cycle-Photo-JB-Peltier-300x238.jpg\" alt=\"\" class=\"wp-image-9783\" srcset=\"http:\/\/www.listephoenix.com\/wp-content\/uploads\/2017\/05\/ICONO-Paysandisia-archon-cycle-Photo-JB-Peltier-300x238.jpg 300w, http:\/\/www.listephoenix.com\/wp-content\/uploads\/2017\/05\/ICONO-Paysandisia-archon-cycle-Photo-JB-Peltier-150x119.jpg 150w, http:\/\/www.listephoenix.com\/wp-content\/uploads\/2017\/05\/ICONO-Paysandisia-archon-cycle-Photo-JB-Peltier.jpg 609w\" sizes=\"auto, (max-width: 300px) 100vw, 300px\" \/><\/figure>\n<\/div>\n\n\n<p><strong>EN SAVOIR PLUS SUR <em>PAYSANDISIA ARCHON<\/em><\/strong><br>Import\u00e9 de l\u2019Am\u00e9rique du Sud, le papillon <em>Paysandisia archon<\/em> s\u2019est largement install\u00e9 sur les populations de <em>Chamaerops humilis<\/em> de l\u2019ensemble du littoral azur\u00e9en. Or ce palmier est un \u00e9l\u00e9ment caract\u00e9ristique du maquis m\u00e9diterran\u00e9en, au niveau de tous les \u00e9tages de v\u00e9g\u00e9tation Infram\u00e9diterran\u00e9en, Thermom\u00e9diterran\u00e9en et M\u00e9som\u00e9diterran\u00e9en. Sa disparition repr\u00e9sente donc un enjeu \u00e9cologique majeur. En savoir plus: <a href=\"http:\/\/www.listephoenix.com\/?page_id=9680\">paysandisia<\/a><\/p>\n\n\n\n<p><strong>Lire la suite: <\/strong><a href=\"http:\/\/www.listephoenix.com\/?page_id=9680\">Lutte <\/a><a href=\"http:\/\/www.listephoenix.com\/?page_id=7461\">integree<\/a><\/p>\n\n\n\n<p><\/p>\n","protected":false},"excerpt":{"rendered":"<p>Citer cette publication : CRP 2015-2024. Historique de la lutte int\u00e9gr\u00e9e (integrated pest management = IPM) contre les ravageurs des palmiers rhynchophorus ferrugineus &amp; paysandisia&#8230;<\/p>\n<div class=\"more-link-wrapper\"><a class=\"more-link\" href=\"http:\/\/www.listephoenix.com\/?page_id=7469\">Continue reading<span class=\"screen-reader-text\">V. MENACES<\/span><\/a><\/div>\n","protected":false},"author":2,"featured_media":0,"parent":0,"menu_order":5,"comment_status":"closed","ping_status":"closed","template":"","meta":{"footnotes":""},"class_list":["post-7469","page","type-page","status-publish","hentry","entry"],"_links":{"self":[{"href":"http:\/\/www.listephoenix.com\/index.php?rest_route=\/wp\/v2\/pages\/7469","targetHints":{"allow":["GET"]}}],"collection":[{"href":"http:\/\/www.listephoenix.com\/index.php?rest_route=\/wp\/v2\/pages"}],"about":[{"href":"http:\/\/www.listephoenix.com\/index.php?rest_route=\/wp\/v2\/types\/page"}],"author":[{"embeddable":true,"href":"http:\/\/www.listephoenix.com\/index.php?rest_route=\/wp\/v2\/users\/2"}],"replies":[{"embeddable":true,"href":"http:\/\/www.listephoenix.com\/index.php?rest_route=%2Fwp%2Fv2%2Fcomments&post=7469"}],"version-history":[{"count":113,"href":"http:\/\/www.listephoenix.com\/index.php?rest_route=\/wp\/v2\/pages\/7469\/revisions"}],"predecessor-version":[{"id":13265,"href":"http:\/\/www.listephoenix.com\/index.php?rest_route=\/wp\/v2\/pages\/7469\/revisions\/13265"}],"wp:attachment":[{"href":"http:\/\/www.listephoenix.com\/index.php?rest_route=%2Fwp%2Fv2%2Fmedia&parent=7469"}],"curies":[{"name":"wp","href":"https:\/\/api.w.org\/{rel}","templated":true}]}}