{"id":8217,"date":"2015-09-05T12:12:02","date_gmt":"2015-09-05T11:12:02","guid":{"rendered":"http:\/\/www.listephoenix.com\/?page_id=8217"},"modified":"2025-08-08T11:54:33","modified_gmt":"2025-08-08T10:54:33","slug":"accueil","status":"publish","type":"page","link":"http:\/\/www.listephoenix.com\/?page_id=8217","title":{"rendered":"PRESENTATION"},"content":{"rendered":"<div class=\"wp-block-image\">\n<figure class=\"alignright\"><img loading=\"lazy\" decoding=\"async\" width=\"150\" height=\"147\" src=\"http:\/\/www.listephoenix.com\/wp-content\/uploads\/2015\/09\/Logo-Phoenix-150x147.jpg\" alt=\"\" class=\"wp-image-8223\" srcset=\"http:\/\/www.listephoenix.com\/wp-content\/uploads\/2015\/09\/Logo-Phoenix-150x147.jpg 150w, http:\/\/www.listephoenix.com\/wp-content\/uploads\/2015\/09\/Logo-Phoenix-300x294.jpg 300w, http:\/\/www.listephoenix.com\/wp-content\/uploads\/2015\/09\/Logo-Phoenix.jpg 640w\" sizes=\"auto, (max-width: 150px) 100vw, 150px\" \/><\/figure>\n<\/div>\n\n\n<p><strong>BIODIVERSIT\u00c9 &amp; PATRIMOINE: DU PROJET PHOENIX AU R\u00c9SEAU RIVIERA GARDEN (FRENCH &amp; ITALIAN RIVIERA). <\/strong><\/p>\n\n\n\n<figure class=\"wp-block-image size-large\"><img loading=\"lazy\" decoding=\"async\" width=\"1024\" height=\"632\" src=\"http:\/\/www.listephoenix.com\/wp-content\/uploads\/2012\/01\/carte-diffusion-phoenix-M.-Gros-Balthazard-1024x632.jpg\" alt=\"aire de diffusion du genre Phoenix\" class=\"wp-image-7782\" srcset=\"http:\/\/www.listephoenix.com\/wp-content\/uploads\/2012\/01\/carte-diffusion-phoenix-M.-Gros-Balthazard-1024x632.jpg 1024w, http:\/\/www.listephoenix.com\/wp-content\/uploads\/2012\/01\/carte-diffusion-phoenix-M.-Gros-Balthazard-150x93.jpg 150w, http:\/\/www.listephoenix.com\/wp-content\/uploads\/2012\/01\/carte-diffusion-phoenix-M.-Gros-Balthazard-300x185.jpg 300w, http:\/\/www.listephoenix.com\/wp-content\/uploads\/2012\/01\/carte-diffusion-phoenix-M.-Gros-Balthazard.jpg 1360w\" sizes=\"auto, (max-width: 1024px) 100vw, 1024px\" \/><\/figure>\n\n\n\n<p>Distribution des diff\u00e9rentes esp\u00e8ces de palmiers du genre Phoenix<\/p>\n\n\n\n<p><strong>CULTURES, TERRITOIRES ET IDENTIT\u00c9S: ECOLOGIE DU GENRE PHOENIX (ARECACEES). Ce site web est consacr\u00e9 \u00e0 l\u2019histoire de la domestication des plantes et \u00e0 son impact sur l\u2019histoire des civilisations. La C\u00f4te d\u2019Azur fran\u00e7aise et italienne abrite, entre Hy\u00e8res et Sanremo, une palmeraie ornementale historique particuli\u00e8rement vaste et diversifi\u00e9e, en nombre de palmiers comme en nombre d\u2019esp\u00e8ces. Ces riches collections vari\u00e9tales ont donn\u00e9 naissance \u00e0 un programme de recherches euro-m\u00e9diterran\u00e9en en collaboration avec l\u2019Institut pour la Recherche et le D\u00e9veloppement (IRD), le\u00a0<em>Projet Phoenix<\/em>, dont les diff\u00e9rentes rubriques de ce site rendent compte. Le\u00a0Projet Phoenix est aussi \u00e0 l\u2019origine d\u2019un\u00a0<em>Jardin Exp\u00e9rimental<\/em>\u00a0ainsi que d\u2019un r\u00e9seau de jardins botaniques r\u00e9gionaux. D\u00e9nomm\u00e9\u00a0<em>Riviera Gardens<\/em>, son objectif est de f\u00e9d\u00e9rer les initiatives de lutte contre les ravageurs qui menacent leurs collections et celles d\u2019un grand nombre de plantes \u00e0 travers le monde. Le R\u00e9seau Riviera Gardens a organis\u00e9 depuis 2015 plusieurs colloques d\u2019\u00e9changes d\u2019exp\u00e9riences en partenariat avec la Principaut\u00e9 de Monaco, l\u2019association Sauvons Nos Palmiers et la Ville de Cannes.\u00a0Il s&rsquo;efforce de promouvoir une strat\u00e9gie dite de Lutte Int\u00e9gr\u00e9e, visant \u00e0 limiter l&#8217;emploi de pesticides. Les collaborations initi\u00e9es dans ce contexte s&rsquo;inscrivent dans le cadre du projet\u00a0<em>Bioarchive<\/em>, un projet de recherches interculturel relatif \u00e0 l\u2019histoire des soci\u00e9t\u00e9s m\u00e9diterran\u00e9ennes, de leurs territoires, de leurs paysages et de leurs repr\u00e9sentations.\u00a0Vous pouvez nous joindre ici: <\/strong><a href=\"http:\/\/bioarchive.listephoenix.com\/bio-archive\/\" target=\"_blank\" rel=\"noreferrer noopener\">bioarchive<\/a><\/p>\n\n\n\n<p><strong>QUI SOMMES NOUS?<\/strong><\/p>\n\n\n\n<p><strong>LE PROJET BIOARCHIVE. Robert Castellana est sociologue et consultant. Il est le r\u00e9dacteur de ce site web et le coordinateur des projets Phoenix et Bioarchive. <\/strong>Ses travaux s\u2019inscrivent dans une s\u00e9rie de collaborations avec les acteurs du patrimoine, de la recherche et de l\u2019industrie. Robert Castellana est l\u2019auteur de nombreux articles, ouvrages, outils p\u00e9dagogiques et catalogues d\u2019exposition. Ils portent sur les relations des soci\u00e9t\u00e9s au territoire, au travers de ses repr\u00e9sentations, de ses usages et des expressions identitaires qui les accompagnent. Ses contributions concernent plus particuli\u00e8rement le domaine des identit\u00e9s et des cultures professionnelles. Elles portent&nbsp;notamment sur la sociologie du monde m\u00e9diterran\u00e9en et l\u2019histoire des grands itin\u00e9raires d\u2019\u00e9changes et de contacts ayant fa\u00e7onn\u00e9 les civilisations qui le composent. Elles traitent aussi de leur impact sur la modernit\u00e9 en ce qui concerne l\u2019histoire du tourisme.<\/p>\n\n\n\n<p><strong>LE PROJET PHOENIX. Le Projet Phoenix a vu le jour en 2007 sous l\u2019impulsion de Jean-Christophe Pintaud, botaniste et g\u00e9n\u00e9ticien, chercheur de l&rsquo;Institut pour la Recherche et le D\u00e9veloppement (IRD). <\/strong>Ce projet de recherche rel\u00e8ve d\u2019une \u00e9cologie pluridisciplinaire et int\u00e9grative en direction de partenariats nord\/sud pour le d\u00e9veloppement. Les travaux conduits dans ce cadre ont associ\u00e9 des chercheurs issus de diverses disciplines des sciences de la nature et de la soci\u00e9t\u00e9, autour des th\u00e8mes de la domestication des plantes et de l\u2019anthropisation de l\u2019environnement. Les palmiers, et plus particuli\u00e8rement le palmier-dattier occupent une place centrale dans cette approche, du fait de leur caract\u00e8re embl\u00e9matique dans l\u2019histoire des civilisations, du n\u00e9olithique \u00e0 nos jours. Faisant partie des plantes domestiqu\u00e9es par les populations du n\u00e9olithique, le palmier dattier a en effet permis de cr\u00e9er un environnement anthropis\u00e9 dans les r\u00e9gions d\u00e9sertiques du moyen et du proche orient. De leur fonction d\u2019\u00e9tapes sur les routes caravani\u00e8res, les oasis et leurs palmiers ont conserv\u00e9 un r\u00f4le de lien interculturel au fil des si\u00e8cles. Elles repr\u00e9sentent aussi des agrosyst\u00e8mes fragiles, qui abritent des populations tr\u00e8s pauvres vivant de leurs seules ressources. Le monde oasien est actuellement menac\u00e9 de dispara\u00eetre sous l\u2019impact de la mondialisation, alors qu\u2019il pourrait repr\u00e9senter une alternative aux processus de d\u00e9sertification dus au r\u00e9chauffement climatique. <\/p>\n\n\n\n<p><strong>LE R\u00c9SEAU&nbsp;RIVIERA GARDENS.<\/strong> <strong>Le r\u00e9seau&nbsp;Riviera Gardens&nbsp;est un r\u00e9seau de jardins botaniques franco-italiens, cr\u00e9\u00e9 en 2015 \u00e0 l\u2019initiative de Robert Castellana dans le cadre du&nbsp;Projet Phoenix.<\/strong> Avec 130 esp\u00e8ces et une trentaine de genres de palmiers, les jardins botaniques de cette r\u00e9gion repr\u00e9sentent en effet un conservatoire patrimonial exceptionnel. Leurs collections t\u00e9moignent notamment de l\u2019histoire de cinq si\u00e8cles d\u2019acclimatation de plantes qui ont donn\u00e9 naissance \u00e0 des paysages embl\u00e9matiques. Ces paysages sont d\u00e9sormais menac\u00e9s, ainsi que leurs collections botaniques. Le r\u00e9seau Riviera Gardens se r\u00e9unit r\u00e9guli\u00e8rement \u00e0 l\u2019invitation de la Principaut\u00e9 de Monaco, gr\u00e2ce \u00e0 un important partenariat scientifique et associatif international. Il&nbsp;&nbsp;a pour objet d\u2019impulser et de coordonner une strat\u00e9gie dite de Lutte Int\u00e9gr\u00e9e (Integrated Pest Management = IPM), au travers de la mise en commun des expertises et des moyens de ses membres et partenaires, notamment en mati\u00e8re de Recherche et de D\u00e9veloppement (R&amp;D).<span style=\"color: #000000;\"><b style=\"color: #000000;\"><\/b><\/span><\/p>\n\n\n\n<p><strong>LE JARDIN&nbsp;EXP\u00c9RIMENTAL DE BORDIGHERA.&nbsp;Le&nbsp;Projet Phoenix&nbsp;a aussi donn\u00e9 naissance \u00e0 un Jardin Exp\u00e9rimental. Il s\u2019agit du dernier jardin traditionnel de la palmeraie m\u00e9di\u00e9vale italienne de Bordighera.<\/strong> Ce jardin de palmiers dattiers a fait l\u2019objet d\u2019une entreprise de conservation et de reconversion en direction de la biodiversit\u00e9 et du patrimoine de la r\u00e9gion qui l\u2019abrite. La palmeraie de Bordighera est une palmeraie historique qui remonte \u00e0 la fin du moyen-\u00e2ge. Elle a compt\u00e9 jusqu\u2019\u00e0 15000 palmiers dattiers de la vari\u00e9t\u00e9&nbsp;<em>Phoenix dactylifera<\/em>, le palmier dattier des oasis. Ces palmiers \u00e9taient cultiv\u00e9s ici non pas pour leurs fruits mais pour leurs feuilles, destin\u00e9es aux communaut\u00e9s juives europ\u00e9ennes \u00e0 l\u2019occasion des f\u00eates du Nouvel An et aux chr\u00e9tiens pour les c\u00e9r\u00e9monies de la P\u00e2que. La palmeraie historique occupait originellement l\u2019embouchure d\u2019un torrent m\u00e9diterran\u00e9en qui demeure relativement pr\u00e9serv\u00e9 de l\u2019urbanisation et offre une grande biodiversit\u00e9. Elle a \u00e9t\u00e9 immortalis\u00e9e par l\u2019un des ma\u00eetres de l\u2019impressionnisme, le peintre Claude Monet, lors de son s\u00e9jour dans la r\u00e9gion et par l\u2019architecte Charles Garnier qui allait s\u2019\u00e9tablir \u00e0 Bordighera \u00e0 la m\u00eame \u00e9poque. Les jardins historiques de la ville et leurs collections botaniques offrent toujours un pr\u00e9cieux t\u00e9moignage de ce riche patrimoine historique, naturel et culturel.<\/p>\n\n\n\n<p><strong>EN SAVOIR PLUS SUR NOS PAGES WEB<\/strong><\/p>\n\n\n\n<p><strong>BIOARCHIVE. Ce site vise \u00e0 rendre compte de nos recherches relatives \u00e0 la sociologie des cultures d&rsquo;entreprises, des identit\u00e9s professionnelles, des modes d\u2019appropriation du territoire et des contacts interculturels. <\/strong><strong>&nbsp;<\/strong>Essentiellement consacr\u00e9es au monde m\u00e9diterran\u00e9en, nos recherches, publications et expositions s\u2019attachent \u00e0 l\u2019histoire des grands itin\u00e9raires d\u2019\u00e9changes et de contacts qui ont fa\u00e7onn\u00e9 ces soci\u00e9t\u00e9s. Elles portent notamment sur le commerce et le patrimoine maritime, et plus g\u00e9n\u00e9ralement sur l\u2019histoire des m\u00e9tiers, des corporations et des identit\u00e9s professionnelles. Elles concernent aussi les modes d\u2019appropriation des territoires, leurs repr\u00e9sentations et leurs impacts identitaires, en mati\u00e8re de sociologie rurale et d\u2019agriculture, d\u2019ethnobotanique et d\u2019histoire des paysages ou encore d\u2019urbanisme et d\u2019\u00e9cologie<strong>. <\/strong><a href=\"http:\/\/bioarchive.listephoenix.com\/\">Lien<\/a><\/p>\n\n\n\n<p><strong>FOLKLORE &amp; ETHNOLOGIE.<\/strong>\u00a0<strong>Ce site (en cours de r\u00e9daction) concerne l\u2019histoire tr\u00e8s document\u00e9e de la naissance de l\u2019ethnologie fran\u00e7aise, et indirectement le contexte \u00e9pist\u00e9mologique de nos recherches et de nos collaborations. <\/strong>La p\u00e9riodisation retenue est celle de l\u2019entre-deux guerres, p\u00e9riode au cours de laquelle la discipline naissante est fortement marqu\u00e9e dans sa gen\u00e8se par l\u2019exode rural, l\u2019histoire coloniale et la naissance des identit\u00e9s nationales. Les cultures et les identit\u00e9s, r\u00e9gionales, nationales ou professionnelles sont d\u00e9sormais de plus en plus impact\u00e9es, en fonction des pays, par la mondialisation de leurs \u00e9conomies. Les travaux pr\u00e9curseurs des ethnologues et des folkloristes restent de ce point de vue d\u2019une grande actualit\u00e9.\u00a0<a href=\"http:\/\/www.italia.listephoenix.com\/\" target=\"_blank\" rel=\"noreferrer noopener\">Lien<\/a>\u00a0<\/p>\n\n\n\n<p><strong>ART SCIENCES &amp; LANDSCAPE.<\/strong>&nbsp;<strong>Ces pages se proposent de mettre en relations les consid\u00e9rations esth\u00e9tiques issues des sciences et les &nbsp;interventions artistiques dans le champ scientifique. <\/strong>Les interactions entre arts et sciences ont profond\u00e9ment modifi\u00e9 nos perceptions du monde depuis l\u2019Antiquit\u00e9.Elles ont conduit \u00e0 r\u00e9volutionner nos repr\u00e9sentations de l\u2019espace v\u00e9cu, avec les figurations paysag\u00e8res de la Renaissance, un mouvement qui s\u2019acc\u00e9l\u00e8re depuis l\u2019\u00e9mergence de l\u2019\u00e9cologie et l\u2019essor des biotechnologies. Quels sont les enjeux anthropologiques de ces \u00e9volutions? Assistons-nous \u00e0 la naissance d\u2019une forme d\u2019intelligence collective? Illustrations et d\u00e9cryptage, autour de ce portail d\u2019acc\u00e8s interactif aux relations entre les expressions artistiques et les disciplines scientifiques.&nbsp;<a href=\"http:\/\/www.art.listephoenix.com\/\" target=\"_blank\" rel=\"noreferrer noopener\">Lien<\/a><\/p>\n\n\n\n<p><strong>EN SAVOIR PLUS SUR NOS RECHERCHES<\/strong><\/p>\n\n\n\n<p><a href=\"http:\/\/mediterranean.listephoenix.com\/?page_id=362\" target=\"_blank\" rel=\"noreferrer noopener\">Publications de Robert Castellana<\/a><\/p>\n\n\n\n<p><a href=\"https:\/\/scholar.google.com\/citations?user=lzCZnWIAAAAJ&amp;hl=fr&amp;cstart=-80&amp;pagesize=100\" target=\"_blank\" rel=\"noreferrer noopener\">Publications de Jean Christophe Pintaud<\/a><\/p>\n\n\n\n<p><strong>Nous contacter: <\/strong>Robert Castellana +33660097765<strong>&nbsp; <\/strong>robert.castellana@laposte.net<\/p>\n","protected":false},"excerpt":{"rendered":"<p>BIODIVERSIT\u00c9 &amp; PATRIMOINE: DU PROJET PHOENIX AU R\u00c9SEAU RIVIERA GARDEN (FRENCH &amp; ITALIAN RIVIERA). Distribution des diff\u00e9rentes esp\u00e8ces de palmiers du genre Phoenix CULTURES, TERRITOIRES&#8230;<\/p>\n<div class=\"more-link-wrapper\"><a class=\"more-link\" href=\"http:\/\/www.listephoenix.com\/?page_id=8217\">Continue reading<span class=\"screen-reader-text\">PRESENTATION<\/span><\/a><\/div>\n","protected":false},"author":2,"featured_media":0,"parent":0,"menu_order":0,"comment_status":"closed","ping_status":"closed","template":"","meta":{"footnotes":""},"class_list":["post-8217","page","type-page","status-publish","hentry","entry"],"_links":{"self":[{"href":"http:\/\/www.listephoenix.com\/index.php?rest_route=\/wp\/v2\/pages\/8217","targetHints":{"allow":["GET"]}}],"collection":[{"href":"http:\/\/www.listephoenix.com\/index.php?rest_route=\/wp\/v2\/pages"}],"about":[{"href":"http:\/\/www.listephoenix.com\/index.php?rest_route=\/wp\/v2\/types\/page"}],"author":[{"embeddable":true,"href":"http:\/\/www.listephoenix.com\/index.php?rest_route=\/wp\/v2\/users\/2"}],"replies":[{"embeddable":true,"href":"http:\/\/www.listephoenix.com\/index.php?rest_route=%2Fwp%2Fv2%2Fcomments&post=8217"}],"version-history":[{"count":230,"href":"http:\/\/www.listephoenix.com\/index.php?rest_route=\/wp\/v2\/pages\/8217\/revisions"}],"predecessor-version":[{"id":13403,"href":"http:\/\/www.listephoenix.com\/index.php?rest_route=\/wp\/v2\/pages\/8217\/revisions\/13403"}],"wp:attachment":[{"href":"http:\/\/www.listephoenix.com\/index.php?rest_route=%2Fwp%2Fv2%2Fmedia&parent=8217"}],"curies":[{"name":"wp","href":"https:\/\/api.w.org\/{rel}","templated":true}]}}