{"id":9043,"date":"2016-08-18T14:37:14","date_gmt":"2016-08-18T13:37:14","guid":{"rendered":"http:\/\/www.listephoenix.com\/?page_id=9043"},"modified":"2025-04-03T11:16:34","modified_gmt":"2025-04-03T10:16:34","slug":"modelisation","status":"publish","type":"page","link":"http:\/\/www.listephoenix.com\/?page_id=9043","title":{"rendered":"Modelisation"},"content":{"rendered":"\n<p><strong><strong><strong>Citer cet article\u00a0: CRP 2012. Description et caract\u00e9risation des palmiers du genre Phoenix: description morphologique des vari\u00e9t\u00e9s et architecture des plantes. Chapitre 2\/4: exemples de mod\u00e9lisations.\u00a0<\/strong><\/strong><\/strong>R\u00e9dacteur Robert CASTELLANA.\u00a0Statut: compte-rendu de recherches. Edition en ligne.\u00a0<strong><strong><a href=\"http:\/\/www.listephoenix.com\/?page_id=2274\">Lien<\/a><\/strong><\/strong><\/p>\n\n\n<div>\n<div>\n<div><span style=\"color: #008000;\"><span style=\"font-size: 14px;\"><strong><span style=\"font-family: tahoma,geneva,sans-serif;\">Exemples d&rsquo;applications pratiques de la mod\u00e9lisation<\/span><\/strong><\/span><\/span><\/div>\n<div><strong>Source: <\/strong> <span style=\"font-size: 12px;\"><span style=\"font-family: tahoma,geneva,sans-serif;\"><a style=\"font-weight: bold; color: #1caad9;\" title=\"Doctor of Agricultural Engineering degree. Oil-palm, Coconut-palm and Date-palm expert. 10 years working in tropical countries on many tropical plants. Plant 3D architecture modeller, working on Functional-Structural Plant Models, especially on Arecaceae.\" href=\"https:\/\/sketchfab.com\/herve.rey.421?utm_medium=embed&amp;utm_source=website&amp;utm_campain=share-popup\" target=\"_blank\" rel=\"noopener\">herve.rey.421<\/a><\/span><\/span><\/div>\n<div><span style=\"font-size: 12px;\"><span style=\"font-family: tahoma,geneva,sans-serif;\"><strong>Website<\/strong>: <\/span><\/span><a href=\"http:\/\/amapstudio.cirad.fr\/start\" target=\"_blank\" rel=\"noopener\">amapstudio.cirad<\/a><\/div>\n<\/div>\n<p><iframe loading=\"lazy\" src=\"https:\/\/sketchfab.com\/models\/87b1b06de6424344b6b18bbce75b7099\/embed\" width=\"640\" height=\"480\" frameborder=\"0\" allowfullscreen=\"allowfullscreen\"><\/iframe><\/p>\n<p style=\"font-size: 13px; font-weight: normal; margin: 5px; color: #4a4a4a;\"><a style=\"font-weight: bold; color: #1caad9;\" href=\"http:\/\/amapstudio.cirad.fr\/soft\/principes\/page_butia\" target=\"_blank\" rel=\"noopener\">Butia Capitata<\/a><\/p>\n<\/div>\n<p><iframe loading=\"lazy\" src=\"https:\/\/sketchfab.com\/models\/afa2ee1a86a545b6a4944b1cb0695c1c\/embed\" width=\"640\" height=\"480\" frameborder=\"0\" allowfullscreen=\"allowfullscreen\"><\/iframe><\/p>\n<p style=\"font-size: 13px; font-weight: normal; margin: 5px; color: #4a4a4a;\"><a style=\"font-weight: bold; color: #1caad9;\" href=\"http:\/\/amapstudio.cirad.fr\/soft\/principes\/page_chamaerops\" target=\"_blank\" rel=\"noopener\">Chamaerops Humilis<\/a><\/p>\n<p><iframe loading=\"lazy\" src=\"https:\/\/sketchfab.com\/models\/bd9108dac3794f5193880cb3f8bd0c5d\/embed\" width=\"640\" height=\"480\" frameborder=\"0\" allowfullscreen=\"allowfullscreen\"><\/iframe><\/p>\n<p style=\"font-size: 13px; font-weight: normal; margin: 5px; color: #4a4a4a;\"><a style=\"font-weight: bold; color: #1caad9;\" href=\"http:\/\/amapstudio.cirad.fr\/soft\/principes\/page_adonidia\" target=\"_blank\" rel=\"noopener\">Adonidia merrillii<\/a><\/p>\n<p><iframe loading=\"lazy\" src=\"https:\/\/sketchfab.com\/models\/90d8404277fe4429a7e8eb76f938b7e7\/embed\" width=\"640\" height=\"480\" frameborder=\"0\" allowfullscreen=\"allowfullscreen\"><\/iframe><\/p>\n<p style=\"font-size: 13px; font-weight: normal; margin: 5px; color: #4a4a4a;\"><a style=\"font-weight: bold; color: #1caad9;\" href=\"http:\/\/amapstudio.cirad.fr\/soft\/principes\/page_sabal\" target=\"_blank\" rel=\"noopener\">Sabal Minor<\/a><\/p>\n<p><iframe loading=\"lazy\" src=\"https:\/\/sketchfab.com\/models\/602db2190fcd400991c9c6239595febc\/embed\" width=\"640\" height=\"480\" frameborder=\"0\" allowfullscreen=\"allowfullscreen\"><\/iframe><\/p>\n<p style=\"font-size: 13px; font-weight: normal; margin: 5px; color: #4a4a4a;\"><a style=\"font-weight: bold; color: #1caad9;\" href=\"http:\/\/amapstudio.cirad.fr\/soft\/principes\/page_cocos\" target=\"_blank\" rel=\"noopener\">Cocos Nucifera<\/a><\/p>\n<p><iframe loading=\"lazy\" src=\"https:\/\/sketchfab.com\/models\/4a9aeb8166fc4c9584210d4b24046447\/embed\" width=\"640\" height=\"480\" frameborder=\"0\" allowfullscreen=\"allowfullscreen\"><\/iframe><\/p>\n<p style=\"font-size: 13px; font-weight: normal; margin: 5px; color: #4a4a4a;\"><a style=\"font-weight: bold; color: #1caad9;\" href=\"http:\/\/amapstudio.cirad.fr\/soft\/principes\/page_cycas\" target=\"_blank\" rel=\"noopener\">Cycas Revoluta<\/a><\/p>\n<p><iframe loading=\"lazy\" src=\"https:\/\/sketchfab.com\/models\/478c1fb4eda6477ca9a93f9e7050b81c\/embed\" width=\"640\" height=\"480\" frameborder=\"0\" allowfullscreen=\"allowfullscreen\"><\/iframe><\/p>\n<p style=\"font-size: 13px; font-weight: normal; margin: 5px; color: #4a4a4a;\"><a style=\"font-weight: bold; color: #1caad9;\" href=\"http:\/\/amapstudio.cirad.fr\/soft\/principes\/page_elaeis\" target=\"_blank\" rel=\"noopener\">Elaeis Guineensis<\/a><\/p>\n<p><iframe loading=\"lazy\" src=\"https:\/\/sketchfab.com\/models\/ef6c5078b5834ea4991ad1411de2290a\/embed\" width=\"640\" height=\"480\" frameborder=\"0\" allowfullscreen=\"allowfullscreen\"><\/iframe><\/p>\n<p style=\"font-size: 13px; font-weight: normal; margin: 5px; color: #4a4a4a;\"><a style=\"font-weight: bold; color: #1caad9;\" href=\"http:\/\/amapstudio.cirad.fr\/soft\/principes\/page_dypsis\" target=\"_blank\" rel=\"noopener\">Dypsis Decaryi<\/a><\/p>\n<p><iframe loading=\"lazy\" src=\"https:\/\/sketchfab.com\/models\/9910487ed1e245859e812d83858a3f14\/embed\" width=\"640\" height=\"480\" frameborder=\"0\" allowfullscreen=\"allowfullscreen\"><\/iframe><\/p>\n<p style=\"font-size: 13px; font-weight: normal; margin: 5px; color: #4a4a4a;\"><a style=\"font-weight: bold; color: #1caad9;\" href=\"http:\/\/amapstudio.cirad.fr\/soft\/principes\/page_phoenix_dactylifera\" target=\"_blank\" rel=\"noopener\">Phoenix Dactylifera F<\/a><\/p>","protected":false},"excerpt":{"rendered":"<p>Citer cet article\u00a0: CRP 2012. Description et caract\u00e9risation des palmiers du genre Phoenix: description morphologique des vari\u00e9t\u00e9s et architecture des plantes. Chapitre 2\/4: exemples de&#8230;<\/p>\n<div class=\"more-link-wrapper\"><a class=\"more-link\" href=\"http:\/\/www.listephoenix.com\/?page_id=9043\">Continue reading<span class=\"screen-reader-text\">Modelisation<\/span><\/a><\/div>\n","protected":false},"author":2,"featured_media":0,"parent":2274,"menu_order":0,"comment_status":"closed","ping_status":"closed","template":"","meta":{"footnotes":""},"class_list":["post-9043","page","type-page","status-publish","hentry","entry"],"_links":{"self":[{"href":"http:\/\/www.listephoenix.com\/index.php?rest_route=\/wp\/v2\/pages\/9043","targetHints":{"allow":["GET"]}}],"collection":[{"href":"http:\/\/www.listephoenix.com\/index.php?rest_route=\/wp\/v2\/pages"}],"about":[{"href":"http:\/\/www.listephoenix.com\/index.php?rest_route=\/wp\/v2\/types\/page"}],"author":[{"embeddable":true,"href":"http:\/\/www.listephoenix.com\/index.php?rest_route=\/wp\/v2\/users\/2"}],"replies":[{"embeddable":true,"href":"http:\/\/www.listephoenix.com\/index.php?rest_route=%2Fwp%2Fv2%2Fcomments&post=9043"}],"version-history":[{"count":8,"href":"http:\/\/www.listephoenix.com\/index.php?rest_route=\/wp\/v2\/pages\/9043\/revisions"}],"predecessor-version":[{"id":13055,"href":"http:\/\/www.listephoenix.com\/index.php?rest_route=\/wp\/v2\/pages\/9043\/revisions\/13055"}],"up":[{"embeddable":true,"href":"http:\/\/www.listephoenix.com\/index.php?rest_route=\/wp\/v2\/pages\/2274"}],"wp:attachment":[{"href":"http:\/\/www.listephoenix.com\/index.php?rest_route=%2Fwp%2Fv2%2Fmedia&parent=9043"}],"curies":[{"name":"wp","href":"https:\/\/api.w.org\/{rel}","templated":true}]}}