{"id":2281,"date":"2012-01-05T13:53:59","date_gmt":"2012-01-05T12:53:59","guid":{"rendered":"http:\/\/www.art.listephoenix.com\/?page_id=268"},"modified":"2025-04-10T20:41:15","modified_gmt":"2025-04-10T19:41:15","slug":"agronomie","status":"publish","type":"page","link":"https:\/\/www.listephoenix.com\/?page_id=2281","title":{"rendered":"II. AGRONOMIE"},"content":{"rendered":"\n<p><strong>Citer cet article&nbsp;: CRP 2015. Palmiculture et agrosyst\u00e8mes oasiens. <\/strong>Statut&nbsp;: compte-rendu de recherches. R\u00e9dacteur&nbsp;: R. CASTELLANA. Ed. en Ligne. <strong><strong><a href=\"http:\/\/www.listephoenix.com\/?page_id=2281\">Lien<\/a><\/strong><\/strong><\/p>\n\n\n\n<figure class=\"wp-block-image\"><img loading=\"lazy\" decoding=\"async\" width=\"495\" height=\"768\" src=\"http:\/\/www.listephoenix.com\/wp-content\/uploads\/2012\/01\/Ghardaia-Algeria.jpg\" alt=\"Ghardaia Algeria\" class=\"wp-image-4867\" title=\"\" srcset=\"https:\/\/www.listephoenix.com\/wp-content\/uploads\/2012\/01\/Ghardaia-Algeria.jpg 495w, https:\/\/www.listephoenix.com\/wp-content\/uploads\/2012\/01\/Ghardaia-Algeria-96x150.jpg 96w, https:\/\/www.listephoenix.com\/wp-content\/uploads\/2012\/01\/Ghardaia-Algeria-193x300.jpg 193w\" sizes=\"auto, (max-width: 495px) 100vw, 495px\" \/><\/figure>\n\n\n\n<p>Ill. culture de dattes dans une oasis du Maghreb.<\/p>\n\n\n\n<p><strong>Abstract. <\/strong>Les oasis se trouvent pour l\u2019essentiel en Afrique du Nord et au Moyen Orient, et plus marginalement en Asie, en Australie et en Am\u00e9rique. Leur r\u00e9partition concerne les zones arides, lesquelles repr\u00e9sentent pr\u00e8s d&rsquo;un tiers de la plan\u00e8te. La majorit\u00e9 d&rsquo;entre elles sont caract\u00e9ris\u00e9es par la pr\u00e9sence du palmier dattier, <em>Phoenix dactylifera<\/em>, et par la raret\u00e9 des ressources en eau. Les oasis pr\u00e9sentent g\u00e9n\u00e9ralement  une grande biodiversit\u00e9, due \u00e0 la pr\u00e9sence de nombreuses cultures associ\u00e9es, avec jusqu&rsquo;\u00e0 trois \u00e9tages de v\u00e9g\u00e9tation. Les oasis sont tr\u00e8s souvent par ailleurs des escales situ\u00e9es sur les grands itin\u00e9raires commerciaux qui ont mis en contact les civilisations depuis l&rsquo;Antiquit\u00e9, comme les routes caravani\u00e8res du Sahara reliant la M\u00e9diterran\u00e9e et l&rsquo;Afrique, ou la Route de la Soie entre l&rsquo;Europe et l&rsquo;Asie. Nos recherches concernent plusieurs de ces \u00e9cosyst\u00e8mes. Elles rel\u00e8vent d&rsquo;une approche pluridisciplinaire associant l&rsquo;agronomie, la sociologie, la botanique et la biologie.<\/p>\n\n\n\n<ul class=\"wp-block-list\">\n<li><strong>Sommaire des chapitres<\/strong><\/li>\n\n\n\n<li>Introduction<\/li>\n\n\n\n<li>1. Agroforesterie<\/li>\n\n\n\n<li>2. Irrigation<\/li>\n\n\n\n<li>3. P\u00e9dologie<\/li>\n\n\n\n<li>4. Dattes<\/li>\n\n\n\n<li>5. Elevage<\/li>\n\n\n\n<li>6. Artisanat<\/li>\n<\/ul>\n\n\n\n<p><strong>PALMICULTURE ET AGROSYSTEMES OASIENS\u00a0: INTRODUCTION<\/strong><\/p>\n\n\n\n<ul class=\"wp-block-list\">\n<li><strong>Sommaire<\/strong><\/li>\n\n\n\n<li>1. Agronomie: agroforesterie, irrigation et p\u00e9dologie<\/li>\n\n\n\n<li>2. Productions: dattes, \u00e9levage et artisanat<\/li>\n\n\n\n<li>3. Monographies<\/li>\n\n\n\n<li>4. Rep\u00e8res bibliographiques<\/li>\n<\/ul>\n\n\n\n<figure class=\"wp-block-embed is-type-video is-provider-youtube wp-block-embed-youtube wp-embed-aspect-4-3 wp-has-aspect-ratio\"><div class=\"wp-block-embed__wrapper\">\n<iframe loading=\"lazy\" title=\"Maroc : Vall\u00e9e du Draa\" width=\"500\" height=\"375\" src=\"https:\/\/www.youtube.com\/embed\/uYdjWqkURI8?feature=oembed\" frameborder=\"0\" allow=\"accelerometer; autoplay; clipboard-write; encrypted-media; gyroscope; picture-in-picture; web-share\" referrerpolicy=\"strict-origin-when-cross-origin\" allowfullscreen><\/iframe>\n<\/div><\/figure>\n\n\n\n<p>La vall\u00e9e du Draa (Sud marocain). L&rsquo;oasis a permis de cr\u00e9er un micro climat qui rend l&rsquo;agriculture possible. La premi\u00e8re condition r\u00e9side dans la ma\u00eetrise de l\u2019eau, qui alimente les parcelles gr\u00e2ce \u00e0 un r\u00e9seau de centaines de kilom\u00e8tres de canalisations \u00e0 ciel ouvert ou enterr\u00e9es, les s\u00e9guias. La pr\u00e9sence des palmiers dattiers joue par ailleurs un r\u00f4le primordial car ces arbres rustiques abritent du soleil des arbustes et un grand nombre d\u2019autres cultures vari\u00e9es.<\/p>\n\n\n\n<p><strong>1. AGRONOMIE: AGROFORESTERIE, IRRIGATION ET P\u00c9DOLOGIE<\/strong>. <strong>Les oasis composent un agro-syst\u00e8me diversifi\u00e9, caract\u00e9ris\u00e9 par la pr\u00e9sence de nombreuses cultures associ\u00e9es. Les recherches consacr\u00e9es \u00e0 la phoeniciculture rel\u00e8vent des techniques culturales propres aux \u00e9co-syst\u00e8mes oasiens. Elles concernent principalement\u00a0les cultures pratiqu\u00e9es sous le couvert des palmiers (l&rsquo;agro-foresterie) ainsi que\u00a0l&rsquo;irrigation et l&rsquo;amendement des sols.\u00a0Cette rubrique en rend compte autour des th\u00e8mes suivants: agroforesterie, irrigation et pedologie.<\/strong><\/p>\n\n\n\n<p><strong>*AGROFORESTERIE<\/strong>. Une des caract\u00e9ristiques de la phoeniciculture oasienne traditionnelle rel\u00e8ve de l&#8217;emploi de techniques culturales qualifi\u00e9es d&rsquo;agro-foresterie. Il s&rsquo;agit de la pr\u00e9sence, sous le couvert des palmiers, de 2 \u00e9tages de plantes associ\u00e9es avec un sous-\u00e9tage arbustif abritant lui aussi diverses autres cultures vivri\u00e8res, du type potager par exemple. Ces techniques culturales originales ont permis de coloniser des zones extr\u00eamement arides et hostiles.<\/p>\n\n\n\n<p><strong>*IRRIGATION<\/strong>. <strong>L<\/strong>a gestion de l&rsquo;eau est au c\u0153ur de l&rsquo;\u00e9conomie et de l&rsquo;\u00e9cologie du monde oasien. Il s&rsquo;agit d&rsquo;une ressource rare, qui a fait l&rsquo;objet d&rsquo;innovations traditionnelles du plus haut int\u00e9r\u00eat en cette p\u00e9riode de r\u00e9chauffement climatique. Ces pratiques traditionnelles sont d\u00e9sormais remises en cause par l&rsquo;exploitation par forage des nappes phr\u00e9atiques fossiles et la salinisation des terres qu&rsquo;elle entra\u00eene.<\/p>\n\n\n\n<p><strong>*P\u00c9DOLOGIE<\/strong>. Les oasis sont des milieux anciennement et intensivement cultiv\u00e9es. Cette agriculture trop intensive ou inappropri\u00e9e a entra\u00een\u00e9 une perte de la mati\u00e8re organique stable dans les sols et la diminution de leur fertilit\u00e9. Elle se caract\u00e9rise par et une sensibilit\u00e9 accrue des plantes aux d\u00e9s\u00e9quilibres nutritionnels et aux maladies.&nbsp;Les sols oasiens sont ainsi pauvres en humus, et la question de leur amendement est un enjeu agronomique majeur que les oasis partagent avec une grande partie du monde m\u00e9diterran\u00e9en.<\/p>\n\n\n\n<figure class=\"wp-block-image\"><a href=\"http:\/\/www.listephoenix.com\/wp-content\/uploads\/2012\/01\/Oasis-Tafilalet-Maroc.jpg\" target=\"_blank\" rel=\"noreferrer noopener\"><img loading=\"lazy\" decoding=\"async\" width=\"570\" height=\"238\" src=\"http:\/\/www.listephoenix.com\/wp-content\/uploads\/2012\/01\/Oasis-Tafilalet-Maroc.jpg\" alt=\"oasis-tafilalet-maroc\" class=\"wp-image-9098\" title=\"\" srcset=\"https:\/\/www.listephoenix.com\/wp-content\/uploads\/2012\/01\/Oasis-Tafilalet-Maroc.jpg 570w, https:\/\/www.listephoenix.com\/wp-content\/uploads\/2012\/01\/Oasis-Tafilalet-Maroc-150x63.jpg 150w, https:\/\/www.listephoenix.com\/wp-content\/uploads\/2012\/01\/Oasis-Tafilalet-Maroc-300x125.jpg 300w\" sizes=\"auto, (max-width: 570px) 100vw, 570px\" \/><\/a><\/figure>\n\n\n\n<p>Illustration. L\u2019oasis &nbsp;marocaine de Tafilalet, l&rsquo;une des plus grandes du monde, est aujourd\u2019hui menac\u00e9e par le changement climatique. Face \u00e0 cette menace, le projet \u00ab&nbsp;Oasis durable&nbsp;\u00bb a \u00e9t\u00e9 pr\u00e9sent\u00e9 \u00e0 l\u2019occasion de la COP 22 \u00e0 Marrakech. <strong>Link<\/strong>:&nbsp;&nbsp;<a href=\"http:\/\/www.huffpostmaghreb.com\/2016\/10\/04\/oasis-changement-climatiq-maroc_n_12328686.html\" target=\"_blank\" rel=\"noreferrer noopener\">huffpostmaghreb<\/a><\/p>\n\n\n\n<p><strong>2. PRODUCTIONS: DATTES, ELEVAGE ET ARTISANAT<\/strong>. <strong>Trois th\u00e8mes sont trait\u00e9s dans les pages web de ce chapitre, \u00e0 propos\u00a0du mod\u00e8le d\u2019agriculture oasienne:<\/strong>\u00a0<strong>la production datti\u00e8re (son am\u00e9lioration, ses propri\u00e9t\u00e9s alimentaires et m\u00e9dicinales), ainsi que l\u2019\u00e9levage et l\u2019artisanat qui lui sont associ\u00e9s.<\/strong><\/p>\n\n\n\n<p><strong>*DATTES. La principale ressource de l\u2019\u00e9conomie oasienne est la production datti\u00e8re. Son importance \u00e9conomique est vitale pour un grand nombre de r\u00e9gions. La valorisation et l&rsquo;am\u00e9lioration des vari\u00e9t\u00e9s de dattes et de leurs qualit\u00e9s repr\u00e9sentent, de ce point de vue, un enjeu r\u00e9el en mati\u00e8re de d\u00e9veloppement. <\/strong><\/p>\n\n\n\n<p><strong>*ELEVAGE.<\/strong> <strong>Les oasis abritent aussi des activit\u00e9s significatives d&rsquo;\u00e9levage.<\/strong><\/p>\n\n\n\n<p><a href=\"http:\/\/www.listephoenix.com\/?page_id=2313\" target=\"_blank\" rel=\"noreferrer noopener\"><strong>3. MONOGRAPHIES<\/strong><\/a>. <strong>Les pages de cette rubrique concernent l&rsquo;ensemble du monde oasien, et plus particuli\u00e8rement les palmeraies dites marginales, comme par exemple les oasis littorales. Elles concernent aussi les palmeraies autochtones, principalement les palmiers du genre Phoenix.<\/strong><\/p>\n\n\n\n<p><strong>EN SAVOIR PLUS<\/strong><\/p>\n\n\n\n<figure class=\"wp-block-embed is-type-video is-provider-youtube wp-block-embed-youtube wp-embed-aspect-16-9 wp-has-aspect-ratio\"><div class=\"wp-block-embed__wrapper\">\n<iframe loading=\"lazy\" title=\"Les Changements Climatiques au Maroc\" width=\"500\" height=\"281\" src=\"https:\/\/www.youtube.com\/embed\/uIDm04KWVm4?feature=oembed\" frameborder=\"0\" allow=\"accelerometer; autoplay; clipboard-write; encrypted-media; gyroscope; picture-in-picture; web-share\" referrerpolicy=\"strict-origin-when-cross-origin\" allowfullscreen><\/iframe>\n<\/div><\/figure>\n\n\n\n<p><strong>Le mod\u00e8le oasien&nbsp;et la lutte contre la d\u00e9sertification<\/strong>. Le Projet d&rsquo;adaptation au changement climatique au Maroc pour des oasis r\u00e9silientes (PACC-Oasis) est un programme du gouvernement marocain, li\u00e9 au Programme africain d&rsquo;adaptation au changement climatique 2009-2012 \u2013 concernant vingt pays \u2013 et cofinanc\u00e9 par le Programme des Nations unies pour le d\u00e9veloppement et le gouvernement japonais. Il est destin\u00e9 \u00e0 g\u00e9rer et diminuer les risques inh\u00e9rents au r\u00e9chauffement climatique qu&rsquo;encourent les oasis du pays (soit 15 % de son territoire et 5,3 % de sa population), via la mise en place d&rsquo;approches innovantes d\u2019adaptation et l&rsquo;accentuation des aptitudes locales.<\/p>\n\n\n\n<p><strong>4.<\/strong> <strong>REP\u00c8RES<\/strong> <strong>BIBLIOGRAPHIQUES<\/strong><\/p>\n\n\n\n<p>* <strong>G\u00e9n\u00e9ralit\u00e9s<\/strong><\/p>\n\n\n\n<p><strong>JARADAT<\/strong> A.A. <strong>2011<\/strong>. BIODIVERSITY OF DATE PALM, Land Use, Land Cover and Soil Sciences, in Encyclopedia of Life Support Systems (EOLSS), Developed under the Auspices of the UNESCO, Eolss Publishers, Oxford , UK. <strong>Link<\/strong>&nbsp;: <a href=\"http:\/\/www.ars.usda.gov\/SP2UserFiles\/Place\/36450000\/Products-Reprints\/2011\/1579.pdf\">http:\/\/www.ars.usda.gov\/<\/a><\/p>\n\n\n\n<p><strong>BATTESTI<\/strong> V. <strong>2004<\/strong>. Odeur sui generis. Le subterfuge dans la domestication du palmier dattier, In&nbsp;: Anthropozoologica 39(1), 301-309. <strong>Link<\/strong>: <a href=\"http:\/\/www.mnhn.fr\/museum\/front\/medias\/publication\/10598_Battesti.pdf\">http:\/\/www.mnhn.fr\/museum\/<\/a><\/p>\n\n\n\n<p><strong>ROBINSON<\/strong> M.L., BROWN B., WILLIAMS C.F.<strong> 2002<\/strong>. The Date Palm In Southern Nevada. In&nbsp;: University of Nevada Cooperative Extension 26p. <strong>Link&nbsp;<\/strong>: <a href=\"http:\/\/www.unce.unr.edu\/publications\/files\/ho\/2002\/sp0212.pdf\">http:\/\/www.unce.unr.edu\/<\/a><\/p>\n\n\n\n<p><strong>GUERRADI<\/strong> M., OUTLIOUA K., HAMDOUNI N. <strong>2004<\/strong>. R\u00f4le de la femme dans la gestion de la diversit\u00e9 g\u00e9n\u00e9tique du palmier dattier dans les oasis du Maghreb, S\u00e9minaire International sur l&rsquo;aridoculture et cultures oasiennes, Djerba (Tunisie)&nbsp;: 22-25 Novembre 2004. 7p. <strong>Link&nbsp;<\/strong>: <a href=\"http:\/\/www.genreenaction.net\/IMG\/pdf\/Communication_Role_de_la_Femmepdf.pdf\">http:\/\/www.genreenaction.net\/<\/a><\/p>\n\n\n\n<p><strong>BAROIN <\/strong>C., PRET P.F. <strong>1993<\/strong>. Le palmier du Borkou, v\u00e9g\u00e9tal social total, in Journal des africanistes, Ann\u00e9e 1993, Volume 63, Num\u00e9ro 1, p. 5 &#8211; 20. <strong>Link <\/strong>: <a href=\"http:\/\/www.persee.fr\/web\/revues\/home\/prescript\/article\/jafr_0399-0346_1993_num_63_1_2369\">http:\/\/www.persee.fr\/web\/revues\/<\/a><\/p>\n\n\n\n<p><strong>POPENOE<\/strong> P.B., BENNERTT M.D. <strong>1913. <\/strong>&nbsp;Date growing in old world and the new. Altadena, Cal. : West India Gardens, 404p. <strong>Link<\/strong>: <a href=\"http:\/\/archive.org\/download\/dategrowinginold00poperich\/dategrowinginold00poperich.pdf\">http:\/\/archive.org\/download\/<\/a><\/p>\n\n\n\n<p>* <strong>Agronomie<\/strong><\/p>\n\n\n\n<p><strong>JAAFAR B., BENABDELLAOUI Y, 2009. Projet d&rsquo;adaptation au changement climatique au Maroc pour des oasis r\u00e9silientes.<\/strong>&nbsp;In: Programme Africain d\u2019Adaptation au changement climatique (PNUD). <strong>Link<\/strong>:&nbsp;<a href=\"http:\/\/www.fao.org\/fileadmin\/templates\/est\/Climate_change\/Morocco\/Restitution_wkp_dec_2012\/Jaafar_PNUD_oasis_resilientes.pdf\" target=\"_blank\" rel=\"noreferrer noopener\">fao.org<\/a><\/p>\n\n\n\n<p><strong>BISSON<\/strong>&nbsp;<strong>J.,<\/strong>&nbsp;<strong>1990<\/strong>.&nbsp;<strong>Permanence d&rsquo;une paysannerie au Sahara alg\u00e9rien: l&rsquo;exemple des confins du Grand Erg Occidental<\/strong>, in CIHEAM-IAMM 11, 289-298, Montpellier (France). <strong>Link<\/strong>:&nbsp;<a href=\"http:\/\/ressources.ciheam.org\/om\/pdf\/a11\/CI901504.pdf\">http:\/\/ressources.ciheam.org\/<\/a><\/p>\n\n\n\n<p><strong>CHAZEE<\/strong>&nbsp;<strong>Laurent<\/strong>&nbsp;<strong>1990<\/strong>.&nbsp;<strong>L&rsquo;agriculture d&rsquo;oasis et les palmeraies en Somalie.<\/strong>&nbsp;In: Options M\u00e9diterran\u00e9ennes, S\u00e9r. A, n\u00b011, Les syst\u00e8mes agricoles oasiens,&nbsp; pp. 67-75. <strong>Link<\/strong>:&nbsp;<a href=\"http:\/\/ressources.ciheam.org\/om\/pdf\/a11\/CI901485.pdf\" target=\"_blank\" rel=\"noreferrer noopener\">ciheam.org<\/a><\/p>\n\n\n\n<p><strong>MOROU A., JAHIEL M., 1990, Evolution&nbsp; g\u00e9ographique&nbsp; de la phoeniciculture en&nbsp; relation&nbsp; avec&nbsp; la&nbsp; d\u00e9sertification (exemple du NIGER).&nbsp;<\/strong>In: Options M\u00e9diterran\u00e9ennes, S\u00e9r. A 1, n11, 1990.&nbsp; Les syst\u00e8mes agricoles&nbsp; oasiens. <strong>Link<\/strong>:&nbsp;<a href=\"http:\/\/ressources.ciheam.org\/om\/pdf\/a11\/CI901484.pdf\" target=\"_blank\" rel=\"noreferrer noopener\">ciheam.org<\/a><\/p>\n\n\n\n<p><strong>KILLINA C., REPP G. 1956. Recherches \u00e9cologiques sur les relations entre le climat, les sols et les Plantes irrigu\u00e9es dans les Oasis Sahariennes.<\/strong>&nbsp;In: Journal d&rsquo;agriculture tropicale et de botanique appliqu\u00e9e Ann\u00e9e 1956 Volume 3 Num\u00e9ro 3-4\/5-6. 60p. <strong>Link<\/strong>: <a href=\"http:\/\/www.persee.fr\/doc\/jatba_0021-7662_1956_num_3_3_2296\" target=\"_blank\" rel=\"noreferrer noopener\">http:\/\/www.persee.fr\/doc\/jatba_0021-7662_1956_num_3_3_2296<\/a>  <a href=\"http:\/\/www.persee.fr\/doc\/jatba_0021-7662_1956_num_3_5_2311\" target=\"_blank\" rel=\"noreferrer noopener\">http:\/\/www.persee.fr\/doc\/jatba_0021-7662_1956_num_3_5_2311<\/a><\/p>\n\n\n\n<p>* <strong>G\u00e9o-Ecology<\/strong><\/p>\n\n\n\n<p><strong>CHOPLIN<\/strong> DROZDZ <strong>2009<\/strong>. Des d\u00e9serts d\u00e9serts d&rsquo;hommes ? Approche g\u00e9ographique d&rsquo;un milieu dit hostile. Link: <a href=\"http:\/\/lacito.vjf.cnrs.fr\/colloque\/deserts\/images\/02_Choplin_Drozdz_resume.pdf\">http:\/\/lacito.vjf.cnrs.fr\/<\/a> <strong>LUEDELING <\/strong>Eike, BUERKERT Andreas, <strong>2007<\/strong>. Typology of oases in northern&nbsp; Oman based on Landsat and SRTM imagery and geological survey data. <strong>Link<\/strong>: <a href=\"http:\/\/www.agrar.uni-kassel.de\/ink\/oman\/documents\/publications\/2008luedeling02.pdf\">http:\/\/www.agrar.uni-kassel.de\/<\/a><\/p>\n\n\n\n<p>Chao <strong>LENG<\/strong>, YaNing CHEN, XinGong LI, YanXia SUN, <strong>2011<\/strong>. Evaluation of oasis stability in the lower reaches of the Tarim River. <strong>Link<\/strong>: <a href=\"http:\/\/jal.xjegi.com\/EN\/article\/downloadArticleFile.do?attachType=PDF&amp;id=83\">http:\/\/jal.xjegi.com\/EN\/article\/<\/a><\/p>\n\n\n\n<p><strong>The interdisciplinary German-Omani co-operation project<\/strong>. \u201cTransformation processes in oasis settlements of Oman\u201d with direct access bibliography. <strong>Link<\/strong>: <a href=\"http:\/\/www.agrar.uni-kassel.de\/ink\/oman\/sites\/results\/ecology.htm\">http:\/\/www.agrar.uni-kassel.de\/<\/a><\/p>\n\n\n\n<p><\/p>\n","protected":false},"excerpt":{"rendered":"<p>Citer cet article&nbsp;: CRP 2015. Palmiculture et agrosyst\u00e8mes oasiens. Statut&nbsp;: compte-rendu de recherches. R\u00e9dacteur&nbsp;: R. CASTELLANA. Ed. en Ligne. Lien Ill. culture de dattes dans&#8230;<\/p>\n<div class=\"more-link-wrapper\"><a class=\"more-link\" href=\"https:\/\/www.listephoenix.com\/?page_id=2281\">Continue reading<span class=\"screen-reader-text\">II. AGRONOMIE<\/span><\/a><\/div>\n","protected":false},"author":2,"featured_media":0,"parent":0,"menu_order":2,"comment_status":"closed","ping_status":"closed","template":"","meta":{"footnotes":""},"class_list":["post-2281","page","type-page","status-publish","hentry","entry"],"_links":{"self":[{"href":"https:\/\/www.listephoenix.com\/index.php?rest_route=\/wp\/v2\/pages\/2281","targetHints":{"allow":["GET"]}}],"collection":[{"href":"https:\/\/www.listephoenix.com\/index.php?rest_route=\/wp\/v2\/pages"}],"about":[{"href":"https:\/\/www.listephoenix.com\/index.php?rest_route=\/wp\/v2\/types\/page"}],"author":[{"embeddable":true,"href":"https:\/\/www.listephoenix.com\/index.php?rest_route=\/wp\/v2\/users\/2"}],"replies":[{"embeddable":true,"href":"https:\/\/www.listephoenix.com\/index.php?rest_route=%2Fwp%2Fv2%2Fcomments&post=2281"}],"version-history":[{"count":101,"href":"https:\/\/www.listephoenix.com\/index.php?rest_route=\/wp\/v2\/pages\/2281\/revisions"}],"predecessor-version":[{"id":13210,"href":"https:\/\/www.listephoenix.com\/index.php?rest_route=\/wp\/v2\/pages\/2281\/revisions\/13210"}],"wp:attachment":[{"href":"https:\/\/www.listephoenix.com\/index.php?rest_route=%2Fwp%2Fv2%2Fmedia&parent=2281"}],"curies":[{"name":"wp","href":"https:\/\/api.w.org\/{rel}","templated":true}]}}